{"id":4966,"date":"2019-03-20T14:27:19","date_gmt":"2019-03-20T13:27:19","guid":{"rendered":"http:\/\/agora.xtec.cat\/cesire_historic\/\/?page_id=4966"},"modified":"2019-04-24T11:39:44","modified_gmt":"2019-04-24T09:39:44","slug":"formacio-art","status":"publish","type":"page","link":"https:\/\/agora.xtec.cat\/cesire_historic\/ambit-artistic\/formacio-art\/","title":{"rendered":"Formaci\u00f3"},"content":{"rendered":"<p><strong>ITINERARIS ART\u00cdSTICS Autoplanificats<\/strong><\/p>\n<p><a href=\"http:\/\/agora.xtec.cat\/cesire_historic\/\/wp-content\/uploads\/usu397\/2018\/05\/banda.jpg\"><img loading=\"lazy\" decoding=\"async\" class=\"alignnone wp-image-3150\" src=\"http:\/\/agora.xtec.cat\/cesire_historic\/\/wp-content\/uploads\/usu397\/2018\/05\/banda-1024x41.jpg\" alt=\"\" width=\"100\" height=\"4\" srcset=\"https:\/\/agora.xtec.cat\/cesire_historic\/wp-content\/uploads\/usu397\/2018\/05\/banda-1024x41.jpg 1024w, https:\/\/agora.xtec.cat\/cesire_historic\/wp-content\/uploads\/usu397\/2018\/05\/banda-300x12.jpg 300w, https:\/\/agora.xtec.cat\/cesire_historic\/wp-content\/uploads\/usu397\/2018\/05\/banda-768x31.jpg 768w, https:\/\/agora.xtec.cat\/cesire_historic\/wp-content\/uploads\/usu397\/2018\/05\/banda.jpg 1434w\" sizes=\"auto, (max-width: 100px) 100vw, 100px\" \/><\/a>\u00a0<a href=\"http:\/\/agora.xtec.cat\/cesire_historic\/\/projectes\/itineraris-artistics\/\">Qu\u00e8 \u00e9s un itinerari Art\u00edstic? On puc fer-lo?<\/a><br \/>\n<a href=\"http:\/\/agora.xtec.cat\/cesire_historic\/\/wp-content\/uploads\/usu397\/2018\/05\/banda.jpg\"><img loading=\"lazy\" decoding=\"async\" class=\"alignnone wp-image-3150\" src=\"http:\/\/agora.xtec.cat\/cesire_historic\/\/wp-content\/uploads\/usu397\/2018\/05\/banda-1024x41.jpg\" alt=\"\" width=\"100\" height=\"4\" srcset=\"https:\/\/agora.xtec.cat\/cesire_historic\/wp-content\/uploads\/usu397\/2018\/05\/banda-1024x41.jpg 1024w, https:\/\/agora.xtec.cat\/cesire_historic\/wp-content\/uploads\/usu397\/2018\/05\/banda-300x12.jpg 300w, https:\/\/agora.xtec.cat\/cesire_historic\/wp-content\/uploads\/usu397\/2018\/05\/banda-768x31.jpg 768w, https:\/\/agora.xtec.cat\/cesire_historic\/wp-content\/uploads\/usu397\/2018\/05\/banda.jpg 1434w\" sizes=\"auto, (max-width: 100px) 100vw, 100px\" \/><\/a>\u00a0<a href=\"https:\/\/agora.xtec.cat\/cesire_historic\/\/ambit-artistic\/recursos-per-alaula-art\/\" target=\"_blank\" rel=\"noopener noreferrer\">Quines c\u00e0psules formen els Itineraris Art\u00edstics?<\/a><a href=\"http:\/\/agora.xtec.cat\/cesire_historic\/\/sessions-itineraris-artistics\/\">\u00a0<\/a><br \/>\n<a href=\"http:\/\/agora.xtec.cat\/cesire_historic\/\/wp-content\/uploads\/usu397\/2018\/05\/banda.jpg\"><img loading=\"lazy\" decoding=\"async\" class=\"alignnone wp-image-3150\" src=\"http:\/\/agora.xtec.cat\/cesire_historic\/\/wp-content\/uploads\/usu397\/2018\/05\/banda-1024x41.jpg\" alt=\"\" width=\"100\" height=\"4\" srcset=\"https:\/\/agora.xtec.cat\/cesire_historic\/wp-content\/uploads\/usu397\/2018\/05\/banda-1024x41.jpg 1024w, https:\/\/agora.xtec.cat\/cesire_historic\/wp-content\/uploads\/usu397\/2018\/05\/banda-300x12.jpg 300w, https:\/\/agora.xtec.cat\/cesire_historic\/wp-content\/uploads\/usu397\/2018\/05\/banda-768x31.jpg 768w, https:\/\/agora.xtec.cat\/cesire_historic\/wp-content\/uploads\/usu397\/2018\/05\/banda.jpg 1434w\" sizes=\"auto, (max-width: 100px) 100vw, 100px\" \/><\/a>\u00a0<a href=\"https:\/\/agora.xtec.cat\/cesire_historic\/\/ambit-artistic\/itineraris-artistics\/xarxa-de-persones-formadores\/\">Ens vols con\u00e8ixer? Som un equip de persones formadores<\/a><br \/>\n<a href=\"http:\/\/agora.xtec.cat\/cesire_historic\/\/wp-content\/uploads\/usu397\/2018\/05\/banda.jpg\"><img loading=\"lazy\" decoding=\"async\" class=\"alignnone wp-image-3150\" src=\"http:\/\/agora.xtec.cat\/cesire_historic\/\/wp-content\/uploads\/usu397\/2018\/05\/banda-1024x41.jpg\" alt=\"\" width=\"100\" height=\"4\" srcset=\"https:\/\/agora.xtec.cat\/cesire_historic\/wp-content\/uploads\/usu397\/2018\/05\/banda-1024x41.jpg 1024w, https:\/\/agora.xtec.cat\/cesire_historic\/wp-content\/uploads\/usu397\/2018\/05\/banda-300x12.jpg 300w, https:\/\/agora.xtec.cat\/cesire_historic\/wp-content\/uploads\/usu397\/2018\/05\/banda-768x31.jpg 768w, https:\/\/agora.xtec.cat\/cesire_historic\/wp-content\/uploads\/usu397\/2018\/05\/banda.jpg 1434w\" sizes=\"auto, (max-width: 100px) 100vw, 100px\" \/><\/a> <a href=\"https:\/\/agora.xtec.cat\/cesire_historic\/\/ambit-artistic\/suport-professorat-art\/\" target=\"_blank\" rel=\"noopener noreferrer\">Trobades d&#8217;Intercanvi d&#8217;Experi\u00e8ncies Art\u00edstiques<\/a><br \/>\n<img loading=\"lazy\" decoding=\"async\" class=\"alignnone wp-image-3150\" src=\"http:\/\/agora.xtec.cat\/cesire_historic\/\/wp-content\/uploads\/usu397\/2018\/05\/banda-1024x41.jpg\" alt=\"\" width=\"100\" height=\"4\" srcset=\"https:\/\/agora.xtec.cat\/cesire_historic\/wp-content\/uploads\/usu397\/2018\/05\/banda-1024x41.jpg 1024w, https:\/\/agora.xtec.cat\/cesire_historic\/wp-content\/uploads\/usu397\/2018\/05\/banda-300x12.jpg 300w, https:\/\/agora.xtec.cat\/cesire_historic\/wp-content\/uploads\/usu397\/2018\/05\/banda-768x31.jpg 768w, https:\/\/agora.xtec.cat\/cesire_historic\/wp-content\/uploads\/usu397\/2018\/05\/banda.jpg 1434w\" sizes=\"auto, (max-width: 100px) 100vw, 100px\" \/> <a href=\"http:\/\/agora.xtec.cat\/cesire_historic\/\/projectes\/transformem-els-centres-deducacio-infantil-i-primaria-amb-les-arts\/\" target=\"_blank\" rel=\"noopener noreferrer\">Acompanyament a centres amb molt d&#8217;ART<\/a><\/p>\n<p style=\"text-align: center;\"><\/p>\n","protected":false},"excerpt":{"rendered":"<p>ITINERARIS ART\u00cdSTICS Autoplanificats<br \/>\n<a href=\"http:\/\/agora.xtec.cat\/cesire_historic\/\/wp-content\/uploads\/usu397\/2018\/05\/banda.jpg\"><\/a>\u00a0<a href=\"http:\/\/agora.xtec.cat\/cesire_historic\/\/projectes\/itineraris-artistics\/\">Qu\u00e8 \u00e9s un itinerari Art\u00edstic? On puc fer-lo?<\/a><br \/>\n<a href=\"http:\/\/agora.xtec.cat\/cesire_historic\/\/wp-content\/uploads\/usu397\/2018\/05\/banda.jpg\"><\/a>\u00a0<a href=\"https:\/\/agora.xtec.cat\/cesire_historic\/\/ambit-artistic\/recursos-per-alaula-art\/\" target=\"_blank\" rel=\"noopener noreferrer\">Quines c\u00e0psules formen els Itineraris Art\u00edstics?<\/a><a href=\"http:\/\/agora.xtec.cat\/cesire_historic\/\/sessions-itineraris-artistics\/\">\u00a0<\/a><br \/>\n<a href=\"http:\/\/agora.xtec.cat\/cesire_historic\/\/wp-content\/uploads\/usu397\/2018\/05\/banda.jpg\"><\/a>\u00a0<a href=\"https:\/\/agora.xtec.cat\/cesire_historic\/\/ambit-artistic\/itineraris-artistics\/xarxa-de-persones-formadores\/\">Ens vols con\u00e8ixer? Som un equip de persones formadores<\/a><br \/>\n<a href=\"http:\/\/agora.xtec.cat\/cesire_historic\/\/wp-content\/uploads\/usu397\/2018\/05\/banda.jpg\"><\/a> <a href=\"https:\/\/agora.xtec.cat\/cesire_historic\/\/ambit-artistic\/suport-professorat-art\/\" target=\"_blank\" rel=\"noopener noreferrer\">Trobades d&#8217;Intercanvi d&#8217;Experi\u00e8ncies Art\u00edstiques<\/a><br \/>\n <a href=\"http:\/\/agora.xtec.cat\/cesire_historic\/\/projectes\/transformem-els-centres-deducacio-infantil-i-primaria-amb-les-arts\/\" target=\"_blank\"&hellip;  <a href=\"https:\/\/agora.xtec.cat\/cesire_historic\/ambit-artistic\/formacio-art\/\" title=\"Read Formaci\u00f3\">Llegeix m\u00e9s\u00bb<\/a><\/p>\n","protected":false},"author":1,"featured_media":0,"parent":4034,"menu_order":1,"comment_status":"closed","ping_status":"closed","template":"page-templates\/side-menu.php","meta":{"_bbp_topic_count":0,"_bbp_reply_count":0,"_bbp_total_topic_count":0,"_bbp_total_reply_count":0,"_bbp_voice_count":0,"_bbp_anonymous_reply_count":0,"_bbp_topic_count_hidden":0,"_bbp_reply_count_hidden":0,"_bbp_forum_subforum_count":0,"footnotes":""},"class_list":["post-4966","page","type-page","status-publish","hentry"],"post_mailing_queue_ids":[],"_links":{"self":[{"href":"https:\/\/agora.xtec.cat\/cesire_historic\/wp-json\/wp\/v2\/pages\/4966","targetHints":{"allow":["GET"]}}],"collection":[{"href":"https:\/\/agora.xtec.cat\/cesire_historic\/wp-json\/wp\/v2\/pages"}],"about":[{"href":"https:\/\/agora.xtec.cat\/cesire_historic\/wp-json\/wp\/v2\/types\/page"}],"author":[{"embeddable":true,"href":"https:\/\/agora.xtec.cat\/cesire_historic\/wp-json\/wp\/v2\/users\/1"}],"replies":[{"embeddable":true,"href":"https:\/\/agora.xtec.cat\/cesire_historic\/wp-json\/wp\/v2\/comments?post=4966"}],"version-history":[{"count":3,"href":"https:\/\/agora.xtec.cat\/cesire_historic\/wp-json\/wp\/v2\/pages\/4966\/revisions"}],"predecessor-version":[{"id":5308,"href":"https:\/\/agora.xtec.cat\/cesire_historic\/wp-json\/wp\/v2\/pages\/4966\/revisions\/5308"}],"up":[{"embeddable":true,"href":"https:\/\/agora.xtec.cat\/cesire_historic\/wp-json\/wp\/v2\/pages\/4034"}],"wp:attachment":[{"href":"https:\/\/agora.xtec.cat\/cesire_historic\/wp-json\/wp\/v2\/media?parent=4966"}],"curies":[{"name":"wp","href":"https:\/\/api.w.org\/{rel}","templated":true}]}}