{"id":4946,"date":"2019-03-20T14:08:31","date_gmt":"2019-03-20T13:08:31","guid":{"rendered":"http:\/\/agora.xtec.cat\/cesire_historic\/\/?page_id=4946"},"modified":"2019-05-09T17:11:30","modified_gmt":"2019-05-09T15:11:30","slug":"suport-professorat-art","status":"publish","type":"page","link":"https:\/\/agora.xtec.cat\/cesire_historic\/ambit-artistic\/suport-professorat-art\/","title":{"rendered":"Suport professorat"},"content":{"rendered":"<p><img loading=\"lazy\" decoding=\"async\" class=\"aligncenter\" src=\"https:\/\/agora.xtec.cat\/cesire_historic\/\/wp-content\/uploads\/usu397\/2018\/05\/CAPC\u0327ALERA-enquesta-C3.png\" alt=\"\" width=\"483\" height=\"161\" \/><\/p>\n<p>Les<strong> Jornades d&#8217;Intercanvi d&#8217;Experi\u00e8ncies<\/strong> dels <strong>Itineraris Art\u00edstics<\/strong> volen fer visible les pr\u00e0ctiques art\u00edstiques a les aules de Catalunya tot fent de la difer\u00e8ncia i la particularitat dels centres un valor afegit.<\/p>\n<p style=\"text-align: center;\"><a href=\"https:\/\/agora.xtec.cat\/cesire_historic\/\/ambit-artistic\/suport-professorat-art\/i-jornada-dintercanvi-dexperiencies\/\">I Jornada d&#8217;Experi\u00e8ncies Art\u00edstiques<\/a><\/p>\n<p style=\"text-align: center;\"><a href=\"https:\/\/agora.xtec.cat\/cesire_historic\/\/ambit-artistic\/suport-professorat-art\/ii-jornada-dintercanvi-dexperiencies-artistiques\/\">II Jornada d&#8217;Experi\u00e8ncies Art\u00edstiques<\/a><\/p>\n<p style=\"text-align: center;\">\n","protected":false},"excerpt":{"rendered":"<p>Les Jornades d&#8217;Intercanvi d&#8217;Experi\u00e8ncies dels Itineraris Art\u00edstics volen fer visible les pr\u00e0ctiques art\u00edstiques a les aules de Catalunya tot fent de la difer\u00e8ncia i la particularitat dels centres un valor afegit.<br \/>\n<a href=\"https:\/\/agora.xtec.cat\/cesire_historic\/\/ambit-artistic\/suport-professorat-art\/i-jornada-dintercanvi-dexperiencies\/\">I Jornada d&#8217;Experi\u00e8ncies Art\u00edstiques<\/a><br \/>\n<a href=\"https:\/\/agora.xtec.cat\/cesire_historic\/\/ambit-artistic\/suport-professorat-art\/ii-jornada-dintercanvi-dexperiencies-artistiques\/\">II Jornada d&#8217;Experi\u00e8ncies Art\u00edstiques<\/a><\/p>\n","protected":false},"author":1,"featured_media":0,"parent":4034,"menu_order":5,"comment_status":"closed","ping_status":"closed","template":"page-templates\/side-menu.php","meta":{"_bbp_topic_count":0,"_bbp_reply_count":0,"_bbp_total_topic_count":0,"_bbp_total_reply_count":0,"_bbp_voice_count":0,"_bbp_anonymous_reply_count":0,"_bbp_topic_count_hidden":0,"_bbp_reply_count_hidden":0,"_bbp_forum_subforum_count":0,"footnotes":""},"class_list":["post-4946","page","type-page","status-publish","hentry"],"post_mailing_queue_ids":[],"_links":{"self":[{"href":"https:\/\/agora.xtec.cat\/cesire_historic\/wp-json\/wp\/v2\/pages\/4946","targetHints":{"allow":["GET"]}}],"collection":[{"href":"https:\/\/agora.xtec.cat\/cesire_historic\/wp-json\/wp\/v2\/pages"}],"about":[{"href":"https:\/\/agora.xtec.cat\/cesire_historic\/wp-json\/wp\/v2\/types\/page"}],"author":[{"embeddable":true,"href":"https:\/\/agora.xtec.cat\/cesire_historic\/wp-json\/wp\/v2\/users\/1"}],"replies":[{"embeddable":true,"href":"https:\/\/agora.xtec.cat\/cesire_historic\/wp-json\/wp\/v2\/comments?post=4946"}],"version-history":[{"count":4,"href":"https:\/\/agora.xtec.cat\/cesire_historic\/wp-json\/wp\/v2\/pages\/4946\/revisions"}],"predecessor-version":[{"id":5818,"href":"https:\/\/agora.xtec.cat\/cesire_historic\/wp-json\/wp\/v2\/pages\/4946\/revisions\/5818"}],"up":[{"embeddable":true,"href":"https:\/\/agora.xtec.cat\/cesire_historic\/wp-json\/wp\/v2\/pages\/4034"}],"wp:attachment":[{"href":"https:\/\/agora.xtec.cat\/cesire_historic\/wp-json\/wp\/v2\/media?parent=4946"}],"curies":[{"name":"wp","href":"https:\/\/api.w.org\/{rel}","templated":true}]}}