{"id":4924,"date":"2019-03-20T12:36:57","date_gmt":"2019-03-20T11:36:57","guid":{"rendered":"http:\/\/agora.xtec.cat\/cesire_historic\/\/?page_id=4924"},"modified":"2019-05-29T12:22:11","modified_gmt":"2019-05-29T10:22:11","slug":"ara-matematiques-saber-ne-mes-per-ensenyar-les-millor-aramat","status":"publish","type":"page","link":"https:\/\/agora.xtec.cat\/cesire_historic\/ambit-matematic\/formacio_mat\/ara-matematiques-saber-ne-mes-per-ensenyar-les-millor-aramat\/","title":{"rendered":"Ara matem\u00e0tiques. Saber-ne m\u00e9s per ensenyar-les millor (AraMat)"},"content":{"rendered":"<p><em>Ara matem\u00e0tiques. Saber-ne m\u00e9s per ensenyar-les millor<\/em>, \u00e9s un curs de formaci\u00f3 adre\u00e7at a professorat d&#8217;Educaci\u00f3 Prim\u00e0ria en el qual, a partir de propostes de d\u2019activitats d\u2019aula, es treballa per ajudar al professorat a ampliar el seu coneixement matem\u00e0tic en all\u00f2 que t\u00e9 relaci\u00f3 amb l\u2019aprenentatge de l\u2019alumnat. Des del convenciment que si sabem m\u00e9s matem\u00e0tiques es pot planificar millor l\u2019aprenentatge, preveure les dificultats que poden sorgir i, per tant, ajudar a superar-les i fer m\u00e9s connexions entre continguts matem\u00e0tics, s\u2019ha planificat el curs prioritzant per als dos primers m\u00f2duls aquells continguts que tenen m\u00e9s incid\u00e8ncia en el treball diari a l\u2019aula.<\/p>\n<p>Fins al curs 2019-20, i des del 2015-16, s&#8217;han realitzat, o s&#8217;estan realitzant, cinc m\u00f2duls formatius:<\/p>\n<ul>\n<li>Els m\u00f2duls dedicats als coneixements matem\u00e0tics (<em>Continguts b\u00e0sics de matem\u00e0tiques<\/em> i <em>M\u00e9s continguts de matem\u00e0tiques<\/em>) estan\u00a0 dividits en cinc sessions relacionades amb els blocs de continguts del curr\u00edculum (Numeraci\u00f3 i c\u00e0lcul, relacions i canvi, espai i forma, mesura, estad\u00edstica i atzar). Aquest projecte de formaci\u00f3 presencial, sota el nom d&#8217;<em>AraMat<\/em>, es va iniciar el curs 2015-16 a diferents zones territorials. Durant els cursos 2017-18 i 2018-19 s&#8217;han implementat tres m\u00f2duls nous.<\/li>\n<li>El m\u00f2dul <em>Compet\u00e8ncies matem\u00e0tiques<\/em> est\u00e0 centrat en els processos (dimensions competencials)<\/li>\n<li>El m\u00f2dul <em>Referents de centre en Matem\u00e0tiques<\/em> s&#8217;orienta m\u00e9s a la formaci\u00f3 de mestres de refer\u00e8ncia en matem\u00e0tiques als centres.<\/li>\n<li>El m\u00f2dul <em>Matem\u00e0tiques a la franja 0-8<\/em> est\u00e0 dedicat a l&#8217;etapa d&#8217;aquesta franja d&#8217;edats.<\/li>\n<li>Dels m\u00f2duls dedicats a continguts s&#8217;han publicat els materials de formaci\u00f3. Hi podreu trobar petites presentacions i v\u00eddeos curts on es mostren les activitats, exemplificacions de gesti\u00f3 i, en alguns casos, produccions d&#8217;alumnes. Aquests materials han estat adaptats partint del que s&#8217;ha utilitzat a les sessions presencials. Els v\u00eddeos han estat realitzats a les sessions de formaci\u00f3 realitzades a Barcelona durant el primer trimestre del curs 2017-18. S&#8217;est\u00e0 preparant la publicaci\u00f3 del m\u00f2dul sobre compet\u00e8ncies.<\/li>\n<\/ul>\n<p style=\"text-align: center;\"><iframe loading=\"lazy\" src=\"https:\/\/www.youtube.com\/embed\/dXrnPSiUGbA\" width=\"560\" height=\"315\" frameborder=\"0\" allowfullscreen=\"allowfullscreen\"><\/iframe><br \/>\nExemple de v\u00eddeo del material de formaci\u00f3<\/p>\n<ul>\n<li><a href=\"http:\/\/ateneu.xtec.cat\/wikiform\/wikiexport\/cursos\/curriculum\/inf_pri\/aramat\/index\" target=\"_blank\" rel=\"noopener noreferrer\">Enlla\u00e7 als materials de formaci\u00f3<\/a><\/li>\n<li><a href=\"https:\/\/agora.xtec.cat\/cesire_historic\/\/wp-content\/uploads\/usu397\/2019\/05\/triptic-AraMat05.pdf\" target=\"_blank\" rel=\"noopener noreferrer\">Tr\u00edptic informatiu de la formaci\u00f3<\/a><\/li>\n<\/ul>\n","protected":false},"excerpt":{"rendered":"<p>Ara matem\u00e0tiques. Saber-ne m\u00e9s per ensenyar-les millor, \u00e9s un curs de formaci\u00f3 adre\u00e7at a professorat d&#8217;Educaci\u00f3 Prim\u00e0ria en el qual, a partir de propostes de d\u2019activitats d\u2019aula, es treballa per ajudar al professorat a ampliar el seu coneixement matem\u00e0tic en all\u00f2 que t\u00e9 relaci\u00f3 amb&hellip;  <a href=\"https:\/\/agora.xtec.cat\/cesire_historic\/ambit-matematic\/formacio_mat\/ara-matematiques-saber-ne-mes-per-ensenyar-les-millor-aramat\/\" title=\"Read Ara matem\u00e0tiques. Saber-ne m\u00e9s per ensenyar-les millor (AraMat)\">Llegeix m\u00e9s\u00bb<\/a><\/p>\n","protected":false},"author":1,"featured_media":0,"parent":4710,"menu_order":0,"comment_status":"closed","ping_status":"closed","template":"page-templates\/side-menu.php","meta":{"_bbp_topic_count":0,"_bbp_reply_count":0,"_bbp_total_topic_count":0,"_bbp_total_reply_count":0,"_bbp_voice_count":0,"_bbp_anonymous_reply_count":0,"_bbp_topic_count_hidden":0,"_bbp_reply_count_hidden":0,"_bbp_forum_subforum_count":0,"footnotes":""},"class_list":["post-4924","page","type-page","status-publish","hentry"],"post_mailing_queue_ids":[],"_links":{"self":[{"href":"https:\/\/agora.xtec.cat\/cesire_historic\/wp-json\/wp\/v2\/pages\/4924","targetHints":{"allow":["GET"]}}],"collection":[{"href":"https:\/\/agora.xtec.cat\/cesire_historic\/wp-json\/wp\/v2\/pages"}],"about":[{"href":"https:\/\/agora.xtec.cat\/cesire_historic\/wp-json\/wp\/v2\/types\/page"}],"author":[{"embeddable":true,"href":"https:\/\/agora.xtec.cat\/cesire_historic\/wp-json\/wp\/v2\/users\/1"}],"replies":[{"embeddable":true,"href":"https:\/\/agora.xtec.cat\/cesire_historic\/wp-json\/wp\/v2\/comments?post=4924"}],"version-history":[{"count":3,"href":"https:\/\/agora.xtec.cat\/cesire_historic\/wp-json\/wp\/v2\/pages\/4924\/revisions"}],"predecessor-version":[{"id":11300,"href":"https:\/\/agora.xtec.cat\/cesire_historic\/wp-json\/wp\/v2\/pages\/4924\/revisions\/11300"}],"up":[{"embeddable":true,"href":"https:\/\/agora.xtec.cat\/cesire_historic\/wp-json\/wp\/v2\/pages\/4710"}],"wp:attachment":[{"href":"https:\/\/agora.xtec.cat\/cesire_historic\/wp-json\/wp\/v2\/media?parent=4924"}],"curies":[{"name":"wp","href":"https:\/\/api.w.org\/{rel}","templated":true}]}}