{"id":4885,"date":"2019-03-15T12:09:08","date_gmt":"2019-03-15T11:09:08","guid":{"rendered":"http:\/\/agora.xtec.cat\/cesire_historic\/\/?page_id=4885"},"modified":"2019-04-12T12:10:49","modified_gmt":"2019-04-12T10:10:49","slug":"caixa-de-ciencies","status":"publish","type":"page","link":"https:\/\/agora.xtec.cat\/cesire_historic\/educacio-infantil\/recursos-ei\/caixa-de-ciencies\/","title":{"rendered":"Caixa de ci\u00e8ncies"},"content":{"rendered":"<p><span style=\"font-weight: 400;\">Els materials que presentem, la Caixa d&#8217;\u00e8sser viu i la caixa d\u2019aire\/vent, son fruit de la col\u00b7laboraci\u00f3 entre el CESIRE i la <a href=\"http:\/\/blocs.umanresa.cat\/educaciofub\/\" target=\"_blank\" rel=\"noopener\">FUB<\/a>, amb la voluntat d\u2019elaborar materials que es puguin deixar en pr\u00e9stec. Els elements que trobareu a les caixes, acompanyats de propostes did\u00e0ctiques, estant pensats per provocar, en el grup inquietuds, dubtes, ganes de saber m\u00e9s, d\u2019indagar.<\/span><\/p>\n<p>&nbsp;<\/p>\n<ul>\n<li style=\"font-weight: 400;\">\n<h4><strong>Caixa d\u2019\u00e8sser viu<\/strong><\/h4>\n<\/li>\n<\/ul>\n<p><span style=\"font-weight: 400;\">La manera de treballar a educaci\u00f3 infantil facilita l&#8217;aproximaci\u00f3 a la ci\u00e8ncia des de l&#8217;observaci\u00f3 i la manipulaci\u00f3. Cada un dels objectes i dels materials que es presenten a la &#8220;Caixa d&#8217;\u00e9sser viu&#8221;, est\u00e0 pensat per ajudar a l&#8217;alumnat a fer-se preguntes, a buscar raons, a confrontar respostes i a treure conclusions que els hi permetran avan\u00e7ar en la construcci\u00f3 del seu model d&#8217;\u00e9sser viu.<\/span><span style=\"font-weight: 400;\">\u00a0\u00a0<\/span><\/p>\n<p style=\"text-align: center;\"><span style=\"font-weight: 400;\"><a href=\"https:\/\/agora.xtec.cat\/cesire_historic\/\/wp-content\/uploads\/usu397\/2019\/03\/DSC_1674-1.jpg\"><img loading=\"lazy\" decoding=\"async\" class=\"wp-image-4886 aligncenter\" src=\"https:\/\/agora.xtec.cat\/cesire_historic\/\/wp-content\/uploads\/usu397\/2019\/03\/DSC_1674-1.jpg\" alt=\"\" width=\"231\" height=\"409\" srcset=\"https:\/\/agora.xtec.cat\/cesire_historic\/wp-content\/uploads\/usu397\/2019\/03\/DSC_1674-1.jpg 339w, https:\/\/agora.xtec.cat\/cesire_historic\/wp-content\/uploads\/usu397\/2019\/03\/DSC_1674-1-170x300.jpg 170w\" sizes=\"auto, (max-width: 231px) 100vw, 231px\" \/><\/a><br \/>\n<\/span><span style=\"font-weight: 400;\"><a href=\"https:\/\/agora.xtec.cat\/cesire_historic\/\/wp-content\/uploads\/usu397\/2019\/03\/Proposta-didactica.-Esser-viu.pdf\" target=\"_blank\" rel=\"noopener\">Proposta did\u00e0ctica (pdf)<\/a><\/span><\/p>\n<ul>\n<li style=\"font-weight: 400;\">\n<h4><strong>Caixa d\u2019aire i vent<\/strong><\/h4>\n<\/li>\n<\/ul>\n<p><span style=\"font-weight: 400;\">El joc \u00e9s un instrument d\u2019aprenentatge per a l\u2019infant. Possibilita espais per assajar, provar, explorar, experimentar&#8230; Amb els materials de la maleta \u201cAire\/vent\u201d, els infants, podran adonar-se de les propietats essencials de l\u2019aire: l\u2019aire \u00e9s a tot arreu, ocupa un espai, en moviment \u00e9s el vent i se\u2019n pot aprofitar la for\u00e7a, instruments de mesura, etc.<\/span><\/p>\n<p style=\"text-align: center;\"><a href=\"https:\/\/agora.xtec.cat\/cesire_historic\/\/wp-content\/uploads\/usu397\/2019\/04\/aire_vent.jpg\"><img loading=\"lazy\" decoding=\"async\" class=\"alignnone  wp-image-5225\" src=\"https:\/\/agora.xtec.cat\/cesire_historic\/\/wp-content\/uploads\/usu397\/2019\/04\/aire_vent.jpg\" alt=\"\" width=\"219\" height=\"355\" srcset=\"https:\/\/agora.xtec.cat\/cesire_historic\/wp-content\/uploads\/usu397\/2019\/04\/aire_vent.jpg 254w, https:\/\/agora.xtec.cat\/cesire_historic\/wp-content\/uploads\/usu397\/2019\/04\/aire_vent-185x300.jpg 185w\" sizes=\"auto, (max-width: 219px) 100vw, 219px\" \/><\/a><\/p>\n<p style=\"text-align: center;\"><a href=\"https:\/\/agora.xtec.cat\/cesire_historic\/\/wp-content\/uploads\/usu397\/2019\/04\/Aire_vent.pdf\" target=\"_blank\" rel=\"noopener\"><span style=\"font-weight: 400;\">Proposta did\u00e0ctica (pdf)<\/span><\/a><\/p>\n","protected":false},"excerpt":{"rendered":"<p>Els materials que presentem, la Caixa d&#8217;\u00e8sser viu i la caixa d\u2019aire\/vent, son fruit de la col\u00b7laboraci\u00f3 entre el CESIRE i la <a href=\"http:\/\/blocs.umanresa.cat\/educaciofub\/\" target=\"_blank\" rel=\"noopener\">FUB<\/a>, amb la voluntat d\u2019elaborar materials que es puguin deixar en pr\u00e9stec. Els elements que trobareu a les caixes, acompanyats&hellip;  <a href=\"https:\/\/agora.xtec.cat\/cesire_historic\/educacio-infantil\/recursos-ei\/caixa-de-ciencies\/\" title=\"Read Caixa de ci\u00e8ncies\">Llegeix m\u00e9s\u00bb<\/a><\/p>\n","protected":false},"author":205,"featured_media":0,"parent":4779,"menu_order":0,"comment_status":"closed","ping_status":"closed","template":"page-templates\/side-menu.php","meta":{"_bbp_topic_count":0,"_bbp_reply_count":0,"_bbp_total_topic_count":0,"_bbp_total_reply_count":0,"_bbp_voice_count":0,"_bbp_anonymous_reply_count":0,"_bbp_topic_count_hidden":0,"_bbp_reply_count_hidden":0,"_bbp_forum_subforum_count":0,"footnotes":""},"class_list":["post-4885","page","type-page","status-publish","hentry"],"post_mailing_queue_ids":[],"_links":{"self":[{"href":"https:\/\/agora.xtec.cat\/cesire_historic\/wp-json\/wp\/v2\/pages\/4885","targetHints":{"allow":["GET"]}}],"collection":[{"href":"https:\/\/agora.xtec.cat\/cesire_historic\/wp-json\/wp\/v2\/pages"}],"about":[{"href":"https:\/\/agora.xtec.cat\/cesire_historic\/wp-json\/wp\/v2\/types\/page"}],"author":[{"embeddable":true,"href":"https:\/\/agora.xtec.cat\/cesire_historic\/wp-json\/wp\/v2\/users\/205"}],"replies":[{"embeddable":true,"href":"https:\/\/agora.xtec.cat\/cesire_historic\/wp-json\/wp\/v2\/comments?post=4885"}],"version-history":[{"count":3,"href":"https:\/\/agora.xtec.cat\/cesire_historic\/wp-json\/wp\/v2\/pages\/4885\/revisions"}],"predecessor-version":[{"id":5226,"href":"https:\/\/agora.xtec.cat\/cesire_historic\/wp-json\/wp\/v2\/pages\/4885\/revisions\/5226"}],"up":[{"embeddable":true,"href":"https:\/\/agora.xtec.cat\/cesire_historic\/wp-json\/wp\/v2\/pages\/4779"}],"wp:attachment":[{"href":"https:\/\/agora.xtec.cat\/cesire_historic\/wp-json\/wp\/v2\/media?parent=4885"}],"curies":[{"name":"wp","href":"https:\/\/api.w.org\/{rel}","templated":true}]}}