{"id":4779,"date":"2019-02-05T15:40:33","date_gmt":"2019-02-05T14:40:33","guid":{"rendered":"http:\/\/agora.xtec.cat\/cesire_historic\/\/?page_id=4779"},"modified":"2019-11-26T10:39:06","modified_gmt":"2019-11-26T09:39:06","slug":"recursos-ei","status":"publish","type":"page","link":"https:\/\/agora.xtec.cat\/cesire_historic\/educacio-infantil\/recursos-ei\/","title":{"rendered":"Recursos"},"content":{"rendered":"<p>&nbsp;<\/p>\n<p><a href=\"https:\/\/agora.xtec.cat\/cesire_historic\/\/wp-content\/uploads\/usu397\/2019\/03\/recursos_infantil.jpg\"><img loading=\"lazy\" decoding=\"async\" class=\"alignnone size-large wp-image-4876\" src=\"https:\/\/agora.xtec.cat\/cesire_historic\/\/wp-content\/uploads\/usu397\/2019\/03\/recursos_infantil-1024x148.jpg\" alt=\"\" width=\"1024\" height=\"148\" srcset=\"https:\/\/agora.xtec.cat\/cesire_historic\/wp-content\/uploads\/usu397\/2019\/03\/recursos_infantil-1024x148.jpg 1024w, https:\/\/agora.xtec.cat\/cesire_historic\/wp-content\/uploads\/usu397\/2019\/03\/recursos_infantil-300x43.jpg 300w, https:\/\/agora.xtec.cat\/cesire_historic\/wp-content\/uploads\/usu397\/2019\/03\/recursos_infantil-768x111.jpg 768w, https:\/\/agora.xtec.cat\/cesire_historic\/wp-content\/uploads\/usu397\/2019\/03\/recursos_infantil.jpg 1382w\" sizes=\"auto, (max-width: 1024px) 100vw, 1024px\" \/><\/a><\/p>\n<p style=\"text-align: center;\">Materials, recursos, documents, v\u00eddeos, ARC&#8230;<\/p>\n<hr \/>\n<h5>Recurs de ci\u00e8ncies per a Educaci\u00f3 Infantil<\/h5>\n<p><img loading=\"lazy\" decoding=\"async\" class=\"wp-image-7969 aligncenter\" src=\"https:\/\/agora.xtec.cat\/cesire_historic\/\/wp-content\/uploads\/usu397\/2019\/11\/DSC_1674-1.jpg\" alt=\"\" width=\"113\" height=\"201\" \/><\/p>\n<p style=\"text-align: center;\"><a title=\"Caixa de ci\u00e8ncies\" href=\"https:\/\/agora.xtec.cat\/cesire_historic\/\/educacio-infantil\/recursos-ei\/caixa-de-ciencies\/\">Caixa de ci\u00e8ncies<\/a><\/p>\n<hr \/>\n<h5>Literatura infantil. Oh! Mon chapeau! Llibre + App<\/h5>\n<header class=\"entry-header\">\n<div class=\"edit-link\"><\/div>\n<\/header>\n<div class=\"entry-summary\">\n<p>Proposta did\u00e0ctica creada pel CESIRE \u2013 \u00e0mbit ling\u00fc\u00edstic i educaci\u00f3 infantil perqu\u00e8 els infants gaudeixin de la literatura tot combinant la lectura del llibre amb la utilitzaci\u00f3 d\u2019eines tecnol\u00f2giques (app-tauleta).<\/p>\n<p><img loading=\"lazy\" decoding=\"async\" class=\"wp-image-7963 aligncenter\" src=\"https:\/\/agora.xtec.cat\/cesire_historic\/\/wp-content\/uploads\/usu397\/2019\/11\/Oh-Mon-chapeau.png\" alt=\"\" width=\"163\" height=\"195\" \/><\/p>\n<p style=\"text-align: center;\"><a href=\"https:\/\/agora.xtec.cat\/cesire_historic\/\/wp-content\/uploads\/usu397\/2019\/11\/1Fitxa-Apps-proposta-final.pdf\" target=\"_blank\" rel=\"noopener noreferrer\">Proposta did\u00e0ctica<\/a><\/p>\n<\/div>\n","protected":false},"excerpt":{"rendered":"<p>&nbsp;<br \/>\n<a href=\"https:\/\/agora.xtec.cat\/cesire_historic\/\/wp-content\/uploads\/usu397\/2019\/03\/recursos_infantil.jpg\"><\/a><br \/>\nMaterials, recursos, documents, v\u00eddeos, ARC&#8230;<\/p>\n<p>Recurs de ci\u00e8ncies per a Educaci\u00f3 Infantil<\/p>\n<p><a title=\"Caixa de ci\u00e8ncies\" href=\"https:\/\/agora.xtec.cat\/cesire_historic\/\/educacio-infantil\/recursos-ei\/caixa-de-ciencies\/\">Caixa de ci\u00e8ncies<\/a><\/p>\n<p>Literatura infantil. Oh! Mon chapeau! Llibre + App<\/p>\n<p>Proposta did\u00e0ctica creada pel CESIRE \u2013 \u00e0mbit ling\u00fc\u00edstic i educaci\u00f3 infantil perqu\u00e8 els infants gaudeixin de la literatura tot combinant la&hellip;  <a href=\"https:\/\/agora.xtec.cat\/cesire_historic\/educacio-infantil\/recursos-ei\/\" title=\"Read Recursos\">Llegeix m\u00e9s\u00bb<\/a><\/p>\n","protected":false},"author":1,"featured_media":0,"parent":4773,"menu_order":1,"comment_status":"closed","ping_status":"closed","template":"page-templates\/side-menu.php","meta":{"_bbp_topic_count":0,"_bbp_reply_count":0,"_bbp_total_topic_count":0,"_bbp_total_reply_count":0,"_bbp_voice_count":0,"_bbp_anonymous_reply_count":0,"_bbp_topic_count_hidden":0,"_bbp_reply_count_hidden":0,"_bbp_forum_subforum_count":0,"footnotes":""},"class_list":["post-4779","page","type-page","status-publish","hentry"],"post_mailing_queue_ids":[],"_links":{"self":[{"href":"https:\/\/agora.xtec.cat\/cesire_historic\/wp-json\/wp\/v2\/pages\/4779","targetHints":{"allow":["GET"]}}],"collection":[{"href":"https:\/\/agora.xtec.cat\/cesire_historic\/wp-json\/wp\/v2\/pages"}],"about":[{"href":"https:\/\/agora.xtec.cat\/cesire_historic\/wp-json\/wp\/v2\/types\/page"}],"author":[{"embeddable":true,"href":"https:\/\/agora.xtec.cat\/cesire_historic\/wp-json\/wp\/v2\/users\/1"}],"replies":[{"embeddable":true,"href":"https:\/\/agora.xtec.cat\/cesire_historic\/wp-json\/wp\/v2\/comments?post=4779"}],"version-history":[{"count":4,"href":"https:\/\/agora.xtec.cat\/cesire_historic\/wp-json\/wp\/v2\/pages\/4779\/revisions"}],"predecessor-version":[{"id":7976,"href":"https:\/\/agora.xtec.cat\/cesire_historic\/wp-json\/wp\/v2\/pages\/4779\/revisions\/7976"}],"up":[{"embeddable":true,"href":"https:\/\/agora.xtec.cat\/cesire_historic\/wp-json\/wp\/v2\/pages\/4773"}],"wp:attachment":[{"href":"https:\/\/agora.xtec.cat\/cesire_historic\/wp-json\/wp\/v2\/media?parent=4779"}],"curies":[{"name":"wp","href":"https:\/\/api.w.org\/{rel}","templated":true}]}}