{"id":4773,"date":"2019-02-05T15:37:15","date_gmt":"2019-02-05T14:37:15","guid":{"rendered":"http:\/\/agora.xtec.cat\/cesire_historic\/\/?page_id=4773"},"modified":"2019-03-15T10:57:01","modified_gmt":"2019-03-15T09:57:01","slug":"educacio-infantil","status":"publish","type":"page","link":"https:\/\/agora.xtec.cat\/cesire_historic\/educacio-infantil\/","title":{"rendered":"Educaci\u00f3 infantil"},"content":{"rendered":"<p><a href=\"https:\/\/agora.xtec.cat\/cesire_historic\/\/wp-content\/uploads\/usu397\/2019\/03\/infantil_entrada.jpg\"><img loading=\"lazy\" decoding=\"async\" class=\"alignnone size-large wp-image-4873\" src=\"https:\/\/agora.xtec.cat\/cesire_historic\/\/wp-content\/uploads\/usu397\/2019\/03\/infantil_entrada-1024x156.jpg\" alt=\"\" width=\"1024\" height=\"156\" srcset=\"https:\/\/agora.xtec.cat\/cesire_historic\/wp-content\/uploads\/usu397\/2019\/03\/infantil_entrada-1024x156.jpg 1024w, https:\/\/agora.xtec.cat\/cesire_historic\/wp-content\/uploads\/usu397\/2019\/03\/infantil_entrada-300x46.jpg 300w, https:\/\/agora.xtec.cat\/cesire_historic\/wp-content\/uploads\/usu397\/2019\/03\/infantil_entrada-768x117.jpg 768w, https:\/\/agora.xtec.cat\/cesire_historic\/wp-content\/uploads\/usu397\/2019\/03\/infantil_entrada.jpg 1312w\" sizes=\"auto, (max-width: 1024px) 100vw, 1024px\" \/><\/a><\/p>\n<p style=\"padding-left: 60px;\"><span style=\"font-weight: 400;\">\u201cLa inf\u00e0ncia no \u00e9s merament una fase preparat\u00f2ria per al futur, sin\u00f3 una etapa de la vida amb uns valors i una cultura propis, conformada igualment per infants i adults.\u201d <\/span><\/p>\n<p style=\"text-align: right;\"><i><span style=\"font-weight: 400;\">Helena Buri i Areta Wasilewska-Gregorowicz Inf\u00e0ncia a Europa n\u00fam. 28<\/span><\/i><\/p>\n","protected":false},"excerpt":{"rendered":"<p><a href=\"https:\/\/agora.xtec.cat\/cesire_historic\/\/wp-content\/uploads\/usu397\/2019\/03\/infantil_entrada.jpg\"><\/a><br \/>\n\u201cLa inf\u00e0ncia no \u00e9s merament una fase preparat\u00f2ria per al futur, sin\u00f3 una etapa de la vida amb uns valors i una cultura propis, conformada igualment per infants i adults.\u201d<br \/>\nHelena Buri i Areta Wasilewska-Gregorowicz Inf\u00e0ncia a Europa n\u00fam. 28<\/p>\n","protected":false},"author":1,"featured_media":0,"parent":0,"menu_order":0,"comment_status":"closed","ping_status":"closed","template":"page-templates\/side-menu.php","meta":{"_bbp_topic_count":0,"_bbp_reply_count":0,"_bbp_total_topic_count":0,"_bbp_total_reply_count":0,"_bbp_voice_count":0,"_bbp_anonymous_reply_count":0,"_bbp_topic_count_hidden":0,"_bbp_reply_count_hidden":0,"_bbp_forum_subforum_count":0,"footnotes":""},"class_list":["post-4773","page","type-page","status-publish","hentry"],"post_mailing_queue_ids":[],"_links":{"self":[{"href":"https:\/\/agora.xtec.cat\/cesire_historic\/wp-json\/wp\/v2\/pages\/4773","targetHints":{"allow":["GET"]}}],"collection":[{"href":"https:\/\/agora.xtec.cat\/cesire_historic\/wp-json\/wp\/v2\/pages"}],"about":[{"href":"https:\/\/agora.xtec.cat\/cesire_historic\/wp-json\/wp\/v2\/types\/page"}],"author":[{"embeddable":true,"href":"https:\/\/agora.xtec.cat\/cesire_historic\/wp-json\/wp\/v2\/users\/1"}],"replies":[{"embeddable":true,"href":"https:\/\/agora.xtec.cat\/cesire_historic\/wp-json\/wp\/v2\/comments?post=4773"}],"version-history":[{"count":3,"href":"https:\/\/agora.xtec.cat\/cesire_historic\/wp-json\/wp\/v2\/pages\/4773\/revisions"}],"predecessor-version":[{"id":4879,"href":"https:\/\/agora.xtec.cat\/cesire_historic\/wp-json\/wp\/v2\/pages\/4773\/revisions\/4879"}],"wp:attachment":[{"href":"https:\/\/agora.xtec.cat\/cesire_historic\/wp-json\/wp\/v2\/media?parent=4773"}],"curies":[{"name":"wp","href":"https:\/\/api.w.org\/{rel}","templated":true}]}}