{"id":4732,"date":"2019-02-05T12:47:24","date_gmt":"2019-02-05T11:47:24","guid":{"rendered":"http:\/\/agora.xtec.cat\/cesire_historic\/\/?page_id=4732"},"modified":"2019-09-17T12:14:42","modified_gmt":"2019-09-17T10:14:42","slug":"formacio","status":"publish","type":"page","link":"https:\/\/agora.xtec.cat\/cesire_historic\/ambit-linguistic\/formacio\/","title":{"rendered":"Formaci\u00f3"},"content":{"rendered":"<p>En aquesta secci\u00f3 hi trobareu modalitats de formaci\u00f3 diverses i materials de formaci\u00f3 d\u2019activitats organitzades pel CESIRE de l\u2019\u00e0mbit ling\u00fc\u00edstic i literari. Tamb\u00e9 materials sobre aquelles formacions en qu\u00e8 s\u2019ha intervingut en el seu disseny, com<a href=\"http:\/\/xtec.gencat.cat\/ca\/projectes\/escriptura\/ara-escric\/conferencies\/eso\/\"> <strong>AraESCRIC<\/strong><\/a>\u00a0o les <a href=\"http:\/\/xtec.gencat.cat\/ca\/formacio\/formaciogeneralprofessorat\/curriculum-competencies-avaluacio\/fic\/itineraris\/guiats\/\"><strong>FIC,\u00a0<\/strong><\/a>relacionades amb llengua i literatura.<\/p>\n<ul class=\"side-nav\">\n<li class=\"page_item page-item-5328\" style=\"text-align: center;\"><a title=\"Cursos\" href=\"https:\/\/agora.xtec.cat\/cesire_historic\/\/ambit-linguistic\/formacio\/cursos\/\">Cursos<\/a><\/li>\n<li class=\"page_item page-item-5330\" style=\"text-align: center;\"><a title=\"Grups de treball\" href=\"https:\/\/agora.xtec.cat\/cesire_historic\/\/ambit-linguistic\/formacio\/grups-de-treball\/\">Grups de treball<\/a><\/li>\n<li class=\"page_item page-item-5332\" style=\"text-align: center;\"><a title=\"Jornades i tallers organitzades pel CESIRE-\u00e0mbit ling\u00fc\u00edstic\" href=\"https:\/\/agora.xtec.cat\/cesire_historic\/\/ambit-linguistic\/formacio\/jornades-i-tallers-organitzades-pel-cesire-ambit-linguistic\/\">Jornades i tallers organitzades pel CESIRE-\u00e0mbit ling\u00fc\u00edstic<\/a><\/li>\n<li class=\"page_item page-item-5334\" style=\"text-align: center;\"><a title=\"Intervencions en jornades i congressos\" href=\"https:\/\/agora.xtec.cat\/cesire_historic\/\/ambit-linguistic\/formacio\/intervencions-en-jornades-i-congressos\/\">Intervencions en jornades i congressos<\/a><\/li>\n<\/ul>\n<p>&nbsp;<\/p>\n","protected":false},"excerpt":{"rendered":"<p>En aquesta secci\u00f3 hi trobareu modalitats de formaci\u00f3 diverses i materials de formaci\u00f3 d\u2019activitats organitzades pel CESIRE de l\u2019\u00e0mbit ling\u00fc\u00edstic i literari. Tamb\u00e9 materials sobre aquelles formacions en qu\u00e8 s\u2019ha intervingut en el seu disseny, com<a href=\"http:\/\/xtec.gencat.cat\/ca\/projectes\/escriptura\/ara-escric\/conferencies\/eso\/\"> AraESCRIC<\/a>\u00a0o les <a href=\"http:\/\/xtec.gencat.cat\/ca\/formacio\/formaciogeneralprofessorat\/curriculum-competencies-avaluacio\/fic\/itineraris\/guiats\/\">FIC,\u00a0<\/a>relacionades amb llengua i literatura.\n<ul&hellip;  <a href=\"https:\/\/agora.xtec.cat\/cesire_historic\/ambit-linguistic\/formacio\/\" title=\"Read Formaci\u00f3\">Llegeix m\u00e9s\u00bb<\/a><\/p>\n","protected":false},"author":1,"featured_media":0,"parent":4576,"menu_order":3,"comment_status":"closed","ping_status":"closed","template":"page-templates\/side-menu.php","meta":{"_bbp_topic_count":0,"_bbp_reply_count":0,"_bbp_total_topic_count":0,"_bbp_total_reply_count":0,"_bbp_voice_count":0,"_bbp_anonymous_reply_count":0,"_bbp_topic_count_hidden":0,"_bbp_reply_count_hidden":0,"_bbp_forum_subforum_count":0,"footnotes":""},"class_list":["post-4732","page","type-page","status-publish","hentry"],"post_mailing_queue_ids":[],"_links":{"self":[{"href":"https:\/\/agora.xtec.cat\/cesire_historic\/wp-json\/wp\/v2\/pages\/4732","targetHints":{"allow":["GET"]}}],"collection":[{"href":"https:\/\/agora.xtec.cat\/cesire_historic\/wp-json\/wp\/v2\/pages"}],"about":[{"href":"https:\/\/agora.xtec.cat\/cesire_historic\/wp-json\/wp\/v2\/types\/page"}],"author":[{"embeddable":true,"href":"https:\/\/agora.xtec.cat\/cesire_historic\/wp-json\/wp\/v2\/users\/1"}],"replies":[{"embeddable":true,"href":"https:\/\/agora.xtec.cat\/cesire_historic\/wp-json\/wp\/v2\/comments?post=4732"}],"version-history":[{"count":5,"href":"https:\/\/agora.xtec.cat\/cesire_historic\/wp-json\/wp\/v2\/pages\/4732\/revisions"}],"predecessor-version":[{"id":6152,"href":"https:\/\/agora.xtec.cat\/cesire_historic\/wp-json\/wp\/v2\/pages\/4732\/revisions\/6152"}],"up":[{"embeddable":true,"href":"https:\/\/agora.xtec.cat\/cesire_historic\/wp-json\/wp\/v2\/pages\/4576"}],"wp:attachment":[{"href":"https:\/\/agora.xtec.cat\/cesire_historic\/wp-json\/wp\/v2\/media?parent=4732"}],"curies":[{"name":"wp","href":"https:\/\/api.w.org\/{rel}","templated":true}]}}