{"id":4717,"date":"2019-02-05T12:36:57","date_gmt":"2019-02-05T11:36:57","guid":{"rendered":"http:\/\/agora.xtec.cat\/cesire_historic\/\/?page_id=4717"},"modified":"2021-04-30T09:42:51","modified_gmt":"2021-04-30T07:42:51","slug":"formacio_cs","status":"publish","type":"page","link":"https:\/\/agora.xtec.cat\/cesire_historic\/ambit-social-i-cultural\/formacio_cs\/","title":{"rendered":"Formaci\u00f3"},"content":{"rendered":"<p><a href=\"https:\/\/agora.xtec.cat\/cesire_historic\/\/wp-content\/uploads\/usu397\/2019\/05\/FORMACI\u00d3.jpg\"><img loading=\"lazy\" decoding=\"async\" class=\"wp-image-6211 aligncenter\" src=\"https:\/\/agora.xtec.cat\/cesire_historic\/\/wp-content\/uploads\/usu397\/2019\/05\/FORMACI\u00d3.jpg\" alt=\"\" width=\"880\" height=\"215\" srcset=\"https:\/\/agora.xtec.cat\/cesire_historic\/wp-content\/uploads\/usu397\/2019\/05\/FORMACI\u00d3.jpg 577w, https:\/\/agora.xtec.cat\/cesire_historic\/wp-content\/uploads\/usu397\/2019\/05\/FORMACI\u00d3-300x73.jpg 300w\" sizes=\"auto, (max-width: 880px) 100vw, 880px\" \/><\/a><\/p>\n<p>En aquest apartat\u00a0 hi trobareu els materials de formaci\u00f3 i d\u2019activitats organitzades pel CESIRE des de l\u2019\u00e0mbit de les Ci\u00e8ncies Socials i el Coneixement del Medi. Aquestes activitats poden ser des de confer\u00e8ncies, tallers, participaci\u00f3 en jornades, assessoraments a centres, formaci\u00f3 en CRP\u2019s, \u2026.<\/p>\n<h5><a href=\"https:\/\/agora.xtec.cat\/cesire_historic\/\/ambit-social-i-cultural\/formacio_cs\/capsules-de-medi\/\" target=\"_blank\" rel=\"noopener noreferrer\">C\u00e0psules de Medi<\/a><\/h5>\n<p><strong><a href=\"http:\/\/agora.xtec.cat\/cesire_historic\/\/projectes\/medi-steam\/\" target=\"_blank\" rel=\"noopener noreferrer\">MEDI_STEAM per comprendre el m\u00f3n<\/a><\/strong><\/p>\n<p><a href=\"http:\/\/agora.xtec.cat\/cesire_historic\/\/projectes\/stem-steam\/medi_steam-per-un-futur-possible\/\" target=\"_blank\" rel=\"noopener noreferrer\">MEDI_STEAM per un futur possible<\/a><\/p>\n<p><a href=\"https:\/\/sites.google.com\/xtec.cat\/converses-i-recursos\/p%C3%A0gina-principal?authuser=0\" target=\"_blank\" rel=\"noopener noreferrer\">Converses i recursos. El model geol\u00f2gic: de la Terra a l&#8217;espai.<\/a><\/p>\n<p><a href=\"https:\/\/sites.google.com\/xtec.cat\/interpretemelpaisatge\/inicio\" target=\"_blank\" rel=\"noopener noreferrer\">Interpretem el paisatge i actuem<\/a><\/p>\n","protected":false},"excerpt":{"rendered":"<p><a href=\"https:\/\/agora.xtec.cat\/cesire_historic\/\/wp-content\/uploads\/usu397\/2019\/05\/FORMACI\u00d3.jpg\"><\/a><br \/>\nEn aquest apartat\u00a0 hi trobareu els materials de formaci\u00f3 i d\u2019activitats organitzades pel CESIRE des de l\u2019\u00e0mbit de les Ci\u00e8ncies Socials i el Coneixement del Medi. Aquestes activitats poden ser des de confer\u00e8ncies, tallers, participaci\u00f3 en jornades, assessoraments a centres, formaci\u00f3 en CRP\u2019s, \u2026.<br \/>\n<a&hellip;  <a href=\"https:\/\/agora.xtec.cat\/cesire_historic\/ambit-social-i-cultural\/formacio_cs\/\" title=\"Read Formaci\u00f3\">Llegeix m\u00e9s\u00bb<\/a><\/p>\n","protected":false},"author":1,"featured_media":0,"parent":4607,"menu_order":3,"comment_status":"closed","ping_status":"closed","template":"page-templates\/side-menu.php","meta":{"_bbp_topic_count":0,"_bbp_reply_count":0,"_bbp_total_topic_count":0,"_bbp_total_reply_count":0,"_bbp_voice_count":0,"_bbp_anonymous_reply_count":0,"_bbp_topic_count_hidden":0,"_bbp_reply_count_hidden":0,"_bbp_forum_subforum_count":0,"footnotes":""},"class_list":["post-4717","page","type-page","status-publish","hentry"],"post_mailing_queue_ids":[],"_links":{"self":[{"href":"https:\/\/agora.xtec.cat\/cesire_historic\/wp-json\/wp\/v2\/pages\/4717","targetHints":{"allow":["GET"]}}],"collection":[{"href":"https:\/\/agora.xtec.cat\/cesire_historic\/wp-json\/wp\/v2\/pages"}],"about":[{"href":"https:\/\/agora.xtec.cat\/cesire_historic\/wp-json\/wp\/v2\/types\/page"}],"author":[{"embeddable":true,"href":"https:\/\/agora.xtec.cat\/cesire_historic\/wp-json\/wp\/v2\/users\/1"}],"replies":[{"embeddable":true,"href":"https:\/\/agora.xtec.cat\/cesire_historic\/wp-json\/wp\/v2\/comments?post=4717"}],"version-history":[{"count":3,"href":"https:\/\/agora.xtec.cat\/cesire_historic\/wp-json\/wp\/v2\/pages\/4717\/revisions"}],"predecessor-version":[{"id":11402,"href":"https:\/\/agora.xtec.cat\/cesire_historic\/wp-json\/wp\/v2\/pages\/4717\/revisions\/11402"}],"up":[{"embeddable":true,"href":"https:\/\/agora.xtec.cat\/cesire_historic\/wp-json\/wp\/v2\/pages\/4607"}],"wp:attachment":[{"href":"https:\/\/agora.xtec.cat\/cesire_historic\/wp-json\/wp\/v2\/media?parent=4717"}],"curies":[{"name":"wp","href":"https:\/\/api.w.org\/{rel}","templated":true}]}}