{"id":4710,"date":"2019-02-05T12:33:27","date_gmt":"2019-02-05T11:33:27","guid":{"rendered":"http:\/\/agora.xtec.cat\/cesire_historic\/\/?page_id=4710"},"modified":"2020-10-19T10:02:41","modified_gmt":"2020-10-19T08:02:41","slug":"formacio_mat","status":"publish","type":"page","link":"https:\/\/agora.xtec.cat\/cesire_historic\/ambit-matematic\/formacio_mat\/","title":{"rendered":"Formaci\u00f3"},"content":{"rendered":"<p>En aquesta secci\u00f3 hi trobareu els materials de formaci\u00f3 d&#8217;activitats organitzades pel CESIRE de l&#8217;\u00e0mbit de matem\u00e0tiques, com confer\u00e8ncies (did\u00e0ctiques i divulgatives) o tallers. Tamb\u00e9 sobre aquelles formacions en les que s&#8217;ha intervingut en el disseny, com <strong>AraMat<\/strong> o les <strong>FIC<\/strong> relacionades amb matem\u00e0tiques.<\/p>\n<p style=\"text-align: center;\"><img loading=\"lazy\" decoding=\"async\" class=\"aligncenter wp-image-4922 \" src=\"https:\/\/agora.xtec.cat\/cesire_historic\/\/wp-content\/uploads\/usu397\/2019\/03\/9_emmanuelle_moureaux_Forest_of_Numbers.jpg\" alt=\"\" width=\"410\" height=\"273\" srcset=\"https:\/\/agora.xtec.cat\/cesire_historic\/wp-content\/uploads\/usu397\/2019\/03\/9_emmanuelle_moureaux_Forest_of_Numbers.jpg 600w, https:\/\/agora.xtec.cat\/cesire_historic\/wp-content\/uploads\/usu397\/2019\/03\/9_emmanuelle_moureaux_Forest_of_Numbers-300x200.jpg 300w\" sizes=\"auto, (max-width: 410px) 100vw, 410px\" \/><\/p>\n<p style=\"text-align: center;\"><a href=\"https:\/\/www.emmanuellemoureaux.com\/forest-of-numbers\" target=\"_blank\" rel=\"noopener noreferrer\">El bosc del nombres<\/a> d&#8217;Emmanuelle Moureaux<\/p>\n<ul class=\"side-nav\">\n<li class=\"page_item page-item-4924\" style=\"text-align: center;\"><a title=\"Ara matem\u00e0tiques. Saber-ne m\u00e9s per ensenyar-les millor (AraMat)\" href=\"https:\/\/agora.xtec.cat\/cesire_historic\/\/ambit-matematic\/formacio_mat\/ara-matematiques-saber-ne-mes-per-ensenyar-les-millor-aramat\/\">Ara matem\u00e0tiques. Saber-ne m\u00e9s per ensenyar-les millor (AraMat)<\/a><\/li>\n<li style=\"text-align: center;\"><a title=\"Materials de les formacions sobre les dimensions competencials (prim\u00e0ria i secund\u00e0ria) i Laboratori de matem\u00e0tiques\" href=\"https:\/\/agora.xtec.cat\/cesire_historic\/\/ambit-matematic\/formacio_mat\/materials-de-les-formacions-sobre-les-dimensions-competencials-primaria-i-secundaria\/\">Materials de les formacions sobre les dimensions competencials (prim\u00e0ria i secund\u00e0ria) i Laboratori de matem\u00e0tiques<\/a><\/li>\n<li class=\"page_item page-item-4981\" style=\"text-align: center;\"><a title=\"Formaci\u00f3 interna de centre (FIC)\" href=\"https:\/\/agora.xtec.cat\/cesire_historic\/\/ambit-matematic\/formacio_mat\/formacio-interna-de-centre-fic-mat\/\">Formaci\u00f3 interna de centre (FIC)<\/a><\/li>\n<li class=\"page_item page-item-4999\" style=\"text-align: center;\"><a title=\"Confer\u00e8ncies sobre did\u00e0ctica de les matem\u00e0tiques (organitzades pel CESIRE-CREAMAT)\" href=\"https:\/\/agora.xtec.cat\/cesire_historic\/\/ambit-matematic\/formacio_mat\/conferencies-sobre-didactica-de-les-matematiques-organitzades-pel-cesire-creamat\/\">Confer\u00e8ncies sobre did\u00e0ctica de les matem\u00e0tiques (organitzades pel CESIRE-CREAMAT)<\/a><\/li>\n<li class=\"page_item page-item-4990\" style=\"text-align: center;\"><a title=\"Confer\u00e8ncies de divulgaci\u00f3 matem\u00e0tica (organitzades pel CESIRE-CREAMAT)\" href=\"https:\/\/agora.xtec.cat\/cesire_historic\/\/ambit-matematic\/formacio_mat\/conferencies-de-divulgacio-matematica-organitzades-pel-cesire-creamat\/\">Confer\u00e8ncies de divulgaci\u00f3 matem\u00e0tica (organitzades pel CESIRE-CREAMAT)<\/a><\/li>\n<li class=\"page_item page-item-5029\" style=\"text-align: center;\"><a title=\"Tallers i seminaris (organitzats pel CESIRE-CREAMAT)\" href=\"https:\/\/agora.xtec.cat\/cesire_historic\/\/ambit-matematic\/formacio_mat\/tallers-i-seminaris-organitzats-pel-cesire-creamat\/\">Tallers i seminaris (organitzats pel CESIRE-CREAMAT)<\/a><\/li>\n<li class=\"page_item page-item-5056\" style=\"text-align: center;\"><a title=\"Intervencions a jornades, congressos...\" href=\"https:\/\/agora.xtec.cat\/cesire_historic\/\/ambit-matematic\/formacio_mat\/intervencions-a-jornades-congressos\/\">Intervencions a jornades, congressos&#8230;<\/a><\/li>\n<\/ul>\n","protected":false},"excerpt":{"rendered":"<p>En aquesta secci\u00f3 hi trobareu els materials de formaci\u00f3 d&#8217;activitats organitzades pel CESIRE de l&#8217;\u00e0mbit de matem\u00e0tiques, com confer\u00e8ncies (did\u00e0ctiques i divulgatives) o tallers. Tamb\u00e9 sobre aquelles formacions en les que s&#8217;ha intervingut en el disseny, com AraMat o les FIC relacionades amb matem\u00e0tiques.<\/p>\n<p><a href=\"https:\/\/www.emmanuellemoureaux.com\/forest-of-numbers\"&hellip;  <a href=\"https:\/\/agora.xtec.cat\/cesire_historic\/ambit-matematic\/formacio_mat\/\" title=\"Read Formaci\u00f3\">Llegeix m\u00e9s\u00bb<\/a><\/p>\n","protected":false},"author":1,"featured_media":0,"parent":4281,"menu_order":3,"comment_status":"closed","ping_status":"closed","template":"page-templates\/side-menu.php","meta":{"_bbp_topic_count":0,"_bbp_reply_count":0,"_bbp_total_topic_count":0,"_bbp_total_reply_count":0,"_bbp_voice_count":0,"_bbp_anonymous_reply_count":0,"_bbp_topic_count_hidden":0,"_bbp_reply_count_hidden":0,"_bbp_forum_subforum_count":0,"footnotes":""},"class_list":["post-4710","page","type-page","status-publish","hentry"],"post_mailing_queue_ids":[],"_links":{"self":[{"href":"https:\/\/agora.xtec.cat\/cesire_historic\/wp-json\/wp\/v2\/pages\/4710","targetHints":{"allow":["GET"]}}],"collection":[{"href":"https:\/\/agora.xtec.cat\/cesire_historic\/wp-json\/wp\/v2\/pages"}],"about":[{"href":"https:\/\/agora.xtec.cat\/cesire_historic\/wp-json\/wp\/v2\/types\/page"}],"author":[{"embeddable":true,"href":"https:\/\/agora.xtec.cat\/cesire_historic\/wp-json\/wp\/v2\/users\/1"}],"replies":[{"embeddable":true,"href":"https:\/\/agora.xtec.cat\/cesire_historic\/wp-json\/wp\/v2\/comments?post=4710"}],"version-history":[{"count":4,"href":"https:\/\/agora.xtec.cat\/cesire_historic\/wp-json\/wp\/v2\/pages\/4710\/revisions"}],"predecessor-version":[{"id":10106,"href":"https:\/\/agora.xtec.cat\/cesire_historic\/wp-json\/wp\/v2\/pages\/4710\/revisions\/10106"}],"up":[{"embeddable":true,"href":"https:\/\/agora.xtec.cat\/cesire_historic\/wp-json\/wp\/v2\/pages\/4281"}],"wp:attachment":[{"href":"https:\/\/agora.xtec.cat\/cesire_historic\/wp-json\/wp\/v2\/media?parent=4710"}],"curies":[{"name":"wp","href":"https:\/\/api.w.org\/{rel}","templated":true}]}}