{"id":4635,"date":"2019-02-04T16:42:08","date_gmt":"2019-02-04T15:42:08","guid":{"rendered":"http:\/\/agora.xtec.cat\/cesire_historic\/\/?page_id=4635"},"modified":"2021-07-04T21:41:18","modified_gmt":"2021-07-04T19:41:18","slug":"innovacio-i-recerca_t","status":"publish","type":"page","link":"https:\/\/agora.xtec.cat\/cesire_historic\/ambit-tecnologic\/innovacio-i-recerca_t\/","title":{"rendered":"Innovaci\u00f3 i recerca"},"content":{"rendered":"<h4><span style=\"color: #000000; font-size: medium;\"><b>Jornades sobre innovaci\u00f3 a l&#8217;ensenyament de la tecnologia<\/b><\/span><\/h4>\n<div>\n<ul>\n<li>I Jornades: <a href=\"http:\/\/www.xtec.cat\/aulatec\/innovacio\/jornades\/info_jornada2008.htm\" rel=\"nofollow\">Els reptes del nou curr\u00edculum<\/a>. Terrassa, 9 i 10 de maig de 2008.<\/li>\n<li><span style=\"color: #000000;\">II Jornades: <a href=\"https:\/\/sites.google.com\/site\/2jornades\/\" rel=\"nofollow\">Els reptes dels nous recursos<\/a>. Terrassa, 7 i 8 de maig de 2010.<\/span><\/li>\n<li><span style=\"color: #000000;\">III Jornades: <a href=\"http:\/\/www.xtec.cat\/aulatec\/jornades\/jornades2012\/jornada5_9_05_2012_v0.htm\" rel=\"nofollow\">Energia sostenible per a tothom<\/a>. Terrassa i Barcelona, 5 i 9 de maig de 2012.<\/span><\/li>\n<li><span style=\"color: #000000;\">IV Jornada: <a href=\"https:\/\/sites.google.com\/site\/innovatecno16\/home\" target=\"_blank\" rel=\"nofollow noopener noreferrer\">Posa&#8217;t les piles per la Tecno!!<\/a>. Terrassa, 1 de juliol de 2016<\/span><\/li>\n<li><span style=\"color: #000000;\">V Jornada: <a href=\"https:\/\/innovatecno18.webnode.es\/programa2\/\" target=\"_blank\" rel=\"nofollow noopener noreferrer\">Engresca&#8217;t per la Tecno!!<\/a>. Terrassa, 1 de juliol de 2018<\/span><\/li>\n<li>VI Jornada: <a href=\"https:\/\/agora.xtec.cat\/cesire_historic\/\/general\/vi-jornada-dinnovacio-a-lensenyament-de-la-tecnologia-connecta-la-tecnologia-amb-la-didactica-i-la-vida\/\">Connecta la tecnologia amb la did\u00e0ctica i la vida<\/a>. 1 i 2 de juliol de 2021<\/li>\n<\/ul>\n<h4><span style=\"color: #000000; font-size: medium;\"><b>Jornada de Programaci\u00f3 i Rob\u00f2tica Educativa <\/b><\/span><span style=\"color: #000000;\">\u00a0\u00a0<\/span><\/h4>\n<\/div>\n<div>\n<ul>\n<li><span style=\"color: #000000;\">I Jornada<a href=\"http:\/\/citilab.eu\/que-esta-passant\/noticies\/arxiu\/la-programacio-com-a-entorn-didactic-de-futur\" rel=\"nofollow\"> Programa 2009<\/a>. 16 de maig.<\/span><\/li>\n<li><span style=\"color: #000000;\">II Jornada <a href=\"http:\/\/citilab.eu\/que-esta-passant\/noticies\/arxiu\/citilab-acull-la-ii-jornada-de-lensenyament-de-la-programacio\" rel=\"nofollow\">Programa 2010<\/a>. 22 de maig.<\/span><\/li>\n<li><span style=\"color: #000000;\">IIII Jornada <a href=\"http:\/\/www.xtec.cat\/aulatec\/informesvisites\/2011\/infocitilab.html\" rel=\"nofollow\">Programa 2011<\/a>. 21 de maig.<\/span><\/li>\n<li><span style=\"color: #000000;\">IV Jornada <a href=\"https:\/\/sites.google.com\/a\/xtec.cat\/aulatec-nova\/IV-Jornada-Programa12\">Programa 2012<\/a>. 19 de maig.<\/span><\/li>\n<li><span style=\"color: #000000;\">V Jornada <a href=\"https:\/\/sites.google.com\/a\/xtec.cat\/aulatec-nova\/v-jornades-programa-13\">Programa 2013<\/a>. 18 de maig.<\/span><\/li>\n<li><span style=\"color: #000000;\">VI Jornada <a href=\"https:\/\/sites.google.com\/a\/xtec.cat\/aulatec-nova\/vi_programa_2014\/materials_jep14\" target=\"_blank\" rel=\"noopener noreferrer\">Programa 2014<\/a>. 17 de maig.<\/span><\/li>\n<li><span style=\"color: #000000;\">VII Jornada <a href=\"http:\/\/blocs.xtec.cat\/jornadaprograma\/jornades\/j2015\/\" target=\"_blank\" rel=\"nofollow noopener noreferrer\">Programa 2015<\/a>. 16 de maig.<\/span><\/li>\n<li><span style=\"color: #000000;\">VIII Jornada <a href=\"http:\/\/blocs.xtec.cat\/jornadaprograma\/\" target=\"_blank\" rel=\"nofollow noopener noreferrer\">Programa 2016<\/a>. 21 de maig.<\/span><\/li>\n<li><span style=\"color: #000000;\">IX Jornada <a href=\"http:\/\/blocs.xtec.cat\/jornadaprograma\/jornades\/j2017\/\" target=\"_blank\" rel=\"nofollow noopener noreferrer\">Programa 2017<\/a>. 20 de maig.<\/span><\/li>\n<li><span style=\"color: #000000;\">X Jornada <a href=\"https:\/\/blocs.xtec.cat\/jornadaprograma\/jornades\/j2018\/\" target=\"_blank\" rel=\"nofollow noopener noreferrer\">Programa 2018<\/a>. 20 de maig.<\/span><\/li>\n<li><span style=\"color: #000000;\">X Jornada <a href=\"https:\/\/blocs.xtec.cat\/jornadaprograma\/\" target=\"_blank\" rel=\"nofollow noopener noreferrer\">Programa 2019<\/a>. 25 de maig.<\/span><\/li>\n<\/ul>\n<h4><strong>Base de dades de Llic\u00e8ncies d&#8217;estudis retribu\u00efdes<\/strong><\/h4>\n<p><a href=\"http:\/\/xtec.gencat.cat\/ca\/innovacio\/historic\/bdllicencies\/\" target=\"_blank\" rel=\"noopener noreferrer\">Acc\u00e9s al cercador<\/a><\/p>\n<p>Llic\u00e8ncies vinculades a l&#8217;\u00e0mbit de Tecnologia:<\/p>\n<\/div>\n<table style=\"width: 684px; height: 1626px;\">\n<tbody>\n<tr style=\"height: 51px;\">\n<td style=\"width: 71px; height: 51px;\">2007\/08<\/td>\n<td style=\"width: 128px; height: 51px;\">N\u00faria Franc\u00e9s Alam\u00e0<\/td>\n<td style=\"width: 404px; height: 51px;\">La tecnologia en angl\u00e8s \u00e9s divertida<\/td>\n<td style=\"width: 69px; height: 51px;\">3 ESO<\/td>\n<\/tr>\n<tr style=\"height: 77px;\">\n<td style=\"width: 71px; height: 77px;\">2007\/08<\/td>\n<td style=\"width: 128px; height: 77px;\">Jordi Gal\u00ed Trullenque<\/td>\n<td style=\"width: 404px; height: 77px;\">Aprofitament acad\u00e8mic del teixit industrial de Palau-solit\u00e0 i Plegamans i les seves rodalies<\/td>\n<td style=\"width: 69px; height: 77px;\">Sec.<\/td>\n<\/tr>\n<tr style=\"height: 99px;\">\n<td style=\"width: 71px; height: 99px;\">2007\/08<\/td>\n<td style=\"width: 128px; height: 99px;\">Francesc Gar\u00f3fano Montoro<\/td>\n<td style=\"width: 404px; height: 99px;\">Laboratori Virtual Remot per a l&#8217;Educaci\u00f3 Secund\u00e0ria<\/td>\n<td style=\"width: 69px; height: 99px;\">Sec.<\/td>\n<\/tr>\n<tr style=\"height: 99px;\">\n<td style=\"width: 71px; height: 99px;\">2006\/07<\/td>\n<td style=\"width: 128px; height: 99px;\">Jaume Casasola Andi\u00f1ach<\/td>\n<td style=\"width: 404px; height: 99px;\">La tecnologia, pal de paller per a l&#8217;aplicaci\u00f3 de metodologies interactives a l&#8217;ESO<\/td>\n<td style=\"width: 69px; height: 99px;\">1 ESO<\/td>\n<\/tr>\n<tr style=\"height: 94px;\">\n<td style=\"width: 71px; height: 94px;\">2006\/07<\/td>\n<td style=\"width: 128px; height: 94px;\">Jordi Miquel Jordan Arias<\/td>\n<td style=\"width: 404px; height: 94px;\">Paisatges tecnol\u00f2gics al llarg del temps. La Seu Vella de Lleida<\/td>\n<td style=\"width: 69px; height: 94px;\">ESO<\/p>\n<p>BAT<\/td>\n<\/tr>\n<tr style=\"height: 77px;\">\n<td style=\"width: 71px; height: 77px;\">2006\/07<\/td>\n<td style=\"width: 128px; height: 77px;\">Francisco Sala Bassas<\/td>\n<td style=\"width: 404px; height: 77px;\">El m\u00e8tode ABP a l&#8217;ensenyament secundari. L&#8217;aprenentatge basat en problemes, un cam\u00ed per a ensenyar i aprendre.<\/td>\n<td style=\"width: 69px; height: 77px;\">Sec<\/td>\n<\/tr>\n<tr style=\"height: 94px;\">\n<td style=\"width: 71px; height: 94px;\">2006\/07<\/td>\n<td style=\"width: 128px; height: 94px;\">Al\u00edcia Serra de Larrocha<\/td>\n<td style=\"width: 404px; height: 94px;\">La simulaci\u00f3, una bona eina per a l&#8217;aprenentatge significatiu?<\/td>\n<td style=\"width: 69px; height: 94px;\">1 ESO<\/p>\n<p>2 ESO<\/td>\n<\/tr>\n<tr style=\"height: 77px;\">\n<td style=\"width: 71px; height: 77px;\">2006\/07<\/td>\n<td style=\"width: 128px; height: 77px;\">Albert Pi\u00f1ero Subirana<\/td>\n<td style=\"width: 404px; height: 77px;\">Eines per a la recerca a l&#8217;ESO i al Batxillerat. Una proposta interdisciplinar sobre metodologia<\/td>\n<td style=\"width: 69px; height: 77px;\">Sec.<\/td>\n<\/tr>\n<tr style=\"height: 77px;\">\n<td style=\"width: 71px; height: 77px;\">2005\/06<\/td>\n<td style=\"width: 128px; height: 77px;\">Roser Cuss\u00f3 Calabuig<\/td>\n<td style=\"width: 404px; height: 77px;\">Tecnologia: g\u00e8nere i professi\u00f3<\/td>\n<td style=\"width: 69px; height: 77px;\">Sec.<\/td>\n<\/tr>\n<tr style=\"height: 99px;\">\n<td style=\"width: 71px; height: 99px;\">2005\/06<\/td>\n<td style=\"width: 128px; height: 99px;\">Jos\u00e9 Antonio Terrassa Cardona<\/td>\n<td style=\"width: 404px; height: 99px;\">La tecnologia en imatges<\/td>\n<td style=\"width: 69px; height: 99px;\">ESO<\/td>\n<\/tr>\n<tr style=\"height: 94px;\">\n<td style=\"width: 71px; height: 94px;\">2005\/06<\/td>\n<td style=\"width: 128px; height: 94px;\">Joaquim Blesa Izquierdo<\/td>\n<td style=\"width: 404px; height: 94px;\">Aprenentatge assistit per les tecnologies de la informaci\u00f3 i comunicaci\u00f3 a l&#8217;ESO amb l&#8217;aula d&#8217;inform\u00e0tica m\u00f2bil<\/td>\n<td style=\"width: 69px; height: 94px;\">1 ESO<\/p>\n<p>2 ESO<\/td>\n<\/tr>\n<tr style=\"height: 99px;\">\n<td style=\"width: 71px; height: 99px;\">2003\/04<\/td>\n<td style=\"width: 128px; height: 99px;\">M. Isabel Gomis Rabassa<\/td>\n<td style=\"width: 404px; height: 99px;\">Integrem les ci\u00e8ncies i la tecnologia a l&#8217;ESO a trav\u00e9s del coneixement de processos de producci\u00f3<\/td>\n<td style=\"width: 69px; height: 99px;\">Sec.<\/td>\n<\/tr>\n<tr style=\"height: 99px;\">\n<td style=\"width: 71px; height: 99px;\">2003\/04<\/td>\n<td style=\"width: 128px; height: 99px;\">Jos\u00e9 Lu\u00eds Gonzalvo Lacasa<\/td>\n<td style=\"width: 404px; height: 99px;\">El recurs de l&#8217;aula taller. Una manera did\u00e0ctica de treballar en les UAC del primer cicle de l&#8217;ESO<\/td>\n<td style=\"width: 69px; height: 99px;\">1 ESO<\/p>\n<p>2 ESO<\/td>\n<\/tr>\n<tr style=\"height: 99px;\">\n<td style=\"width: 71px; height: 99px;\">2002\/03<\/td>\n<td style=\"width: 128px; height: 99px;\">Albert Josep Soler Mart\u00ednez<\/td>\n<td style=\"width: 404px; height: 99px;\">El M\u00e8tode de Projectes Tecnol\u00f2gics com un entorn favorable dintre de la contextualitzaci\u00f3 de la Teoria de l\u2019Activitat de l\u2019Aprenentatge<\/td>\n<td style=\"width: 69px; height: 99px;\">ESO<\/td>\n<\/tr>\n<tr style=\"height: 94px;\">\n<td style=\"width: 71px; height: 94px;\">2001\/02<\/td>\n<td style=\"width: 128px; height: 94px;\">Antoni Llort Colell<\/td>\n<td style=\"width: 404px; height: 94px;\">Laboratori virtual d&#8217;electr\u00f2nica i electrot\u00e8cnia<\/td>\n<td style=\"width: 69px; height: 94px;\">BAT<\/p>\n<p>FP<\/td>\n<\/tr>\n<tr style=\"height: 99px;\">\n<td style=\"width: 71px; height: 99px;\">2000\/01<\/td>\n<td style=\"width: 128px; height: 99px;\">M. Francisca Guerola Soler<\/td>\n<td style=\"width: 404px; height: 99px;\">L&#8217;energia solar fotovoltaica. Una eina per a l&#8217;estudi interdisciplinari de la sostenibilitat i la seva plasmaci\u00f3 en el PEC i el PCC<\/td>\n<td style=\"width: 69px; height: 99px;\">Sec.<\/td>\n<\/tr>\n<tr style=\"height: 99px;\">\n<td style=\"width: 71px; height: 99px;\">1998\/99<\/td>\n<td style=\"width: 128px; height: 99px;\">Mateu Forn\u00f3s Gil<\/td>\n<td style=\"width: 404px; height: 99px;\">Elaboraci\u00f3 d&#8217;un projecte curricular de l&#8217;\u00e0rea de tecnologia a\u00a0 \u00a0l&#8217;ensenyament secundari obligatori vertebrat al voltant dels continguts de valors, actituds i normes<\/td>\n<td style=\"width: 69px; height: 99px;\">ESO<\/td>\n<\/tr>\n<tr style=\"height: 99px;\">\n<td style=\"width: 71px; height: 99px;\">1996\/97<\/td>\n<td style=\"width: 128px; height: 99px;\">Xavier Bachs i Valldeneu<\/td>\n<td style=\"width: 404px; height: 99px;\">Valors i models did\u00e0ctics a l&#8217;\u00e0rea de tecnologia: el tractament dels continguts d&#8217;actituds, valors i normes, i els temes transversals a l&#8217;\u00e0rea de tecnologia de l&#8217;ESO.<\/td>\n<td style=\"width: 69px; height: 99px;\">ESO<\/td>\n<\/tr>\n<\/tbody>\n<\/table>\n<p>&nbsp;<\/p>\n","protected":false},"excerpt":{"rendered":"<p>Jornades sobre innovaci\u00f3 a l&#8217;ensenyament de la tecnologia<\/p>\n<ul>\n<li>I Jornades: <a href=\"http:\/\/www.xtec.cat\/aulatec\/innovacio\/jornades\/info_jornada2008.htm\" rel=\"nofollow\">Els reptes del nou curr\u00edculum<\/a>. Terrassa, 9 i 10 de maig de 2008.<\/li>\n<li>II Jornades: <a href=\"https:\/\/sites.google.com\/site\/2jornades\/\" rel=\"nofollow\">Els reptes dels nous recursos<\/a>. Terrassa, 7 i 8 de maig de 2010.<\/li>\n<li>III Jornades: <a href=\"http:\/\/www.xtec.cat\/aulatec\/jornades\/jornades2012\/jornada5_9_05_2012_v0.htm\" rel=\"nofollow\">Energia sostenible&hellip;  <a href=\"https:\/\/agora.xtec.cat\/cesire_historic\/ambit-tecnologic\/innovacio-i-recerca_t\/\" title=\"Read Innovaci\u00f3 i recerca\">Llegeix m\u00e9s\u00bb<\/a><br \/>\n","protected":false},"author":1,"featured_media":0,"parent":4628,"menu_order":3,"comment_status":"closed","ping_status":"closed","template":"page-templates\/side-menu.php","meta":{"_bbp_topic_count":0,"_bbp_reply_count":0,"_bbp_total_topic_count":0,"_bbp_total_reply_count":0,"_bbp_voice_count":0,"_bbp_anonymous_reply_count":0,"_bbp_topic_count_hidden":0,"_bbp_reply_count_hidden":0,"_bbp_forum_subforum_count":0,"footnotes":""},"class_list":["post-4635","page","type-page","status-publish","hentry"],"post_mailing_queue_ids":[],"_links":{"self":[{"href":"https:\/\/agora.xtec.cat\/cesire_historic\/wp-json\/wp\/v2\/pages\/4635","targetHints":{"allow":["GET"]}}],"collection":[{"href":"https:\/\/agora.xtec.cat\/cesire_historic\/wp-json\/wp\/v2\/pages"}],"about":[{"href":"https:\/\/agora.xtec.cat\/cesire_historic\/wp-json\/wp\/v2\/types\/page"}],"author":[{"embeddable":true,"href":"https:\/\/agora.xtec.cat\/cesire_historic\/wp-json\/wp\/v2\/users\/1"}],"replies":[{"embeddable":true,"href":"https:\/\/agora.xtec.cat\/cesire_historic\/wp-json\/wp\/v2\/comments?post=4635"}],"version-history":[{"count":4,"href":"https:\/\/agora.xtec.cat\/cesire_historic\/wp-json\/wp\/v2\/pages\/4635\/revisions"}],"predecessor-version":[{"id":11639,"href":"https:\/\/agora.xtec.cat\/cesire_historic\/wp-json\/wp\/v2\/pages\/4635\/revisions\/11639"}],"up":[{"embeddable":true,"href":"https:\/\/agora.xtec.cat\/cesire_historic\/wp-json\/wp\/v2\/pages\/4628"}],"wp:attachment":[{"href":"https:\/\/agora.xtec.cat\/cesire_historic\/wp-json\/wp\/v2\/media?parent=4635"}],"curies":[{"name":"wp","href":"https:\/\/api.w.org\/{rel}","templated":true}]}}