{"id":4633,"date":"2019-02-04T16:42:08","date_gmt":"2019-02-04T15:42:08","guid":{"rendered":"http:\/\/agora.xtec.cat\/cesire_historic\/\/?page_id=4633"},"modified":"2020-03-02T10:15:28","modified_gmt":"2020-03-02T09:15:28","slug":"suport-professorat_t","status":"publish","type":"page","link":"https:\/\/agora.xtec.cat\/cesire_historic\/ambit-tecnologic\/suport-professorat_t\/","title":{"rendered":"Suport al professorat"},"content":{"rendered":"<p><img loading=\"lazy\" decoding=\"async\" class=\"aligncenter wp-image-6369\" src=\"https:\/\/agora.xtec.cat\/cesire_historic\/\/wp-content\/uploads\/usu397\/2019\/06\/Professorat-300x62.jpg\" alt=\"\" width=\"484\" height=\"100\" srcset=\"https:\/\/agora.xtec.cat\/cesire_historic\/wp-content\/uploads\/usu397\/2019\/06\/Professorat-300x62.jpg 300w, https:\/\/agora.xtec.cat\/cesire_historic\/wp-content\/uploads\/usu397\/2019\/06\/Professorat-768x158.jpg 768w, https:\/\/agora.xtec.cat\/cesire_historic\/wp-content\/uploads\/usu397\/2019\/06\/Professorat.jpg 927w\" sizes=\"auto, (max-width: 484px) 100vw, 484px\" \/><\/p>\n<div>\n<div>\n<h4><strong>Curr\u00edculum<\/strong><\/h4>\n<p><span style=\"font-size: medium;\"><b>Normativa b\u00e0sica<\/b><\/span><\/p>\n<\/div>\n<div>\n<ul>\n<li style=\"list-style-type: none;\">\n<ul>\n<li>Llei d&#8217;Educaci\u00f3 de Catalunya. <a href=\"http:\/\/ensenyament.gencat.cat\/web\/.content\/home\/departament\/normativa\/normativa-educacio\/lec_12_2009.pdf\" target=\"_blank\" rel=\"nofollow noopener noreferrer\">Llei 12\/2009, del 10 de juliol, d&#8217;educaci\u00f3<\/a><\/li>\n<\/ul>\n<\/li>\n<\/ul>\n<\/div>\n<div><\/div>\n<p><span style=\"font-size: medium;\"><b>Educaci\u00f3 Secund\u00e0ria Obligat\u00f2ria<\/b><\/span><\/p>\n<div><\/div>\n<ul>\n<li style=\"list-style-type: none;\">\n<ul>\n<li><a href=\"http:\/\/portaldogc.gencat.cat\/utilsEADOP\/PDF\/6945\/1441278.pdf\" target=\"_blank\" rel=\"nofollow noopener noreferrer\">DECRET 187\/2015<\/a><b>, <\/b>de 25 d&#8217;agost, d&#8217;ordenaci\u00f3 dels ensenyaments de l&#8217;educaci\u00f3 secund\u00e0ria obligat\u00f2ria (pdf)<\/li>\n<li><a href=\"http:\/\/portaldogc.gencat.cat\/utilsEADOP\/PDF\/7659\/1685428.pdf\" target=\"_blank\" rel=\"nofollow noopener noreferrer\">ORDRE ENS 108\/2018<\/a>, de 4 de juliol, per la qual es determinen el procediment, els documents i els requisits formals del proc\u00e9s d&#8217;avaluaci\u00f3 a l&#8217;educaci\u00f3 secund\u00e0ria obligat\u00f2ria (pdf)<\/li>\n<\/ul>\n<\/li>\n<\/ul>\n<p>Textos dels curr\u00edculums<\/p>\n<\/div>\n<div>\n<ul>\n<li style=\"list-style-type: none;\">\n<ul>\n<li><a href=\"https:\/\/drive.google.com\/open?id=0B0BL1AO89mZzNEF0Rm9KLWt3dHc\" target=\"_blank\" rel=\"noopener noreferrer\">Curr\u00edculum (complert) de l&#8217;\u00e0mbit cientificotecnol\u00f2gic<\/a> (editable)<\/li>\n<\/ul>\n<\/li>\n<\/ul>\n<ul>\n<li style=\"list-style-type: none;\">\n<ul>\n<li style=\"list-style-type: none;\">\n<ul>\n<li><a href=\"https:\/\/drive.google.com\/open?id=0B0BL1AO89mZzNHRfT2ZwRGpCNkk\" target=\"_blank\" rel=\"noopener noreferrer\">Curr\u00edculum i criteris d&#8217;avaluaci\u00f3 de tecnologia. <b>1r ESO<\/b><\/a> (editable)<\/li>\n<\/ul>\n<\/li>\n<\/ul>\n<\/li>\n<\/ul>\n<ul>\n<li style=\"list-style-type: none;\">\n<ul>\n<li style=\"list-style-type: none;\">\n<ul>\n<li><a href=\"https:\/\/drive.google.com\/open?id=0B0BL1AO89mZzZVhZZmlHTWI5alE\" target=\"_blank\" rel=\"noopener noreferrer\">Curr\u00edculum i criteris d&#8217;avaluaci\u00f3 de tecnologia. <b>2n ESO<\/b><\/a> (editable)<\/li>\n<\/ul>\n<\/li>\n<\/ul>\n<\/li>\n<\/ul>\n<ul>\n<li style=\"list-style-type: none;\">\n<ul>\n<li style=\"list-style-type: none;\">\n<ul>\n<li><a href=\"https:\/\/drive.google.com\/file\/d\/0B0BL1AO89mZzR21OS3Q3NEtnZ2s\/view?usp=sharing\" target=\"_blank\" rel=\"noopener noreferrer\">Curr\u00edculum i criteris d&#8217;avaluaci\u00f3 de tecnologia. <b>3r ESO<\/b><\/a> (editable)<\/li>\n<\/ul>\n<\/li>\n<\/ul>\n<\/li>\n<\/ul>\n<ul>\n<li style=\"list-style-type: none;\">\n<ul>\n<li style=\"list-style-type: none;\">\n<ul>\n<li><a href=\"https:\/\/drive.google.com\/open?id=0B0BL1AO89mZzVF85blAzbllJbmM\" target=\"_blank\" rel=\"noopener noreferrer\">Curr\u00edculum i criteris d&#8217;avaluaci\u00f3 de tecnologia. <b>Optativa. 4t ESO<\/b><\/a> (editable)<\/li>\n<\/ul>\n<\/li>\n<\/ul>\n<\/li>\n<\/ul>\n<ul>\n<li style=\"list-style-type: none;\">\n<ul>\n<li style=\"list-style-type: none;\">\n<ul>\n<li><a href=\"https:\/\/drive.google.com\/open?id=0B0BL1AO89mZzQXZmMTZrTHV5TG8\" target=\"_blank\" rel=\"noopener noreferrer\">Curr\u00edculum i criteris d&#8217;avaluaci\u00f3 de tecnologies de la informaci\u00f3 i la comunicaci\u00f3. <b>Optativa. 4t ESO<\/b><\/a> (editable)<\/li>\n<\/ul>\n<\/li>\n<\/ul>\n<\/li>\n<\/ul>\n<ul>\n<li style=\"list-style-type: none;\">\n<ul>\n<li style=\"list-style-type: none;\">\n<ul>\n<li><a href=\"https:\/\/drive.google.com\/open?id=0B0BL1AO89mZzMWw2LURINkVRaTQ\" target=\"_blank\" rel=\"noopener noreferrer\">Curr\u00edculum i criteris d&#8217;avaluaci\u00f3 de la compactada tecnologia i TIC. <b>Optativa. 4t ESO<\/b><\/a> (editable)<\/li>\n<\/ul>\n<\/li>\n<\/ul>\n<\/li>\n<\/ul>\n<\/div>\n<div><\/div>\n<div>Textos de les compet\u00e8ncies<\/div>\n<div><\/div>\n<ul>\n<li style=\"list-style-type: none;\">\n<ul>\n<li><a href=\"https:\/\/drive.google.com\/open?id=0B0BL1AO89mZzVzNrTXh2NVlDbjQ\" target=\"_blank\" rel=\"noopener noreferrer\">Compet\u00e8ncies de l&#8217;\u00e0mbit cientificotecnol\u00f2gic<\/a> (complert) (editable)<\/li>\n<\/ul>\n<\/li>\n<\/ul>\n<ul>\n<li style=\"list-style-type: none;\">\n<ul>\n<li style=\"list-style-type: none;\">\n<ul>\n<li><a href=\"https:\/\/drive.google.com\/open?id=0B0BL1AO89mZzaVd1SWtzN2FQVGs\" target=\"_blank\" rel=\"noopener noreferrer\">Compet\u00e8ncies. 1a part. De la 1 a la 6<\/a> (editable)<\/li>\n<\/ul>\n<\/li>\n<\/ul>\n<\/li>\n<\/ul>\n<ul>\n<li style=\"list-style-type: none;\">\n<ul>\n<li style=\"list-style-type: none;\">\n<ul>\n<li><a href=\"https:\/\/drive.google.com\/open?id=0B0BL1AO89mZzZ2dFWmtkWXdLc3c\" target=\"_blank\" rel=\"noopener noreferrer\">Compet\u00e8ncies. 2a part. De la 7 a la 9<\/a> (editable)<\/li>\n<\/ul>\n<\/li>\n<\/ul>\n<\/li>\n<\/ul>\n<ul>\n<li style=\"list-style-type: none;\">\n<ul>\n<li style=\"list-style-type: none;\">\n<ul>\n<li><a href=\"https:\/\/drive.google.com\/open?id=0B0BL1AO89mZzcUhtN1dCbHpEZjg\" target=\"_blank\" rel=\"noopener noreferrer\">Compet\u00e8ncies. 1a part. De la 10 a la 11<\/a> (editable)<\/li>\n<\/ul>\n<\/li>\n<\/ul>\n<\/li>\n<\/ul>\n<ul>\n<li style=\"list-style-type: none;\">\n<ul>\n<li style=\"list-style-type: none;\">\n<ul>\n<li><a href=\"https:\/\/drive.google.com\/open?id=0B0BL1AO89mZzWWJTSWpaM0k4NjA\" target=\"_blank\" rel=\"noopener noreferrer\">Compet\u00e8ncies. 1a part. De la 12 a la 15<\/a> (editable)<\/li>\n<\/ul>\n<\/li>\n<\/ul>\n<\/li>\n<\/ul>\n<ul>\n<li style=\"list-style-type: none;\">\n<ul>\n<li><a href=\"https:\/\/drive.google.com\/open?id=0B0BL1AO89mZzMTVhSXJtb21zU1k\" target=\"_blank\" rel=\"noopener noreferrer\">Orientacions per a l&#8217;avaluaci\u00f3<\/a> (editable)<\/li>\n<\/ul>\n<\/li>\n<\/ul>\n<div>\n<p>Orientacions<\/p>\n<\/div>\n<div>\n<ul>\n<li style=\"list-style-type: none;\">\n<ul>\n<li><a href=\"http:\/\/xtec.gencat.cat\/web\/.content\/alfresco\/d\/d\/workspace\/SpacesStore\/0080\/c0efb6fc-6b8b-4a1c-ba75-1a08a2847207\/tecnologies_1.pdf\" target=\"_blank\" rel=\"nofollow noopener noreferrer\">Orientacions per al desplegament del curr\u00edculum de tecnologies<\/a><\/li>\n<li><a href=\"http:\/\/xtec.gencat.cat\/web\/.content\/alfresco\/d\/d\/workspace\/SpacesStore\/0086\/d1067aa7-e3eb-41fb-9ca2-207b92812814\/del_curriculum_a_les_programacions.pdf\" target=\"_blank\" rel=\"nofollow noopener noreferrer\">Del curr\u00edculum a les programacions<\/a><\/li>\n<\/ul>\n<\/li>\n<\/ul>\n<ul>\n<li style=\"list-style-type: none;\">\n<ul>\n<li><a href=\"http:\/\/xtec.gencat.cat\/ca\/curriculum\/eso\/sintesi_recerca\" target=\"_blank\" rel=\"nofollow noopener noreferrer\">Treball de s\u00edntesi i projecte de recerca<\/a><\/li>\n<\/ul>\n<\/li>\n<\/ul>\n<ul>\n<li style=\"list-style-type: none;\">\n<ul>\n<li><a href=\"http:\/\/www.xtec.cat\/aulatec\/infoconfezabala.html\" target=\"_blank\" rel=\"nofollow noopener noreferrer\">L&#8217;aprenentatge per compet\u00e8ncies. Del curr\u00edculum a l&#8217;aula, un repte per a la Tecnologia<\/a><\/li>\n<li><a href=\"http:\/\/icaen.gencat.cat\/ca\/detalls\/publicacio\/20200124_pub_EnsenyamentSobreEnergia\">L\u2019ensenyament de l\u2019energia a Catalunya.<\/a><\/li>\n<\/ul>\n<\/li>\n<\/ul>\n<\/div>\n<div><\/div>\n<p><span style=\"font-size: medium;\"><b>Batxillerat<br \/>\n<\/b><\/span><br \/>\n<a href=\"http:\/\/www.gencat.cat\/diari\/5183\/08190087.htm\" target=\"_blank\" rel=\"nofollow noopener noreferrer\">DECRET 142\/2008<\/a>, de 15 de juliol, pel qual s&#8217;estableix l&#8217;ordenaci\u00f3 dels ensenyaments del batxillerat.<\/p>\n<p>Curr\u00edculums<\/p>\n<ul>\n<li style=\"list-style-type: none;\">\n<ul>\n<li>Curr\u00edculum de\u00a0Tecnologia industrial\u00a0(<a href=\"http:\/\/www.xtec.net\/aulatec\/curriculum\/Curr_tecnoindustrial.rtf\" rel=\"nofollow\">editable i\u00a0<\/a><a href=\"http:\/\/www.xtec.cat\/alfresco\/d\/d\/workspace\/SpacesStore\/48241f13-38d7-40cc-b24c-9e3f79bc851f\/tecnologia_industrial.pdf\" target=\"_blank\" rel=\"nofollow noopener noreferrer\">pdf<\/a>)<\/li>\n<\/ul>\n<\/li>\n<\/ul>\n<ul>\n<li style=\"list-style-type: none;\">\n<ul>\n<li>Curr\u00edculum d&#8217;\u00a0Electrot\u00e8cnia\u00a0(<a href=\"http:\/\/www.xtec.net\/aulatec\/curriculum\/Curr_electrotecnia.rtf\" rel=\"nofollow\">editable<\/a> i <a href=\"http:\/\/www.xtec.cat\/alfresco\/d\/d\/workspace\/SpacesStore\/07efae18-3c8c-4a49-aef9-bb9f1a1d7d72\/electrotecnia.pdf\" target=\"_blank\" rel=\"nofollow noopener noreferrer\">pdf<\/a>)<\/li>\n<\/ul>\n<\/li>\n<\/ul>\n<div>Orientacions per al desplegament del curr\u00edculum<\/div>\n<div><\/div>\n<ul>\n<li style=\"list-style-type: none;\">\n<ul>\n<li>El\u00a0<a href=\"http:\/\/www.xtec.cat\/web\/curriculum\/batxillerat\/treballrecerca\" target=\"_blank\" rel=\"nofollow noopener noreferrer\">treball de recerca<\/a><\/li>\n<\/ul>\n<\/li>\n<\/ul>\n<ul>\n<li style=\"list-style-type: none;\">\n<ul>\n<li>El\u00a0<a href=\"http:\/\/www.xtec.cat\/alfresco\/d\/d\/workspace\/SpacesStore\/f2989dc7-8a2c-4b2f-86e8-4d5929f43fd7\/PUBL%20curriculum_batxillerat.pdf\" target=\"_blank\" rel=\"nofollow noopener noreferrer\">batxillerat<\/a><\/li>\n<li><a href=\"http:\/\/icaen.gencat.cat\/ca\/detalls\/publicacio\/20200124_pub_EnsenyamentSobreEnergia\">L\u2019ensenyament de l\u2019energia a Catalunya.<\/a><\/li>\n<\/ul>\n<\/li>\n<\/ul>\n<div>Compet\u00e8ncies<\/div>\n<div><\/div>\n<ul>\n<li style=\"list-style-type: none;\">\n<ul>\n<li>Compet\u00e8ncies generals del batxillerat (<a href=\"http:\/\/www.xtec.cat\/alfresco\/d\/d\/workspace\/SpacesStore\/0d7a4dc8-f261-4128-a096-467a63afb11d\/competencies_generals_batxillerat.pdf\" target=\"_blank\" rel=\"nofollow noopener noreferrer\">pdf<\/a>)<\/li>\n<\/ul>\n<\/li>\n<\/ul>\n<div>Proves d&#8217;acc\u00e9s a la universitat (PAAU)<\/div>\n<div><\/div>\n<div>\n<ul>\n<li style=\"list-style-type: none;\">\n<ul>\n<li><a href=\"http:\/\/universitats.gencat.cat\/ca\/pau\/\" target=\"_blank\" rel=\"nofollow noopener noreferrer\">Informaci\u00f3<\/a>\u00a0general sobre les proves d&#8217;acc\u00e9s: estructura de l&#8217;examen, criteris d&#8217;avaluaci\u00f3, exemples de proves, &#8230;<\/li>\n<\/ul>\n<\/li>\n<\/ul>\n<p>&nbsp;<\/p>\n<div dir=\"ltr\">\n<div>\n<div>\n<div>\n<div>\n<h4><b><span style=\"font-size: large;\"><span style=\"font-size: x-large;\">Seguretat i prevenci\u00f3 de riscos a l&#8217;aula de tecnologia<\/span><br \/>\n<\/span><\/b><\/h4>\n<div><b><span style=\"font-size: large;\"><br \/>\nIntroducci\u00f3<\/span><\/b><br \/>\n<span style=\"font-size: medium;\"><br \/>\n<\/span><\/div>\n<p><span style=\"font-size: medium;\">L&#8217;aula de tecnologia, com espai del centre docent, ha de complir la normativa com qualsevol altra part de l&#8217;edifici.<\/span><\/p>\n<p>Les\u00a0 caracter\u00edstiques espec\u00edfiques de les activitats que s&#8217;hi fan i de les eines i els materials que hi ha, demanen d&#8217;una atenci\u00f3 especial per part del professorat per tal que esdevingui un espai segur per a l&#8217;alumnat.<\/p>\n<p>&nbsp;<\/p>\n<\/div>\n<p><span style=\"font-size: medium;\">Les m\u00e0quines eines i l&#8217;equipament venen acompanyats dels manuals d&#8217;\u00fas on s&#8217;expliquen els procediments correctes d&#8217;operaci\u00f3, aix\u00ed com les indicacions de seguretat que cal seguir.<\/span><\/p>\n<p>&nbsp;<\/p>\n<\/div>\n<p><span style=\"font-size: medium;\">A continuaci\u00f3 hi ha uns enlla\u00e7os que us ajudaran a orientar les accions en la prevenci\u00f3 de riscos.<\/span><\/p>\n<\/div>\n<p><b><span style=\"font-size: large;\">Recursos<\/span><\/b><\/p>\n<\/div>\n<div>\n<ul>\n<li style=\"list-style-type: none;\">\n<ul>\n<li><span style=\"font-size: medium;\">Proposta did\u00e0ctica: Prevenci\u00f3 de riscos a l&#8217;aula de tecnologia [<a href=\"http:\/\/apliense.xtec.cat\/arc\/node\/29410\" rel=\"nofollow\">+<\/a>]<\/span><\/li>\n<\/ul>\n<\/li>\n<\/ul>\n<\/div>\n<div>\n<div>\n<div style=\"padding-left: 40px;\"><a href=\"http:\/\/apliense.xtec.cat\/arc\/node\/29410\" rel=\"nofollow\"><img decoding=\"async\" src=\"https:\/\/sites.google.com\/a\/xtec.cat\/aulatec\/_\/rsrc\/1472688789845\/home\/seguretat-prevencio-riscos\/Prevencio.jpg\" alt=\"http:\/\/apliense.xtec.cat\/arc\/node\/29410\" border=\"0\" \/><\/a><\/div>\n<\/div>\n<\/div>\n<div>\n<div>\n<div><\/div>\n<div>\n<ul>\n<li style=\"list-style-type: none;\">\n<ul>\n<li><span style=\"font-size: medium;\">Directiva europea RoHS de restricci\u00f3 de subst\u00e0ncies perilloses [<a href=\"http:\/\/es.wikipedia.org\/wiki\/RoHS\" target=\"_blank\" rel=\"nofollow noopener noreferrer\">+<\/a>]<br \/>\n<\/span><\/li>\n<\/ul>\n<\/li>\n<\/ul>\n<\/div>\n<div>\n<ul>\n<li style=\"list-style-type: none;\">\n<ul>\n<li><span style=\"font-size: medium;\">Gesti\u00f3 de residus (Portal de centres del Departament d&#8217;Educaci\u00f3):<\/span><\/li>\n<\/ul>\n<\/li>\n<\/ul>\n<\/div>\n<div>\n<div style=\"padding-left: 40px;\"><a href=\"http:\/\/educacio.gencat.cat\/portal\/page\/portal\/EducacioIntranet\/Inici\/PortalCentres\/pcSeguretat\/Detall?p_proc=8658\" rel=\"nofollow\"><img decoding=\"async\" src=\"https:\/\/sites.google.com\/a\/xtec.cat\/aulatec\/_\/rsrc\/1472688783289\/home\/seguretat-prevencio-riscos\/residus.jpg\" alt=\"http:\/\/educacio.gencat.cat\/portal\/page\/portal\/EducacioIntranet\/Inici\/PortalCentres\/pcSeguretat\/Detall?p_proc=8658\" border=\"0\" \/><\/a><\/div>\n<\/div>\n<div>\n<div>\n<ul>\n<li style=\"list-style-type: none;\">\n<ul>\n<li><span style=\"font-size: medium;\">Portal Prevenci\u00f3 Risc Escolar (Prevenci\u00f3 Risc Escolar S.L.):<\/span><\/li>\n<\/ul>\n<\/li>\n<\/ul>\n<\/div>\n<div>\n<div style=\"padding-left: 40px;\"><a href=\"http:\/\/www.prevencio.cat\/?fi=portada&amp;lang=ca\" target=\"_blank\" rel=\"nofollow noopener noreferrer\"><img decoding=\"async\" src=\"https:\/\/sites.google.com\/a\/xtec.cat\/aulatec\/_\/rsrc\/1320930177405\/home\/prevencio.jpg\" alt=\"http:\/\/www.prevencio.cat\/?fi=portada&amp;lang=ca\" border=\"0\" \/><\/a><\/div>\n<\/div>\n<\/div>\n<\/div>\n<\/div>\n<\/div>\n<\/div>\n<div><\/div>\n<div>\n<h4><span style=\"font-size: large;\"><b>Suport als equipaments de l&#8217;aula de tecnologia<\/b><\/span><\/h4>\n<div><\/div>\n<ul>\n<li style=\"list-style-type: none;\">\n<ul>\n<li>Aut\u00f2mat programable [<a style=\"font-size: medium; font-family: inherit;\" href=\"http:\/\/www.xtec.cat\/aulatec\/re_reautomat.html\" rel=\"nofollow\">+<\/a><span style=\"font-size: medium; font-family: inherit;\">]<\/span><\/li>\n<li><span style=\"font-size: medium;\">Sadex <\/span>[<a href=\"http:\/\/www.xtec.cat\/aulatec\/re_sadex.html\" rel=\"nofollow\">+<\/a>]<\/li>\n<li><span style=\"font-size: medium;\">Equip d&#8217;electropneum\u00e0tica [<a href=\"http:\/\/www.xtec.cat\/aulatec\/pneumatic.html\" rel=\"nofollow\">+<\/a>]<br \/>\n<\/span><\/li>\n<li><span style=\"font-size: medium;\">Sondes electr\u00f2niques [<a href=\"http:\/\/www.xtec.cat\/aulatec\/sondes.html\" rel=\"nofollow\">+<\/a>]<br \/>\n<\/span><\/li>\n<li>\n<div><span style=\"font-size: medium;\">Emmotlladora i plegadora. Els pl\u00e0stics a l&#8217;aula de tecnologia [<a href=\"http:\/\/www.xtec.cat\/aulatec\/plastics.pdf\" rel=\"nofollow\">+<\/a>]<\/span><\/div>\n<\/li>\n<li>\n<div><span style=\"font-size: medium;\">Conjunt d&#8217;instrumentaci\u00f3 electr\u00f2nica [<a href=\"http:\/\/www.xtec.cat\/aulatec\/electronic.html\" rel=\"nofollow\">+<\/a>]\u00a0<\/span><\/div>\n<\/li>\n<\/ul>\n<\/li>\n<\/ul>\n<h4><span style=\"font-size: medium;\"><b style=\"font-family: inherit; font-size: 1em;\"><span style=\"font-size: large;\">Orientacions per a l&#8217;organitzaci\u00f3 i coneixement de l&#8217;aula<\/span><\/b><\/span><\/h4>\n<ul>\n<li style=\"list-style-type: none;\">\n<ul>\n<li><span style=\"font-size: medium;\">Propostes per a l&#8217;organitzaci\u00f3 de l&#8217;aula de tecnologia [<a href=\"http:\/\/www.xtec.cat\/aulatec\/muntaula.pdf\" rel=\"nofollow\">+<\/a>]<\/span><\/li>\n<li><span style=\"font-size: medium; font-family: inherit;\">Eines de l&#8217;aula de tecnologia [<\/span><a style=\"font-size: medium; font-family: inherit;\" href=\"http:\/\/www.xtec.cat\/aulatec\/einaula.pdf\" rel=\"nofollow\">+<\/a><span style=\"font-size: medium; font-family: inherit;\">]<\/span><span style=\"font-size: medium;\"><br \/>\n<\/span><\/li>\n<\/ul>\n<\/li>\n<\/ul>\n<\/div>\n<div><\/div>\n<div>\n<div dir=\"ltr\">\n<div>\n<div>\n<div>\n<div><\/div>\n<\/div>\n<\/div>\n<\/div>\n<\/div>\n<\/div>\n","protected":false},"excerpt":{"rendered":"<p>Curr\u00edculum<br \/>\nNormativa b\u00e0sica<\/p>\n<ul>\n<li style=\"list-style-type: none;\">\n<ul>\n<li>Llei d&#8217;Educaci\u00f3 de Catalunya. <a href=\"http:\/\/ensenyament.gencat.cat\/web\/.content\/home\/departament\/normativa\/normativa-educacio\/lec_12_2009.pdf\" target=\"_blank\" rel=\"nofollow noopener noreferrer\">Llei 12\/2009, del 10 de juliol, d&#8217;educaci\u00f3<\/a><\/li>\n<\/ul>\n<\/li>\n<\/ul>\n<p>Educaci\u00f3 Secund\u00e0ria Obligat\u00f2ria<\/p>\n<ul>\n<li style=\"list-style-type: none;\">\n<ul>\n<li><a href=\"http:\/\/portaldogc.gencat.cat\/utilsEADOP\/PDF\/6945\/1441278.pdf\" target=\"_blank\" rel=\"nofollow noopener noreferrer\">DECRET 187\/2015<\/a>, de 25 d&#8217;agost, d&#8217;ordenaci\u00f3 dels ensenyaments de l&#8217;educaci\u00f3 secund\u00e0ria obligat\u00f2ria (pdf)<\/li>\n<li><a href=\"http:\/\/portaldogc.gencat.cat\/utilsEADOP\/PDF\/7659\/1685428.pdf\" target=\"_blank\" rel=\"nofollow noopener noreferrer\">ORDRE&hellip;  <a href=\"https:\/\/agora.xtec.cat\/cesire_historic\/ambit-tecnologic\/suport-professorat_t\/\" title=\"Read Suport al professorat\">Llegeix m\u00e9s\u00bb<\/a><br \/>\n","protected":false},"author":1,"featured_media":0,"parent":4628,"menu_order":2,"comment_status":"closed","ping_status":"closed","template":"page-templates\/side-menu.php","meta":{"_bbp_topic_count":0,"_bbp_reply_count":0,"_bbp_total_topic_count":0,"_bbp_total_reply_count":0,"_bbp_voice_count":0,"_bbp_anonymous_reply_count":0,"_bbp_topic_count_hidden":0,"_bbp_reply_count_hidden":0,"_bbp_forum_subforum_count":0,"footnotes":""},"class_list":["post-4633","page","type-page","status-publish","hentry"],"post_mailing_queue_ids":[],"_links":{"self":[{"href":"https:\/\/agora.xtec.cat\/cesire_historic\/wp-json\/wp\/v2\/pages\/4633","targetHints":{"allow":["GET"]}}],"collection":[{"href":"https:\/\/agora.xtec.cat\/cesire_historic\/wp-json\/wp\/v2\/pages"}],"about":[{"href":"https:\/\/agora.xtec.cat\/cesire_historic\/wp-json\/wp\/v2\/types\/page"}],"author":[{"embeddable":true,"href":"https:\/\/agora.xtec.cat\/cesire_historic\/wp-json\/wp\/v2\/users\/1"}],"replies":[{"embeddable":true,"href":"https:\/\/agora.xtec.cat\/cesire_historic\/wp-json\/wp\/v2\/comments?post=4633"}],"version-history":[{"count":4,"href":"https:\/\/agora.xtec.cat\/cesire_historic\/wp-json\/wp\/v2\/pages\/4633\/revisions"}],"predecessor-version":[{"id":8639,"href":"https:\/\/agora.xtec.cat\/cesire_historic\/wp-json\/wp\/v2\/pages\/4633\/revisions\/8639"}],"up":[{"embeddable":true,"href":"https:\/\/agora.xtec.cat\/cesire_historic\/wp-json\/wp\/v2\/pages\/4628"}],"wp:attachment":[{"href":"https:\/\/agora.xtec.cat\/cesire_historic\/wp-json\/wp\/v2\/media?parent=4633"}],"curies":[{"name":"wp","href":"https:\/\/api.w.org\/{rel}","templated":true}]}}