{"id":4602,"date":"2019-02-04T16:40:04","date_gmt":"2019-02-04T15:40:04","guid":{"rendered":"http:\/\/agora.xtec.cat\/cesire_historic\/\/?page_id=4602"},"modified":"2020-11-18T18:16:38","modified_gmt":"2020-11-18T17:16:38","slug":"innovacio-i-recerca_cm","status":"publish","type":"page","link":"https:\/\/agora.xtec.cat\/cesire_historic\/ambit-cientific-i-medi\/innovacio-i-recerca_cm\/","title":{"rendered":"Innovaci\u00f3 i recerca"},"content":{"rendered":"<header class=\"archive-header\">\n<div class=\"archive-meta\">\n<p style=\"text-align: justify;\">El <a href=\"https:\/\/cesire.cat\/ciencies1215\/\" target=\"_blank\" rel=\"noopener noreferrer\"><strong>Projecte Compet\u00e8ncies de pensament cient\u00edfic a l\u2019ESO. Ci\u00e8ncies 12-15<\/strong><\/a> \u00e9s fruit del conveni entre el Departament d\u2019Educaci\u00f3 i la Universitat Aut\u00f2noma de Barcelona (UAB), amb la col\u00b7laboraci\u00f3 de la Fundaci\u00f3 Banc\u00e0ria \u201cLa Caixa\u201d.<\/p>\n<p style=\"text-align: justify;\">El seu objectiu \u00e9s promoure un canvi metodol\u00f2gic a les aules que faci m\u00e9s atractives les ci\u00e8ncies als alumnes i els proporcioni els coneixements cient\u00edfics per poder actuar com a ciutadans cr\u00edtics i capa\u00e7os de valorar el coneixement cientificotecnol\u00f2gic i prendre decisions argumentades.<\/p>\n<p style=\"text-align: justify;\">El projecte t\u00e9 un enfocament competencial de l\u2019ensenyament de les ci\u00e8ncies en el marc del desplegament de les compet\u00e8ncies b\u00e0siques de l\u2019\u00e0mbit cientificotecnol\u00f2gic, que integra la Biologia, la Geologia, la F\u00edsica i la Qu\u00edmica amb connexions amb altres mat\u00e8ries de l\u2019\u00e0mbit STEM.<\/p>\n<p><a href=\"https:\/\/cesire.cat\/ciencies1215\/\" target=\"_blank\" rel=\"noopener noreferrer\"><img loading=\"lazy\" decoding=\"async\" class=\"wp-image-7623 aligncenter\" src=\"https:\/\/agora.xtec.cat\/cesire_historic\/\/wp-content\/uploads\/usu397\/2019\/09\/Captura-12-15.png\" sizes=\"auto, (max-width: 362px) 100vw, 362px\" srcset=\"https:\/\/agora.xtec.cat\/cesire_historic\/\/wp-content\/uploads\/usu397\/2019\/09\/Captura-12-15.png 607w, https:\/\/agora.xtec.cat\/cesire_historic\/\/wp-content\/uploads\/usu397\/2019\/09\/Captura-12-15-300x288.png 300w\" alt=\"\" width=\"362\" height=\"347\" \/><\/a><\/p>\n<div class=\"addtoany_share_save_container addtoany_content_bottom\">\n<div class=\"a2a_kit a2a_kit_size_25 addtoany_list\" data-a2a-url=\"https:\/\/agora.xtec.cat\/cesire_historic\/\/portada\/jornada-competencies-de-pensament-cientific-a-leso\/\" data-a2a-title=\"Jornada Compet\u00e8ncies de pensament cient\u00edfic a l\u2019ESO\"><\/div>\n<\/div>\n<p><strong>\u00a0<\/strong><\/p>\n<\/div>\n<\/header>\n","protected":false},"excerpt":{"rendered":"<p>El <a href=\"https:\/\/cesire.cat\/ciencies1215\/\" target=\"_blank\" rel=\"noopener noreferrer\">Projecte Compet\u00e8ncies de pensament cient\u00edfic a l\u2019ESO. Ci\u00e8ncies 12-15<\/a> \u00e9s fruit del conveni entre el Departament d\u2019Educaci\u00f3 i la Universitat Aut\u00f2noma de Barcelona (UAB), amb la col\u00b7laboraci\u00f3 de la Fundaci\u00f3 Banc\u00e0ria \u201cLa Caixa\u201d.<br \/>\nEl seu objectiu \u00e9s promoure un canvi metodol\u00f2gic&hellip;  <a href=\"https:\/\/agora.xtec.cat\/cesire_historic\/ambit-cientific-i-medi\/innovacio-i-recerca_cm\/\" title=\"Read Innovaci\u00f3 i recerca\">Llegeix m\u00e9s\u00bb<\/a><\/p>\n","protected":false},"author":1,"featured_media":0,"parent":4592,"menu_order":3,"comment_status":"closed","ping_status":"closed","template":"page-templates\/side-menu.php","meta":{"_bbp_topic_count":0,"_bbp_reply_count":0,"_bbp_total_topic_count":0,"_bbp_total_reply_count":0,"_bbp_voice_count":0,"_bbp_anonymous_reply_count":0,"_bbp_topic_count_hidden":0,"_bbp_reply_count_hidden":0,"_bbp_forum_subforum_count":0,"footnotes":""},"class_list":["post-4602","page","type-page","status-publish","hentry"],"post_mailing_queue_ids":[],"_links":{"self":[{"href":"https:\/\/agora.xtec.cat\/cesire_historic\/wp-json\/wp\/v2\/pages\/4602","targetHints":{"allow":["GET"]}}],"collection":[{"href":"https:\/\/agora.xtec.cat\/cesire_historic\/wp-json\/wp\/v2\/pages"}],"about":[{"href":"https:\/\/agora.xtec.cat\/cesire_historic\/wp-json\/wp\/v2\/types\/page"}],"author":[{"embeddable":true,"href":"https:\/\/agora.xtec.cat\/cesire_historic\/wp-json\/wp\/v2\/users\/1"}],"replies":[{"embeddable":true,"href":"https:\/\/agora.xtec.cat\/cesire_historic\/wp-json\/wp\/v2\/comments?post=4602"}],"version-history":[{"count":3,"href":"https:\/\/agora.xtec.cat\/cesire_historic\/wp-json\/wp\/v2\/pages\/4602\/revisions"}],"predecessor-version":[{"id":10253,"href":"https:\/\/agora.xtec.cat\/cesire_historic\/wp-json\/wp\/v2\/pages\/4602\/revisions\/10253"}],"up":[{"embeddable":true,"href":"https:\/\/agora.xtec.cat\/cesire_historic\/wp-json\/wp\/v2\/pages\/4592"}],"wp:attachment":[{"href":"https:\/\/agora.xtec.cat\/cesire_historic\/wp-json\/wp\/v2\/media?parent=4602"}],"curies":[{"name":"wp","href":"https:\/\/api.w.org\/{rel}","templated":true}]}}