{"id":4600,"date":"2019-02-04T15:40:25","date_gmt":"2019-02-04T14:40:25","guid":{"rendered":"http:\/\/agora.xtec.cat\/cesire_historic\/\/?page_id=4600"},"modified":"2021-04-13T09:12:10","modified_gmt":"2021-04-13T07:12:10","slug":"suport-professorat_cm","status":"publish","type":"page","link":"https:\/\/agora.xtec.cat\/cesire_historic\/ambit-cientific-i-medi\/suport-professorat_cm\/","title":{"rendered":"Suport professorat"},"content":{"rendered":"<p><i><span style=\"font-weight: 400;\">En aquest apartat trobareu informaci\u00f3 destinada especialment al professorat: documents normatius del Departament, seguretat al laboratori i lectures de ci\u00e8ncies i de did\u00e0ctica de les ci\u00e8ncies.<\/span><\/i><\/p>\n<ul class=\"side-nav\">\n<li class=\"page_item page-item-6331\" style=\"text-align: center;\"><a title=\"Documents normatius del Departament\" href=\"https:\/\/agora.xtec.cat\/cesire_historic\/\/ambit-cientific-i-medi\/suport-professorat_cm\/documents-normatius-del-departament\/\">Documents normatius del Departament<\/a><\/li>\n<li class=\"page_item page-item-6333\" style=\"text-align: center;\"><a title=\"Aula de ci\u00e8ncies d'infantil i prim\u00e0ria\" href=\"https:\/\/agora.xtec.cat\/cesire_historic\/\/ambit-cientific-i-medi\/suport-professorat_cm\/aula-de-ciencies-dinfantil-i-primaria\/\">Aula de ci\u00e8ncies d&#8217;infantil i prim\u00e0ria<\/a><\/li>\n<li class=\"page_item page-item-6335\" style=\"text-align: center;\"><a title=\"Seguretat al laboratori\" href=\"https:\/\/agora.xtec.cat\/cesire_historic\/\/ambit-cientific-i-medi\/suport-professorat_cm\/seguretat-al-laboratori\/\">Seguretat al laboratori<\/a><\/li>\n<li class=\"page_item page-item-6349\" style=\"text-align: center;\"><a title=\"Comunicaci\u00f3 cient\u00edfica\" href=\"https:\/\/agora.xtec.cat\/cesire_historic\/\/ambit-cientific-i-medi\/suport-professorat_cm\/comunicacio-cientifica\/\">Comunicaci\u00f3 cient\u00edfica<\/a><\/li>\n<li style=\"text-align: center;\"><a href=\"https:\/\/agora.xtec.cat\/cesire_historic\/\/?page_id=11249&amp;preview=true\" target=\"_blank\" rel=\"noopener noreferrer\">Actualitzaci\u00f3 cient\u00edfica<\/a><\/li>\n<\/ul>\n","protected":false},"excerpt":{"rendered":"<p>En aquest apartat trobareu informaci\u00f3 destinada especialment al professorat: documents normatius del Departament, seguretat al laboratori i lectures de ci\u00e8ncies i de did\u00e0ctica de les ci\u00e8ncies.<\/p>\n<ul class=\"side-nav\">\n<li class=\"page_item page-item-6331\" style=\"text-align: center;\"><a title=\"Documents normatius del Departament\" href=\"https:\/\/agora.xtec.cat\/cesire_historic\/\/ambit-cientific-i-medi\/suport-professorat_cm\/documents-normatius-del-departament\/\">Documents normatius del Departament<\/a><\/li>\n<li class=\"page_item page-item-6333\" style=\"text-align: center;\"><a title=\"Aula de&hellip;  <a href=\"https:\/\/agora.xtec.cat\/cesire_historic\/ambit-cientific-i-medi\/suport-professorat_cm\/\" title=\"Read Suport professorat\">Llegeix m\u00e9s\u00bb<\/a><br \/>\n","protected":false},"author":1,"featured_media":0,"parent":4592,"menu_order":2,"comment_status":"closed","ping_status":"closed","template":"page-templates\/side-menu.php","meta":{"_bbp_topic_count":0,"_bbp_reply_count":0,"_bbp_total_topic_count":0,"_bbp_total_reply_count":0,"_bbp_voice_count":0,"_bbp_anonymous_reply_count":0,"_bbp_topic_count_hidden":0,"_bbp_reply_count_hidden":0,"_bbp_forum_subforum_count":0,"footnotes":""},"class_list":["post-4600","page","type-page","status-publish","hentry"],"post_mailing_queue_ids":[],"_links":{"self":[{"href":"https:\/\/agora.xtec.cat\/cesire_historic\/wp-json\/wp\/v2\/pages\/4600","targetHints":{"allow":["GET"]}}],"collection":[{"href":"https:\/\/agora.xtec.cat\/cesire_historic\/wp-json\/wp\/v2\/pages"}],"about":[{"href":"https:\/\/agora.xtec.cat\/cesire_historic\/wp-json\/wp\/v2\/types\/page"}],"author":[{"embeddable":true,"href":"https:\/\/agora.xtec.cat\/cesire_historic\/wp-json\/wp\/v2\/users\/1"}],"replies":[{"embeddable":true,"href":"https:\/\/agora.xtec.cat\/cesire_historic\/wp-json\/wp\/v2\/comments?post=4600"}],"version-history":[{"count":3,"href":"https:\/\/agora.xtec.cat\/cesire_historic\/wp-json\/wp\/v2\/pages\/4600\/revisions"}],"predecessor-version":[{"id":11253,"href":"https:\/\/agora.xtec.cat\/cesire_historic\/wp-json\/wp\/v2\/pages\/4600\/revisions\/11253"}],"up":[{"embeddable":true,"href":"https:\/\/agora.xtec.cat\/cesire_historic\/wp-json\/wp\/v2\/pages\/4592"}],"wp:attachment":[{"href":"https:\/\/agora.xtec.cat\/cesire_historic\/wp-json\/wp\/v2\/media?parent=4600"}],"curies":[{"name":"wp","href":"https:\/\/api.w.org\/{rel}","templated":true}]}}