{"id":4589,"date":"2019-02-04T16:40:04","date_gmt":"2019-02-04T15:40:04","guid":{"rendered":"http:\/\/agora.xtec.cat\/cesire_historic\/\/?page_id=4589"},"modified":"2021-01-24T19:00:46","modified_gmt":"2021-01-24T18:00:46","slug":"dinamitzacio-de-lalumnat__ll","status":"publish","type":"page","link":"https:\/\/agora.xtec.cat\/cesire_historic\/ambit-linguistic\/dinamitzacio-de-lalumnat__ll\/","title":{"rendered":"Dinamitzaci\u00f3 de l&#8217;alumnat"},"content":{"rendered":"<p>Al llarg del curs, a Catalunya, es realitzen diverses activitats relacionades amb la llengua i la literatura adre\u00e7ades a l\u2019alumnat de prim\u00e0ria i secund\u00e0ria: concursos, tallers, xerrades, cursos, premis a treballs de recerca, exposicions temporals.<\/p>\n<p>Us n&#8217;oferim un recull, que ens pot donar idees per dinamitzar les nostres classes des de l&#8217;\u00e0mbit ling\u00fc\u00edstic i literari.<\/p>\n<p style=\"text-align: center;\"><img loading=\"lazy\" decoding=\"async\" class=\"aligncenter wp-image-5606\" src=\"https:\/\/agora.xtec.cat\/cesire_historic\/\/wp-content\/uploads\/usu397\/2019\/05\/adolescents-300x200.jpg\" alt=\"\" width=\"259\" height=\"172\" srcset=\"https:\/\/agora.xtec.cat\/cesire_historic\/wp-content\/uploads\/usu397\/2019\/05\/adolescents-300x200.jpg 300w, https:\/\/agora.xtec.cat\/cesire_historic\/wp-content\/uploads\/usu397\/2019\/05\/adolescents-768x511.jpg 768w, https:\/\/agora.xtec.cat\/cesire_historic\/wp-content\/uploads\/usu397\/2019\/05\/adolescents-1024x681.jpg 1024w\" sizes=\"auto, (max-width: 259px) 100vw, 259px\" \/><\/p>\n<p><a href=\"https:\/\/agora.xtec.cat\/cesire_historic\/\/ambit-linguistic\/dinamitzacio-de-lalumnat__ll\/contes-a-lesprint\/#Contes_a_l8217esprint\" target=\"_blank\" rel=\"noopener noreferrer\">Concursos CESIRE<\/a><\/p>\n<p><a href=\"https:\/\/agora.xtec.cat\/cesire_historic\/\/ambit-linguistic\/dinamitzacio-de-lalumnat__ll\/concurs-contes-a-lesprint\/\" target=\"_blank\" rel=\"noopener noreferrer\">Concursos externs<\/a><\/p>\n<h4><\/h4>\n","protected":false},"excerpt":{"rendered":"<p>Al llarg del curs, a Catalunya, es realitzen diverses activitats relacionades amb la llengua i la literatura adre\u00e7ades a l\u2019alumnat de prim\u00e0ria i secund\u00e0ria: concursos, tallers, xerrades, cursos, premis a treballs de recerca, exposicions temporals.<br \/>\nUs n&#8217;oferim un recull, que ens pot donar idees per dinamitzar&hellip;  <a href=\"https:\/\/agora.xtec.cat\/cesire_historic\/ambit-linguistic\/dinamitzacio-de-lalumnat__ll\/\" title=\"Read Dinamitzaci\u00f3 de l&#8217;alumnat\">Llegeix m\u00e9s\u00bb<\/a><\/p>\n","protected":false},"author":1,"featured_media":0,"parent":4576,"menu_order":5,"comment_status":"closed","ping_status":"closed","template":"page-templates\/side-menu.php","meta":{"_bbp_topic_count":0,"_bbp_reply_count":0,"_bbp_total_topic_count":0,"_bbp_total_reply_count":0,"_bbp_voice_count":0,"_bbp_anonymous_reply_count":0,"_bbp_topic_count_hidden":0,"_bbp_reply_count_hidden":0,"_bbp_forum_subforum_count":0,"footnotes":""},"class_list":["post-4589","page","type-page","status-publish","hentry"],"post_mailing_queue_ids":[],"_links":{"self":[{"href":"https:\/\/agora.xtec.cat\/cesire_historic\/wp-json\/wp\/v2\/pages\/4589","targetHints":{"allow":["GET"]}}],"collection":[{"href":"https:\/\/agora.xtec.cat\/cesire_historic\/wp-json\/wp\/v2\/pages"}],"about":[{"href":"https:\/\/agora.xtec.cat\/cesire_historic\/wp-json\/wp\/v2\/types\/page"}],"author":[{"embeddable":true,"href":"https:\/\/agora.xtec.cat\/cesire_historic\/wp-json\/wp\/v2\/users\/1"}],"replies":[{"embeddable":true,"href":"https:\/\/agora.xtec.cat\/cesire_historic\/wp-json\/wp\/v2\/comments?post=4589"}],"version-history":[{"count":4,"href":"https:\/\/agora.xtec.cat\/cesire_historic\/wp-json\/wp\/v2\/pages\/4589\/revisions"}],"predecessor-version":[{"id":10627,"href":"https:\/\/agora.xtec.cat\/cesire_historic\/wp-json\/wp\/v2\/pages\/4589\/revisions\/10627"}],"up":[{"embeddable":true,"href":"https:\/\/agora.xtec.cat\/cesire_historic\/wp-json\/wp\/v2\/pages\/4576"}],"wp:attachment":[{"href":"https:\/\/agora.xtec.cat\/cesire_historic\/wp-json\/wp\/v2\/media?parent=4589"}],"curies":[{"name":"wp","href":"https:\/\/api.w.org\/{rel}","templated":true}]}}