{"id":4585,"date":"2019-02-04T16:40:04","date_gmt":"2019-02-04T15:40:04","guid":{"rendered":"http:\/\/agora.xtec.cat\/cesire_historic\/\/?page_id=4585"},"modified":"2020-04-01T11:55:19","modified_gmt":"2020-04-01T09:55:19","slug":"suport-professorat_ll","status":"publish","type":"page","link":"https:\/\/agora.xtec.cat\/cesire_historic\/ambit-linguistic\/suport-professorat_ll\/","title":{"rendered":"Suport professorat"},"content":{"rendered":"<p>En aquesta secci\u00f3 es recullen documents externs i d\u2019elaboraci\u00f3 pr\u00f2pia, enlla\u00e7os\u2026 que poden ser d\u2019utilitat al professorat en el plantejament i desenvolupament de les seves classes de llengua i literatura.\u00a0 N&#8217;hi trobareu de car\u00e0cter general o documentaci\u00f3 m\u00e9s espec\u00edfica.<\/p>\n<p style=\"text-align: center;\"><img loading=\"lazy\" decoding=\"async\" class=\"aligncenter wp-image-5609\" src=\"https:\/\/agora.xtec.cat\/cesire_historic\/\/wp-content\/uploads\/usu397\/2019\/05\/team-300x225.jpg\" alt=\"\" width=\"211\" height=\"158\" srcset=\"https:\/\/agora.xtec.cat\/cesire_historic\/wp-content\/uploads\/usu397\/2019\/05\/team-300x225.jpg 300w, https:\/\/agora.xtec.cat\/cesire_historic\/wp-content\/uploads\/usu397\/2019\/05\/team-768x576.jpg 768w, https:\/\/agora.xtec.cat\/cesire_historic\/wp-content\/uploads\/usu397\/2019\/05\/team-1024x768.jpg 1024w, https:\/\/agora.xtec.cat\/cesire_historic\/wp-content\/uploads\/usu397\/2019\/05\/team-200x150.jpg 200w\" sizes=\"auto, (max-width: 211px) 100vw, 211px\" \/><\/p>\n<ul class=\"side-nav\">\n<li class=\"page_item page-item-5477\" style=\"text-align: center;\"><a title=\"Comunicaci\u00f3 oral\" href=\"https:\/\/agora.xtec.cat\/cesire_historic\/\/ambit-linguistic\/suport-professorat_ll\/comunicacio-oral\/\">Comunicaci\u00f3 oral<\/a><\/li>\n<li class=\"page_item page-item-5480\" style=\"text-align: center;\"><a title=\"Comprensi\u00f3 lectora\" href=\"https:\/\/agora.xtec.cat\/cesire_historic\/\/ambit-linguistic\/suport-professorat_ll\/comprensio-lectora\/\">Comprensi\u00f3 lectora<\/a><\/li>\n<li class=\"page_item page-item-5484\" style=\"text-align: center;\"><a title=\"Expressi\u00f3 escrita\" href=\"https:\/\/agora.xtec.cat\/cesire_historic\/\/ambit-linguistic\/suport-professorat_ll\/expressio-escrita\/\">Expressi\u00f3 escrita<\/a><\/li>\n<li class=\"page_item page-item-5486\" style=\"text-align: center;\"><a title=\"Literatura\" href=\"https:\/\/agora.xtec.cat\/cesire_historic\/\/ambit-linguistic\/suport-professorat_ll\/literatura\/\">Literatura<\/a><\/li>\n<li style=\"text-align: center;\"><a href=\"https:\/\/agora.xtec.cat\/cesire_historic\/\/ambit-linguistic\/suport-professorat_ll\/aicle-clil-emile\/\">AICLE (CLIL-EMILE)<\/a><\/li>\n<li style=\"text-align: center;\"><a title=\"Pluriling\u00fcisme i interculturalitat\" href=\"https:\/\/agora.xtec.cat\/cesire_historic\/\/ambit-linguistic\/suport-professorat_ll\/plurilinguisme-i-interculturalitat\/\">Pluriling\u00fcisme i interculturalitat<\/a><\/li>\n<\/ul>\n","protected":false},"excerpt":{"rendered":"<p>En aquesta secci\u00f3 es recullen documents externs i d\u2019elaboraci\u00f3 pr\u00f2pia, enlla\u00e7os\u2026 que poden ser d\u2019utilitat al professorat en el plantejament i desenvolupament de les seves classes de llengua i literatura.\u00a0 N&#8217;hi trobareu de car\u00e0cter general o documentaci\u00f3 m\u00e9s espec\u00edfica.<\/p>\n<ul class=\"side-nav\">\n<li class=\"page_item page-item-5477\" style=\"text-align: center;\"><a title=\"Comunicaci\u00f3&hellip;  <a href=\"https:\/\/agora.xtec.cat\/cesire_historic\/ambit-linguistic\/suport-professorat_ll\/\" title=\"Read Suport professorat\">Llegeix m\u00e9s\u00bb<\/a><br \/>\n","protected":false},"author":1,"featured_media":0,"parent":4576,"menu_order":2,"comment_status":"closed","ping_status":"closed","template":"page-templates\/side-menu.php","meta":{"_bbp_topic_count":0,"_bbp_reply_count":0,"_bbp_total_topic_count":0,"_bbp_total_reply_count":0,"_bbp_voice_count":0,"_bbp_anonymous_reply_count":0,"_bbp_topic_count_hidden":0,"_bbp_reply_count_hidden":0,"_bbp_forum_subforum_count":0,"footnotes":""},"class_list":["post-4585","page","type-page","status-publish","hentry"],"post_mailing_queue_ids":[],"_links":{"self":[{"href":"https:\/\/agora.xtec.cat\/cesire_historic\/wp-json\/wp\/v2\/pages\/4585","targetHints":{"allow":["GET"]}}],"collection":[{"href":"https:\/\/agora.xtec.cat\/cesire_historic\/wp-json\/wp\/v2\/pages"}],"about":[{"href":"https:\/\/agora.xtec.cat\/cesire_historic\/wp-json\/wp\/v2\/types\/page"}],"author":[{"embeddable":true,"href":"https:\/\/agora.xtec.cat\/cesire_historic\/wp-json\/wp\/v2\/users\/1"}],"replies":[{"embeddable":true,"href":"https:\/\/agora.xtec.cat\/cesire_historic\/wp-json\/wp\/v2\/comments?post=4585"}],"version-history":[{"count":4,"href":"https:\/\/agora.xtec.cat\/cesire_historic\/wp-json\/wp\/v2\/pages\/4585\/revisions"}],"predecessor-version":[{"id":8990,"href":"https:\/\/agora.xtec.cat\/cesire_historic\/wp-json\/wp\/v2\/pages\/4585\/revisions\/8990"}],"up":[{"embeddable":true,"href":"https:\/\/agora.xtec.cat\/cesire_historic\/wp-json\/wp\/v2\/pages\/4576"}],"wp:attachment":[{"href":"https:\/\/agora.xtec.cat\/cesire_historic\/wp-json\/wp\/v2\/media?parent=4585"}],"curies":[{"name":"wp","href":"https:\/\/api.w.org\/{rel}","templated":true}]}}