{"id":4583,"date":"2019-02-04T16:40:04","date_gmt":"2019-02-04T15:40:04","guid":{"rendered":"http:\/\/agora.xtec.cat\/cesire_historic\/\/?page_id=4583"},"modified":"2019-09-17T08:32:40","modified_gmt":"2019-09-17T06:32:40","slug":"recursos-per-a-laula_ll","status":"publish","type":"page","link":"https:\/\/agora.xtec.cat\/cesire_historic\/ambit-linguistic\/recursos-per-a-laula_ll\/","title":{"rendered":"Recursos per a l&#8217;aula"},"content":{"rendered":"<p>La majoria de recursos per a l\u2019aula de l\u2019\u00e0mbit ling\u00fc\u00edstic estan recollits a l\u2019ARC o als diferents sites. En aquesta secci\u00f3 tamb\u00e9\u00a0 \u00a0 incorporem altres recursos d\u2019\u00fatilitat com v\u00eddeos, applets, destacats, etc.<\/p>\n<table class=\" aligncenter\" style=\"border-style: hidden; border-color: #ffffff; width: 870px;\">\n<tbody>\n<tr>\n<td style=\"border-style: hidden; width: 148px;\">\n<ul class=\"side-nav\" style=\"font-size: 16px; font-family: 'Helvetica Neue', Helvetica, Helvetica, Arial, sans-serif;\">\n<li class=\"page_item page-item-5882\"><img loading=\"lazy\" decoding=\"async\" class=\"wp-image-5544 aligncenter\" style=\"font-family: inherit; font-size: 1em;\" src=\"https:\/\/agora.xtec.cat\/cesire_historic\/\/wp-content\/uploads\/usu397\/2019\/05\/parlar-300x225.jpg\" alt=\"\" width=\"124\" height=\"93\" srcset=\"https:\/\/agora.xtec.cat\/cesire_historic\/wp-content\/uploads\/usu397\/2019\/05\/parlar-300x225.jpg 300w, https:\/\/agora.xtec.cat\/cesire_historic\/wp-content\/uploads\/usu397\/2019\/05\/parlar-768x576.jpg 768w, https:\/\/agora.xtec.cat\/cesire_historic\/wp-content\/uploads\/usu397\/2019\/05\/parlar-1024x768.jpg 1024w, https:\/\/agora.xtec.cat\/cesire_historic\/wp-content\/uploads\/usu397\/2019\/05\/parlar-200x150.jpg 200w\" sizes=\"auto, (max-width: 124px) 100vw, 124px\" \/><\/li>\n<\/ul>\n<\/td>\n<td style=\"border-style: hidden; width: 163px;\"><img loading=\"lazy\" decoding=\"async\" class=\"wp-image-5554 aligncenter\" src=\"https:\/\/agora.xtec.cat\/cesire_historic\/\/wp-content\/uploads\/usu397\/2019\/05\/lectura-300x195.jpg\" alt=\"\" width=\"143\" height=\"93\" srcset=\"https:\/\/agora.xtec.cat\/cesire_historic\/wp-content\/uploads\/usu397\/2019\/05\/lectura-300x195.jpg 300w, https:\/\/agora.xtec.cat\/cesire_historic\/wp-content\/uploads\/usu397\/2019\/05\/lectura-768x499.jpg 768w, https:\/\/agora.xtec.cat\/cesire_historic\/wp-content\/uploads\/usu397\/2019\/05\/lectura-1024x666.jpg 1024w\" sizes=\"auto, (max-width: 143px) 100vw, 143px\" \/><\/td>\n<td style=\"border-style: hidden; width: 186px;\"><img loading=\"lazy\" decoding=\"async\" class=\"wp-image-5551 aligncenter\" src=\"https:\/\/agora.xtec.cat\/cesire_historic\/\/wp-content\/uploads\/usu397\/2019\/05\/escribir-300x199.jpg\" alt=\"\" width=\"148\" height=\"98\" srcset=\"https:\/\/agora.xtec.cat\/cesire_historic\/wp-content\/uploads\/usu397\/2019\/05\/escribir-300x199.jpg 300w, https:\/\/agora.xtec.cat\/cesire_historic\/wp-content\/uploads\/usu397\/2019\/05\/escribir-768x510.jpg 768w, https:\/\/agora.xtec.cat\/cesire_historic\/wp-content\/uploads\/usu397\/2019\/05\/escribir-1024x680.jpg 1024w, https:\/\/agora.xtec.cat\/cesire_historic\/wp-content\/uploads\/usu397\/2019\/05\/escribir.jpg 2048w\" sizes=\"auto, (max-width: 148px) 100vw, 148px\" \/><\/td>\n<td style=\"border-style: hidden; width: 162px;\"><img loading=\"lazy\" decoding=\"async\" class=\"wp-image-5558 aligncenter\" src=\"https:\/\/agora.xtec.cat\/cesire_historic\/\/wp-content\/uploads\/usu397\/2019\/05\/lecturablancinegre-300x200.jpg\" alt=\"\" width=\"147\" height=\"98\" srcset=\"https:\/\/agora.xtec.cat\/cesire_historic\/wp-content\/uploads\/usu397\/2019\/05\/lecturablancinegre-300x200.jpg 300w, https:\/\/agora.xtec.cat\/cesire_historic\/wp-content\/uploads\/usu397\/2019\/05\/lecturablancinegre-768x512.jpg 768w, https:\/\/agora.xtec.cat\/cesire_historic\/wp-content\/uploads\/usu397\/2019\/05\/lecturablancinegre-1024x682.jpg 1024w\" sizes=\"auto, (max-width: 147px) 100vw, 147px\" \/><\/td>\n<td style=\"border-style: hidden; width: 199px;\"><img loading=\"lazy\" decoding=\"async\" class=\"wp-image-5556 aligncenter\" src=\"https:\/\/agora.xtec.cat\/cesire_historic\/\/wp-content\/uploads\/usu397\/2019\/05\/multilingue-300x213.jpg\" alt=\"\" width=\"137\" height=\"98\" srcset=\"https:\/\/agora.xtec.cat\/cesire_historic\/wp-content\/uploads\/usu397\/2019\/05\/multilingue-300x213.jpg 300w, https:\/\/agora.xtec.cat\/cesire_historic\/wp-content\/uploads\/usu397\/2019\/05\/multilingue-768x544.jpg 768w, https:\/\/agora.xtec.cat\/cesire_historic\/wp-content\/uploads\/usu397\/2019\/05\/multilingue-1024x725.jpg 1024w\" sizes=\"auto, (max-width: 137px) 100vw, 137px\" \/><\/td>\n<\/tr>\n<\/tbody>\n<\/table>\n<ul class=\"side-nav\">\n<li class=\"page_item page-item-5391\" style=\"text-align: center;\"><a title=\"Comunicaci\u00f3 oral\" href=\"https:\/\/agora.xtec.cat\/cesire_historic\/\/ambit-linguistic\/recursos-per-a-laula_ll\/comunicacio-oral\/\">Comunicaci\u00f3 oral<\/a><\/li>\n<li class=\"page_item page-item-5393\" style=\"text-align: center;\"><a title=\"Comprensi\u00f3 lectora\" href=\"https:\/\/agora.xtec.cat\/cesire_historic\/\/ambit-linguistic\/recursos-per-a-laula_ll\/comprensio-lectora\/\">Comprensi\u00f3 lectora<\/a><\/li>\n<li class=\"page_item page-item-5400\" style=\"text-align: center;\"><a title=\"Expressi\u00f3 escrita\" href=\"https:\/\/agora.xtec.cat\/cesire_historic\/\/ambit-linguistic\/recursos-per-a-laula_ll\/expressio-escrita\/\">Expressi\u00f3 escrita<\/a><\/li>\n<li class=\"page_item page-item-5403\" style=\"text-align: center;\"><a title=\"Literatura\" href=\"https:\/\/agora.xtec.cat\/cesire_historic\/\/ambit-linguistic\/recursos-per-a-laula_ll\/literatura\/\">Literatura<\/a><\/li>\n<li style=\"text-align: center;\"><a title=\"Pluriling\u00fcisme i interculturalitat\" href=\"https:\/\/agora.xtec.cat\/cesire_historic\/\/ambit-linguistic\/recursos-per-a-laula_ll\/plurilinguisme-i-interculturalitat\/\">Pluriling\u00fcisme i interculturalitat<\/a><\/li>\n<li style=\"text-align: center;\"><a title=\"AICLE\" href=\"https:\/\/agora.xtec.cat\/cesire_historic\/\/ambit-linguistic\/recursos-per-a-laula_ll\/aicle\/\">AICLE<\/a><\/li>\n<li style=\"text-align: center;\"><a href=\"https:\/\/padlet.com\/clopez17\/einesdigitals\" target=\"_blank\" rel=\"noopener noreferrer\">Eines digitals<\/a><\/li>\n<li class=\"page_item page-item-5407\" style=\"text-align: center;\"><a title=\"Destacats ARC\" href=\"https:\/\/agora.xtec.cat\/cesire_historic\/\/ambit-linguistic\/recursos-per-a-laula_ll\/destacats-arc\/\">Destacats ARC<\/a><\/li>\n<\/ul>\n","protected":false},"excerpt":{"rendered":"<p>La majoria de recursos per a l\u2019aula de l\u2019\u00e0mbit ling\u00fc\u00edstic estan recollits a l\u2019ARC o als diferents sites. En aquesta secci\u00f3 tamb\u00e9\u00a0 \u00a0 incorporem altres recursos d\u2019\u00fatilitat com v\u00eddeos, applets, destacats, etc.<\/p>\n<ul class=\"side-nav\" style=\"font-size: 16px; font-family: 'Helvetica Neue', Helvetica, Helvetica, Arial, sans-serif;\">\n<li class=\"page_item page-item-5882\"><\/li>\n<\/ul>\n<ul class=\"side-nav\">\n<li&hellip;  <a href=\"https:\/\/agora.xtec.cat\/cesire_historic\/ambit-linguistic\/recursos-per-a-laula_ll\/\" title=\"Read Recursos per a l&#8217;aula\">Llegeix m\u00e9s\u00bb<\/a><\/p>\n","protected":false},"author":1,"featured_media":0,"parent":4576,"menu_order":1,"comment_status":"closed","ping_status":"closed","template":"page-templates\/side-menu.php","meta":{"_bbp_topic_count":0,"_bbp_reply_count":0,"_bbp_total_topic_count":0,"_bbp_total_reply_count":0,"_bbp_voice_count":0,"_bbp_anonymous_reply_count":0,"_bbp_topic_count_hidden":0,"_bbp_reply_count_hidden":0,"_bbp_forum_subforum_count":0,"footnotes":""},"class_list":["post-4583","page","type-page","status-publish","hentry"],"post_mailing_queue_ids":[],"_links":{"self":[{"href":"https:\/\/agora.xtec.cat\/cesire_historic\/wp-json\/wp\/v2\/pages\/4583","targetHints":{"allow":["GET"]}}],"collection":[{"href":"https:\/\/agora.xtec.cat\/cesire_historic\/wp-json\/wp\/v2\/pages"}],"about":[{"href":"https:\/\/agora.xtec.cat\/cesire_historic\/wp-json\/wp\/v2\/types\/page"}],"author":[{"embeddable":true,"href":"https:\/\/agora.xtec.cat\/cesire_historic\/wp-json\/wp\/v2\/users\/1"}],"replies":[{"embeddable":true,"href":"https:\/\/agora.xtec.cat\/cesire_historic\/wp-json\/wp\/v2\/comments?post=4583"}],"version-history":[{"count":3,"href":"https:\/\/agora.xtec.cat\/cesire_historic\/wp-json\/wp\/v2\/pages\/4583\/revisions"}],"predecessor-version":[{"id":7352,"href":"https:\/\/agora.xtec.cat\/cesire_historic\/wp-json\/wp\/v2\/pages\/4583\/revisions\/7352"}],"up":[{"embeddable":true,"href":"https:\/\/agora.xtec.cat\/cesire_historic\/wp-json\/wp\/v2\/pages\/4576"}],"wp:attachment":[{"href":"https:\/\/agora.xtec.cat\/cesire_historic\/wp-json\/wp\/v2\/media?parent=4583"}],"curies":[{"name":"wp","href":"https:\/\/api.w.org\/{rel}","templated":true}]}}