{"id":4495,"date":"2019-01-29T17:24:38","date_gmt":"2019-01-29T16:24:38","guid":{"rendered":"http:\/\/agora.xtec.cat\/cesire_historic\/\/?page_id=4495"},"modified":"2019-01-29T17:32:52","modified_gmt":"2019-01-29T16:32:52","slug":"revistes-de-matematiques-i-didactica-de-les-matematiques","status":"publish","type":"page","link":"https:\/\/agora.xtec.cat\/cesire_historic\/ambit-matematic\/suport_professorat_mat\/revistes-de-matematiques-i-didactica-de-les-matematiques\/","title":{"rendered":"Revistes de matem\u00e0tiques i did\u00e0ctica de les matem\u00e0tiques"},"content":{"rendered":"<p>Us presentem un llistat de revistes dedicades a les matem\u00e0tiques\u00a0i al seu ensenyament que es poden consultar total o parcialment en l\u00ednia.<\/p>\n<p style=\"text-align: center;\"><img loading=\"lazy\" decoding=\"async\" class=\"aligncenter size-medium wp-image-4496\" src=\"https:\/\/agora.xtec.cat\/cesire_historic\/\/wp-content\/uploads\/usu397\/2019\/01\/revistes2-300x239.png\" alt=\"\" width=\"300\" height=\"239\" srcset=\"https:\/\/agora.xtec.cat\/cesire_historic\/wp-content\/uploads\/usu397\/2019\/01\/revistes2-300x239.png 300w, https:\/\/agora.xtec.cat\/cesire_historic\/wp-content\/uploads\/usu397\/2019\/01\/revistes2.png 400w\" sizes=\"auto, (max-width: 300px) 100vw, 300px\" \/><\/p>\n<hr \/>\n<h3><strong>Revistes de did\u00e0ctica\u00a0de les matem\u00e0tiques<\/strong><\/h3>\n<ul>\n<li><strong>NOU BIAIX<\/strong>. Publicaci\u00f3 conjunta de la\u00a0<a href=\"http:\/\/feemcat.org\/\" target=\"_blank\" rel=\"noopener\">FEEMCAT<\/a>\u00a0(Federaci\u00f3 d&#8217;Entitats per a l&#8217;Ensenyament\u00a0de les Matem\u00e0tiques a Catalunya) i la\u00a0<a href=\"http:\/\/blogs.iec.cat\/scm\/\" target=\"_blank\" rel=\"noopener\">SCM<\/a>\u00a0(Societat Catalana de Matem\u00e0tiques). Es publiquen un parell de n\u00fameros\u00a0a l&#8217;any. Es rep de forma gratu\u00efta\u00a0sent soci o s\u00f2cia de qualsevol de les\u00a0associacions de\u00a0<strong>FEEMCAT<\/strong><a href=\"http:\/\/ademgi.feemcat.org\/\" target=\"_blank\" rel=\"noopener\">(ADEMGI,<\/a>\u00a0Ass. de Professors de Matem\u00e0tiques de les Comarques Meridionals,\u00a0<a href=\"https:\/\/sites.google.com\/a\/xtec.cat\/apamms\/home\" target=\"_blank\" rel=\"noopener\">APaMMs<\/a>,\u00a0<a href=\"http:\/\/abeam.feemcat.org\/\" target=\"_blank\" rel=\"noopener\">ABEAM<\/a>). Es poden consultar\u00a0en l\u00ednia\u00a0tots els articles anteriors a l&#8217;any en curs. (<a href=\"https:\/\/sites.google.com\/site\/noubiaix\/\" target=\"_blank\" rel=\"noopener\">Web de la revista<\/a>)<\/li>\n<\/ul>\n<p style=\"text-align: center;\"><img loading=\"lazy\" decoding=\"async\" class=\"aligncenter size-medium wp-image-4504\" src=\"https:\/\/agora.xtec.cat\/cesire_historic\/\/wp-content\/uploads\/usu397\/2019\/01\/customLogo-1-300x72.gif\" alt=\"\" width=\"300\" height=\"72\" \/><\/p>\n<ul>\n<li><strong>SUMA.\u00a0<\/strong>Publicaci\u00f3 de la\u00a0<a href=\"http:\/\/www.fespm.es\/\" target=\"_blank\" rel=\"noopener\">FESPM<\/a>\u00a0(Federaci\u00f3n Espa\u00f1ola de Sociedades de Profesores de Matem\u00e0tiques). Es publiquen tres n\u00fameros a l&#8217;any. Es rep de forma gratu\u00efta sent soci o s\u00f2cia de qualsevol de les associacions de la FESPM, entre les que est\u00e0 FEEMCAT (<a href=\"http:\/\/ademgi.feemcat.org\/\" target=\"_blank\" rel=\"noopener\">ADEMGI<\/a>, Ass. de Professors de Matem\u00e0tiques de les Comarques Meridionals,\u00a0<a href=\"https:\/\/sites.google.com\/a\/xtec.cat\/apamms\/home\" target=\"_blank\" rel=\"noopener\">APaMMs<\/a>,\u00a0<a href=\"http:\/\/abeam.feemcat.org\/\" target=\"_blank\" rel=\"noopener\">ABEAM<\/a>). Es poden consultar en l\u00ednia tots els articles apareguts en els dos anys anteriors a l&#8217;any en curs<strong>.\u00a0<\/strong>(<a href=\"http:\/\/revistasuma.es\/\" target=\"_blank\" rel=\"noopener\">Web de la\u00a0revista<\/a>)<\/li>\n<\/ul>\n<p style=\"text-align: center;\"><img loading=\"lazy\" decoding=\"async\" class=\"aligncenter size-medium wp-image-4499\" src=\"https:\/\/agora.xtec.cat\/cesire_historic\/\/wp-content\/uploads\/usu397\/2019\/01\/siteon0-a3fc9-300x138.png\" alt=\"\" width=\"300\" height=\"138\" srcset=\"https:\/\/agora.xtec.cat\/cesire_historic\/wp-content\/uploads\/usu397\/2019\/01\/siteon0-a3fc9-300x138.png 300w, https:\/\/agora.xtec.cat\/cesire_historic\/wp-content\/uploads\/usu397\/2019\/01\/siteon0-a3fc9.png 704w\" sizes=\"auto, (max-width: 300px) 100vw, 300px\" \/><\/p>\n<ul>\n<li><strong>UNO<\/strong>. Editada\u00a0per\u00a0<a href=\"http:\/\/www.grao.com\/\" target=\"_blank\" rel=\"noopener\">GRA\u00d3<\/a>. Es publiquen tres\u00a0n\u00fameros a l&#8217;any i un article o dos de cada n\u00famero es pot consultar gratu\u00eftament. La subscripci\u00f3 anual\u00a0inclou, a m\u00e9s, un llibre de la Biblioteca\u00a0UNO i l&#8217;acc\u00e8s digital a tot el fons de la revista. (<a href=\"http:\/\/uno.grao.com\/\" target=\"_blank\" rel=\"noopener\">Web de la revista<\/a>)<\/li>\n<\/ul>\n<p style=\"text-align: center;\"><img loading=\"lazy\" decoding=\"async\" class=\"aligncenter size-medium wp-image-4513\" src=\"https:\/\/agora.xtec.cat\/cesire_historic\/\/wp-content\/uploads\/usu397\/2019\/01\/a38f7aaa861cd63e82f1018d61d25d33-210x300.jpg\" alt=\"\" width=\"210\" height=\"300\" srcset=\"https:\/\/agora.xtec.cat\/cesire_historic\/wp-content\/uploads\/usu397\/2019\/01\/a38f7aaa861cd63e82f1018d61d25d33-210x300.jpg 210w, https:\/\/agora.xtec.cat\/cesire_historic\/wp-content\/uploads\/usu397\/2019\/01\/a38f7aaa861cd63e82f1018d61d25d33.jpg 292w\" sizes=\"auto, (max-width: 210px) 100vw, 210px\" \/><\/p>\n<p><img decoding=\"async\" class=\"aligncenter\" src=\"http:\/\/uno.grao.com\/coberta\/numero\/revista\/h160\/UN065f.jpg\" alt=\"\" \/><\/p>\n<ul>\n<li><strong>UNI\u00d3N<\/strong>. Revista digital gratu\u00efta publicada per la\u00a0<a href=\"http:\/\/www.fisem.org\/www\/index.php\" target=\"_blank\" rel=\"noopener\">FISEM<\/a>\u00a0(Federaci\u00f3n Iberoamericana de Educaci\u00f3n Matem\u00e1tica). Es publiquen 4 n\u00fameros anuals. (<a href=\"http:\/\/www.fisem.org\/www\/union\/\" target=\"_blank\" rel=\"noopener\">Web de la revista<\/a>)<\/li>\n<\/ul>\n<p style=\"text-align: center;\"><img loading=\"lazy\" decoding=\"async\" class=\"aligncenter size-full wp-image-4500\" src=\"https:\/\/agora.xtec.cat\/cesire_historic\/\/wp-content\/uploads\/usu397\/2019\/01\/union.jpg\" alt=\"\" width=\"230\" height=\"71\" \/><\/p>\n<ul>\n<li><strong>N\u00daMEROS<\/strong>. Revista\u00a0digital gratu\u00efta editada por la\u00a0<a href=\"http:\/\/www.sinewton.org\/web\/\" target=\"_blank\" rel=\"noopener\">Sociedad Canaria &#8220;Isaac Newton&#8221; de Profesores de Matem\u00e1ticas<\/a>. Es treuen tres\u00a0n\u00fameros a l&#8217;any. (<a href=\"http:\/\/www.sinewton.org\/numeros\/index.php?option=com_content&amp;view=frontpage&amp;Itemid=55\" target=\"_blank\" rel=\"noopener\">Web de la revista<\/a>)<\/li>\n<\/ul>\n<p style=\"text-align: center;\"><img loading=\"lazy\" decoding=\"async\" class=\"aligncenter size-full wp-image-4511\" src=\"https:\/\/agora.xtec.cat\/cesire_historic\/\/wp-content\/uploads\/usu397\/2019\/01\/numeros.jpg\" alt=\"\" width=\"230\" height=\"60\" \/><\/p>\n<ul>\n<li><strong>EDMA 0-6 EDUCACI\u00d3N\u00a0MATEM\u00c1TICA\u00a0EN LA INFANCIA<\/strong>.\u00a0Revista electr\u00f2nica, semestral i gratu\u00efta de did\u00e0ctica de les matem\u00e0tiques per a Educaci\u00f3 Infantil i Prim\u00e0ria. Est\u00e0 editada pel Grup Complutense de Recerca en Did\u00e0ctica de les Matem\u00e0tiques. (<a href=\"http:\/\/www.edma0-6.es\/index.php\/edma0-6\/index\" target=\"_blank\" rel=\"noopener\">Web de la revista<\/a>).<\/li>\n<\/ul>\n<p style=\"text-align: center;\"><img loading=\"lazy\" decoding=\"async\" class=\"aligncenter wp-image-4514 size-thumbnail\" src=\"https:\/\/agora.xtec.cat\/cesire_historic\/\/wp-content\/uploads\/usu397\/2019\/01\/imagen-150x150.png\" alt=\"\" width=\"150\" height=\"150\" \/><\/p>\n<p><img decoding=\"async\" class=\"aligncenter\" src=\"http:\/\/www.edma0-6.es\/public\/journals\/2\/homeHeaderLogoImage_es_ES.jpg\" alt=\"\" \/><\/p>\n<ul>\n<li><strong>PNA<\/strong>. Revista\u00a0digital\u00a0d&#8217;investigaci\u00f3 en did\u00e0ctica de la matem\u00e0tica. \u00c9s una publicaci\u00f3 trimestral seriada del Grup de Recerca Did\u00e0ctica de la Matem\u00e0tica:\u00a0<a href=\"http:\/\/fqm193.ugr.es\/\" target=\"_blank\" rel=\"noopener\">Pensament Num\u00e8ric<\/a>\u00a0, del\u00a0<a href=\"http:\/\/www.juntadeandalucia.es\/servicios\/planes\/detalle\/13208.html\" target=\"_blank\" rel=\"noopener\">Pla Andal\u00fas d&#8217;Investigaci\u00f3, Desenvolupament i Innovaci\u00f3 (PAIDI)<\/a>. Es publiquen\u00a0quatre n\u00fameros\u00a0anuals. (<a href=\"http:\/\/www.pna.es\/\" target=\"_blank\" rel=\"noopener\">Web de la revista<\/a>)<\/li>\n<\/ul>\n<p style=\"text-align: center;\"><img loading=\"lazy\" decoding=\"async\" class=\"aligncenter size-medium wp-image-4507\" src=\"https:\/\/agora.xtec.cat\/cesire_historic\/\/wp-content\/uploads\/usu397\/2019\/01\/LogoPaginaWeb-300x118.jpeg\" alt=\"\" width=\"300\" height=\"118\" srcset=\"https:\/\/agora.xtec.cat\/cesire_historic\/wp-content\/uploads\/usu397\/2019\/01\/LogoPaginaWeb-300x118.jpeg 300w, https:\/\/agora.xtec.cat\/cesire_historic\/wp-content\/uploads\/usu397\/2019\/01\/LogoPaginaWeb.jpeg 559w\" sizes=\"auto, (max-width: 300px) 100vw, 300px\" \/><\/p>\n<ul>\n<li><strong>\u00c9PSILON<\/strong>. Revista de la\u00a0<a href=\"http:\/\/thales.cica.es\/\" target=\"_blank\" rel=\"noopener\">Sociedad Andaluza\u00a0de Educaci\u00f3n Matem\u00e1tica Thales<\/a>. Cal subscripci\u00f3. Al web de la revista hi ha un article lliure de cada n\u00famero. (<a href=\"http:\/\/thales.cica.es\/epsilon\/\" target=\"_blank\" rel=\"noopener\">Web de la revista<\/a>)<\/li>\n<\/ul>\n<p style=\"text-align: center;\"><img loading=\"lazy\" decoding=\"async\" class=\"aligncenter size-full wp-image-4506\" src=\"https:\/\/agora.xtec.cat\/cesire_historic\/\/wp-content\/uploads\/usu397\/2019\/01\/logo11.png\" alt=\"\" width=\"203\" height=\"84\" srcset=\"https:\/\/agora.xtec.cat\/cesire_historic\/wp-content\/uploads\/usu397\/2019\/01\/logo11.png 203w, https:\/\/agora.xtec.cat\/cesire_historic\/wp-content\/uploads\/usu397\/2019\/01\/logo11-200x84.png 200w\" sizes=\"auto, (max-width: 203px) 100vw, 203px\" \/><\/p>\n<ul>\n<li><strong>C\u00d2NICA<\/strong>. Butllet\u00ed\u00a0digital\u00a0anual de l&#8217;<a href=\"http:\/\/acgeogebra.cat\/\" target=\"_blank\" rel=\"noopener\">Associaci\u00f3<\/a><a href=\"http:\/\/acgeogebra.cat\/\" target=\"_blank\" rel=\"noopener\">\u00a0Catalana de Geogebra<\/a>. Es sol publicar un n\u00famero anual. (<a href=\"http:\/\/acgeogebra.cat\/#conica\" target=\"_blank\" rel=\"noopener\">Web de la revista<\/a>).<\/li>\n<\/ul>\n<p style=\"text-align: center;\"><img loading=\"lazy\" decoding=\"async\" class=\"aligncenter size-full wp-image-4502\" src=\"https:\/\/agora.xtec.cat\/cesire_historic\/\/wp-content\/uploads\/usu397\/2019\/01\/conica3.png\" alt=\"\" width=\"111\" height=\"156\" \/><\/p>\n<ul>\n<li><strong>AVANCES DE\u00a0INVESTIGACI\u00d3N\u00a0EN\u00a0EDUCACI\u00d3N MATEM\u00c1TICA<\/strong>.\u00a0Publicaci\u00f3 Oficial de la\u00a0<a href=\"http:\/\/www.seiem.es\/\" target=\"_blank\" rel=\"noopener\">Sociedad Espa\u00f1ola de Investigaci\u00f3n en Educaci\u00f3n Matem\u00e1tica<\/a>. Podem consultar en format digital tots els n\u00fameros publicats (dos per any). (<a href=\"http:\/\/www.aiem.es\/index.php\/aiem\/index\" target=\"_blank\" rel=\"noopener\">Web de la revista<\/a>)<\/li>\n<\/ul>\n<p style=\"text-align: center;\"><img loading=\"lazy\" decoding=\"async\" class=\"aligncenter size-medium wp-image-4505\" src=\"https:\/\/agora.xtec.cat\/cesire_historic\/\/wp-content\/uploads\/usu397\/2019\/01\/homepageImage_es_ES-300x215.jpg\" alt=\"\" width=\"300\" height=\"215\" srcset=\"https:\/\/agora.xtec.cat\/cesire_historic\/wp-content\/uploads\/usu397\/2019\/01\/homepageImage_es_ES-300x215.jpg 300w, https:\/\/agora.xtec.cat\/cesire_historic\/wp-content\/uploads\/usu397\/2019\/01\/homepageImage_es_ES-768x551.jpg 768w, https:\/\/agora.xtec.cat\/cesire_historic\/wp-content\/uploads\/usu397\/2019\/01\/homepageImage_es_ES.jpg 960w\" sizes=\"auto, (max-width: 300px) 100vw, 300px\" \/><\/p>\n<ul>\n<li><strong>REDIMAT<\/strong>.\u00a0Revista de Investigaci\u00f3n en Educaci\u00f3n Matem\u00e1tica \u00e9s una revista electr\u00f2nica quatrimestral editada per l&#8217;<a href=\"http:\/\/hipatiapress.com\/es\/about\/\" target=\"_blank\" rel=\"noopener\">Editorial<\/a><a href=\"http:\/\/hipatiapress.com\/es\/about\/\" target=\"_blank\" rel=\"noopener\">\u00a0Hipatia<\/a>\u00a0que publica treballs emp\u00edrics i te\u00f2rics originals, basats en investigacions cient\u00edfiques, amb diversos enfocaments te\u00f2rics i metodol\u00f2gics. (<a href=\"http:\/\/www.hipatiapress.info\/hpjournals\/index.php\/redimat\/index\" target=\"_blank\" rel=\"noopener\">Web de la\u00a0<\/a><a href=\"http:\/\/www.hipatiapress.info\/hpjournals\/index.php\/redimat\/index\" target=\"_blank\" rel=\"noopener\">revista<\/a>)<\/li>\n<\/ul>\n<p style=\"text-align: center;\"><img loading=\"lazy\" decoding=\"async\" class=\"aligncenter size-full wp-image-4515\" src=\"https:\/\/agora.xtec.cat\/cesire_historic\/\/wp-content\/uploads\/usu397\/2019\/01\/portada_redimat_11_red-copia.jpg\" alt=\"\" width=\"200\" height=\"275\" \/><\/p>\n<p><img decoding=\"async\" class=\"aligncenter\" src=\"http:\/\/www.hipatiapress.info\/hpjournals\/public\/site\/images\/rtsg\/portada_redimat_11_red-copia.jpg\" alt=\"\" \/><\/p>\n<ul>\n<li><strong>SIGMA<\/strong>. Revista\u00a0editada pel\u00a0<a href=\"http:\/\/www.hezkuntza.ejgv.euskadi.net\/r43-hasiera\/es\" target=\"_blank\" rel=\"noopener\">Departament d&#8217;Educaci\u00f3 del Govern Basc<\/a>. Es va deixar de publicar a l&#8217;any 2010 per\u00f2 tenim disponibles les versions digitals de tots els n\u00fameros\u00a0des de setembre del 2001 (del 19 al 35) (<a href=\"http:\/\/www.hezkuntza.ejgv.euskadi.net\/r43-573\/es\/contenidos\/informacion\/dia6_sigma\/es_sigma\/sigma_aldizkaria.html\" target=\"_blank\" rel=\"noopener\">Web de la revista<\/a>)<\/li>\n<\/ul>\n<p style=\"text-align: center;\"><img loading=\"lazy\" decoding=\"async\" class=\"aligncenter size-medium wp-image-4510\" src=\"https:\/\/agora.xtec.cat\/cesire_historic\/\/wp-content\/uploads\/usu397\/2019\/01\/numero30-212x300.jpg\" alt=\"\" width=\"212\" height=\"300\" \/><\/p>\n<hr \/>\n<h3 style=\"text-align: left;\"><strong>Revistes\u00a0de\u00a0matem\u00e0tiques<\/strong><\/h3>\n<ul>\n<li>\u00a0<strong>SCM \/ NOT\u00cdCIES<\/strong>.\u00a0Revista que es publica dos cops l\u2019any i es distribueix gratu\u00eftament entre els socis. Es pot consultar tamb\u00e9 en format digital. (<a href=\"http:\/\/blogs.iec.cat\/scm\/publicacions\/scm-noticies\/\" target=\"_blank\" rel=\"noopener\">Web de la revista<\/a>)<\/li>\n<\/ul>\n<p style=\"text-align: center;\"><img loading=\"lazy\" decoding=\"async\" class=\"aligncenter size-full wp-image-4516\" src=\"https:\/\/agora.xtec.cat\/cesire_historic\/\/wp-content\/uploads\/usu397\/2019\/01\/scm_noticies-1.png\" alt=\"\" width=\"220\" height=\"296\" \/><\/p>\n<ul>\n<li><strong>BUTLLET\u00cd DE LA SCM<\/strong>. es publica un volum anual\u00a0dividit en dos n\u00fameros. Es pot consultar en versi\u00f3\u00a0digital. (<a href=\"http:\/\/blogs.iec.cat\/scm\/publicacions\/butlleti\/\" target=\"_blank\" rel=\"noopener\">Web del butllet\u00ed<\/a>)<\/li>\n<\/ul>\n<p style=\"text-align: center;\"><img loading=\"lazy\" decoding=\"async\" class=\"aligncenter size-medium wp-image-4503\" src=\"https:\/\/agora.xtec.cat\/cesire_historic\/\/wp-content\/uploads\/usu397\/2019\/01\/cover_issue_5114_ca_ES-216x300.jpg\" alt=\"\" width=\"216\" height=\"300\" srcset=\"https:\/\/agora.xtec.cat\/cesire_historic\/wp-content\/uploads\/usu397\/2019\/01\/cover_issue_5114_ca_ES-216x300.jpg 216w, https:\/\/agora.xtec.cat\/cesire_historic\/wp-content\/uploads\/usu397\/2019\/01\/cover_issue_5114_ca_ES.jpg 226w\" sizes=\"auto, (max-width: 216px) 100vw, 216px\" \/><\/p>\n<ul>\n<li><strong>LA GACETA DE LA RSME<\/strong>. Publicaci\u00f3\u00a0de la Real Sociedad\u00a0Matem\u00e1tica Espa\u00f1ola. Es poden consultar tots els n\u00fameros digitalment excepte els dos m\u00e9s recents. Se&#8217;n publiquen quatre n\u00fameros anuals. (<a href=\"http:\/\/www.rsme.es\/gacetadigital\/index.php\" target=\"_blank\" rel=\"noopener\">Web de la revista<\/a>)<\/li>\n<\/ul>\n<p style=\"text-align: center;\"><img loading=\"lazy\" decoding=\"async\" class=\"aligncenter size-medium wp-image-4497\" src=\"https:\/\/agora.xtec.cat\/cesire_historic\/\/wp-content\/uploads\/usu397\/2019\/01\/RSME-300x234.png\" alt=\"\" width=\"300\" height=\"234\" srcset=\"https:\/\/agora.xtec.cat\/cesire_historic\/wp-content\/uploads\/usu397\/2019\/01\/RSME-300x234.png 300w, https:\/\/agora.xtec.cat\/cesire_historic\/wp-content\/uploads\/usu397\/2019\/01\/RSME.png 343w\" sizes=\"auto, (max-width: 300px) 100vw, 300px\" \/><\/p>\n<ul>\n<li><strong>MATERIALS MATEM\u00c0TICS<\/strong>.\u00a0Revista electr\u00f2nica de divulgaci\u00f3 matem\u00e0tica editada pel Departament de Matem\u00e0tiques de la Universitat Aut\u00f2noma de Barcelona. Es publica un volum per any consultable en l\u00ednia. (<a href=\"http:\/\/mat.uab.cat\/matmat\/\" target=\"_blank\" rel=\"noopener\">Web de la revista<\/a>)<\/li>\n<\/ul>\n<p style=\"text-align: center;\"><img loading=\"lazy\" decoding=\"async\" class=\"aligncenter size-full wp-image-4509\" src=\"https:\/\/agora.xtec.cat\/cesire_historic\/\/wp-content\/uploads\/usu397\/2019\/01\/matmat1.png\" alt=\"\" width=\"172\" height=\"106\" \/><\/p>\n<ul>\n<li><strong>BUTLLET\u00cd DE LA\u00a0SEMA<\/strong>. Publicat per la\u00a0<a href=\"http:\/\/www.sema.org.es\/web\/index.php\" target=\"_blank\" rel=\"noopener\">Sociedad Espa\u00f1ola\u00a0de Matem\u00e0tica Aplicada<\/a>. Es poden descarregar tots els n\u00fameros\u00a0en format digital. (<a href=\"http:\/\/www.sema.org.es\/web\/index.php?option=com_content&amp;task=view&amp;id=564&amp;Itemid=83\" target=\"_blank\" rel=\"noopener\">Web del butllet\u00ed<\/a>)<\/li>\n<\/ul>\n<p style=\"text-align: center;\"><img loading=\"lazy\" decoding=\"async\" class=\"aligncenter size-medium wp-image-4517\" src=\"https:\/\/agora.xtec.cat\/cesire_historic\/\/wp-content\/uploads\/usu397\/2019\/01\/portafolio_sema-1-e1548778949890-300x101.gif\" alt=\"\" width=\"300\" height=\"101\" \/><\/p>\n<ul>\n<li><strong>REVISTA ESCOLAR DE LA OLIMPIADA IBEROAMERICANA DE MATEM\u00c1TICA<\/strong>. Revista digital per a \u00fas\u00a0d&#8217;alumnat i professorat d&#8217;educaci\u00f3 secund\u00e0ria (<a href=\"http:\/\/www.oei.es\/oim\/revistaoim\/\" target=\"_blank\" rel=\"noopener\">Web de la revista<\/a>)<\/li>\n<\/ul>\n<p style=\"text-align: center;\"><img loading=\"lazy\" decoding=\"async\" class=\"aligncenter size-medium wp-image-4501\" src=\"https:\/\/agora.xtec.cat\/cesire_historic\/\/wp-content\/uploads\/usu397\/2019\/01\/cabecera_revistaolimpiada-300x75.jpg\" alt=\"\" width=\"300\" height=\"75\" srcset=\"https:\/\/agora.xtec.cat\/cesire_historic\/wp-content\/uploads\/usu397\/2019\/01\/cabecera_revistaolimpiada-300x75.jpg 300w, https:\/\/agora.xtec.cat\/cesire_historic\/wp-content\/uploads\/usu397\/2019\/01\/cabecera_revistaolimpiada-768x192.jpg 768w, https:\/\/agora.xtec.cat\/cesire_historic\/wp-content\/uploads\/usu397\/2019\/01\/cabecera_revistaolimpiada.jpg 1000w\" sizes=\"auto, (max-width: 300px) 100vw, 300px\" \/><\/p>\n<ul>\n<li><strong>BEIO<\/strong>. Butllet\u00ed de la\u00a0<a href=\"http:\/\/www.seio.es\/\" target=\"_blank\" rel=\"noopener\">Sociedad de\u00a0Estad\u00edstica e Investigaci\u00f3n Operativa<\/a>\u00a0(SEIO). Revista\u00a0gratu\u00efta electr\u00f2nicament\u00a0de la que apareixen dos n\u00fameros per anys amb articles divulgatius\u00a0sobre estad\u00edstica e investigaci\u00f3n operativa. (<a href=\"http:\/\/www.seio.es\/BEIO\/\" target=\"_blank\" rel=\"noopener\">Web del butllet\u00ed<\/a>)<\/li>\n<\/ul>\n<p style=\"text-align: center;\"><img loading=\"lazy\" decoding=\"async\" class=\"aligncenter wp-image-4520 size-thumbnail\" src=\"https:\/\/agora.xtec.cat\/cesire_historic\/\/wp-content\/uploads\/usu397\/2019\/01\/Logo_SEIO1-150x150.png\" alt=\"\" width=\"150\" height=\"150\" \/><\/p>\n<p><img decoding=\"async\" class=\"aligncenter\" src=\"http:\/\/www.defensa.gob.es\/genaeio2014\/img\/SEIO.jpg\" alt=\"\" \/><\/p>\n<ul>\n<li><strong>MATEMATICALIA<\/strong>. Revista digital de divulgaci\u00f3 matem\u00e0tica\u00a0que es va publicar entre els anys 2005 i 2011. Es van publicar entre 4 i 5 n\u00fameros anuals i tots es\u00a0poden consultar\u00a0en format digital. (<a href=\"http:\/\/www.matematicalia.net\/\" target=\"_blank\" rel=\"noopener\">Web de la revista<\/a>)<\/li>\n<\/ul>\n<p style=\"text-align: center;\"><img loading=\"lazy\" decoding=\"async\" class=\"aligncenter size-medium wp-image-4508\" src=\"https:\/\/agora.xtec.cat\/cesire_historic\/\/wp-content\/uploads\/usu397\/2019\/01\/matematicalia-300x71.jpg\" alt=\"\" width=\"300\" height=\"71\" srcset=\"https:\/\/agora.xtec.cat\/cesire_historic\/wp-content\/uploads\/usu397\/2019\/01\/matematicalia-300x71.jpg 300w, https:\/\/agora.xtec.cat\/cesire_historic\/wp-content\/uploads\/usu397\/2019\/01\/matematicalia.jpg 480w\" sizes=\"auto, (max-width: 300px) 100vw, 300px\" \/><\/p>\n","protected":false},"excerpt":{"rendered":"<p>Us presentem un llistat de revistes dedicades a les matem\u00e0tiques\u00a0i al seu ensenyament que es poden consultar total o parcialment en l\u00ednia.<\/p>\n<p>Revistes de did\u00e0ctica\u00a0de les matem\u00e0tiques<\/p>\n<ul>\n<li>NOU BIAIX. Publicaci\u00f3 conjunta de la\u00a0<a href=\"http:\/\/feemcat.org\/\" target=\"_blank\" rel=\"noopener\">FEEMCAT<\/a>\u00a0(Federaci\u00f3 d&#8217;Entitats per a l&#8217;Ensenyament\u00a0de les Matem\u00e0tiques a Catalunya) i la\u00a0<a href=\"http:\/\/blogs.iec.cat\/scm\/\"&hellip;  <a href=\"https:\/\/agora.xtec.cat\/cesire_historic\/ambit-matematic\/suport_professorat_mat\/revistes-de-matematiques-i-didactica-de-les-matematiques\/\" title=\"Read Revistes de matem\u00e0tiques i did\u00e0ctica de les matem\u00e0tiques\">Llegeix m\u00e9s\u00bb<\/a><br \/>\n","protected":false},"author":1,"featured_media":0,"parent":4287,"menu_order":5,"comment_status":"closed","ping_status":"closed","template":"page-templates\/side-menu.php","meta":{"_bbp_topic_count":0,"_bbp_reply_count":0,"_bbp_total_topic_count":0,"_bbp_total_reply_count":0,"_bbp_voice_count":0,"_bbp_anonymous_reply_count":0,"_bbp_topic_count_hidden":0,"_bbp_reply_count_hidden":0,"_bbp_forum_subforum_count":0,"footnotes":""},"class_list":["post-4495","page","type-page","status-publish","hentry"],"post_mailing_queue_ids":[],"_links":{"self":[{"href":"https:\/\/agora.xtec.cat\/cesire_historic\/wp-json\/wp\/v2\/pages\/4495","targetHints":{"allow":["GET"]}}],"collection":[{"href":"https:\/\/agora.xtec.cat\/cesire_historic\/wp-json\/wp\/v2\/pages"}],"about":[{"href":"https:\/\/agora.xtec.cat\/cesire_historic\/wp-json\/wp\/v2\/types\/page"}],"author":[{"embeddable":true,"href":"https:\/\/agora.xtec.cat\/cesire_historic\/wp-json\/wp\/v2\/users\/1"}],"replies":[{"embeddable":true,"href":"https:\/\/agora.xtec.cat\/cesire_historic\/wp-json\/wp\/v2\/comments?post=4495"}],"version-history":[{"count":3,"href":"https:\/\/agora.xtec.cat\/cesire_historic\/wp-json\/wp\/v2\/pages\/4495\/revisions"}],"predecessor-version":[{"id":4522,"href":"https:\/\/agora.xtec.cat\/cesire_historic\/wp-json\/wp\/v2\/pages\/4495\/revisions\/4522"}],"up":[{"embeddable":true,"href":"https:\/\/agora.xtec.cat\/cesire_historic\/wp-json\/wp\/v2\/pages\/4287"}],"wp:attachment":[{"href":"https:\/\/agora.xtec.cat\/cesire_historic\/wp-json\/wp\/v2\/media?parent=4495"}],"curies":[{"name":"wp","href":"https:\/\/api.w.org\/{rel}","templated":true}]}}