{"id":4490,"date":"2019-01-29T17:00:03","date_gmt":"2019-01-29T16:00:03","guid":{"rendered":"http:\/\/agora.xtec.cat\/cesire_historic\/\/?page_id=4490"},"modified":"2019-02-08T09:59:08","modified_gmt":"2019-02-08T08:59:08","slug":"campanyes","status":"publish","type":"page","link":"https:\/\/agora.xtec.cat\/cesire_historic\/ambit-matematic\/recursos_mat\/campanyes\/","title":{"rendered":"Campanyes"},"content":{"rendered":"<p>La majoria de recursos per a l&#8217;aula elaborats pel\u00a0CESIRE de l\u2019\u00e0mbit matem\u00e0tic estant recollits a l&#8217;<a href=\"http:\/\/apliense.xtec.cat\/arc\/user\/208\" target=\"_blank\" rel=\"noopener\">ARC<\/a> o en forma de <em>campanyes<\/em> i es presenten en un web separat d&#8217;aquest per\u00f2 tamb\u00e9 depenent\u00a0 del CESIRE. Hi trobareu les que es van realitzar en cursos anteriors (<a href=\"https:\/\/sites.google.com\/xtec.cat\/cesire-matematiques-campanyes\/inici\/geometria\" target=\"_blank\" rel=\"noopener\">Geometria<\/a>,\u00a0<a href=\"https:\/\/sites.google.com\/xtec.cat\/cesire-matematiques-campanyes\/inici\/estad%C3%ADstica\" target=\"_blank\" rel=\"noopener\">Estad\u00edstica<\/a>,\u00a0<a href=\"https:\/\/sites.google.com\/xtec.cat\/cesire-matematiques-campanyes\/inici\/investiguem\" target=\"_blank\" rel=\"noopener\">Investiguem<\/a>) i les que estan en curs.<\/p>\n<p>Tamb\u00e9 s&#8217;han incorporat a aquest web \u201cminicampanyes\u201d com els materials did\u00e0ctics d\u2019acompanyament a la s\u00e8rie de TVC\u00a0<a href=\"https:\/\/sites.google.com\/xtec.cat\/cesire-matematiques-campanyes\/inici\/%C3%A0lia\" target=\"_blank\" rel=\"noopener\">\u00c0lia<\/a>, les propostes d\u2019activitats relacionades amb\u00a0<a href=\"https:\/\/sites.google.com\/xtec.cat\/cesire-matematiques-campanyes\/inici\/efem%C3%A8rides-dies-i-anys-especials\" target=\"_blank\" rel=\"noopener\">dies especials o efem\u00e8rides<\/a>\u00a0i els v\u00eddeos de Matem\u00e0tiques en acci\u00f3. Entre les campanyes actuals continuarem la d\u2019<a href=\"https:\/\/sites.google.com\/xtec.cat\/cesire-matematiques-campanyes\/inici\/impressi%C3%B3-3d-i-matem%C3%A0tiques\" target=\"_blank\" rel=\"noopener\">Impressi\u00f3 3D i matem\u00e0tiques<\/a>\u00a0i iniciem dues de noves:\u00a0<a href=\"https:\/\/sites.google.com\/xtec.cat\/cesire-matematiques-campanyes\/inici\/v%C3%ADdeomat-plus\" target=\"_blank\" rel=\"noopener\">v\u00eddeoMAT Plus<\/a>\u00a0(que proposar\u00e0 activitats a partir dels v\u00eddeos presentats al v\u00eddeoMAT en edicions anteriors) i\u00a0<a href=\"https:\/\/sites.google.com\/xtec.cat\/cesire-matematiques-campanyes\/inici\/dimensi%C3%B3-web\" target=\"_blank\" rel=\"noopener\">\u201cDimensi\u00f3\u201d web<\/a>\u00a0(on es comenten webs d\u2019inter\u00e9s on trobar models d\u2019activitats i propostes per ajudar al desenvolupament de les compet\u00e8ncies matem\u00e0tiques de l\u2019alumnat).<\/p>\n<p><a href=\"https:\/\/agora.xtec.cat\/cesire_historic\/\/wp-content\/uploads\/usu397\/2018\/11\/arbre-pitagoric.png\"><img loading=\"lazy\" decoding=\"async\" class=\"wp-image-4178 size-full aligncenter\" title=\"Fractal pitag\u00f2ric\" src=\"https:\/\/agora.xtec.cat\/cesire_historic\/\/wp-content\/uploads\/usu397\/2018\/11\/arbre-pitagoric.png\" alt=\"Fractal pritag\u00f2ric\" width=\"209\" height=\"205\" \/><\/a><\/p>\n<ul>\n<li><a href=\"https:\/\/sites.google.com\/xtec.cat\/cesire-matematiques-campanyes\/inici\" target=\"_blank\" rel=\"noopener\">Web de les campanyes del CESIRE de l\u2019\u00e0mbit matem\u00e0tic<\/a><\/li>\n<\/ul>\n","protected":false},"excerpt":{"rendered":"<p>La majoria de recursos per a l&#8217;aula elaborats pel\u00a0CESIRE de l\u2019\u00e0mbit matem\u00e0tic estant recollits a l&#8217;<a href=\"http:\/\/apliense.xtec.cat\/arc\/user\/208\" target=\"_blank\" rel=\"noopener\">ARC<\/a> o en forma de campanyes i es presenten en un web separat d&#8217;aquest per\u00f2 tamb\u00e9 depenent\u00a0 del CESIRE. Hi trobareu les que es van realitzar en&hellip;  <a href=\"https:\/\/agora.xtec.cat\/cesire_historic\/ambit-matematic\/recursos_mat\/campanyes\/\" title=\"Read Campanyes\">Llegeix m\u00e9s\u00bb<\/a><\/p>\n","protected":false},"author":1,"featured_media":0,"parent":4283,"menu_order":0,"comment_status":"closed","ping_status":"closed","template":"page-templates\/side-menu.php","meta":{"_bbp_topic_count":0,"_bbp_reply_count":0,"_bbp_total_topic_count":0,"_bbp_total_reply_count":0,"_bbp_voice_count":0,"_bbp_anonymous_reply_count":0,"_bbp_topic_count_hidden":0,"_bbp_reply_count_hidden":0,"_bbp_forum_subforum_count":0,"footnotes":""},"class_list":["post-4490","page","type-page","status-publish","hentry"],"post_mailing_queue_ids":[],"_links":{"self":[{"href":"https:\/\/agora.xtec.cat\/cesire_historic\/wp-json\/wp\/v2\/pages\/4490","targetHints":{"allow":["GET"]}}],"collection":[{"href":"https:\/\/agora.xtec.cat\/cesire_historic\/wp-json\/wp\/v2\/pages"}],"about":[{"href":"https:\/\/agora.xtec.cat\/cesire_historic\/wp-json\/wp\/v2\/types\/page"}],"author":[{"embeddable":true,"href":"https:\/\/agora.xtec.cat\/cesire_historic\/wp-json\/wp\/v2\/users\/1"}],"replies":[{"embeddable":true,"href":"https:\/\/agora.xtec.cat\/cesire_historic\/wp-json\/wp\/v2\/comments?post=4490"}],"version-history":[{"count":1,"href":"https:\/\/agora.xtec.cat\/cesire_historic\/wp-json\/wp\/v2\/pages\/4490\/revisions"}],"predecessor-version":[{"id":4491,"href":"https:\/\/agora.xtec.cat\/cesire_historic\/wp-json\/wp\/v2\/pages\/4490\/revisions\/4491"}],"up":[{"embeddable":true,"href":"https:\/\/agora.xtec.cat\/cesire_historic\/wp-json\/wp\/v2\/pages\/4283"}],"wp:attachment":[{"href":"https:\/\/agora.xtec.cat\/cesire_historic\/wp-json\/wp\/v2\/media?parent=4490"}],"curies":[{"name":"wp","href":"https:\/\/api.w.org\/{rel}","templated":true}]}}