{"id":4487,"date":"2019-01-29T16:57:27","date_gmt":"2019-01-29T15:57:27","guid":{"rendered":"http:\/\/agora.xtec.cat\/cesire_historic\/\/?page_id=4487"},"modified":"2019-11-05T17:29:03","modified_gmt":"2019-11-05T16:29:03","slug":"innovacio-i-recerca_mat","status":"publish","type":"page","link":"https:\/\/agora.xtec.cat\/cesire_historic\/ambit-matematic\/innovacio-i-recerca_mat\/","title":{"rendered":"Innovaci\u00f3 i recerca"},"content":{"rendered":"<p style=\"text-align: center;\">Materials i enlla\u00e7os relacionats amb la innovaci\u00f3 i la recerca educativa en matem\u00e0tiques.<\/p>\n<p style=\"text-align: center;\"><img loading=\"lazy\" decoding=\"async\" class=\"aligncenter size-medium wp-image-4488\" src=\"https:\/\/agora.xtec.cat\/cesire_historic\/\/wp-content\/uploads\/usu397\/2019\/01\/innovacio-social-300x157.png\" alt=\"\" width=\"300\" height=\"157\" srcset=\"https:\/\/agora.xtec.cat\/cesire_historic\/wp-content\/uploads\/usu397\/2019\/01\/innovacio-social-300x157.png 300w, https:\/\/agora.xtec.cat\/cesire_historic\/wp-content\/uploads\/usu397\/2019\/01\/innovacio-social.png 740w\" sizes=\"auto, (max-width: 300px) 100vw, 300px\" \/><\/p>\n<p style=\"text-align: center;\"><a href=\"https:\/\/agora.xtec.cat\/cesire_historic\/\/ambit-matematic\/innovacio-i-recerca_mat\/llicencies-destudi_mat\/\">Llic\u00e8ncies d&#8217;estudi<\/a><\/p>\n<p style=\"text-align: center;\"><a title=\"Recerca: Activitats d\u2019aprenentatge i d\u2019avaluaci\u00f3 en la resoluci\u00f3 de problemes\" href=\"https:\/\/agora.xtec.cat\/cesire_historic\/\/ambit-matematic\/innovacio-i-recerca_mat\/recerca-activitats-daprenentatge-i-davaluacio-en-la-resolucio-de-problemes\/\">Recerca: Activitats d\u2019aprenentatge i d\u2019avaluaci\u00f3 en la resoluci\u00f3 de problemes<\/a><\/p>\n<p style=\"text-align: center;\"><a title=\"Recerca: Parlar de matem\u00e0tiques per aprendre\u2019n\" href=\"https:\/\/agora.xtec.cat\/cesire_historic\/\/ambit-matematic\/innovacio-i-recerca_mat\/recerca-parlar-de-matematiques-per-aprendren\/\">Recerca: Parlar de matem\u00e0tiques per aprendre\u2019n<\/a><\/p>\n","protected":false},"excerpt":{"rendered":"<p>Materials i enlla\u00e7os relacionats amb la innovaci\u00f3 i la recerca educativa en matem\u00e0tiques.<\/p>\n<p><a href=\"https:\/\/agora.xtec.cat\/cesire_historic\/\/ambit-matematic\/innovacio-i-recerca_mat\/llicencies-destudi_mat\/\">Llic\u00e8ncies d&#8217;estudi<\/a><br \/>\n<a title=\"Recerca: Activitats d\u2019aprenentatge i d\u2019avaluaci\u00f3 en la resoluci\u00f3 de problemes\" href=\"https:\/\/agora.xtec.cat\/cesire_historic\/\/ambit-matematic\/innovacio-i-recerca_mat\/recerca-activitats-daprenentatge-i-davaluacio-en-la-resolucio-de-problemes\/\">Recerca: Activitats d\u2019aprenentatge i d\u2019avaluaci\u00f3 en la resoluci\u00f3 de problemes<\/a><br \/>\n<a title=\"Recerca: Parlar de matem\u00e0tiques per aprendre\u2019n\" href=\"https:\/\/agora.xtec.cat\/cesire_historic\/\/ambit-matematic\/innovacio-i-recerca_mat\/recerca-parlar-de-matematiques-per-aprendren\/\">Recerca: Parlar de matem\u00e0tiques&hellip;  <a href=\"https:\/\/agora.xtec.cat\/cesire_historic\/ambit-matematic\/innovacio-i-recerca_mat\/\" title=\"Read Innovaci\u00f3 i recerca\">Llegeix m\u00e9s\u00bb<\/a><\/p>\n","protected":false},"author":1,"featured_media":0,"parent":4281,"menu_order":4,"comment_status":"closed","ping_status":"closed","template":"page-templates\/side-menu.php","meta":{"_bbp_topic_count":0,"_bbp_reply_count":0,"_bbp_total_topic_count":0,"_bbp_total_reply_count":0,"_bbp_voice_count":0,"_bbp_anonymous_reply_count":0,"_bbp_topic_count_hidden":0,"_bbp_reply_count_hidden":0,"_bbp_forum_subforum_count":0,"footnotes":""},"class_list":["post-4487","page","type-page","status-publish","hentry"],"post_mailing_queue_ids":[],"_links":{"self":[{"href":"https:\/\/agora.xtec.cat\/cesire_historic\/wp-json\/wp\/v2\/pages\/4487","targetHints":{"allow":["GET"]}}],"collection":[{"href":"https:\/\/agora.xtec.cat\/cesire_historic\/wp-json\/wp\/v2\/pages"}],"about":[{"href":"https:\/\/agora.xtec.cat\/cesire_historic\/wp-json\/wp\/v2\/types\/page"}],"author":[{"embeddable":true,"href":"https:\/\/agora.xtec.cat\/cesire_historic\/wp-json\/wp\/v2\/users\/1"}],"replies":[{"embeddable":true,"href":"https:\/\/agora.xtec.cat\/cesire_historic\/wp-json\/wp\/v2\/comments?post=4487"}],"version-history":[{"count":3,"href":"https:\/\/agora.xtec.cat\/cesire_historic\/wp-json\/wp\/v2\/pages\/4487\/revisions"}],"predecessor-version":[{"id":7875,"href":"https:\/\/agora.xtec.cat\/cesire_historic\/wp-json\/wp\/v2\/pages\/4487\/revisions\/7875"}],"up":[{"embeddable":true,"href":"https:\/\/agora.xtec.cat\/cesire_historic\/wp-json\/wp\/v2\/pages\/4281"}],"wp:attachment":[{"href":"https:\/\/agora.xtec.cat\/cesire_historic\/wp-json\/wp\/v2\/media?parent=4487"}],"curies":[{"name":"wp","href":"https:\/\/api.w.org\/{rel}","templated":true}]}}