{"id":4424,"date":"2019-01-29T13:19:59","date_gmt":"2019-01-29T12:19:59","guid":{"rendered":"http:\/\/agora.xtec.cat\/cesire_historic\/\/?page_id=4424"},"modified":"2021-01-18T10:27:17","modified_gmt":"2021-01-18T09:27:17","slug":"sep","status":"publish","type":"page","link":"https:\/\/agora.xtec.cat\/cesire_historic\/ambit-matematic\/suport_professorat_mat\/sep\/","title":{"rendered":"SEP (Suport Escolar Personalitzat)"},"content":{"rendered":"<hr \/>\n<p>El material que es presenta t\u00e9 per objectiu ajudar a centrar el treball que es realitza,\u00a0en els aspectes relacionats amb la matem\u00e0tica, en cada cicle, des d&#8217;Educaci\u00f3 Infantil fins al Cicle Superior de Prim\u00e0ria<\/p>\n<p>Aquest material consta en general per a cada cicle de tres documents (excepte Educaci\u00f3 Infantil que en t\u00e9 algun m\u00e9s)<\/p>\n<ul>\n<li>Una\u00a0<strong>presentaci\u00f3\u00a0<\/strong>general<\/li>\n<li>La relaci\u00f3\u00a0<strong>Qu\u00e8 \u00e9s important que facin<\/strong>\u00a0pret\u00e9n assenyalar aquells aspectes que s\u00f3n clau en una edat determinada de l\u2019aprenentatge i que no dominar-los pot comprometre l\u2019evoluci\u00f3 posterior.<\/li>\n<li>Un document amb\u00a0<strong>propostes d\u2019activitats<\/strong>\u00a0per ajudar a desenvolupar els continguts clau.<\/li>\n<\/ul>\n<p>El fet d\u2019assenyalar uns continguts clau i de presentar una relaci\u00f3 d\u2019activitats per ajudar a desenvolupar-los, no vol dir, de cap manera, que ens haguem de limi-tar a aquests continguts. Cal treballar tots els que assenyala el curr\u00edculum tenint ben present que alguns d\u2019ells tenen una import\u00e0ncia cabdal en l\u2019aprenentatge en una edat determinada.<\/p>\n<h3>Material per al SEP (Educaci\u00f3 Infantil \u2013 Matem\u00e0tiques)<\/h3>\n<p style=\"text-align: center;\"><img loading=\"lazy\" decoding=\"async\" class=\"aligncenter size-medium wp-image-4430\" src=\"https:\/\/agora.xtec.cat\/cesire_historic\/\/wp-content\/uploads\/usu397\/2019\/01\/safates4-300x225.jpg\" alt=\"\" width=\"300\" height=\"225\" srcset=\"https:\/\/agora.xtec.cat\/cesire_historic\/wp-content\/uploads\/usu397\/2019\/01\/safates4-300x225.jpg 300w, https:\/\/agora.xtec.cat\/cesire_historic\/wp-content\/uploads\/usu397\/2019\/01\/safates4-200x150.jpg 200w, https:\/\/agora.xtec.cat\/cesire_historic\/wp-content\/uploads\/usu397\/2019\/01\/safates4.jpg 480w\" sizes=\"auto, (max-width: 300px) 100vw, 300px\" \/><\/p>\n<p>Aquest material consta de sis documents.<\/p>\n<ul>\n<li><a href=\"https:\/\/agora.xtec.cat\/cesire_historic\/\/wp-content\/uploads\/usu397\/2019\/01\/SEP_presentacio.pdf\" target=\"_blank\" rel=\"noopener noreferrer\">Presentaci\u00f3<\/a><\/li>\n<li><a href=\"https:\/\/agora.xtec.cat\/cesire_historic\/\/wp-content\/uploads\/usu397\/2019\/01\/SEP_punts_focals.pdf\" target=\"_blank\" rel=\"noopener noreferrer\">Qu\u00e8 \u00e9s important que facin<\/a><\/li>\n<li><a href=\"https:\/\/agora.xtec.cat\/cesire_historic\/\/wp-content\/uploads\/usu397\/2019\/01\/SEP_EI_taula_resum.pdf\" target=\"_blank\" rel=\"noopener noreferrer\">Taula-resum dels tres nivells (per tenir una idea global de la continu\u00eftat dels tres nivells)<\/a><\/li>\n<li><a href=\"https:\/\/agora.xtec.cat\/cesire_historic\/\/wp-content\/uploads\/usu397\/2019\/01\/SEP_EI_inicial.pdf\" target=\"_blank\" rel=\"noopener noreferrer\">Propostes d\u2019activitats per ajudar a desenvolupar els continguts clau (Nivell inicial)<\/a><\/li>\n<li><a href=\"https:\/\/agora.xtec.cat\/cesire_historic\/\/wp-content\/uploads\/usu397\/2019\/01\/SEP_EI_Intermedi.pdf\" target=\"_blank\" rel=\"noopener noreferrer\">Propostes d\u2019activitats per ajudar a desenvolupar els continguts clau (Nivell intermedi)<\/a><\/li>\n<li><a href=\"https:\/\/agora.xtec.cat\/cesire_historic\/\/wp-content\/uploads\/usu397\/2019\/01\/SEP_EI_final.pdf\" target=\"_blank\" rel=\"noopener noreferrer\">Propostes d\u2019activitats per ajudar a desenvolupar els continguts clau (Nivell final d\u2019etapa)<\/a><\/li>\n<\/ul>\n<hr \/>\n<h3><a id=\"sepci\"><\/a>Material per al SEP (Cicle Inicial d&#8217;Educaci\u00f3 Prim\u00e0ria \u2013 Matem\u00e0tiques)<\/h3>\n<p style=\"text-align: center;\"><img loading=\"lazy\" decoding=\"async\" class=\"aligncenter size-medium wp-image-4438\" src=\"https:\/\/agora.xtec.cat\/cesire_historic\/\/wp-content\/uploads\/usu397\/2019\/01\/taula_nombres-300x269.jpg\" alt=\"\" width=\"300\" height=\"269\" \/><\/p>\n<p>Aquest material consta de tres documents.<\/p>\n<ul>\n<li><a href=\"https:\/\/agora.xtec.cat\/cesire_historic\/\/wp-content\/uploads\/usu397\/2019\/01\/PresentacioCI.pdf\" target=\"_blank\" rel=\"noopener noreferrer\">Presentaci\u00f3<\/a><\/li>\n<li><a href=\"https:\/\/agora.xtec.cat\/cesire_historic\/\/wp-content\/uploads\/usu397\/2019\/01\/PuntsFocalsCicle-Inicial.pdf\" target=\"_blank\" rel=\"noopener noreferrer\">Qu\u00e8 \u00e9s important que facin<\/a><\/li>\n<li><a href=\"http:\/\/srvcnpbs.xtec.cat\/creamat\/joomla\/file\/SEP_CI.pdf\" target=\"_blank\" rel=\"noopener noreferrer\">Propostes d\u2019activitats per ajudar a desenvolupar els continguts clau (Cicle Inicial EP)<\/a><\/li>\n<\/ul>\n<hr \/>\n<h3><a id=\"sepcm\"><\/a>Material per al SEP (Cicle Mitj\u00e0 d&#8217;Educaci\u00f3 Prim\u00e0ria \u2013 Matem\u00e0tiques)<\/h3>\n<p>&nbsp;<\/p>\n<p style=\"text-align: center;\"><img loading=\"lazy\" decoding=\"async\" class=\"aligncenter wp-image-4443\" src=\"https:\/\/agora.xtec.cat\/cesire_historic\/\/wp-content\/uploads\/usu397\/2019\/01\/combinatoria-300x261.jpg\" alt=\"\" width=\"257\" height=\"224\" srcset=\"https:\/\/agora.xtec.cat\/cesire_historic\/wp-content\/uploads\/usu397\/2019\/01\/combinatoria-300x261.jpg 300w, https:\/\/agora.xtec.cat\/cesire_historic\/wp-content\/uploads\/usu397\/2019\/01\/combinatoria.jpg 565w\" sizes=\"auto, (max-width: 257px) 100vw, 257px\" \/><\/p>\n<p>Aquest material consta de tres documents.<\/p>\n<ul>\n<li><a href=\"https:\/\/agora.xtec.cat\/cesire_historic\/\/wp-content\/uploads\/usu397\/2019\/01\/presentacio_CM.pdf\" target=\"_blank\" rel=\"noopener noreferrer\">Presentaci\u00f3<\/a><\/li>\n<li><a href=\"https:\/\/agora.xtec.cat\/cesire_historic\/\/wp-content\/uploads\/usu397\/2019\/01\/taula_punts_focals_CM.pdf\" target=\"_blank\" rel=\"noopener noreferrer\">Qu\u00e8 \u00e9s important que facin<\/a><\/li>\n<li><a href=\"https:\/\/agora.xtec.cat\/cesire_historic\/\/wp-content\/uploads\/usu397\/2019\/01\/sep_cm.pdf\" target=\"_blank\" rel=\"noopener noreferrer\">Propostes d\u2019activitats per ajudar a desenvolupar els continguts clau (Cicle Mitj\u00e0 EP)<\/a><\/li>\n<\/ul>\n<hr \/>\n<h3>Material per al SEP (Cicle Superior d&#8217;Educaci\u00f3 Prim\u00e0ria \u2013 Matem\u00e0tiques)<\/h3>\n<p style=\"text-align: center;\"><img loading=\"lazy\" decoding=\"async\" class=\"aligncenter size-full wp-image-4452\" src=\"https:\/\/agora.xtec.cat\/cesire_historic\/\/wp-content\/uploads\/usu397\/2019\/01\/sep_cs.jpg\" alt=\"\" width=\"219\" height=\"200\" \/><\/p>\n<p>Aquest material consta de tres documents.<\/p>\n<ul>\n<li><a href=\"https:\/\/agora.xtec.cat\/cesire_historic\/\/wp-content\/uploads\/usu397\/2019\/01\/SEP_presentacio_CS.pdf\" target=\"_blank\" rel=\"noopener noreferrer\">Presentaci\u00f3<\/a><\/li>\n<li><a href=\"https:\/\/agora.xtec.cat\/cesire_historic\/\/wp-content\/uploads\/usu397\/2019\/01\/SEP_taula_punts_focals_CM_CS.pdf\" target=\"_blank\" rel=\"noopener noreferrer\">Qu\u00e8 \u00e9s important que facin<\/a><\/li>\n<li><a href=\"https:\/\/agora.xtec.cat\/cesire_historic\/\/wp-content\/uploads\/usu397\/2019\/01\/SEP_CS.pdf\" target=\"_blank\" rel=\"noopener noreferrer\">Propostes d\u2019activitats per ajudar a desenvolupar els continguts clau (Cicle Superior EP)<\/a><\/li>\n<\/ul>\n<hr \/>\n<h3>Taula resum &#8220;Qu\u00e8 \u00e9s important que facin&#8221; per cicles d&#8217;infantil a cicle superior<\/h3>\n<p>Aquest document cont\u00e9 una taula,\u00a0pensada per ampliar-se en un full de\u00a0<strong>DIN A3<\/strong>, amb un resum\u00a0d&#8217;altres documents anteriors del\u00a0<strong>SEP<\/strong>\u00a0\u00a0on es\u00a0presenta en paral\u00b7lel\u00a0all\u00f2 &#8220;qu\u00e8\u00a0\u00e9s important que facin&#8221; al final de cada\u00a0cicle:\u00a0a educaci\u00f3 infantil i als cicles inicial, mitj\u00e0 i superior de prim\u00e0ria. La intenci\u00f3 \u00e9s proporcionar una\u00a0visi\u00f3 global de totes dues etapes educatives.<\/p>\n<ul>\n<li><img decoding=\"async\" src=\"http:\/\/blocs.mesvilaweb.cat\/media\/cHV6emxlMl9FRElUT1JBMTk0N0VESVRPUkFfMzg3_240447_7059_1.jpg\" alt=\"\" \/><a style=\"font-family: inherit; font-size: 1em;\" href=\"https:\/\/agora.xtec.cat\/cesire_historic\/\/wp-content\/uploads\/usu397\/2019\/01\/que_es_important_que_facin.pdf\" target=\"_blank\" rel=\"noopener noreferrer\">Qu\u00e8 \u00e9s important que facin (Matem\u00e0tiques \u2013 Educaci\u00f3 infantil i prim\u00e0ria)<\/a><\/li>\n<\/ul>\n","protected":false},"excerpt":{"rendered":"<p>El material que es presenta t\u00e9 per objectiu ajudar a centrar el treball que es realitza,\u00a0en els aspectes relacionats amb la matem\u00e0tica, en cada cicle, des d&#8217;Educaci\u00f3 Infantil fins al Cicle Superior de Prim\u00e0ria<br \/>\nAquest material consta en general per a cada cicle de tres documents&hellip;  <a href=\"https:\/\/agora.xtec.cat\/cesire_historic\/ambit-matematic\/suport_professorat_mat\/sep\/\" title=\"Read SEP (Suport Escolar Personalitzat)\">Llegeix m\u00e9s\u00bb<\/a><\/p>\n","protected":false},"author":1,"featured_media":0,"parent":4287,"menu_order":1,"comment_status":"closed","ping_status":"closed","template":"page-templates\/side-menu.php","meta":{"_bbp_topic_count":0,"_bbp_reply_count":0,"_bbp_total_topic_count":0,"_bbp_total_reply_count":0,"_bbp_voice_count":0,"_bbp_anonymous_reply_count":0,"_bbp_topic_count_hidden":0,"_bbp_reply_count_hidden":0,"_bbp_forum_subforum_count":0,"footnotes":""},"class_list":["post-4424","page","type-page","status-publish","hentry"],"post_mailing_queue_ids":[],"_links":{"self":[{"href":"https:\/\/agora.xtec.cat\/cesire_historic\/wp-json\/wp\/v2\/pages\/4424","targetHints":{"allow":["GET"]}}],"collection":[{"href":"https:\/\/agora.xtec.cat\/cesire_historic\/wp-json\/wp\/v2\/pages"}],"about":[{"href":"https:\/\/agora.xtec.cat\/cesire_historic\/wp-json\/wp\/v2\/types\/page"}],"author":[{"embeddable":true,"href":"https:\/\/agora.xtec.cat\/cesire_historic\/wp-json\/wp\/v2\/users\/1"}],"replies":[{"embeddable":true,"href":"https:\/\/agora.xtec.cat\/cesire_historic\/wp-json\/wp\/v2\/comments?post=4424"}],"version-history":[{"count":4,"href":"https:\/\/agora.xtec.cat\/cesire_historic\/wp-json\/wp\/v2\/pages\/4424\/revisions"}],"predecessor-version":[{"id":10577,"href":"https:\/\/agora.xtec.cat\/cesire_historic\/wp-json\/wp\/v2\/pages\/4424\/revisions\/10577"}],"up":[{"embeddable":true,"href":"https:\/\/agora.xtec.cat\/cesire_historic\/wp-json\/wp\/v2\/pages\/4287"}],"wp:attachment":[{"href":"https:\/\/agora.xtec.cat\/cesire_historic\/wp-json\/wp\/v2\/media?parent=4424"}],"curies":[{"name":"wp","href":"https:\/\/api.w.org\/{rel}","templated":true}]}}