{"id":4405,"date":"2019-01-29T12:28:05","date_gmt":"2019-01-29T11:28:05","guid":{"rendered":"http:\/\/agora.xtec.cat\/cesire_historic\/\/?page_id=4405"},"modified":"2021-05-31T10:59:04","modified_gmt":"2021-05-31T08:59:04","slug":"premis_mat","status":"publish","type":"page","link":"https:\/\/agora.xtec.cat\/cesire_historic\/ambit-matematic\/activitats-de-dinamitzacio-de-lalumnat-mat\/premis_mat\/","title":{"rendered":"Premis"},"content":{"rendered":"<div align=\"center\">\n<table id=\"AutoNumber4\" style=\"border-collapse: collapse; font-family: Verdana; font-size: 10pt; border-color: #000000; width: 90%;\" border=\"1\" width=\"90%\" cellspacing=\"0\" cellpadding=\"4\">\n<tbody>\n<tr>\n<td colspan=\"4\" align=\"center\" bgcolor=\"#C91600\" width=\"100%\" height=\"16\">\n<p align=\"left\"><b><span style=\"color: #ffffff;\">Premis<\/span><\/b><\/p>\n<\/td>\n<\/tr>\n<tr>\n<td style=\"border-color: #000000;\" rowspan=\"3\" align=\"center\" width=\"15%\" height=\"99\">\u00a0<img loading=\"lazy\" decoding=\"async\" class=\"aligncenter size-full wp-image-4408\" src=\"https:\/\/agora.xtec.cat\/cesire_historic\/\/wp-content\/uploads\/usu397\/2019\/01\/poincare.jpg\" alt=\"\" width=\"200\" height=\"232\" \/><\/td>\n<td style=\"border-color: #000000;\" rowspan=\"3\" align=\"center\" width=\"10%\" height=\"99\"><a href=\"https:\/\/www.fme.upc.edu\/ca\/premi-poincare\" target=\"_blank\" rel=\"noopener noreferrer\"> Premi Poincar\u00e9<\/a><\/p>\n<p><b>Organitza<\/b><br \/>\n<a href=\"https:\/\/www.fme.upc.edu\/\" target=\"_blank\" rel=\"noopener noreferrer\">FME de la UPC<\/a><\/td>\n<td style=\"vertical-align: middle; border-color: #000000;\" align=\"center\" valign=\"top\" width=\"5%\" height=\"36\">Nivell<\/td>\n<td style=\"vertical-align: middle; border-color: #000000;\" align=\"left\" valign=\"top\" width=\"70%\" height=\"36\"><b>Secund\u00e0ria<\/b> (2n Batxilerrat)<\/td>\n<\/tr>\n<tr>\n<td style=\"vertical-align: middle; border-color: #000000;\" align=\"center\" valign=\"top\" width=\"5%\" height=\"36\">Calendari<\/td>\n<td style=\"vertical-align: middle; border-color: #000000;\" align=\"left\" valign=\"top\" width=\"70%\" height=\"36\">Inscripci\u00f3 fins a l&#8217;abril<\/td>\n<\/tr>\n<tr>\n<td style=\"vertical-align: middle; border-color: #000000;\" align=\"center\" valign=\"top\" width=\"5%\" height=\"36\">Comentari<\/td>\n<td style=\"vertical-align: middle; border-color: #000000;\" align=\"left\" valign=\"top\" width=\"70%\" height=\"36\">Premi a treballs de recerca de matem\u00e0tiques o estad\u00edstica<\/td>\n<\/tr>\n<tr>\n<td style=\"border-color: #000000;\" rowspan=\"3\" align=\"center\" width=\"15%\" height=\"100\">\u00a0<img loading=\"lazy\" decoding=\"async\" class=\"aligncenter size-full wp-image-4410\" src=\"https:\/\/agora.xtec.cat\/cesire_historic\/\/wp-content\/uploads\/usu397\/2019\/01\/argo.jpg\" alt=\"\" width=\"250\" height=\"86\" \/><\/td>\n<td style=\"border-color: #000000;\" rowspan=\"3\" align=\"center\" width=\"10%\" height=\"100\"><a href=\"https:\/\/www.uab.cat\/web\/programa-argo\/programa-argo-estudiants\/estudiants\/convocatoria-1345719279744.html\" target=\"_blank\" rel=\"noopener noreferrer\">Premi Arg\u00f3<\/a><\/p>\n<p><b>Organitza<\/b><br \/>\n<a href=\"http:\/\/www.uab.es\/\" target=\"_blank\" rel=\"noopener noreferrer\">UAB<\/a><\/td>\n<td style=\"vertical-align: middle; border-color: #000000;\" align=\"center\" valign=\"top\" width=\"5%\" height=\"36\">Nivell<\/td>\n<td style=\"vertical-align: middle; border-color: #000000;\" align=\"left\" valign=\"top\" width=\"70%\" height=\"36\"><b>Secund\u00e0ria<\/b> (Batxillerat, Cicles formatius)<\/td>\n<\/tr>\n<tr>\n<td style=\"vertical-align: middle; border-color: #000000;\" align=\"center\" valign=\"top\" width=\"5%\" height=\"36\">Calendari<\/td>\n<td style=\"vertical-align: middle; border-color: #000000;\" align=\"left\" valign=\"top\" width=\"70%\" height=\"36\">Presentaci\u00f3 del treballs de batxillerat a l&#8217;abril. Presentaci\u00f3 dels treballs de CFGS al juny<\/td>\n<\/tr>\n<tr>\n<td style=\"vertical-align: middle; border-color: #000000;\" align=\"center\" valign=\"top\" width=\"5%\" height=\"37\">Comentari<\/td>\n<td style=\"vertical-align: middle; border-color: #000000;\" align=\"left\" valign=\"top\" width=\"70%\" height=\"37\">Premi a treballs de recerca de batxillerat i a projectes de cicles formatius de grau superior. No \u00e9s exclusiu de matem\u00e0tiques.<\/td>\n<\/tr>\n<tr>\n<td style=\"border-color: #000000;\" rowspan=\"3\" align=\"center\" width=\"15%\" height=\"115\">\u00a0<img loading=\"lazy\" decoding=\"async\" class=\"aligncenter size-full wp-image-4409\" src=\"https:\/\/agora.xtec.cat\/cesire_historic\/\/wp-content\/uploads\/usu397\/2019\/01\/schct.jpg\" alt=\"\" width=\"123\" height=\"150\" \/><\/td>\n<td style=\"border-color: #000000;\" rowspan=\"3\" align=\"center\" width=\"10%\" height=\"115\"><a href=\"http:\/\/blogs.iec.cat\/schct\/premis\/xvi-premi-antoni-quintana-mari-schct\/\" target=\"_blank\" rel=\"noopener noreferrer\"> Premi Antoni Quintana i Mar\u00ed<\/a><\/p>\n<p><b>Organitza<\/b><br \/>\n<a href=\"http:\/\/schct.iec.cat\/\" target=\"_blank\" rel=\"noopener noreferrer\">SCHCT<\/a><\/td>\n<td style=\"vertical-align: middle; border-color: #000000;\" align=\"center\" valign=\"top\" width=\"5%\" height=\"41\">Nivell<\/td>\n<td style=\"vertical-align: middle; border-color: #000000;\" align=\"left\" valign=\"top\" width=\"70%\" height=\"41\"><b>Secund\u00e0ria<\/b> (Batxillerat)<\/td>\n<\/tr>\n<tr>\n<td style=\"vertical-align: middle; border-color: #000000;\" align=\"center\" valign=\"top\" width=\"5%\" height=\"41\">Calendari<\/td>\n<td style=\"vertical-align: middle; border-color: #000000;\" align=\"left\" valign=\"top\" width=\"70%\" height=\"41\">L\u00edmit de presentaci\u00f3 dels treballs al maig<\/td>\n<\/tr>\n<tr>\n<td style=\"vertical-align: middle; border-color: #000000;\" align=\"center\" valign=\"top\" width=\"5%\" height=\"42\">Comentari<\/td>\n<td style=\"vertical-align: middle; border-color: #000000;\" align=\"left\" valign=\"top\" width=\"70%\" height=\"42\">Premi a treballs de recerca versats sobre aspectes de la hist\u00f2ria de la ci\u00e8ncia, de la medicina i de la t\u00e8cnica. No \u00e9s exclusiu de matem\u00e0tiques.<\/td>\n<\/tr>\n<tr>\n<td style=\"border-color: #000000;\" rowspan=\"3\" align=\"center\" width=\"15%\" height=\"131\">\u00a0<img loading=\"lazy\" decoding=\"async\" class=\"aligncenter size-full wp-image-4406\" src=\"https:\/\/agora.xtec.cat\/cesire_historic\/\/wp-content\/uploads\/usu397\/2019\/01\/logo_AGAUR.jpg\" alt=\"\" width=\"190\" height=\"193\" \/><\/td>\n<td style=\"border-color: #000000;\" rowspan=\"3\" align=\"center\" width=\"10%\" height=\"131\"><a href=\"http:\/\/193.145.216.14\/\" target=\"_blank\" rel=\"noopener noreferrer\"> Premis Recerca Jove (nous premis CIRIT)<\/a><\/p>\n<p><b>Organitza<\/b><br \/>\n<a href=\"http:\/\/www10.gencat.cat\/agaur_web\/AppJava\/catala\/index.jsp\" target=\"_blank\" rel=\"noopener noreferrer\">AGAUR<\/a><\/td>\n<td style=\"vertical-align: middle; border-color: #000000;\" align=\"center\" valign=\"top\" width=\"5%\" height=\"46\">Nivell<\/td>\n<td style=\"vertical-align: middle; border-color: #000000;\" align=\"left\" valign=\"top\" width=\"70%\" height=\"46\"><b>Secund\u00e0ria <\/b>(3r i 4t ESO, Batxillerat)<\/td>\n<\/tr>\n<tr>\n<td style=\"vertical-align: middle; border-color: #000000;\" align=\"center\" valign=\"top\" width=\"5%\" height=\"46\">Calendari<\/td>\n<td style=\"vertical-align: middle; border-color: #000000;\" align=\"left\" valign=\"top\" width=\"70%\" height=\"46\">Inscripci\u00f3 fins al juny<\/td>\n<\/tr>\n<tr>\n<td style=\"vertical-align: middle; border-color: #000000;\" align=\"center\" valign=\"top\" width=\"5%\" height=\"47\">Comentari<\/td>\n<td style=\"vertical-align: middle; border-color: #000000;\" align=\"left\" valign=\"top\" width=\"70%\" height=\"47\">Premi a treballs de recerca. No \u00e9s exclusiu de matem\u00e0tiques.<\/td>\n<\/tr>\n<\/tbody>\n<\/table>\n<p>&nbsp;<\/p>\n<\/div>\n<div align=\"center\">\n<table id=\"AutoNumber1\" style=\"border-collapse: collapse; font-family: Verdana; font-size: 10pt; border-left-width: 0pt; border-top-width: 0pt; border-left-style: solid; border-top-style: solid; border-color: #000000; width: 80%;\" border=\"1\" width=\"80%\" cellspacing=\"0\" cellpadding=\"0\">\n<tbody>\n<tr>\n<td style=\"border: medium none #000000;\" rowspan=\"2\" align=\"center\" width=\"154\" height=\"32\"><\/td>\n<td style=\"border-style: none solid none none; border-left-width: medium; border-top-width: medium; border-bottom-width: medium; border-color: #000000;\" align=\"center\" width=\"169\" height=\"16\"><\/td>\n<td style=\"border-color: #000000;\" colspan=\"11\" align=\"center\" bgcolor=\"#C91600\" width=\"644\" height=\"16\"><span style=\"color: #ffffff;\"><br \/>\n<b>Calendari orientatiu<\/b><\/span><\/td>\n<\/tr>\n<tr>\n<td style=\"border-style: none solid solid none; border-left-width: medium; border-top-width: medium; border-color: #000000;\" align=\"center\" width=\"169\" height=\"16\"><\/td>\n<td style=\"border-color: #000000;\" align=\"center\" width=\"49\" height=\"16\"><b>S<\/b><\/td>\n<td style=\"border-color: #000000;\" align=\"center\" width=\"65\" height=\"16\"><b>O<\/b><\/td>\n<td style=\"border-color: #000000;\" align=\"center\" width=\"65\" height=\"16\"><b>N<\/b><\/td>\n<td style=\"border-color: #000000;\" align=\"center\" width=\"65\" height=\"16\"><b>D<\/b><\/td>\n<td style=\"border-color: #000000;\" align=\"center\" width=\"65\" height=\"16\"><b>G<\/b><\/td>\n<td style=\"border-color: #000000;\" align=\"center\" width=\"65\" height=\"16\"><b>F<\/b><\/td>\n<td style=\"border-color: #000000;\" align=\"center\" width=\"65\" height=\"16\"><b>M<\/b><\/td>\n<td style=\"border-color: #000000;\" align=\"center\" width=\"65\" height=\"16\"><b>A<\/b><\/td>\n<td style=\"border-color: #000000;\" align=\"center\" width=\"65\" height=\"16\"><b>M<\/b><\/td>\n<td style=\"border-color: #000000;\" align=\"center\" width=\"66\" height=\"16\"><b>J<\/b><\/td>\n<\/tr>\n<tr>\n<td style=\"border-color: #000000;\" rowspan=\"6\" align=\"center\" bgcolor=\"#C91600\" width=\"154\" height=\"124\"><span style=\"color: #ffffff;\"><b>Premis<\/b><\/span><\/td>\n<td style=\"border-color: #000000;\" align=\"center\" width=\"169\" height=\"30\">Premi Poincar\u00e9<\/td>\n<td style=\"border-color: #000000;\" align=\"center\" width=\"49\" height=\"30\"><\/td>\n<td style=\"border-color: #000000;\" align=\"center\" width=\"65\" height=\"30\"><\/td>\n<td style=\"border-color: #000000;\" align=\"center\" width=\"65\" height=\"30\"><\/td>\n<td style=\"border-color: #000000;\" align=\"center\" width=\"65\" height=\"30\"><\/td>\n<td style=\"border-color: #000000;\" align=\"center\" width=\"65\" height=\"30\"><\/td>\n<td style=\"border-color: #000000;\" align=\"center\" width=\"65\" height=\"30\"><\/td>\n<td style=\"border-color: #000000;\" align=\"center\" width=\"65\" height=\"30\"><\/td>\n<td style=\"border-color: #000000;\" align=\"center\" bgcolor=\"#c91600\" width=\"65\" height=\"30\"><\/td>\n<td style=\"border-color: #000000;\" align=\"center\" width=\"65\" height=\"30\"><\/td>\n<td style=\"border-color: #000000;\" align=\"center\" width=\"66\" height=\"30\"><\/td>\n<\/tr>\n<tr>\n<td style=\"border-color: #000000;\" align=\"center\" width=\"169\" height=\"30\">Premi Arg\u00f3<\/td>\n<td style=\"border-color: #000000;\" align=\"center\" width=\"49\" height=\"30\"><\/td>\n<td style=\"border-color: #000000;\" align=\"center\" width=\"65\" height=\"30\"><\/td>\n<td style=\"border-color: #000000;\" align=\"center\" width=\"65\" height=\"30\"><\/td>\n<td style=\"border-color: #000000;\" align=\"center\" width=\"65\" height=\"30\"><\/td>\n<td style=\"border-color: #000000;\" align=\"center\" width=\"65\" height=\"30\"><\/td>\n<td style=\"border-color: #000000;\" align=\"center\" width=\"65\" height=\"30\"><\/td>\n<td style=\"border-color: #000000;\" align=\"center\" width=\"65\" height=\"30\"><\/td>\n<td style=\"border-color: #000000;\" align=\"center\" bgcolor=\"#c91600\" width=\"65\" height=\"30\"><\/td>\n<td style=\"border-color: #000000;\" align=\"center\" width=\"65\" height=\"30\"><\/td>\n<td style=\"border-color: #000000;\" align=\"center\" bgcolor=\"#c91600\" width=\"66\" height=\"30\"><\/td>\n<\/tr>\n<tr>\n<td style=\"border-color: #000000;\" align=\"center\" width=\"169\" height=\"30\">Premi Antoni Quintana i Mar\u00ed<\/td>\n<td style=\"border-color: #000000;\" align=\"center\" width=\"49\" height=\"30\"><\/td>\n<td style=\"border-color: #000000;\" align=\"center\" width=\"65\" height=\"30\"><\/td>\n<td style=\"border-color: #000000;\" align=\"center\" width=\"65\" height=\"30\"><\/td>\n<td style=\"border-color: #000000;\" align=\"center\" width=\"65\" height=\"30\"><\/td>\n<td style=\"border-color: #000000;\" align=\"center\" width=\"65\" height=\"30\"><\/td>\n<td style=\"border-color: #000000;\" align=\"center\" width=\"65\" height=\"30\"><\/td>\n<td style=\"border-color: #000000;\" align=\"center\" width=\"65\" height=\"30\"><\/td>\n<td style=\"border-color: #000000;\" align=\"center\" width=\"65\" height=\"30\"><\/td>\n<td style=\"border-color: #000000;\" align=\"center\" bgcolor=\"#c91600\" width=\"65\" height=\"30\"><\/td>\n<td style=\"border-color: #000000;\" align=\"center\" width=\"66\" height=\"30\"><\/td>\n<\/tr>\n<tr>\n<td style=\"border-color: #000000;\" align=\"center\" width=\"169\" height=\"30\">Premis Recerca Jove<\/td>\n<td style=\"border-color: #000000;\" align=\"center\" width=\"49\" height=\"30\"><\/td>\n<td style=\"border-color: #000000;\" align=\"center\" width=\"65\" height=\"30\"><\/td>\n<td style=\"border-color: #000000;\" align=\"center\" width=\"65\" height=\"30\"><\/td>\n<td style=\"border-color: #000000;\" align=\"center\" width=\"65\" height=\"30\"><\/td>\n<td style=\"border-color: #000000;\" align=\"center\" width=\"65\" height=\"30\"><\/td>\n<td style=\"border-color: #000000;\" align=\"center\" width=\"65\" height=\"30\"><\/td>\n<td style=\"border-color: #000000;\" align=\"center\" width=\"65\" height=\"30\"><\/td>\n<td style=\"border-color: #000000;\" align=\"center\" width=\"65\" height=\"30\"><\/td>\n<td style=\"border-color: #000000;\" align=\"center\" width=\"65\" height=\"30\"><\/td>\n<td style=\"border-color: #000000;\" align=\"center\" bgcolor=\"#c91600\" width=\"66\" height=\"30\"><\/td>\n<\/tr>\n<tr>\n<td style=\"border-color: #000000;\" align=\"center\" width=\"169\" height=\"30\">Olitele<\/td>\n<td style=\"border-color: #000000;\" align=\"center\" width=\"49\" height=\"30\"><\/td>\n<td style=\"border-color: #000000;\" align=\"center\" bgcolor=\"#FF9D93\" width=\"65\" height=\"30\"><\/td>\n<td style=\"border-color: #000000;\" align=\"center\" bgcolor=\"#c91600\" width=\"65\" height=\"30\"><\/td>\n<td style=\"border-color: #000000;\" align=\"center\" bgcolor=\"#c91600\" width=\"65\" height=\"30\"><\/td>\n<td style=\"border-color: #000000;\" align=\"center\" width=\"65\" height=\"30\"><\/td>\n<td style=\"border-color: #000000;\" align=\"center\" width=\"65\" height=\"30\"><\/td>\n<td style=\"border-color: #000000;\" align=\"center\" width=\"65\" height=\"30\"><\/td>\n<td style=\"border-color: #000000;\" align=\"center\" width=\"65\" height=\"30\"><\/td>\n<td style=\"border-color: #000000;\" align=\"center\" width=\"65\" height=\"30\"><\/td>\n<td style=\"border-color: #000000;\" align=\"center\" width=\"66\" height=\"30\"><\/td>\n<\/tr>\n<\/tbody>\n<\/table>\n<\/div>\n","protected":false},"excerpt":{"rendered":"<p>Premis<\/p>\n<p>\u00a0<br \/>\n<a href=\"https:\/\/www.fme.upc.edu\/ca\/premi-poincare\" target=\"_blank\" rel=\"noopener noreferrer\"> Premi Poincar\u00e9<\/a><br \/>\nOrganitza<br \/>\n<a href=\"https:\/\/www.fme.upc.edu\/\" target=\"_blank\" rel=\"noopener noreferrer\">FME de la UPC<\/a><br \/>\nNivell<br \/>\nSecund\u00e0ria (2n Batxilerrat)<\/p>\n<p>Calendari<br \/>\nInscripci\u00f3 fins a l&#8217;abril<\/p>\n<p>Comentari<br \/>\nPremi a treballs de recerca de matem\u00e0tiques o estad\u00edstica<\/p>\n<p>\u00a0<br \/>\n<a href=\"https:\/\/www.uab.cat\/web\/programa-argo\/programa-argo-estudiants\/estudiants\/convocatoria-1345719279744.html\" target=\"_blank\" rel=\"noopener noreferrer\">Premi Arg\u00f3<\/a><br \/>\nOrganitza<br \/>\n<a href=\"http:\/\/www.uab.es\/\" target=\"_blank\" rel=\"noopener noreferrer\">UAB<\/a><br \/>\nNivell<br \/>\nSecund\u00e0ria (Batxillerat, Cicles formatius)<\/p>\n<p>Calendari<br \/>\nPresentaci\u00f3 del treballs de batxillerat a l&#8217;abril.&hellip;  <a href=\"https:\/\/agora.xtec.cat\/cesire_historic\/ambit-matematic\/activitats-de-dinamitzacio-de-lalumnat-mat\/premis_mat\/\" title=\"Read Premis\">Llegeix m\u00e9s\u00bb<\/a><\/p>\n","protected":false},"author":1,"featured_media":0,"parent":4349,"menu_order":2,"comment_status":"closed","ping_status":"closed","template":"page-templates\/side-menu.php","meta":{"_bbp_topic_count":0,"_bbp_reply_count":0,"_bbp_total_topic_count":0,"_bbp_total_reply_count":0,"_bbp_voice_count":0,"_bbp_anonymous_reply_count":0,"_bbp_topic_count_hidden":0,"_bbp_reply_count_hidden":0,"_bbp_forum_subforum_count":0,"footnotes":""},"class_list":["post-4405","page","type-page","status-publish","hentry"],"post_mailing_queue_ids":[],"_links":{"self":[{"href":"https:\/\/agora.xtec.cat\/cesire_historic\/wp-json\/wp\/v2\/pages\/4405","targetHints":{"allow":["GET"]}}],"collection":[{"href":"https:\/\/agora.xtec.cat\/cesire_historic\/wp-json\/wp\/v2\/pages"}],"about":[{"href":"https:\/\/agora.xtec.cat\/cesire_historic\/wp-json\/wp\/v2\/types\/page"}],"author":[{"embeddable":true,"href":"https:\/\/agora.xtec.cat\/cesire_historic\/wp-json\/wp\/v2\/users\/1"}],"replies":[{"embeddable":true,"href":"https:\/\/agora.xtec.cat\/cesire_historic\/wp-json\/wp\/v2\/comments?post=4405"}],"version-history":[{"count":4,"href":"https:\/\/agora.xtec.cat\/cesire_historic\/wp-json\/wp\/v2\/pages\/4405\/revisions"}],"predecessor-version":[{"id":11507,"href":"https:\/\/agora.xtec.cat\/cesire_historic\/wp-json\/wp\/v2\/pages\/4405\/revisions\/11507"}],"up":[{"embeddable":true,"href":"https:\/\/agora.xtec.cat\/cesire_historic\/wp-json\/wp\/v2\/pages\/4349"}],"wp:attachment":[{"href":"https:\/\/agora.xtec.cat\/cesire_historic\/wp-json\/wp\/v2\/media?parent=4405"}],"curies":[{"name":"wp","href":"https:\/\/api.w.org\/{rel}","templated":true}]}}