{"id":4349,"date":"2019-01-28T12:25:42","date_gmt":"2019-01-28T11:25:42","guid":{"rendered":"http:\/\/agora.xtec.cat\/cesire_historic\/\/?page_id=4349"},"modified":"2019-02-05T17:06:51","modified_gmt":"2019-02-05T16:06:51","slug":"activitats-de-dinamitzacio-de-lalumnat-mat","status":"publish","type":"page","link":"https:\/\/agora.xtec.cat\/cesire_historic\/ambit-matematic\/activitats-de-dinamitzacio-de-lalumnat-mat\/","title":{"rendered":"Dinamitzaci\u00f3 alumnat"},"content":{"rendered":"<p>Al llarg de l\u2019any a Catalunya es realitzen un bon ventall d\u2019activitats matem\u00e0tiques destinades a l\u2019alumnat de prim\u00e0ria i secund\u00e0ria: concursos (de problemes i petites investigacions, de fotografia, de relats, confecci\u00f3 de cartells), tallers, xerrades, cursos, premis a treballs de recerca, exposicions temporals&#8230;<\/p>\n<p>Us oferim un recull, temporalitzat i organitzat per tipologies i etapes educatives, que ens pot donar idees per dinamitzar les nostres classes de matem\u00e0tiques.<\/p>\n<p style=\"text-align: center;\"><a href=\"https:\/\/agora.xtec.cat\/cesire_historic\/\/ambit-matematic\/activitats-de-dinamitzacio-de-lalumnat-mat\/concursos_mat\/\">Concursos<\/a><\/p>\n<p style=\"text-align: center;\"><a href=\"https:\/\/agora.xtec.cat\/cesire_historic\/\/ambit-matematic\/activitats-de-dinamitzacio-de-lalumnat-mat\/tallers-jornades_mat\/\">Tallers, jornades i cursos per alumnat<\/a><\/p>\n<p style=\"text-align: center;\"><a href=\"https:\/\/agora.xtec.cat\/cesire_historic\/\/ambit-matematic\/activitats-de-dinamitzacio-de-lalumnat-mat\/premis_mat\/\">Premis<\/a><\/p>\n<p style=\"text-align: center;\"><a href=\"http:\/\/fotografiamatematica.cat\/blg\/cami-destrelles-fins-al-cercle\/\"><img loading=\"lazy\" decoding=\"async\" class=\"wp-image-4421 size-medium\" src=\"https:\/\/agora.xtec.cat\/cesire_historic\/\/wp-content\/uploads\/usu397\/2019\/01\/n2P2-300x225.jpg\" alt=\"\" width=\"300\" height=\"225\" srcset=\"https:\/\/agora.xtec.cat\/cesire_historic\/wp-content\/uploads\/usu397\/2019\/01\/n2P2-300x225.jpg 300w, https:\/\/agora.xtec.cat\/cesire_historic\/wp-content\/uploads\/usu397\/2019\/01\/n2P2-200x150.jpg 200w, https:\/\/agora.xtec.cat\/cesire_historic\/wp-content\/uploads\/usu397\/2019\/01\/n2P2.jpg 640w\" sizes=\"auto, (max-width: 300px) 100vw, 300px\" \/><\/a><\/p>\n<p style=\"text-align: center;\"><em>Cam\u00ed d\u2019estrelles fins al cercle<\/em><br \/>\nIrene de Cubas Mart\u00ed (1r Cicle ESO &#8211; 2n premi &#8211; 207)<br \/>\nConcurs de fotografia ABEAM<\/p>\n","protected":false},"excerpt":{"rendered":"<p>Al llarg de l\u2019any a Catalunya es realitzen un bon ventall d\u2019activitats matem\u00e0tiques destinades a l\u2019alumnat de prim\u00e0ria i secund\u00e0ria: concursos (de problemes i petites investigacions, de fotografia, de relats, confecci\u00f3 de cartells), tallers, xerrades, cursos, premis a treballs de recerca, exposicions temporals&#8230;<br \/>\nUs oferim un&hellip;  <a href=\"https:\/\/agora.xtec.cat\/cesire_historic\/ambit-matematic\/activitats-de-dinamitzacio-de-lalumnat-mat\/\" title=\"Read Dinamitzaci\u00f3 alumnat\">Llegeix m\u00e9s\u00bb<\/a><\/p>\n","protected":false},"author":1,"featured_media":0,"parent":4281,"menu_order":5,"comment_status":"closed","ping_status":"closed","template":"page-templates\/side-menu.php","meta":{"_bbp_topic_count":0,"_bbp_reply_count":0,"_bbp_total_topic_count":0,"_bbp_total_reply_count":0,"_bbp_voice_count":0,"_bbp_anonymous_reply_count":0,"_bbp_topic_count_hidden":0,"_bbp_reply_count_hidden":0,"_bbp_forum_subforum_count":0,"footnotes":""},"class_list":["post-4349","page","type-page","status-publish","hentry"],"post_mailing_queue_ids":[],"_links":{"self":[{"href":"https:\/\/agora.xtec.cat\/cesire_historic\/wp-json\/wp\/v2\/pages\/4349","targetHints":{"allow":["GET"]}}],"collection":[{"href":"https:\/\/agora.xtec.cat\/cesire_historic\/wp-json\/wp\/v2\/pages"}],"about":[{"href":"https:\/\/agora.xtec.cat\/cesire_historic\/wp-json\/wp\/v2\/types\/page"}],"author":[{"embeddable":true,"href":"https:\/\/agora.xtec.cat\/cesire_historic\/wp-json\/wp\/v2\/users\/1"}],"replies":[{"embeddable":true,"href":"https:\/\/agora.xtec.cat\/cesire_historic\/wp-json\/wp\/v2\/comments?post=4349"}],"version-history":[{"count":4,"href":"https:\/\/agora.xtec.cat\/cesire_historic\/wp-json\/wp\/v2\/pages\/4349\/revisions"}],"predecessor-version":[{"id":4791,"href":"https:\/\/agora.xtec.cat\/cesire_historic\/wp-json\/wp\/v2\/pages\/4349\/revisions\/4791"}],"up":[{"embeddable":true,"href":"https:\/\/agora.xtec.cat\/cesire_historic\/wp-json\/wp\/v2\/pages\/4281"}],"wp:attachment":[{"href":"https:\/\/agora.xtec.cat\/cesire_historic\/wp-json\/wp\/v2\/media?parent=4349"}],"curies":[{"name":"wp","href":"https:\/\/api.w.org\/{rel}","templated":true}]}}