{"id":4339,"date":"2019-01-25T12:38:38","date_gmt":"2019-01-25T11:38:38","guid":{"rendered":"http:\/\/agora.xtec.cat\/cesire_historic\/\/?page_id=4339"},"modified":"2019-09-23T08:53:21","modified_gmt":"2019-09-23T06:53:21","slug":"nou-biaix-el-raco-del-creamat","status":"publish","type":"page","link":"https:\/\/agora.xtec.cat\/cesire_historic\/ambit-matematic\/suport_professorat_mat\/nou-biaix-el-raco-del-creamat\/","title":{"rendered":"Nou Biaix &#8211; El rac\u00f3 del CREAMAT"},"content":{"rendered":"<p>Des de l&#8217;any 2011 una de les seccions fixes de la revista\u00a0<a href=\"https:\/\/sites.google.com\/site\/noubiaix\/home\/biaix-noubiaix\" target=\"_blank\" rel=\"noopener noreferrer\">Nou Biaix<\/a>\u00a0(<a href=\"https:\/\/www.raco.cat\/index.php\/Noubiaix\/index\" target=\"_blank\" rel=\"noopener noreferrer\">enlla\u00e7 alternatiu amb els darrers n\u00fameros<\/a>), editada conjuntament per la <a href=\"http:\/\/blogs.iec.cat\/scm\/\" target=\"_blank\" rel=\"noopener noreferrer\">SCM<\/a>\u00a0i la\u00a0<a href=\"http:\/\/feemcat.org\/\" target=\"_blank\" rel=\"noopener noreferrer\">FEEMCAT<\/a>, \u00e9s\u00a0<em>El rac\u00f3 del CREAMAT<\/em>. Al llarg d&#8217;aquesta anys hem anat presentant diferents accions promogudes pel CESIRE-CREAMAT o algunes en les que hem col\u00b7laborat de forma molt directa. Tamb\u00e9 han aparegut alguns articles de reflexi\u00f3 sobre diferents temes. En aquesta secci\u00f3 trobareu els enlla\u00e7os als articles publicats alliberats per la revista.<\/p>\n<p style=\"text-align: center;\"><img loading=\"lazy\" decoding=\"async\" class=\"aligncenter size-medium wp-image-4326\" src=\"https:\/\/agora.xtec.cat\/cesire_historic\/\/wp-content\/uploads\/usu397\/2019\/01\/customLogo-300x72.gif\" alt=\"\" width=\"300\" height=\"72\" \/><\/p>\n<ul>\n<li><strong>n. 30<\/strong>\u00a0(Setembre 2011)\u00a0<a href=\"https:\/\/agora.xtec.cat\/cesire_historic\/\/wp-content\/uploads\/usu397\/2019\/01\/Elracodelcreamat30arc.pdf\" target=\"_blank\" rel=\"noopener noreferrer\">L&#8217;ARC (Aplicaci\u00f3 de Recobriment Curricular)<\/a><\/li>\n<li><strong>n. 31<\/strong>\u00a0(Juny 2012)\u00a0<a href=\"https:\/\/agora.xtec.cat\/cesire_historic\/\/wp-content\/uploads\/usu397\/2019\/01\/raco_creamat_mmaca.pdf\" target=\"_blank\" rel=\"noopener noreferrer\">El MMACA<\/a><\/li>\n<li><strong>n. 32<\/strong>\u00a0(Abril 2013)\u00a0<a href=\"https:\/\/agora.xtec.cat\/cesire_historic\/\/wp-content\/uploads\/usu397\/2019\/01\/00000076.pdf\" target=\"_blank\" rel=\"noopener noreferrer\">Ponts entre divulgaci\u00f3 i educaci\u00f3 matem\u00e0tica<\/a><\/li>\n<li><strong>n. 33<\/strong>\u00a0(Octubre 2013)\u00a0<a href=\"https:\/\/agora.xtec.cat\/cesire_historic\/\/wp-content\/uploads\/usu397\/2019\/01\/VideoMAT-Matematiques-per-respondre-preguntes.pdf\" target=\"_blank\" rel=\"noopener noreferrer\">V\u00eddeoMAT. Matem\u00e0tiques per respondre preguntes<\/a><\/li>\n<li><strong>n. 34<\/strong>\u00a0(Juny 2014)\u00a0<a href=\"https:\/\/agora.xtec.cat\/cesire_historic\/\/wp-content\/uploads\/usu397\/2019\/01\/El-rac\u00f3-del-cesire-creamat.-SEP-i-PIM-una-oportunitat-per-pensar-hi.pdf\" target=\"_blank\" rel=\"noopener noreferrer\">Continguts clau. SEP i PIM, una oportunitat per pensar-hi<\/a><\/li>\n<li><strong>n. 35<\/strong>\u00a0(Desembre 2014)\u00a0<a href=\"https:\/\/agora.xtec.cat\/cesire_historic\/\/wp-content\/uploads\/usu397\/2019\/01\/00000023.pdf\" target=\"_blank\" rel=\"noopener noreferrer\">Matem\u00e0tiques a la llengua<\/a><\/li>\n<li><strong>n. 36<\/strong>\u00a0(Juny 2015)\u00a0<a href=\"https:\/\/agora.xtec.cat\/cesire_historic\/\/wp-content\/uploads\/usu397\/2019\/01\/11_Cesire-Creamat.pdf\" target=\"_blank\" rel=\"noopener noreferrer\">Impuls: geometria i estad\u00edstica<\/a><\/li>\n<li><strong>n. 37<\/strong>\u00a0(Desembre 2015)\u00a0<a href=\"https:\/\/agora.xtec.cat\/cesire_historic\/\/wp-content\/uploads\/usu397\/2019\/01\/10_Cesire-Creamat.pdf\" target=\"_blank\" rel=\"noopener noreferrer\">Una petita hist\u00f2ria a partir d\u2019un problema aparentment petit<\/a><\/li>\n<li><strong>n. 38<\/strong>\u00a0(Juny 2016)\u00a0<a href=\"https:\/\/agora.xtec.cat\/cesire_historic\/\/wp-content\/uploads\/usu397\/2019\/01\/00000084.pdf\" target=\"_blank\" rel=\"noopener noreferrer\">Les matem\u00e0tiques en els projectes<\/a><\/li>\n<li><strong>n. 39<\/strong>\u00a0(Desembre 2016)\u00a0<a href=\"https:\/\/agora.xtec.cat\/cesire_historic\/\/wp-content\/uploads\/usu397\/2019\/01\/12_CesireCreamat.pdf\" target=\"_blank\" rel=\"noopener noreferrer\">Saber matem\u00e0tiques. Ensenyar matem\u00e0tiques (araMAT)<\/a><\/li>\n<li><strong>n. 40<\/strong>\u00a0(Juliol 2017)\u00a0<a href=\"https:\/\/agora.xtec.cat\/cesire_historic\/\/wp-content\/uploads\/usu397\/2019\/01\/09_CesireCreamat_avaluacio.pdf\" target=\"_blank\" rel=\"noopener noreferrer\">Dimensionant l&#8217;avaluaci\u00f3 per dimensions<\/a><\/li>\n<li>n. 42 (Juliol 2018) <a href=\"https:\/\/agora.xtec.cat\/cesire_historic\/\/wp-content\/uploads\/usu397\/2019\/09\/nou_biaix_42.pdf\" target=\"_blank\" rel=\"noopener noreferrer\">Matem\u00e0tiques i impressi\u00f3 3D<\/a><\/li>\n<\/ul>\n","protected":false},"excerpt":{"rendered":"<p>Des de l&#8217;any 2011 una de les seccions fixes de la revista\u00a0<a href=\"https:\/\/sites.google.com\/site\/noubiaix\/home\/biaix-noubiaix\" target=\"_blank\" rel=\"noopener noreferrer\">Nou Biaix<\/a>\u00a0(<a href=\"https:\/\/www.raco.cat\/index.php\/Noubiaix\/index\" target=\"_blank\" rel=\"noopener noreferrer\">enlla\u00e7 alternatiu amb els darrers n\u00fameros<\/a>), editada conjuntament per la <a href=\"http:\/\/blogs.iec.cat\/scm\/\" target=\"_blank\" rel=\"noopener noreferrer\">SCM<\/a>\u00a0i la\u00a0<a href=\"http:\/\/feemcat.org\/\" target=\"_blank\" rel=\"noopener noreferrer\">FEEMCAT<\/a>, \u00e9s\u00a0El rac\u00f3 del CREAMAT. Al&hellip;  <a href=\"https:\/\/agora.xtec.cat\/cesire_historic\/ambit-matematic\/suport_professorat_mat\/nou-biaix-el-raco-del-creamat\/\" title=\"Read Nou Biaix &#8211; El rac\u00f3 del CREAMAT\">Llegeix m\u00e9s\u00bb<\/a><\/p>\n","protected":false},"author":1,"featured_media":0,"parent":4287,"menu_order":1,"comment_status":"closed","ping_status":"closed","template":"page-templates\/side-menu.php","meta":{"_bbp_topic_count":0,"_bbp_reply_count":0,"_bbp_total_topic_count":0,"_bbp_total_reply_count":0,"_bbp_voice_count":0,"_bbp_anonymous_reply_count":0,"_bbp_topic_count_hidden":0,"_bbp_reply_count_hidden":0,"_bbp_forum_subforum_count":0,"footnotes":""},"class_list":["post-4339","page","type-page","status-publish","hentry"],"post_mailing_queue_ids":[],"_links":{"self":[{"href":"https:\/\/agora.xtec.cat\/cesire_historic\/wp-json\/wp\/v2\/pages\/4339","targetHints":{"allow":["GET"]}}],"collection":[{"href":"https:\/\/agora.xtec.cat\/cesire_historic\/wp-json\/wp\/v2\/pages"}],"about":[{"href":"https:\/\/agora.xtec.cat\/cesire_historic\/wp-json\/wp\/v2\/types\/page"}],"author":[{"embeddable":true,"href":"https:\/\/agora.xtec.cat\/cesire_historic\/wp-json\/wp\/v2\/users\/1"}],"replies":[{"embeddable":true,"href":"https:\/\/agora.xtec.cat\/cesire_historic\/wp-json\/wp\/v2\/comments?post=4339"}],"version-history":[{"count":3,"href":"https:\/\/agora.xtec.cat\/cesire_historic\/wp-json\/wp\/v2\/pages\/4339\/revisions"}],"predecessor-version":[{"id":7582,"href":"https:\/\/agora.xtec.cat\/cesire_historic\/wp-json\/wp\/v2\/pages\/4339\/revisions\/7582"}],"up":[{"embeddable":true,"href":"https:\/\/agora.xtec.cat\/cesire_historic\/wp-json\/wp\/v2\/pages\/4287"}],"wp:attachment":[{"href":"https:\/\/agora.xtec.cat\/cesire_historic\/wp-json\/wp\/v2\/media?parent=4339"}],"curies":[{"name":"wp","href":"https:\/\/api.w.org\/{rel}","templated":true}]}}