{"id":4290,"date":"2019-01-25T12:39:57","date_gmt":"2019-01-25T11:39:57","guid":{"rendered":"http:\/\/agora.xtec.cat\/cesire_historic\/\/?page_id=4290"},"modified":"2020-07-10T12:07:02","modified_gmt":"2020-07-10T10:07:02","slug":"documents-de-suport-al-professorat","status":"publish","type":"page","link":"https:\/\/agora.xtec.cat\/cesire_historic\/ambit-matematic\/suport_professorat_mat\/documents-de-suport-al-professorat\/","title":{"rendered":"Documents de suport al professorat"},"content":{"rendered":"<hr \/>\n<h3><a id=\"curriculum\"><\/a>Curr\u00edculum de matem\u00e0tiques<\/h3>\n<p>Enlla\u00e7os directes als curr\u00edculums de matem\u00e0tiques de les diferents etapes educatives:<\/p>\n<ul>\n<li>Curr\u00edculum d&#8217;educaci\u00f3 prim\u00e0ria:\u00a0<a href=\"https:\/\/agora.xtec.cat\/cesire_historic\/\/wp-content\/uploads\/usu397\/2019\/01\/curriculum-educacio-primaria-82-107.pdf\" target=\"_blank\" rel=\"noopener noreferrer\">\u00c0mbit de matem\u00e0tiques<\/a><\/li>\n<li>Curr\u00edculum d&#8217;ESO:\u00a0<a href=\"http:\/\/www.xtec.cat\/monografics\/documents\/curriculum\/secundaria\/annex4.pdf#_ga=2.151685562.2005738318.1538570111-359819081.1479108656\" target=\"_blank\" rel=\"noopener noreferrer\">\u00c0mbit de matem\u00e0tiques<\/a><\/li>\n<li><a href=\"http:\/\/xtec.gencat.cat\/web\/.content\/alfresco\/d\/d\/workspace\/SpacesStore\/0082\/c5fe6a2e-9a69-4acc-b723-c5d4fe75e7a0\/matematiques.pdf\" target=\"_blank\" rel=\"noopener noreferrer\">Curr\u00edculum de Matem\u00e0tiques de Batxillerat (Modalitat Ci\u00e8ncies i Tecnologia)<\/a><\/li>\n<li><a href=\"http:\/\/xtec.gencat.cat\/web\/.content\/alfresco\/d\/d\/workspace\/SpacesStore\/0090\/dd6f9d38-6b9a-4e77-97ac-53f2bb7f5d80\/matem_aplicades_ciencies_socials.pdf\" target=\"_blank\" rel=\"noopener noreferrer\">Curr\u00edculum de Matem\u00e0tiques de Batxillerat (Modalitat d&#8217;humanitats i ci\u00e8ncies socials)<\/a><\/li>\n<\/ul>\n<p style=\"text-align: center;\"><img loading=\"lazy\" decoding=\"async\" class=\"aligncenter size-medium wp-image-4300\" src=\"https:\/\/agora.xtec.cat\/cesire_historic\/\/wp-content\/uploads\/usu397\/2019\/01\/curriculum-300x226.png\" alt=\"\" width=\"300\" height=\"226\" srcset=\"https:\/\/agora.xtec.cat\/cesire_historic\/wp-content\/uploads\/usu397\/2019\/01\/curriculum-300x226.png 300w, https:\/\/agora.xtec.cat\/cesire_historic\/wp-content\/uploads\/usu397\/2019\/01\/curriculum-200x150.png 200w, https:\/\/agora.xtec.cat\/cesire_historic\/wp-content\/uploads\/usu397\/2019\/01\/curriculum.png 754w\" sizes=\"auto, (max-width: 300px) 100vw, 300px\" \/><\/p>\n<hr \/>\n<h3><a id=\"competencies\"><\/a>Compet\u00e8ncies b\u00e0siques de l&#8217;\u00e0mbit matem\u00e0tic<\/h3>\n<p>Aquests documents d&#8217;orientacions de compet\u00e8ncies b\u00e0siques de l&#8217;\u00e0mbit matem\u00e0tic de l&#8217;educaci\u00f3 prim\u00e0ria i de l&#8217;ESO pretenen ajudar els centres a l&#8217;hora de desenvolupar el curr\u00edculum de l&#8217;\u00e0rea de matem\u00e0tiques.<\/p>\n<p>Els documents contenen les dimensions, les compet\u00e8ncies graduades en tres nivells d&#8217;adquisici\u00f3 al final de l&#8217;etapa, els continguts clau que contribueixen al desenvolupament de cadascuna de les compet\u00e8ncies, i les orientacions metodol\u00f2giques i d&#8217;avaluaci\u00f3.<\/p>\n<p style=\"text-align: center;\"><img loading=\"lazy\" decoding=\"async\" class=\"aligncenter size-full wp-image-4307\" src=\"https:\/\/agora.xtec.cat\/cesire_historic\/\/wp-content\/uploads\/usu397\/2019\/01\/competencies_mates_primaria-tile.png\" alt=\"\" width=\"234\" height=\"160\" \/><\/p>\n<ul>\n<li><a href=\"http:\/\/ensenyament.gencat.cat\/web\/.content\/home\/departament\/publicacions\/colleccions\/competencies-basiques\/primaria\/ambit-matematic.pdf\" target=\"_blank\" rel=\"noopener noreferrer\">Compet\u00e8ncies b\u00e0siques de l&#8217;\u00e0mbit matem\u00e0tic. Educaci\u00f3 prim\u00e0ria<\/a>\u00a0(pdf)<\/li>\n<li><a href=\"http:\/\/ensenyament.gencat.cat\/web\/.content\/home\/departament\/publicacions\/colleccions\/competencies-basiques\/eso\/ambit-matematic.pdf\" target=\"_blank\" rel=\"noopener noreferrer\">Compet\u00e8ncies b\u00e0siques de l&#8217;\u00e0mbit matem\u00e0tic. Educaci\u00f3 secund\u00e0ria obligat\u00f2ria<\/a>\u00a0(pdf)<\/li>\n<\/ul>\n<hr \/>\n<h3><a id=\"indicadors\"><\/a>Indicadors competencials<\/h3>\n<p><strong>T\u00edtol del document:<\/strong>\u00a0Preguntes que poden servir d\u2019indicadors del nivell de riquesa competencial d\u2019una activitat.<\/p>\n<p><strong>Descripci\u00f3 el contingut:<\/strong>\u00a0L&#8217;enfocament competencial del nou curr\u00edculum planteja al professorat la necessitat de valorar fins a quin punt, en les activitats did\u00e0ctiques que desenvolupa, es tracten les compet\u00e8ncies matem\u00e0tiques. En aquest document es presenta una proposta de deu preguntes per formular-se entorn d&#8217;una activitat did\u00e0ctica concreta o d&#8217;una petita seq\u00fc\u00e8ncia d&#8217;activitats que poden orientar al professorat sobre el grau en qu\u00e8 es cultiven les compet\u00e8ncies. Que una activitat sigui rica per desenvolupar les compet\u00e8ncies de l\u2019alumnat dep\u00e8n de com es planteja l\u2019activitat, \u00e9s a dir de les seves caracter\u00edstiques, per\u00f2 tamb\u00e9 de com es gestiona a l\u2019aula. Per aix\u00f2 les deu preguntes s\u2019agrupen en dos blocs.<\/p>\n<p><strong>Autoria:<\/strong>\u00a0CESIRE<\/p>\n<ul>\n<li><a href=\"https:\/\/agora.xtec.cat\/cesire_historic\/\/wp-content\/uploads\/usu397\/2019\/01\/indicadors_competencials.pdf\" target=\"_blank\" rel=\"noopener noreferrer\">Enlla\u00e7 al document<\/a><\/li>\n<\/ul>\n<p style=\"text-align: center;\"><img loading=\"lazy\" decoding=\"async\" class=\"aligncenter size-medium wp-image-4308\" src=\"https:\/\/agora.xtec.cat\/cesire_historic\/\/wp-content\/uploads\/usu397\/2019\/01\/evaluacic3b3n-300x225.jpg\" alt=\"\" width=\"300\" height=\"225\" srcset=\"https:\/\/agora.xtec.cat\/cesire_historic\/wp-content\/uploads\/usu397\/2019\/01\/evaluacic3b3n-300x225.jpg 300w, https:\/\/agora.xtec.cat\/cesire_historic\/wp-content\/uploads\/usu397\/2019\/01\/evaluacic3b3n-200x150.jpg 200w, https:\/\/agora.xtec.cat\/cesire_historic\/wp-content\/uploads\/usu397\/2019\/01\/evaluacic3b3n.jpg 400w\" sizes=\"auto, (max-width: 300px) 100vw, 300px\" \/><\/p>\n<hr \/>\n<h3>Idees centrals de Matem\u00e0tiques (d\u2019Educaci\u00f3 Infantil a CS de Prim\u00e0ria)<\/h3>\n<p style=\"padding-left: 40px;\">&#8220;L\u2019aven\u00e7 en l\u2019aprenentatge de les matem\u00e0tiques implica que l\u2019alumnat estableixi xarxes entre els diferents conceptes i processos que va integrant, perqu\u00e8 les matem\u00e0tiques no s\u00f3n lineals, sin\u00f3 un tot coherent i estretament connectat. En aquest marc de treball prenen rellev\u00e0ncia les <em>Idees Centrals<\/em>&#8220;.<\/p>\n<p>Aquest document ha estat elaborat per Carme Burgu\u00e9s i Tana Serra (Montserrat Torra i Maria Roca en la part d&#8217;infantil).<\/p>\n<p>Podeu mirar les <em>Idees centrals<\/em> com a traject\u00f2ries d&#8217;aprenentatge i les trobareu organitzades de diferents maneres:<\/p>\n<ul>\n<li>Les grans idees centrals de cada cicle, des d&#8217;Educaci\u00f3 Infantil fins al CS de Prim\u00e0ria.<\/li>\n<li>Una vista per Blocs de continguts i la progressi\u00f3 per cicles.<\/li>\n<li>Per cicles amb caracter\u00edstiques. Explicacions curtes que detallen una mica m\u00e9s cada idea central.<\/li>\n<li>Per cicles amb activitats. Exemplificacions d&#8217;activitats relacionades, explicades breument o enlla\u00e7ades a webs o altres documents.<\/li>\n<\/ul>\n<p><img loading=\"lazy\" decoding=\"async\" class=\"aligncenter wp-image-9767\" src=\"https:\/\/agora.xtec.cat\/cesire_historic\/\/wp-content\/uploads\/usu397\/2020\/06\/idd.jpg\" alt=\"\" width=\"283\" height=\"208\" srcset=\"https:\/\/agora.xtec.cat\/cesire_historic\/wp-content\/uploads\/usu397\/2020\/06\/idd.jpg 755w, https:\/\/agora.xtec.cat\/cesire_historic\/wp-content\/uploads\/usu397\/2020\/06\/idd-300x221.jpg 300w\" sizes=\"auto, (max-width: 283px) 100vw, 283px\" \/><\/p>\n<p style=\"text-align: center;\"><a href=\"https:\/\/sites.google.com\/xtec.cat\/idees-centrals-matematiques-ip\/inici\" target=\"_blank\" rel=\"noopener noreferrer\">Enlla\u00e7 al web sobre les Idees Centrals<\/a><\/p>\n<hr \/>\n<h3><a id=\"geometria\"><\/a>Orientacions per a la millora de la geometria (Secund\u00e0ria)<\/h3>\n<p>S\u2019afirma que la matem\u00e0tica \u00e9s la ci\u00e8ncia de la quantitat i de l\u2019espai. Aix\u00ed la geometria, com a estudi de l\u2019espai, \u00e9s una part fonamental de la matem\u00e0tica. Per tal de contribuir a millorar l\u2019assoliment de les compet\u00e8ncies b\u00e0siques en l\u2019\u00e0mbit matem\u00e0tic i despr\u00e9s d\u2019analitzar els resultats de les proves d\u2019avaluaci\u00f3 d\u2019ESO, que mostren una dificultat notable i persistent en el camp de la geometria, el\u00a0<em>Departament d\u2019Ensenyament<\/em>\u00a0publica el document<strong> Orientacions pr\u00e0ctiques per a la millora de la geometria a l\u2019Educaci\u00f3 Secund\u00e0ria Obligat\u00f2ria<\/strong>.<\/p>\n<p><img loading=\"lazy\" decoding=\"async\" class=\"aligncenter size-full wp-image-4302\" src=\"https:\/\/agora.xtec.cat\/cesire_historic\/\/wp-content\/uploads\/usu397\/2019\/01\/article_gro.png\" alt=\"\" width=\"285\" height=\"190\" \/><\/p>\n<p>Per un costat, el treball assenyala possibles l\u00ednies de millora i, per l\u2019altre, concretant aquestes l\u00ednies, aporta una mostra d\u2019activitats d\u2019aula que responen a un enfocament reflexiu, constructiu, experimental i contextualitzat del treball geom\u00e8tric i que es descriuen molt breument. Com a complement de les citades Orientacions, s\u2019ha creat el present espai web on aquestes activitats, classificades segons els blocs curriculars, es desenvolupen amb m\u00e9s detall. En alguns casos (les primeres activitats de cada bloc) les descripcions s\u00f3n molt \u00e0mplies i, en tots els casos, es relacionen amb el camp competencial matem\u00e0tic.<\/p>\n<ul>\n<li><strong>Document<\/strong>:\u00a0<a href=\"http:\/\/www.xtec.cat\/alfresco\/d\/d\/workspace\/SpacesStore\/14114b3a-7752-46c4-9ccb-46542a9b680c\/quaderns31orientacions.pdf\" target=\"_blank\" rel=\"noopener noreferrer\">Orientacions pr\u00e0ctiques per a la millora de la geometria a l\u2019educaci\u00f3 secund\u00e0ria obligat\u00f2ria<\/a><\/li>\n<li><strong>Document<\/strong>:\u00a0<a href=\"http:\/\/www.xtec.cat\/alfresco\/d\/d\/workspace\/SpacesStore\/177077b6-579f-4d87-a4b9-736af982381c\/analisi_resultats_geometria.pdf\" target=\"_blank\" rel=\"noopener noreferrer\">An\u00e0lisi dels resultats en geometria de cinc proves d\u2019avaluaci\u00f3 de compet\u00e8ncia matem\u00e0tica<\/a><\/li>\n<\/ul>\n<p style=\"text-align: center;\"><img loading=\"lazy\" decoding=\"async\" class=\"aligncenter size-full wp-image-4303\" src=\"https:\/\/agora.xtec.cat\/cesire_historic\/\/wp-content\/uploads\/usu397\/2019\/01\/exemples_geometria.jpg\" alt=\"\" width=\"112\" height=\"99\" \/><\/p>\n<p><strong>Exemples d\u2019activitats per a la millora de la geometria a l\u2019ESO<\/strong><\/p>\n<ul>\n<li><a href=\"http:\/\/www.xtec.cat\/web\/curriculum\/eso\/orientacionsgeometria#\" target=\"_blank\" rel=\"noopener noreferrer\">Propostes pel bloc de mesura<\/a><\/li>\n<li><a href=\"http:\/\/www.xtec.cat\/web\/curriculum\/eso\/orientacionsgeometria#\" target=\"_blank\" rel=\"noopener noreferrer\">Propostes pel bloc d&#8217;espai i forma<\/a><\/li>\n<li><a href=\"http:\/\/www.xtec.cat\/web\/curriculum\/eso\/orientacionsgeometria#\" target=\"_blank\" rel=\"noopener noreferrer\">Propostes pel bloc de numeraci\u00f3 i c\u00e0lcul<\/a><\/li>\n<li><a href=\"http:\/\/www.xtec.cat\/web\/curriculum\/eso\/orientacionsgeometria#\" target=\"_blank\" rel=\"noopener noreferrer\">Propostes pel bloc de canvi i relacions<\/a><\/li>\n<li><a href=\"http:\/\/www.xtec.cat\/web\/curriculum\/eso\/orientacionsgeometria#\" target=\"_blank\" rel=\"noopener noreferrer\">Propostes pel bloc d&#8217;estad\u00edstica i atzar<\/a><\/li>\n<\/ul>\n<p><strong>Quaderns d&#8217;avaluci\u00f3 28. Orientacions per a la millora de la geometria a l&#8217;ESO<\/strong><\/p>\n<p>Un altre document interssant per a complementar el trobem al n.28 dels\u00a0<em>Quaderns d&#8217;avaluaci\u00f3<\/em>\u00a0d&#8217;Abril\u00a0de 2014 on,a m\u00e9s de trobar l&#8217;an\u00e0lisi dels resultats de les darreres proves de compet\u00e8ncies\u00a0b\u00e0siques de 4t\u00a0d&#8217;ESO, apareix un article de l&#8217;Anton Aubanell\u00a0amb unes\u00a0orientacions\u00a0b\u00e0siques per a la millora educativa\u00a0en geometria. Els\u00a0<em>Quaderns d&#8217;avaluaci\u00f3<\/em>\u00a0s\u00f3n una publicaci\u00f3 del\u00a0<a href=\"http:\/\/www20.gencat.cat\/portal\/site\/ensenyament\/menuitem.9f81e69a612cc1d2c52845c6b0c0e1a0\/?vgnextoid=b35cf2da8c305110VgnVCM1000000b0c1e0aRCRD&amp;vgnextchannel=b35cf2da8c305110VgnVCM1000000b0c1e0aRCRD\" target=\"_blank\" rel=\"noopener noreferrer\">Consell\u00a0Superior d&#8217;Avaluaci\u00f3 del Sistema Educatiu<\/a>.<\/p>\n<p style=\"text-align: center;\"><img loading=\"lazy\" decoding=\"async\" class=\"aligncenter size-full wp-image-4304\" src=\"https:\/\/agora.xtec.cat\/cesire_historic\/\/wp-content\/uploads\/usu397\/2019\/01\/quaderns28.jpg\" alt=\"\" width=\"150\" height=\"211\" \/><\/p>\n<hr \/>\n<h3><a id=\"common\"><\/a>Est\u00e0ndards comuns per a les matem\u00e0tiques<\/h3>\n<p>Presentem el document\u00a0<strong>Est\u00e0ndards comuns per a les matem\u00e0tiques<\/strong>\u00a0(CCSSI, Common Core State Sandards Initiative for Mathematics), que pel seu gran inter\u00e8s, ha estat tradu\u00eft al catal\u00e0 per iniciativa del\u00a0<strong>creamat<\/strong>. Aquest document, elaborat i adoptat per la gran majoria d\u2019estats dels EUA, el podr\u00edem assimilar a un curr\u00edculum, tot i que no t\u00e9 el mateix valor normatiu.<\/p>\n<p>En la seva presentaci\u00f3 aquests est\u00e0ndards es defieneixen com \u201cel conjunt de coneixements i destreses que l\u2019alumnat hauria d\u2019aconseguir en el per\u00edode d\u2019escolaritzaci\u00f3 que va dels 3 anys fins al final de la secund\u00e0ria\u201d<\/p>\n<p><img loading=\"lazy\" decoding=\"async\" src=\"https:\/\/www.ocps.net\/cs\/services\/cs\/ccs\/PublishingImages\/Common_Core_State_Standards_gif.png\" alt=\"\" width=\"301\" height=\"107\" \/><img loading=\"lazy\" decoding=\"async\" class=\"aligncenter size-medium wp-image-4347\" src=\"https:\/\/agora.xtec.cat\/cesire_historic\/\/wp-content\/uploads\/usu397\/2019\/01\/1371581087_common-core1-300x107.png\" alt=\"\" width=\"300\" height=\"107\" srcset=\"https:\/\/agora.xtec.cat\/cesire_historic\/wp-content\/uploads\/usu397\/2019\/01\/1371581087_common-core1-300x107.png 300w, https:\/\/agora.xtec.cat\/cesire_historic\/wp-content\/uploads\/usu397\/2019\/01\/1371581087_common-core1.png 606w\" sizes=\"auto, (max-width: 300px) 100vw, 300px\" \/><\/p>\n<p>El document es basa en els\u00a0<a href=\"http:\/\/www.nctm.org\/standards\/default.aspx?id=58\" target=\"_blank\" rel=\"noopener noreferrer\"><em>Principles and Standards for School Mathematics<\/em><\/a>\u00a0elaborats per l\u2019<a href=\"http:\/\/www.nctm.org\/\" target=\"_blank\" rel=\"noopener noreferrer\">NCTM<\/a>. Es pot recon\u00e8ixer de forma clara en el seu enfocament, per\u00f2 t\u00e9 el valor afegit d\u2019haver esdevingut un document de refer\u00e8ncia per la seva gran implantaci\u00f3.<\/p>\n<p>A la seva introducci\u00f3 podem llegir:<\/p>\n<p>\u201cAquests est\u00e0ndards defineixen all\u00f2 que els alumnes haurien d\u2019entendre i saber fer quan estudien matem\u00e0tiques. Demanar a un alumne que entengui alguna cosa significa demanar a un professor que avalu\u00ef si l\u2019alumne ho ha ent\u00e8s. Com \u00e9s, per\u00f2, la comprensi\u00f3 matem\u00e0tica? Un distintiu de la comprensi\u00f3 matem\u00e0tica \u00e9s la capacitat de justificar, segons la maduresa matem\u00e0tica de l\u2019alumne, per qu\u00e8 una afirmaci\u00f3 matem\u00e0tica \u00e9s certa o d\u2019on prov\u00e9 una norma matem\u00e0tica.\u201d<\/p>\n<p>De 3 a 14 anys aquests est\u00e0ndards es trobareu organitzats per cursos i, fins als 16, per blocs tem\u00e0tics .<\/p>\n<p>El\u00a0<strong>creamat<\/strong>\u00a0ha gestionat al traducci\u00f3 i obtingut els drets per a la publicaci\u00f3 al nostre web, considerant que pot ser d\u2019inter\u00e8s pel professorat del nostre pa\u00eds.<\/p>\n<ul>\n<li>Document\u00a0<a href=\"https:\/\/agora.xtec.cat\/cesire_historic\/\/wp-content\/uploads\/usu397\/2019\/01\/CCSSI_Math-Standards_CA_REV.pdf\" target=\"_blank\" rel=\"noopener noreferrer\">Est\u00e0ndards comuns per a les matem\u00e0tiques<\/a><\/li>\n<\/ul>\n<p><strong>Enlla\u00e7os<\/strong><\/p>\n<ul>\n<li>P\u00e0gina web del\u00a0<a href=\"http:\/\/www.corestandards.org\/about-the-standards\" target=\"_blank\" rel=\"noopener noreferrer\">Common Core State Standards Initiative<\/a><\/li>\n<li><a href=\"https:\/\/agora.xtec.cat\/cesire_historic\/\/wp-content\/uploads\/usu397\/2019\/01\/processos_NCTM_tales.pdf\" target=\"_blank\" rel=\"noopener noreferrer\">Idees per treballar els processos a totes les etapes<\/a>. Document on trobareu tradu\u00efts al castell\u00e0 alguns cap\u00edtols dels\u00a0<em>Principios y Est\u00e0ndares para la Educaci\u00f3n Matem\u00e1tica del NCTM<\/em><\/li>\n<\/ul>\n<hr \/>\n<p>&nbsp;<\/p>\n","protected":false},"excerpt":{"rendered":"<p><a id=\"curriculum\"><\/a>Curr\u00edculum de matem\u00e0tiques<br \/>\nEnlla\u00e7os directes als curr\u00edculums de matem\u00e0tiques de les diferents etapes educatives:<\/p>\n<ul>\n<li>Curr\u00edculum d&#8217;educaci\u00f3 prim\u00e0ria:\u00a0<a href=\"https:\/\/agora.xtec.cat\/cesire_historic\/\/wp-content\/uploads\/usu397\/2019\/01\/curriculum-educacio-primaria-82-107.pdf\" target=\"_blank\" rel=\"noopener noreferrer\">\u00c0mbit de matem\u00e0tiques<\/a><\/li>\n<li>Curr\u00edculum d&#8217;ESO:\u00a0<a href=\"http:\/\/www.xtec.cat\/monografics\/documents\/curriculum\/secundaria\/annex4.pdf#_ga=2.151685562.2005738318.1538570111-359819081.1479108656\" target=\"_blank\" rel=\"noopener noreferrer\">\u00c0mbit de matem\u00e0tiques<\/a><\/li>\n<li><a href=\"http:\/\/xtec.gencat.cat\/web\/.content\/alfresco\/d\/d\/workspace\/SpacesStore\/0082\/c5fe6a2e-9a69-4acc-b723-c5d4fe75e7a0\/matematiques.pdf\" target=\"_blank\" rel=\"noopener noreferrer\">Curr\u00edculum de Matem\u00e0tiques de Batxillerat (Modalitat Ci\u00e8ncies i Tecnologia)<\/a><\/li>\n<li><a href=\"http:\/\/xtec.gencat.cat\/web\/.content\/alfresco\/d\/d\/workspace\/SpacesStore\/0090\/dd6f9d38-6b9a-4e77-97ac-53f2bb7f5d80\/matem_aplicades_ciencies_socials.pdf\" target=\"_blank\" rel=\"noopener noreferrer\">Curr\u00edculum&hellip;  <a href=\"https:\/\/agora.xtec.cat\/cesire_historic\/ambit-matematic\/suport_professorat_mat\/documents-de-suport-al-professorat\/\" title=\"Read Documents de suport al professorat\">Llegeix m\u00e9s\u00bb<\/a><br \/>\n","protected":false},"author":1,"featured_media":0,"parent":4287,"menu_order":0,"comment_status":"closed","ping_status":"closed","template":"page-templates\/side-menu.php","meta":{"_bbp_topic_count":0,"_bbp_reply_count":0,"_bbp_total_topic_count":0,"_bbp_total_reply_count":0,"_bbp_voice_count":0,"_bbp_anonymous_reply_count":0,"_bbp_topic_count_hidden":0,"_bbp_reply_count_hidden":0,"_bbp_forum_subforum_count":0,"footnotes":""},"class_list":["post-4290","page","type-page","status-publish","hentry"],"post_mailing_queue_ids":[],"_links":{"self":[{"href":"https:\/\/agora.xtec.cat\/cesire_historic\/wp-json\/wp\/v2\/pages\/4290","targetHints":{"allow":["GET"]}}],"collection":[{"href":"https:\/\/agora.xtec.cat\/cesire_historic\/wp-json\/wp\/v2\/pages"}],"about":[{"href":"https:\/\/agora.xtec.cat\/cesire_historic\/wp-json\/wp\/v2\/types\/page"}],"author":[{"embeddable":true,"href":"https:\/\/agora.xtec.cat\/cesire_historic\/wp-json\/wp\/v2\/users\/1"}],"replies":[{"embeddable":true,"href":"https:\/\/agora.xtec.cat\/cesire_historic\/wp-json\/wp\/v2\/comments?post=4290"}],"version-history":[{"count":3,"href":"https:\/\/agora.xtec.cat\/cesire_historic\/wp-json\/wp\/v2\/pages\/4290\/revisions"}],"predecessor-version":[{"id":9771,"href":"https:\/\/agora.xtec.cat\/cesire_historic\/wp-json\/wp\/v2\/pages\/4290\/revisions\/9771"}],"up":[{"embeddable":true,"href":"https:\/\/agora.xtec.cat\/cesire_historic\/wp-json\/wp\/v2\/pages\/4287"}],"wp:attachment":[{"href":"https:\/\/agora.xtec.cat\/cesire_historic\/wp-json\/wp\/v2\/media?parent=4290"}],"curies":[{"name":"wp","href":"https:\/\/api.w.org\/{rel}","templated":true}]}}