{"id":4283,"date":"2019-01-24T14:26:32","date_gmt":"2019-01-24T13:26:32","guid":{"rendered":"http:\/\/agora.xtec.cat\/cesire_historic\/\/?page_id=4283"},"modified":"2020-11-29T19:30:12","modified_gmt":"2020-11-29T18:30:12","slug":"recursos_mat","status":"publish","type":"page","link":"https:\/\/agora.xtec.cat\/cesire_historic\/ambit-matematic\/recursos_mat\/","title":{"rendered":"Recursos per a l&#8217;aula"},"content":{"rendered":"<p>La majoria de recursos per a l&#8217;aula elaborats pel\u00a0CESIRE de l\u2019\u00e0mbit matem\u00e0tic estant recollits a l&#8217;ARC o en forma de <em>campanyes<\/em> i es presenten en un web separat d&#8217;aquest per\u00f2 tamb\u00e9 depenent\u00a0 del CESIRE. En aquesta secci\u00f3 tamb\u00e9 incorporem altres recursos d&#8217;\u00fatilitat com v\u00eddeos, applets destacats, etc.<\/p>\n<figure class=\"figure wp-caption aligncenter\"><img loading=\"lazy\" decoding=\"async\" class=\"wp-image-4492 size-large\" src=\"https:\/\/agora.xtec.cat\/cesire_historic\/\/wp-content\/uploads\/usu397\/2019\/01\/el_humor_es_necesario-1024x163.jpg\" alt=\"\" width=\"1024\" height=\"163\" srcset=\"https:\/\/agora.xtec.cat\/cesire_historic\/wp-content\/uploads\/usu397\/2019\/01\/el_humor_es_necesario-1024x163.jpg 1024w, https:\/\/agora.xtec.cat\/cesire_historic\/wp-content\/uploads\/usu397\/2019\/01\/el_humor_es_necesario-300x48.jpg 300w, https:\/\/agora.xtec.cat\/cesire_historic\/wp-content\/uploads\/usu397\/2019\/01\/el_humor_es_necesario-768x122.jpg 768w, https:\/\/agora.xtec.cat\/cesire_historic\/wp-content\/uploads\/usu397\/2019\/01\/el_humor_es_necesario.jpg 1280w\" sizes=\"auto, (max-width: 1024px) 100vw, 1024px\" \/><figcaption class=\"wp-caption-text\">&#8220;El humor es necesario&#8221; de Tomasa Mart\u00edn<\/figcaption><\/figure>\n<p>&nbsp;<\/p>\n<p style=\"text-align: center;\"><a href=\"https:\/\/sites.google.com\/xtec.cat\/cesire-matematiques-campanyes\/inici\" target=\"_blank\" rel=\"noopener noreferrer\">Web de les campanyes del CESIRE de l\u2019\u00e0mbit matem\u00e0tic<\/a><\/p>\n<p style=\"text-align: center;\"><a href=\"https:\/\/agora.xtec.cat\/cesire_historic\/\/ambit-matematic\/recursos_mat\/videos-matematics\/\">V\u00eddeos<\/a><\/p>\n<p style=\"text-align: center;\"><a href=\"http:\/\/apliense.xtec.cat\/arc\/user\/208\" target=\"_blank\" rel=\"noopener noreferrer\">ARC<\/a><\/p>\n<p style=\"text-align: center;\"><a href=\"http:\/\/agora.xtec.cat\/cesire_historic\/\/efemerides-matematiques\/\" target=\"_blank\" rel=\"noopener noreferrer\">Efem\u00e8rides<\/a><\/p>\n","protected":false},"excerpt":{"rendered":"<p>La majoria de recursos per a l&#8217;aula elaborats pel\u00a0CESIRE de l\u2019\u00e0mbit matem\u00e0tic estant recollits a l&#8217;ARC o en forma de campanyes i es presenten en un web separat d&#8217;aquest per\u00f2 tamb\u00e9 depenent\u00a0 del CESIRE. En aquesta secci\u00f3 tamb\u00e9 incorporem altres recursos d&#8217;\u00fatilitat com v\u00eddeos, applets&hellip;  <a href=\"https:\/\/agora.xtec.cat\/cesire_historic\/ambit-matematic\/recursos_mat\/\" title=\"Read Recursos per a l&#8217;aula\">Llegeix m\u00e9s\u00bb<\/a><\/p>\n","protected":false},"author":1,"featured_media":0,"parent":4281,"menu_order":1,"comment_status":"closed","ping_status":"closed","template":"page-templates\/side-menu.php","meta":{"_bbp_topic_count":0,"_bbp_reply_count":0,"_bbp_total_topic_count":0,"_bbp_total_reply_count":0,"_bbp_voice_count":0,"_bbp_anonymous_reply_count":0,"_bbp_topic_count_hidden":0,"_bbp_reply_count_hidden":0,"_bbp_forum_subforum_count":0,"footnotes":""},"class_list":["post-4283","page","type-page","status-publish","hentry"],"post_mailing_queue_ids":[],"_links":{"self":[{"href":"https:\/\/agora.xtec.cat\/cesire_historic\/wp-json\/wp\/v2\/pages\/4283","targetHints":{"allow":["GET"]}}],"collection":[{"href":"https:\/\/agora.xtec.cat\/cesire_historic\/wp-json\/wp\/v2\/pages"}],"about":[{"href":"https:\/\/agora.xtec.cat\/cesire_historic\/wp-json\/wp\/v2\/types\/page"}],"author":[{"embeddable":true,"href":"https:\/\/agora.xtec.cat\/cesire_historic\/wp-json\/wp\/v2\/users\/1"}],"replies":[{"embeddable":true,"href":"https:\/\/agora.xtec.cat\/cesire_historic\/wp-json\/wp\/v2\/comments?post=4283"}],"version-history":[{"count":4,"href":"https:\/\/agora.xtec.cat\/cesire_historic\/wp-json\/wp\/v2\/pages\/4283\/revisions"}],"predecessor-version":[{"id":10352,"href":"https:\/\/agora.xtec.cat\/cesire_historic\/wp-json\/wp\/v2\/pages\/4283\/revisions\/10352"}],"up":[{"embeddable":true,"href":"https:\/\/agora.xtec.cat\/cesire_historic\/wp-json\/wp\/v2\/pages\/4281"}],"wp:attachment":[{"href":"https:\/\/agora.xtec.cat\/cesire_historic\/wp-json\/wp\/v2\/media?parent=4283"}],"curies":[{"name":"wp","href":"https:\/\/api.w.org\/{rel}","templated":true}]}}