{"id":4039,"date":"2018-09-28T10:35:47","date_gmt":"2018-09-28T08:35:47","guid":{"rendered":"http:\/\/agora.xtec.cat\/cesire_historic\/\/?page_id=4039"},"modified":"2019-04-24T11:26:36","modified_gmt":"2019-04-24T09:26:36","slug":"informacions","status":"publish","type":"page","link":"https:\/\/agora.xtec.cat\/cesire_historic\/ambit-artistic\/informacions\/","title":{"rendered":"Informacions"},"content":{"rendered":"<p style=\"text-align: left;\"><img loading=\"lazy\" decoding=\"async\" class=\"alignright\" src=\"https:\/\/agora.xtec.cat\/cesire_historic\/\/wp-content\/uploads\/usu397\/2019\/04\/CAPC\u0327ALERA-enquesta-C3.png\" alt=\"\" width=\"250\" height=\"83\" \/><\/p>\n<p style=\"text-align: left;\"><img loading=\"lazy\" decoding=\"async\" class=\"alignright\" src=\"https:\/\/agora.xtec.cat\/cesire_historic\/\/wp-content\/uploads\/usu397\/2018\/05\/cesire_art.png\" alt=\"\" width=\"94\" height=\"28\" \/><\/p>\n<p>&nbsp;<\/p>\n<p>&nbsp;<\/p>\n<p style=\"text-align: left;\">Informacions i novetats relacionades amb l&#8217;\u00c0mbit Art\u00edstic<\/p>\n<h4><strong>II Trobada d&#8217;Intercanvi d&#8217;Experi\u00e8ncies Art\u00edstiques<br \/>\n<\/strong><\/h4>\n<p>Itineraris Art\u00edstics Autoplanificats<\/p>\n<h6><strong>Inscripcions: <a href=\"https:\/\/forms.gle\/6bP1v9dAPaBy8KS69\">AQU\u00cd<\/a><br \/>\n<\/strong><\/h6>\n<p>Et convidem a assistir a la <em>II Trobada d&#8217;Intercanvi d&#8217;Experi\u00e8ncies Art\u00edstiques<\/em> en el marc de la formaci\u00f3 dels<em> Itineraris Art\u00edstics Autoplanificats<\/em>. Enguany es presentaran experi\u00e8ncies portades a terme a les 5 formacions d&#8217;aquest curs:<\/p>\n<p>CESIRE. Barcelona.<\/p>\n<p>ST. Lleida<\/p>\n<p>ST. Girona<\/p>\n<p>ST.Vall\u00e8s Oriental I: Granollers, Les Franqueses del Vall\u00e8s i Canovelles<\/p>\n<p>ST. Vall\u00e8s Oriental I: Sabadell<\/p>\n<p>&nbsp;<\/p>\n<p><strong>Quan?<\/strong> Dissabte, 11 de maig de 2019,\u00a0 de 9 a 14h<\/p>\n<p><strong>On?<\/strong> CESIRE. Avinguda de les Drassanes, 10. (08001) Barcelona . <a href=\"https:\/\/www.google.com\/maps\/place\/CESIRE\/@41.3767965,2.1744749,15z\/data=!4m5!3m4!1s0x0:0x339477a5bc8a5efd!8m2!3d41.3767965!4d2.1744749\">Mapa<\/a><\/p>\n<p>&nbsp;<\/p>\n<p>&nbsp;<\/p>\n","protected":false},"excerpt":{"rendered":"<p>&nbsp;<br \/>\n&nbsp;<br \/>\nInformacions i novetats relacionades amb l&#8217;\u00c0mbit Art\u00edstic<br \/>\nII Trobada d&#8217;Intercanvi d&#8217;Experi\u00e8ncies Art\u00edstiques<\/p>\n<p>Itineraris Art\u00edstics Autoplanificats<br \/>\nInscripcions: <a href=\"https:\/\/forms.gle\/6bP1v9dAPaBy8KS69\">AQU\u00cd<\/a><\/p>\n<p>Et convidem a assistir a la II Trobada d&#8217;Intercanvi d&#8217;Experi\u00e8ncies Art\u00edstiques en el marc de la formaci\u00f3 dels Itineraris Art\u00edstics Autoplanificats. Enguany es presentaran experi\u00e8ncies portades a terme a les 5&hellip;  <a href=\"https:\/\/agora.xtec.cat\/cesire_historic\/ambit-artistic\/informacions\/\" title=\"Read Informacions\">Llegeix m\u00e9s\u00bb<\/a><\/p>\n","protected":false},"author":12,"featured_media":0,"parent":4034,"menu_order":0,"comment_status":"closed","ping_status":"closed","template":"page-templates\/side-menu.php","meta":{"_bbp_topic_count":0,"_bbp_reply_count":0,"_bbp_total_topic_count":0,"_bbp_total_reply_count":0,"_bbp_voice_count":0,"_bbp_anonymous_reply_count":0,"_bbp_topic_count_hidden":0,"_bbp_reply_count_hidden":0,"_bbp_forum_subforum_count":0,"footnotes":""},"class_list":["post-4039","page","type-page","status-publish","hentry"],"post_mailing_queue_ids":[],"_links":{"self":[{"href":"https:\/\/agora.xtec.cat\/cesire_historic\/wp-json\/wp\/v2\/pages\/4039","targetHints":{"allow":["GET"]}}],"collection":[{"href":"https:\/\/agora.xtec.cat\/cesire_historic\/wp-json\/wp\/v2\/pages"}],"about":[{"href":"https:\/\/agora.xtec.cat\/cesire_historic\/wp-json\/wp\/v2\/types\/page"}],"author":[{"embeddable":true,"href":"https:\/\/agora.xtec.cat\/cesire_historic\/wp-json\/wp\/v2\/users\/12"}],"replies":[{"embeddable":true,"href":"https:\/\/agora.xtec.cat\/cesire_historic\/wp-json\/wp\/v2\/comments?post=4039"}],"version-history":[{"count":3,"href":"https:\/\/agora.xtec.cat\/cesire_historic\/wp-json\/wp\/v2\/pages\/4039\/revisions"}],"predecessor-version":[{"id":5309,"href":"https:\/\/agora.xtec.cat\/cesire_historic\/wp-json\/wp\/v2\/pages\/4039\/revisions\/5309"}],"up":[{"embeddable":true,"href":"https:\/\/agora.xtec.cat\/cesire_historic\/wp-json\/wp\/v2\/pages\/4034"}],"wp:attachment":[{"href":"https:\/\/agora.xtec.cat\/cesire_historic\/wp-json\/wp\/v2\/media?parent=4039"}],"curies":[{"name":"wp","href":"https:\/\/api.w.org\/{rel}","templated":true}]}}