{"id":39,"date":"2014-09-17T16:36:44","date_gmt":"2014-09-17T14:36:44","guid":{"rendered":"http:\/\/agora.xtec.cat\/cesire_historic\/\/?page_id=39"},"modified":"2020-03-13T13:34:53","modified_gmt":"2020-03-13T12:34:53","slug":"arc","status":"publish","type":"page","link":"https:\/\/agora.xtec.cat\/cesire_historic\/projectes\/arc\/","title":{"rendered":"ARC"},"content":{"rendered":"<p><span style=\"color: #993300;\"><strong>Qu\u00e8 \u00e9s l&#8217;ARC<\/strong><\/span><\/p>\n<p>L\u2019ARC \u00e9s un espai al servei dels mestres i del professorat per compartir propostes docents de qualitat associades a les compet\u00e8ncies b\u00e0siques i al curr\u00edculum que t\u00e9 les seg\u00fcents caracter\u00edstiques:<\/p>\n<ul>\n<li>\u00c9s una plataforma per compartir trossets d\u2019aula, on qui vol pot fer aportacions i tothom pot prendre, adaptar i utilitzar el que necessita.<\/li>\n<li>Acull propostes de proced\u00e8ncia i estils diversos per tal de respectar i donar suport a diferents sensibilitats i necessitats docents.<\/li>\n<li>Utilitza el curr\u00edculum com a organitzador de les propostes i, alhora, el posa en acci\u00f3 facilitant cerques a partir de continguts curriculars, de compet\u00e8ncies i de relacions interdisciplin\u00e0ries.<\/li>\n<\/ul>\n<p><span style=\"color: #993300;\"><strong>Enlla\u00e7 a l&#8217;ARC<\/strong><\/span><\/p>\n<p style=\"text-align: center;\"><a href=\"http:\/\/apliense.xtec.cat\/arc\/\" target=\"_blank\" rel=\"noopener noreferrer\"><img loading=\"lazy\" decoding=\"async\" class=\"alignnone size-medium wp-image-374\" src=\"http:\/\/agora.xtec.cat\/cesire_historic\/\/wp-content\/uploads\/usu397\/2014\/09\/arc_web.png\" alt=\"arc_web\" width=\"134\" height=\"87\" \/><br \/>\n<\/a><a href=\"http:\/\/apliense.xtec.cat\/arc\/\" target=\"_blank\" rel=\"noopener noreferrer\">http:\/\/apliense.xtec.cat\/arc\/<\/a><\/p>\n<p><span style=\"color: #993300;\"><strong>Ajuda a la navegaci\u00f3 i cerca de recursos a l&#8217;ARC<\/strong><\/span><\/p>\n<p style=\"text-align: center;\"><iframe loading=\"lazy\" style=\"border: 1px solid #CCC; border-width: 1px; margin-bottom: 5px; max-width: 100%;\" src=\"\/\/www.slideshare.net\/slideshow\/embed_code\/key\/obir41zwvRO06z\" width=\"425\" height=\"355\" frameborder=\"0\" marginwidth=\"0\" marginheight=\"0\" scrolling=\"no\" allowfullscreen=\"allowfullscreen\"> <\/iframe><\/p>\n<p style=\"text-align: left;\"><span style=\"color: #993300;\"><strong>Compartim<\/strong><\/span><\/p>\n<p>Us animem a participar en aquest projecte col\u00b7lectiu. Si voleu fer arribar les vostres propostes podeu posar-vos en contacte a trav\u00e9s del correu:<\/p>\n<p style=\"text-align: center;\"><a href=\"mailto:cesire@xtec.cat\">cesire@xtec.cat<\/a><\/p>\n","protected":false},"excerpt":{"rendered":"<p>Qu\u00e8 \u00e9s l&#8217;ARC<br \/>\nL\u2019ARC \u00e9s un espai al servei dels mestres i del professorat per compartir propostes docents de qualitat associades a les compet\u00e8ncies b\u00e0siques i al curr\u00edculum que t\u00e9 les seg\u00fcents caracter\u00edstiques:<\/p>\n<ul>\n<li>\u00c9s una plataforma per compartir trossets d\u2019aula, on qui vol pot fer aportacions i&hellip;  <a href=\"https:\/\/agora.xtec.cat\/cesire_historic\/projectes\/arc\/\" title=\"Read ARC\">Llegeix m\u00e9s\u00bb<\/a><br \/>\n","protected":false},"author":1,"featured_media":0,"parent":57,"menu_order":1,"comment_status":"closed","ping_status":"closed","template":"page-templates\/side-menu.php","meta":{"_bbp_topic_count":0,"_bbp_reply_count":0,"_bbp_total_topic_count":0,"_bbp_total_reply_count":0,"_bbp_voice_count":0,"_bbp_anonymous_reply_count":0,"_bbp_topic_count_hidden":0,"_bbp_reply_count_hidden":0,"_bbp_forum_subforum_count":0,"footnotes":""},"class_list":["post-39","page","type-page","status-publish","hentry"],"post_mailing_queue_ids":[],"_links":{"self":[{"href":"https:\/\/agora.xtec.cat\/cesire_historic\/wp-json\/wp\/v2\/pages\/39","targetHints":{"allow":["GET"]}}],"collection":[{"href":"https:\/\/agora.xtec.cat\/cesire_historic\/wp-json\/wp\/v2\/pages"}],"about":[{"href":"https:\/\/agora.xtec.cat\/cesire_historic\/wp-json\/wp\/v2\/types\/page"}],"author":[{"embeddable":true,"href":"https:\/\/agora.xtec.cat\/cesire_historic\/wp-json\/wp\/v2\/users\/1"}],"replies":[{"embeddable":true,"href":"https:\/\/agora.xtec.cat\/cesire_historic\/wp-json\/wp\/v2\/comments?post=39"}],"version-history":[{"count":4,"href":"https:\/\/agora.xtec.cat\/cesire_historic\/wp-json\/wp\/v2\/pages\/39\/revisions"}],"predecessor-version":[{"id":8822,"href":"https:\/\/agora.xtec.cat\/cesire_historic\/wp-json\/wp\/v2\/pages\/39\/revisions\/8822"}],"up":[{"embeddable":true,"href":"https:\/\/agora.xtec.cat\/cesire_historic\/wp-json\/wp\/v2\/pages\/57"}],"wp:attachment":[{"href":"https:\/\/agora.xtec.cat\/cesire_historic\/wp-json\/wp\/v2\/media?parent=39"}],"curies":[{"name":"wp","href":"https:\/\/api.w.org\/{rel}","templated":true}]}}