{"id":3759,"date":"2018-07-02T14:09:51","date_gmt":"2018-07-02T12:09:51","guid":{"rendered":"http:\/\/agora.xtec.cat\/cesire_historic\/\/?page_id=3759"},"modified":"2018-07-12T11:47:47","modified_gmt":"2018-07-12T09:47:47","slug":"escola-provencals-barcelona","status":"publish","type":"page","link":"https:\/\/agora.xtec.cat\/cesire_historic\/ambit-artistic\/transformem-els-centres-deducacio-infantil-i-primaria-amb-les-arts\/escola-provencals-barcelona\/","title":{"rendered":"Escola Proven\u00e7als. Barcelona"},"content":{"rendered":"<p><img loading=\"lazy\" decoding=\"async\" class=\"aligncenter\" title=\"\" src=\"http:\/\/agora.xtec.cat\/cesire_historic\/\/wp-content\/uploads\/usu397\/2018\/07\/proven\u00e7als.jpg\" alt=\"\" width=\"899\" height=\"506\" \/><\/p>\n<p style=\"text-align: center;\">L\u2019Escola Proven\u00e7als \u00e9s una escola ubicada al barri de Sant Mart\u00ed de Barcelona.<\/p>\n<p style=\"text-align: center;\">L\u2019acompanyament de centre es va coordinar des de l\u2019<strong>\u00c0mbit Art\u00edstic del CESIRE<\/strong> i es va dissenyar conjuntament amb l\u2019<strong>equip directiu del centre<\/strong>,\u00a0 el<strong> Servei Educatiu de Sant Mart\u00ed<\/strong> i l&#8217;assessor en <strong>Dimas F\u00e0bregas.<\/strong><\/p>\n<p style=\"text-align: center;\">El projecte de centre va ser orientat a canviar les metodologies de l&#8217;aula a partir de l&#8217;\u00c0mbit Art\u00edstic tot integrant altres \u00e0mbits, en especial el ling\u00fc\u00edstic. Les tasques de l&#8217;aula es van exposar en una exposici\u00f3 final.<\/p>\n<p style=\"text-align: center;\">\r\n\t<div class=\"slideshow_container slideshow_container_style-light\" style=\"height: 300px; \" data-slideshow-id=\"3714\" data-style-name=\"style-light\" data-style-version=\"2.3.1\" >\r\n\r\n\t\t\t\t\t<div class=\"slideshow_loading_icon\"><\/div>\r\n\t\t\r\n\t\t<div class=\"slideshow_content\" style=\"display: none;\">\r\n\r\n\t\t\t<div class=\"slideshow_view\">\r\n\t\t\t\t<div class=\"slideshow_slide slideshow_slide_image\">\r\n\t\t\t\t\t\t\t\t\t\t\t<img src=\"https:\/\/agora.xtec.cat\/cesire_historic\/wp-content\/uploads\/usu397\/2018\/07\/final-3.jpg\" alt=\"final 3\" width=\"917\" height=\"687\" \/>\r\n\t\t\t\t\t\t\t\t\t\t<div class=\"slideshow_description_box slideshow_transparent\">\r\n\t\t\t\t\t\t<div class=\"slideshow_title\">final 3<\/div>\t\t\t\t\t\t\t\t\t\t\t<\/div>\r\n\t\t\t\t<\/div>\r\n\r\n\t\t\t\t\t\t<div style=\"clear: both;\"><\/div><\/div><div class=\"slideshow_view\">\r\n\t\t\t\t<div class=\"slideshow_slide slideshow_slide_image\">\r\n\t\t\t\t\t\t\t\t\t\t\t<img src=\"https:\/\/agora.xtec.cat\/cesire_historic\/wp-content\/uploads\/usu397\/2018\/07\/Dbp2pEFXUAE_LtF.jpg\" alt=\"Dbp2pEFXUAE_LtF\" width=\"1024\" height=\"768\" \/>\r\n\t\t\t\t\t\t\t\t\t\t<div class=\"slideshow_description_box slideshow_transparent\">\r\n\t\t\t\t\t\t<div class=\"slideshow_title\">Dbp2pEFXUAE_LtF<\/div>\t\t\t\t\t\t\t\t\t\t\t<\/div>\r\n\t\t\t\t<\/div>\r\n\r\n\t\t\t\t\t\t<div style=\"clear: both;\"><\/div><\/div><div class=\"slideshow_view\">\r\n\t\t\t\t<div class=\"slideshow_slide slideshow_slide_image\">\r\n\t\t\t\t\t\t\t\t\t\t\t<img src=\"https:\/\/agora.xtec.cat\/cesire_historic\/wp-content\/uploads\/usu397\/2018\/07\/IMG_3949-1.jpg\" alt=\"IMG_3949\" width=\"960\" height=\"720\" \/>\r\n\t\t\t\t\t\t\t\t\t\t<div class=\"slideshow_description_box slideshow_transparent\">\r\n\t\t\t\t\t\t<div class=\"slideshow_title\">IMG_3949<\/div>\t\t\t\t\t\t\t\t\t\t\t<\/div>\r\n\t\t\t\t<\/div>\r\n\r\n\t\t\t\t\t\t<div style=\"clear: both;\"><\/div><\/div><div class=\"slideshow_view\">\r\n\t\t\t\t<div class=\"slideshow_slide slideshow_slide_image\">\r\n\t\t\t\t\t\t\t\t\t\t\t<img src=\"https:\/\/agora.xtec.cat\/cesire_historic\/wp-content\/uploads\/usu397\/2018\/07\/IMG_3948-1.jpg\" alt=\"IMG_3948\" width=\"960\" height=\"720\" \/>\r\n\t\t\t\t\t\t\t\t\t\t<div class=\"slideshow_description_box slideshow_transparent\">\r\n\t\t\t\t\t\t<div class=\"slideshow_title\">IMG_3948<\/div>\t\t\t\t\t\t\t\t\t\t\t<\/div>\r\n\t\t\t\t<\/div>\r\n\r\n\t\t\t\t\t\t<div style=\"clear: both;\"><\/div><\/div><div class=\"slideshow_view\">\r\n\t\t\t\t<div class=\"slideshow_slide slideshow_slide_image\">\r\n\t\t\t\t\t\t\t\t\t\t\t<img src=\"https:\/\/agora.xtec.cat\/cesire_historic\/wp-content\/uploads\/usu397\/2018\/07\/IMG_3947-1.jpg\" alt=\"IMG_3947\" width=\"1024\" height=\"1024\" \/>\r\n\t\t\t\t\t\t\t\t\t\t<div class=\"slideshow_description_box slideshow_transparent\">\r\n\t\t\t\t\t\t<div class=\"slideshow_title\">IMG_3947<\/div>\t\t\t\t\t\t\t\t\t\t\t<\/div>\r\n\t\t\t\t<\/div>\r\n\r\n\t\t\t\t\t\t<div style=\"clear: both;\"><\/div><\/div><div class=\"slideshow_view\">\r\n\t\t\t\t<div class=\"slideshow_slide slideshow_slide_image\">\r\n\t\t\t\t\t\t\t\t\t\t\t<img src=\"https:\/\/agora.xtec.cat\/cesire_historic\/wp-content\/uploads\/usu397\/2018\/07\/final4.jpg\" alt=\"final4\" width=\"689\" height=\"581\" \/>\r\n\t\t\t\t\t\t\t\t\t\t<div class=\"slideshow_description_box slideshow_transparent\">\r\n\t\t\t\t\t\t<div class=\"slideshow_title\">final4<\/div>\t\t\t\t\t\t\t\t\t\t\t<\/div>\r\n\t\t\t\t<\/div>\r\n\r\n\t\t\t\t\t\t<div style=\"clear: both;\"><\/div><\/div><div class=\"slideshow_view\">\r\n\t\t\t\t<div class=\"slideshow_slide slideshow_slide_image\">\r\n\t\t\t\t\t\t\t\t\t\t\t<img src=\"https:\/\/agora.xtec.cat\/cesire_historic\/wp-content\/uploads\/usu397\/2018\/07\/final2.jpg\" alt=\"final2\" width=\"741\" height=\"691\" \/>\r\n\t\t\t\t\t\t\t\t\t\t<div class=\"slideshow_description_box slideshow_transparent\">\r\n\t\t\t\t\t\t<div class=\"slideshow_title\">final2<\/div>\t\t\t\t\t\t\t\t\t\t\t<\/div>\r\n\t\t\t\t<\/div>\r\n\r\n\t\t\t\t\t\t<div style=\"clear: both;\"><\/div><\/div><div class=\"slideshow_view\">\r\n\t\t\t\t<div class=\"slideshow_slide slideshow_slide_image\">\r\n\t\t\t\t\t\t\t\t\t\t\t<img src=\"https:\/\/agora.xtec.cat\/cesire_historic\/wp-content\/uploads\/usu397\/2018\/07\/final-5.jpg\" alt=\"final 5\" width=\"919\" height=\"691\" \/>\r\n\t\t\t\t\t\t\t\t\t\t<div class=\"slideshow_description_box slideshow_transparent\">\r\n\t\t\t\t\t\t<div class=\"slideshow_title\">final 5<\/div>\t\t\t\t\t\t\t\t\t\t\t<\/div>\r\n\t\t\t\t<\/div>\r\n\r\n\t\t\t\t\t\t<div style=\"clear: both;\"><\/div><\/div><div class=\"slideshow_view\">\r\n\t\t\t\t<div class=\"slideshow_slide slideshow_slide_image\">\r\n\t\t\t\t\t\t\t\t\t\t\t<img src=\"https:\/\/agora.xtec.cat\/cesire_historic\/wp-content\/uploads\/usu397\/2018\/07\/IMG_3949.jpg\" alt=\"IMG_3949\" width=\"960\" height=\"720\" \/>\r\n\t\t\t\t\t\t\t\t\t\t<div class=\"slideshow_description_box slideshow_transparent\">\r\n\t\t\t\t\t\t<div class=\"slideshow_title\">IMG_3949<\/div>\t\t\t\t\t\t\t\t\t\t\t<\/div>\r\n\t\t\t\t<\/div>\r\n\r\n\t\t\t\t\t\t<div style=\"clear: both;\"><\/div><\/div><div class=\"slideshow_view\">\r\n\t\t\t\t<div class=\"slideshow_slide slideshow_slide_image\">\r\n\t\t\t\t\t\t\t\t\t\t\t<img src=\"https:\/\/agora.xtec.cat\/cesire_historic\/wp-content\/uploads\/usu397\/2018\/07\/IMG_3948.jpg\" alt=\"IMG_3948\" width=\"960\" height=\"720\" \/>\r\n\t\t\t\t\t\t\t\t\t\t<div class=\"slideshow_description_box slideshow_transparent\">\r\n\t\t\t\t\t\t<div class=\"slideshow_title\">IMG_3948<\/div>\t\t\t\t\t\t\t\t\t\t\t<\/div>\r\n\t\t\t\t<\/div>\r\n\r\n\t\t\t\t\t\t<div style=\"clear: both;\"><\/div><\/div><div class=\"slideshow_view\">\r\n\t\t\t\t<div class=\"slideshow_slide slideshow_slide_image\">\r\n\t\t\t\t\t\t\t\t\t\t\t<img src=\"https:\/\/agora.xtec.cat\/cesire_historic\/wp-content\/uploads\/usu397\/2018\/07\/IMG_3947.jpg\" alt=\"IMG_3947\" width=\"1024\" height=\"1024\" \/>\r\n\t\t\t\t\t\t\t\t\t\t<div class=\"slideshow_description_box slideshow_transparent\">\r\n\t\t\t\t\t\t<div class=\"slideshow_title\">IMG_3947<\/div>\t\t\t\t\t\t\t\t\t\t\t<\/div>\r\n\t\t\t\t<\/div>\r\n\r\n\t\t\t\t\t\t<div style=\"clear: both;\"><\/div><\/div>\r\n\t\t<\/div>\r\n\r\n\t\t<div class=\"slideshow_controlPanel slideshow_transparent\" style=\"display: none;\"><ul><li class=\"slideshow_togglePlay\" data-play-text=\"Visualitza\" data-pause-text=\"Pausa\"><\/li><\/ul><\/div>\r\n\r\n\t\t<div class=\"slideshow_button slideshow_previous slideshow_transparent\" role=\"button\" data-previous-text=\"Anterior\" style=\"display: none;\"><\/div>\r\n\t\t<div class=\"slideshow_button slideshow_next slideshow_transparent\" role=\"button\" data-next-text=\"Seg\u00fcent\" style=\"display: none;\"><\/div>\r\n\r\n\t\t<div class=\"slideshow_pagination\" style=\"display: none;\" data-go-to-text=\"V\u00e9s a la diapositiva\"><div class=\"slideshow_pagination_center\"><\/div><\/div>\r\n\r\n\t\t<!-- WordPress Slideshow Version 2.3.1 -->\r\n\r\n\t\t\t<\/div>\r\n\r\n<\/p>\n<table class=\" aligncenter\" style=\"height: 226px; width: 737px;\">\n<tbody>\n<tr>\n<td style=\"width: 344.45px;\"><img loading=\"lazy\" decoding=\"async\" class=\"\" title=\"\" src=\"http:\/\/agora.xtec.cat\/cesire_historic\/\/wp-content\/uploads\/usu397\/2018\/07\/jornades-proven\u00e7als.jpg\" alt=\"\" width=\"327\" height=\"208\" \/><\/td>\n<td style=\"width: 384.55px;\">Jornades Culturals 2018:<br \/>\n<a href=\"https:\/\/agora.xtec.cat\/ceipprovencals\/general\/jornades-culturals\/\" target=\"_blank\" rel=\"noopener noreferrer\"><strong>L&#8217;Art Contemporani<\/strong><\/a><\/td>\n<\/tr>\n<\/tbody>\n<\/table>\n<table class=\" aligncenter\" style=\"width: 738px; height: 251px;\">\n<tbody>\n<tr style=\"height: 80px;\">\n<td style=\"height: 80px; width: 126.6px; text-align: center;\"><img loading=\"lazy\" decoding=\"async\" title=\"\" src=\"http:\/\/agora.xtec.cat\/cesire_historic\/\/wp-content\/uploads\/usu397\/2018\/07\/ei-proven\u00e7als.jpg\" alt=\"\" width=\"103\" height=\"101\" \/><\/td>\n<td style=\"height: 80px; width: 212.5px; text-align: center;\"><a href=\"http:\/\/escolaprovencalseducacioinfantil.blogspot.com\/?m=1\" target=\"_blank\" rel=\"noopener noreferrer\">Blog Educaci\u00f3 Infantil<br \/>\n<\/a><\/td>\n<td style=\"height: 80px; width: 149.517px; text-align: center;\"><img loading=\"lazy\" decoding=\"async\" class=\"\" title=\"\" src=\"http:\/\/agora.xtec.cat\/cesire_historic\/\/wp-content\/uploads\/usu397\/2018\/07\/cm-proven\u00e7als.jpg\" alt=\"\" width=\"103\" height=\"104\" \/><\/td>\n<td style=\"height: 80px; width: 237.383px; text-align: center;\"><a href=\"http:\/\/escolaprovencalscm.blogspot.com\/2018\/05\/jornades-culturals-2018-iii.html\" target=\"_blank\" rel=\"noopener noreferrer\">Blog Cicle Mitj\u00e0<\/a><\/td>\n<\/tr>\n<tr style=\"height: 80px;\">\n<td style=\"height: 80px; width: 126.6px; text-align: center;\"><img loading=\"lazy\" decoding=\"async\" title=\"\" src=\"http:\/\/agora.xtec.cat\/cesire_historic\/\/wp-content\/uploads\/usu397\/2018\/07\/ci-proven\u00e7als-C\u00f2pia.jpg\" alt=\"\" width=\"108\" height=\"102\" \/><\/td>\n<td style=\"height: 80px; width: 212.5px; text-align: center;\"><a href=\"http:\/\/escolaprovencalsci.blogspot.com\/\" target=\"_blank\" rel=\"noopener noreferrer\">Blog Cicle Inicial<\/a><\/td>\n<td style=\"height: 80px; width: 149.517px; text-align: center;\"><img loading=\"lazy\" decoding=\"async\" class=\"\" title=\"\" src=\"http:\/\/agora.xtec.cat\/cesire_historic\/\/wp-content\/uploads\/usu397\/2018\/07\/cs-proven\u00e7als-C\u00f2pia.jpg\" alt=\"\" width=\"105\" height=\"104\" \/><\/td>\n<td style=\"height: 80px; width: 237.383px; text-align: center;\"><a href=\"http:\/\/escolaprovencalscs.blogspot.com\/2018\/02\/jornades-culturals-2018.html\" target=\"_blank\" rel=\"noopener noreferrer\">Blog Cicle Superior<\/a><\/td>\n<\/tr>\n<\/tbody>\n<\/table>\n<p style=\"text-align: center;\">\n","protected":false},"excerpt":{"rendered":"<p>L\u2019Escola Proven\u00e7als \u00e9s una escola ubicada al barri de Sant Mart\u00ed de Barcelona.<br \/>\nL\u2019acompanyament de centre es va coordinar des de l\u2019\u00c0mbit Art\u00edstic del CESIRE i es va dissenyar conjuntament amb l\u2019equip directiu del centre,\u00a0 el Servei Educatiu de Sant Mart\u00ed i l&#8217;assessor en Dimas F\u00e0bregas.<br \/>\nEl&hellip;  <a href=\"https:\/\/agora.xtec.cat\/cesire_historic\/ambit-artistic\/transformem-els-centres-deducacio-infantil-i-primaria-amb-les-arts\/escola-provencals-barcelona\/\" title=\"Read Escola Proven\u00e7als. Barcelona\">Llegeix m\u00e9s\u00bb<\/a><\/p>\n","protected":false},"author":9,"featured_media":0,"parent":3648,"menu_order":0,"comment_status":"closed","ping_status":"closed","template":"page-templates\/side-menu.php","meta":{"_bbp_topic_count":0,"_bbp_reply_count":0,"_bbp_total_topic_count":0,"_bbp_total_reply_count":0,"_bbp_voice_count":0,"_bbp_anonymous_reply_count":0,"_bbp_topic_count_hidden":0,"_bbp_reply_count_hidden":0,"_bbp_forum_subforum_count":0,"footnotes":""},"class_list":["post-3759","page","type-page","status-publish","hentry"],"post_mailing_queue_ids":[],"_links":{"self":[{"href":"https:\/\/agora.xtec.cat\/cesire_historic\/wp-json\/wp\/v2\/pages\/3759","targetHints":{"allow":["GET"]}}],"collection":[{"href":"https:\/\/agora.xtec.cat\/cesire_historic\/wp-json\/wp\/v2\/pages"}],"about":[{"href":"https:\/\/agora.xtec.cat\/cesire_historic\/wp-json\/wp\/v2\/types\/page"}],"author":[{"embeddable":true,"href":"https:\/\/agora.xtec.cat\/cesire_historic\/wp-json\/wp\/v2\/users\/9"}],"replies":[{"embeddable":true,"href":"https:\/\/agora.xtec.cat\/cesire_historic\/wp-json\/wp\/v2\/comments?post=3759"}],"version-history":[{"count":4,"href":"https:\/\/agora.xtec.cat\/cesire_historic\/wp-json\/wp\/v2\/pages\/3759\/revisions"}],"predecessor-version":[{"id":3956,"href":"https:\/\/agora.xtec.cat\/cesire_historic\/wp-json\/wp\/v2\/pages\/3759\/revisions\/3956"}],"up":[{"embeddable":true,"href":"https:\/\/agora.xtec.cat\/cesire_historic\/wp-json\/wp\/v2\/pages\/3648"}],"wp:attachment":[{"href":"https:\/\/agora.xtec.cat\/cesire_historic\/wp-json\/wp\/v2\/media?parent=3759"}],"curies":[{"name":"wp","href":"https:\/\/api.w.org\/{rel}","templated":true}]}}