{"id":3755,"date":"2018-07-02T14:07:33","date_gmt":"2018-07-02T12:07:33","guid":{"rendered":"http:\/\/agora.xtec.cat\/cesire_historic\/\/?page_id=3755"},"modified":"2018-07-10T15:16:40","modified_gmt":"2018-07-10T13:16:40","slug":"escola-eladi-homs-valls","status":"publish","type":"page","link":"https:\/\/agora.xtec.cat\/cesire_historic\/ambit-artistic\/transformem-els-centres-deducacio-infantil-i-primaria-amb-les-arts\/escola-eladi-homs-valls\/","title":{"rendered":"Escola Eladi Homs. Valls"},"content":{"rendered":"<div align=\"center\">\n<p style=\"text-align: center;\"><img loading=\"lazy\" decoding=\"async\" class=\"aligncenter\" title=\"\" src=\"http:\/\/agora.xtec.cat\/cesire_historic\/\/wp-content\/uploads\/usu397\/2018\/07\/eladihoms.jpg\" alt=\"\" width=\"899\" height=\"506\" \/><\/p>\n<p>L\u2019Escola Eladi Homs \u00e9s una escola de Valls. El centre disposa de cinc aules SIEI fet que confereix un car\u00e0cter especial tant al centre com als seus docents.<\/p>\n<p>L\u2019acompanyament de centre es va coordinar des de l\u2019<strong>\u00c0mbit Art\u00edstic del CESIRE<\/strong> i es va dissenyar conjuntament amb l\u2019<strong>equip directiu del centre<\/strong>, el <strong>Servei Educatiu de l&#8217;Alt Camp<\/strong> i l&#8217;assessora <strong>Montserrat Cortadellas.<\/strong><\/p>\n<p>Es va dissenyar el projecte art\u00edstic a partir del repte:\u00a0 &#8220;Com millorar la pr\u00e0ctica art\u00edstica a partir i vers la inclusi\u00f3&#8221;.\u00a0 Es varen plantejar les arts com a eix transversal tot fent\u00a0 connexions amb altres \u00e0mbits.<\/p>\n<p style=\"text-align: center;\">\r\n\t<div class=\"slideshow_container slideshow_container_style-light\" style=\"height: 300px; \" data-slideshow-id=\"3692\" data-style-name=\"style-light\" data-style-version=\"2.3.1\" >\r\n\r\n\t\t\t\t\t<div class=\"slideshow_loading_icon\"><\/div>\r\n\t\t\r\n\t\t<div class=\"slideshow_content\" style=\"display: none;\">\r\n\r\n\t\t\t<div class=\"slideshow_view\">\r\n\t\t\t\t<div class=\"slideshow_slide slideshow_slide_image\">\r\n\t\t\t\t\t\t\t\t\t\t\t<img src=\"https:\/\/agora.xtec.cat\/cesire_historic\/wp-content\/uploads\/usu397\/2018\/07\/IMG_4054.jpg\" alt=\"IMG_4054\" width=\"720\" height=\"540\" \/>\r\n\t\t\t\t\t\t\t\t\t\t<div class=\"slideshow_description_box slideshow_transparent\">\r\n\t\t\t\t\t\t<div class=\"slideshow_title\">IMG_4054<\/div>\t\t\t\t\t\t\t\t\t\t\t<\/div>\r\n\t\t\t\t<\/div>\r\n\r\n\t\t\t\t\t\t<div style=\"clear: both;\"><\/div><\/div><div class=\"slideshow_view\">\r\n\t\t\t\t<div class=\"slideshow_slide slideshow_slide_image\">\r\n\t\t\t\t\t\t\t\t\t\t\t<img src=\"https:\/\/agora.xtec.cat\/cesire_historic\/wp-content\/uploads\/usu397\/2018\/07\/IMG_4053.jpg\" alt=\"IMG_4053\" width=\"720\" height=\"960\" \/>\r\n\t\t\t\t\t\t\t\t\t\t<div class=\"slideshow_description_box slideshow_transparent\">\r\n\t\t\t\t\t\t<div class=\"slideshow_title\">IMG_4053<\/div>\t\t\t\t\t\t\t\t\t\t\t<\/div>\r\n\t\t\t\t<\/div>\r\n\r\n\t\t\t\t\t\t<div style=\"clear: both;\"><\/div><\/div><div class=\"slideshow_view\">\r\n\t\t\t\t<div class=\"slideshow_slide slideshow_slide_image\">\r\n\t\t\t\t\t\t\t\t\t\t\t<img src=\"https:\/\/agora.xtec.cat\/cesire_historic\/wp-content\/uploads\/usu397\/2018\/07\/IMG_4052.jpg\" alt=\"IMG_4052\" width=\"640\" height=\"477\" \/>\r\n\t\t\t\t\t\t\t\t\t\t<div class=\"slideshow_description_box slideshow_transparent\">\r\n\t\t\t\t\t\t<div class=\"slideshow_title\">IMG_4052<\/div>\t\t\t\t\t\t\t\t\t\t\t<\/div>\r\n\t\t\t\t<\/div>\r\n\r\n\t\t\t\t\t\t<div style=\"clear: both;\"><\/div><\/div><div class=\"slideshow_view\">\r\n\t\t\t\t<div class=\"slideshow_slide slideshow_slide_image\">\r\n\t\t\t\t\t\t\t\t\t\t\t<img src=\"https:\/\/agora.xtec.cat\/cesire_historic\/wp-content\/uploads\/usu397\/2018\/07\/IMG_4060.jpg\" alt=\"IMG_4060\" width=\"720\" height=\"540\" \/>\r\n\t\t\t\t\t\t\t\t\t\t<div class=\"slideshow_description_box slideshow_transparent\">\r\n\t\t\t\t\t\t<div class=\"slideshow_title\">IMG_4060<\/div>\t\t\t\t\t\t\t\t\t\t\t<\/div>\r\n\t\t\t\t<\/div>\r\n\r\n\t\t\t\t\t\t<div style=\"clear: both;\"><\/div><\/div><div class=\"slideshow_view\">\r\n\t\t\t\t<div class=\"slideshow_slide slideshow_slide_image\">\r\n\t\t\t\t\t\t\t\t\t\t\t<img src=\"https:\/\/agora.xtec.cat\/cesire_historic\/wp-content\/uploads\/usu397\/2018\/07\/IMG_4059.jpg\" alt=\"IMG_4059\" width=\"720\" height=\"540\" \/>\r\n\t\t\t\t\t\t\t\t\t\t<div class=\"slideshow_description_box slideshow_transparent\">\r\n\t\t\t\t\t\t<div class=\"slideshow_title\">IMG_4059<\/div>\t\t\t\t\t\t\t\t\t\t\t<\/div>\r\n\t\t\t\t<\/div>\r\n\r\n\t\t\t\t\t\t<div style=\"clear: both;\"><\/div><\/div><div class=\"slideshow_view\">\r\n\t\t\t\t<div class=\"slideshow_slide slideshow_slide_image\">\r\n\t\t\t\t\t\t\t\t\t\t\t<img src=\"https:\/\/agora.xtec.cat\/cesire_historic\/wp-content\/uploads\/usu397\/2018\/07\/IMG_4058.jpg\" alt=\"IMG_4058\" width=\"720\" height=\"540\" \/>\r\n\t\t\t\t\t\t\t\t\t\t<div class=\"slideshow_description_box slideshow_transparent\">\r\n\t\t\t\t\t\t<div class=\"slideshow_title\">IMG_4058<\/div>\t\t\t\t\t\t\t\t\t\t\t<\/div>\r\n\t\t\t\t<\/div>\r\n\r\n\t\t\t\t\t\t<div style=\"clear: both;\"><\/div><\/div><div class=\"slideshow_view\">\r\n\t\t\t\t<div class=\"slideshow_slide slideshow_slide_image\">\r\n\t\t\t\t\t\t\t\t\t\t\t<img src=\"https:\/\/agora.xtec.cat\/cesire_historic\/wp-content\/uploads\/usu397\/2018\/07\/IMG_4057.jpg\" alt=\"IMG_4057\" width=\"720\" height=\"540\" \/>\r\n\t\t\t\t\t\t\t\t\t\t<div class=\"slideshow_description_box slideshow_transparent\">\r\n\t\t\t\t\t\t<div class=\"slideshow_title\">IMG_4057<\/div>\t\t\t\t\t\t\t\t\t\t\t<\/div>\r\n\t\t\t\t<\/div>\r\n\r\n\t\t\t\t\t\t<div style=\"clear: both;\"><\/div><\/div><div class=\"slideshow_view\">\r\n\t\t\t\t<div class=\"slideshow_slide slideshow_slide_image\">\r\n\t\t\t\t\t\t\t\t\t\t\t<img src=\"https:\/\/agora.xtec.cat\/cesire_historic\/wp-content\/uploads\/usu397\/2018\/07\/IMG_4056.jpg\" alt=\"IMG_4056\" width=\"720\" height=\"540\" \/>\r\n\t\t\t\t\t\t\t\t\t\t<div class=\"slideshow_description_box slideshow_transparent\">\r\n\t\t\t\t\t\t<div class=\"slideshow_title\">IMG_4056<\/div>\t\t\t\t\t\t\t\t\t\t\t<\/div>\r\n\t\t\t\t<\/div>\r\n\r\n\t\t\t\t\t\t<div style=\"clear: both;\"><\/div><\/div><div class=\"slideshow_view\">\r\n\t\t\t\t<div class=\"slideshow_slide slideshow_slide_image\">\r\n\t\t\t\t\t\t\t\t\t\t\t<img src=\"https:\/\/agora.xtec.cat\/cesire_historic\/wp-content\/uploads\/usu397\/2018\/07\/IMG_4055.jpg\" alt=\"IMG_4055\" width=\"720\" height=\"540\" \/>\r\n\t\t\t\t\t\t\t\t\t\t<div class=\"slideshow_description_box slideshow_transparent\">\r\n\t\t\t\t\t\t<div class=\"slideshow_title\">IMG_4055<\/div>\t\t\t\t\t\t\t\t\t\t\t<\/div>\r\n\t\t\t\t<\/div>\r\n\r\n\t\t\t\t\t\t<div style=\"clear: both;\"><\/div><\/div>\r\n\t\t<\/div>\r\n\r\n\t\t<div class=\"slideshow_controlPanel slideshow_transparent\" style=\"display: none;\"><ul><li class=\"slideshow_togglePlay\" data-play-text=\"Visualitza\" data-pause-text=\"Pausa\"><\/li><\/ul><\/div>\r\n\r\n\t\t<div class=\"slideshow_button slideshow_previous slideshow_transparent\" role=\"button\" data-previous-text=\"Anterior\" style=\"display: none;\"><\/div>\r\n\t\t<div class=\"slideshow_button slideshow_next slideshow_transparent\" role=\"button\" data-next-text=\"Seg\u00fcent\" style=\"display: none;\"><\/div>\r\n\r\n\t\t<div class=\"slideshow_pagination\" style=\"display: none;\" data-go-to-text=\"V\u00e9s a la diapositiva\"><div class=\"slideshow_pagination_center\"><\/div><\/div>\r\n\r\n\t\t<!-- WordPress Slideshow Version 2.3.1 -->\r\n\r\n\t\t\t<\/div>\r\n\r\n<\/p>\n<table>\n<tbody>\n<tr>\n<td><a href=\"https:\/\/www.facebook.com\/EscolaEladiHoms\/\" target=\"_blank\" rel=\"noopener noreferrer\"><img loading=\"lazy\" decoding=\"async\" class=\"\" title=\"\" src=\"http:\/\/agora.xtec.cat\/cesire_historic\/\/wp-content\/uploads\/usu397\/2018\/07\/eladihoms-fb.jpg\" alt=\"\" width=\"145\" height=\"203\" \/><\/a><\/td>\n<td><a href=\"https:\/\/www.facebook.com\/EscolaEladiHoms\/\" target=\"_blank\" rel=\"noopener noreferrer\">Escola Eladi Homs . Facebook<\/a><\/p>\n<p><a href=\"http:\/\/www.xtec.cat\/ceip-eladihoms-valls\/index.htm\" target=\"_blank\" rel=\"noopener noreferrer\">Escola Eladi Homs . Web (en revisi\u00f3)<\/a><\/p>\n<p><a href=\"https:\/\/www.facebook.com\/EscolaEladiHoms\/posts\/1748251455240472\" target=\"_blank\" rel=\"noopener noreferrer\">Twitter<\/a><\/td>\n<\/tr>\n<\/tbody>\n<\/table>\n<table style=\"width: 616px;\">\n<tbody>\n<tr style=\"height: 77px;\">\n<td style=\"width: 95px; height: 77px;\"><img loading=\"lazy\" decoding=\"async\" class=\"\" title=\"\" src=\"http:\/\/agora.xtec.cat\/cesire_historic\/\/wp-content\/uploads\/usu397\/2018\/07\/eladihomsEI.jpg\" alt=\"\" width=\"57\" height=\"57\" \/><\/td>\n<td style=\"width: 189px; height: 77px;\"><a href=\"https:\/\/www.facebook.com\/media\/set\/?set=a.1863379020394381.1073742047.259334400798859&amp;type=1&amp;l=e45edd272e\" target=\"_blank\" rel=\"noopener noreferrer\">Educaci\u00f3 Infantil<\/a><br \/>\nExperimentaci\u00f3 amb el color i els materials<\/td>\n<td style=\"width: 84px; height: 77px;\"><img loading=\"lazy\" decoding=\"async\" class=\"\" title=\"\" src=\"http:\/\/agora.xtec.cat\/cesire_historic\/\/wp-content\/uploads\/usu397\/2018\/07\/eladihomsci.jpg\" alt=\"\" width=\"78\" height=\"68\" \/><\/td>\n<td style=\"width: 234px; height: 77px;\"><a href=\"https:\/\/www.facebook.com\/media\/set\/?set=a.1713780952020856.1073742022.259334400798859&amp;type=1&amp;l=9078afb594\" target=\"_blank\" rel=\"noopener noreferrer\">Cicle Mitj\u00e0<\/a><br \/>\nExperimentaci\u00f3 amb materials naturals<\/td>\n<\/tr>\n<tr style=\"height: 97px;\">\n<td style=\"width: 95px; height: 97px;\"><img loading=\"lazy\" decoding=\"async\" class=\"\" src=\"http:\/\/agora.xtec.cat\/cesire_historic\/\/wp-content\/uploads\/usu397\/2018\/07\/eladihomscm.jpg\" width=\"58\" height=\"58\" \/><\/td>\n<td style=\"width: 189px; height: 97px;\"><a href=\"https:\/\/www.facebook.com\/EscolaEladiHoms\/posts\/1745763388822612\" target=\"_blank\" rel=\"noopener noreferrer\">Cicle Inicial<\/a><br \/>\nEl pati de la nostra escola i la creativitat<\/td>\n<td style=\"width: 84px; height: 97px;\">\u00a0<img loading=\"lazy\" decoding=\"async\" title=\"\" src=\"http:\/\/agora.xtec.cat\/cesire_historic\/\/wp-content\/uploads\/usu397\/2018\/07\/IMG_4209.jpg\" alt=\"\" width=\"65\" height=\"61\" \/><\/td>\n<td style=\"width: 234px; height: 97px;\"><a href=\"https:\/\/www.facebook.com\/pg\/EscolaEladiHoms\/photos\/?tab=album&amp;album_id=1265894063476216\" target=\"_blank\" rel=\"noopener noreferrer\">Cicle Superior<\/a><br \/>\nArt Povera i LandArt a l&#8217;escola<\/td>\n<\/tr>\n<\/tbody>\n<\/table>\n<p style=\"text-align: center;\">\n<\/div>\n<p>&nbsp;<\/p>\n","protected":false},"excerpt":{"rendered":"<p>L\u2019Escola Eladi Homs \u00e9s una escola de Valls. El centre disposa de cinc aules SIEI fet que confereix un car\u00e0cter especial tant al centre com als seus docents.<br \/>\nL\u2019acompanyament de centre es va coordinar des de l\u2019\u00c0mbit Art\u00edstic del CESIRE i es va dissenyar conjuntament amb&hellip;  <a href=\"https:\/\/agora.xtec.cat\/cesire_historic\/ambit-artistic\/transformem-els-centres-deducacio-infantil-i-primaria-amb-les-arts\/escola-eladi-homs-valls\/\" title=\"Read Escola Eladi Homs. Valls\">Llegeix m\u00e9s\u00bb<\/a><\/p>\n","protected":false},"author":9,"featured_media":0,"parent":3648,"menu_order":0,"comment_status":"closed","ping_status":"closed","template":"page-templates\/side-menu.php","meta":{"_bbp_topic_count":0,"_bbp_reply_count":0,"_bbp_total_topic_count":0,"_bbp_total_reply_count":0,"_bbp_voice_count":0,"_bbp_anonymous_reply_count":0,"_bbp_topic_count_hidden":0,"_bbp_reply_count_hidden":0,"_bbp_forum_subforum_count":0,"footnotes":""},"class_list":["post-3755","page","type-page","status-publish","hentry"],"post_mailing_queue_ids":[],"_links":{"self":[{"href":"https:\/\/agora.xtec.cat\/cesire_historic\/wp-json\/wp\/v2\/pages\/3755","targetHints":{"allow":["GET"]}}],"collection":[{"href":"https:\/\/agora.xtec.cat\/cesire_historic\/wp-json\/wp\/v2\/pages"}],"about":[{"href":"https:\/\/agora.xtec.cat\/cesire_historic\/wp-json\/wp\/v2\/types\/page"}],"author":[{"embeddable":true,"href":"https:\/\/agora.xtec.cat\/cesire_historic\/wp-json\/wp\/v2\/users\/9"}],"replies":[{"embeddable":true,"href":"https:\/\/agora.xtec.cat\/cesire_historic\/wp-json\/wp\/v2\/comments?post=3755"}],"version-history":[{"count":4,"href":"https:\/\/agora.xtec.cat\/cesire_historic\/wp-json\/wp\/v2\/pages\/3755\/revisions"}],"predecessor-version":[{"id":3940,"href":"https:\/\/agora.xtec.cat\/cesire_historic\/wp-json\/wp\/v2\/pages\/3755\/revisions\/3940"}],"up":[{"embeddable":true,"href":"https:\/\/agora.xtec.cat\/cesire_historic\/wp-json\/wp\/v2\/pages\/3648"}],"wp:attachment":[{"href":"https:\/\/agora.xtec.cat\/cesire_historic\/wp-json\/wp\/v2\/media?parent=3755"}],"curies":[{"name":"wp","href":"https:\/\/api.w.org\/{rel}","templated":true}]}}