{"id":3684,"date":"2018-07-02T09:14:06","date_gmt":"2018-07-02T07:14:06","guid":{"rendered":"http:\/\/agora.xtec.cat\/cesire_historic\/\/?page_id=3684"},"modified":"2018-07-10T15:31:03","modified_gmt":"2018-07-10T13:31:03","slug":"escola-els-pins-barcelona","status":"publish","type":"page","link":"https:\/\/agora.xtec.cat\/cesire_historic\/ambit-artistic\/transformem-els-centres-deducacio-infantil-i-primaria-amb-les-arts\/escola-els-pins-barcelona\/","title":{"rendered":"Escola Els Pins. Barcelona"},"content":{"rendered":"<p style=\"text-align: center;\"><img loading=\"lazy\" decoding=\"async\" class=\"aligncenter\" title=\"\" src=\"http:\/\/agora.xtec.cat\/cesire_historic\/\/wp-content\/uploads\/usu397\/2018\/07\/elspins.jpg\" alt=\"\" width=\"899\" height=\"506\" \/><\/p>\n<p style=\"text-align: center;\">L\u2019Escola els Pins \u00e9s una escola amb un entorn privilegiat ubicada dins del recinte de les Llars Mundet.<\/p>\n<p style=\"text-align: center;\">L&#8217;acompanyament de centre es va coordinar des de l&#8217;<strong>\u00c0mbit Art\u00edstic del CESIRE<\/strong> i es va dissenyar conjuntament amb l&#8217;<strong>equip directiu del centre<\/strong>,\u00a0 el <strong>Servei Educatiu d&#8217;Horta-Guinard\u00f3<\/strong> i l&#8217;assessor<strong> David Creus.<\/strong><\/p>\n<p style=\"text-align: center;\">Aprofitant l&#8217;entorn natural i cultural de l&#8217;escola, es va dissenyar el projecte de centre en relaci\u00f3 a l&#8217;entorn proper. Cada nivell va plantejar projectes per nivells educatius que tinguessin les Arts com a eix transversal fent connexions amb altres \u00e0mbits i d&#8217;una manera especial amb el matem\u00e0tic.<\/p>\n<p style=\"text-align: center;\">\r\n\t<div class=\"slideshow_container slideshow_container_style-light\" style=\"height: 300px; \" data-slideshow-id=\"3686\" data-style-name=\"style-light\" data-style-version=\"2.3.1\" >\r\n\r\n\t\t\t\t\t<div class=\"slideshow_loading_icon\"><\/div>\r\n\t\t\r\n\t\t<div class=\"slideshow_content\" style=\"display: none;\">\r\n\r\n\t\t\t<div class=\"slideshow_view\">\r\n\t\t\t\t<div class=\"slideshow_slide slideshow_slide_image\">\r\n\t\t\t\t\t\t\t\t\t\t\t<img src=\"https:\/\/agora.xtec.cat\/cesire_historic\/wp-content\/uploads\/usu397\/2018\/07\/pins-1.jpg\" alt=\"pins 1\" width=\"2656\" height=\"1494\" \/>\r\n\t\t\t\t\t\t\t\t\t\t<div class=\"slideshow_description_box slideshow_transparent\">\r\n\t\t\t\t\t\t<div class=\"slideshow_title\">pins 1<\/div>\t\t\t\t\t\t\t\t\t\t\t<\/div>\r\n\t\t\t\t<\/div>\r\n\r\n\t\t\t\t\t\t<div style=\"clear: both;\"><\/div><\/div><div class=\"slideshow_view\">\r\n\t\t\t\t<div class=\"slideshow_slide slideshow_slide_image\">\r\n\t\t\t\t\t\t\t\t\t\t\t<img src=\"https:\/\/agora.xtec.cat\/cesire_historic\/wp-content\/uploads\/usu397\/2018\/07\/pins2.jpg\" alt=\"pins2\" width=\"2656\" height=\"1494\" \/>\r\n\t\t\t\t\t\t\t\t\t\t<div class=\"slideshow_description_box slideshow_transparent\">\r\n\t\t\t\t\t\t<div class=\"slideshow_title\">pins2<\/div>\t\t\t\t\t\t\t\t\t\t\t<\/div>\r\n\t\t\t\t<\/div>\r\n\r\n\t\t\t\t\t\t<div style=\"clear: both;\"><\/div><\/div><div class=\"slideshow_view\">\r\n\t\t\t\t<div class=\"slideshow_slide slideshow_slide_image\">\r\n\t\t\t\t\t\t\t\t\t\t\t<img src=\"https:\/\/agora.xtec.cat\/cesire_historic\/wp-content\/uploads\/usu397\/2018\/07\/pins3.jpg\" alt=\"pins3\" width=\"2656\" height=\"1494\" \/>\r\n\t\t\t\t\t\t\t\t\t\t<div class=\"slideshow_description_box slideshow_transparent\">\r\n\t\t\t\t\t\t<div class=\"slideshow_title\">pins3<\/div>\t\t\t\t\t\t\t\t\t\t\t<\/div>\r\n\t\t\t\t<\/div>\r\n\r\n\t\t\t\t\t\t<div style=\"clear: both;\"><\/div><\/div><div class=\"slideshow_view\">\r\n\t\t\t\t<div class=\"slideshow_slide slideshow_slide_image\">\r\n\t\t\t\t\t\t\t\t\t\t\t<img src=\"https:\/\/agora.xtec.cat\/cesire_historic\/wp-content\/uploads\/usu397\/2018\/07\/OIVC5611.jpg\" alt=\"OIVC5611\" width=\"1600\" height=\"903\" \/>\r\n\t\t\t\t\t\t\t\t\t\t<div class=\"slideshow_description_box slideshow_transparent\">\r\n\t\t\t\t\t\t<div class=\"slideshow_title\">OIVC5611<\/div>\t\t\t\t\t\t\t\t\t\t\t<\/div>\r\n\t\t\t\t<\/div>\r\n\r\n\t\t\t\t\t\t<div style=\"clear: both;\"><\/div><\/div><div class=\"slideshow_view\">\r\n\t\t\t\t<div class=\"slideshow_slide slideshow_slide_image\">\r\n\t\t\t\t\t\t\t\t\t\t\t<img src=\"https:\/\/agora.xtec.cat\/cesire_historic\/wp-content\/uploads\/usu397\/2018\/07\/KMIH0477.jpg\" alt=\"KMIH0477\" width=\"1600\" height=\"903\" \/>\r\n\t\t\t\t\t\t\t\t\t\t<div class=\"slideshow_description_box slideshow_transparent\">\r\n\t\t\t\t\t\t<div class=\"slideshow_title\">KMIH0477<\/div>\t\t\t\t\t\t\t\t\t\t\t<\/div>\r\n\t\t\t\t<\/div>\r\n\r\n\t\t\t\t\t\t<div style=\"clear: both;\"><\/div><\/div><div class=\"slideshow_view\">\r\n\t\t\t\t<div class=\"slideshow_slide slideshow_slide_image\">\r\n\t\t\t\t\t\t\t\t\t\t\t<img src=\"https:\/\/agora.xtec.cat\/cesire_historic\/wp-content\/uploads\/usu397\/2018\/07\/IDPB5999.jpg\" alt=\"IDPB5999\" width=\"1600\" height=\"903\" \/>\r\n\t\t\t\t\t\t\t\t\t\t<div class=\"slideshow_description_box slideshow_transparent\">\r\n\t\t\t\t\t\t<div class=\"slideshow_title\">IDPB5999<\/div>\t\t\t\t\t\t\t\t\t\t\t<\/div>\r\n\t\t\t\t<\/div>\r\n\r\n\t\t\t\t\t\t<div style=\"clear: both;\"><\/div><\/div><div class=\"slideshow_view\">\r\n\t\t\t\t<div class=\"slideshow_slide slideshow_slide_image\">\r\n\t\t\t\t\t\t\t\t\t\t\t<img src=\"https:\/\/agora.xtec.cat\/cesire_historic\/wp-content\/uploads\/usu397\/2018\/07\/CJRG5567.jpg\" alt=\"CJRG5567\" width=\"1600\" height=\"903\" \/>\r\n\t\t\t\t\t\t\t\t\t\t<div class=\"slideshow_description_box slideshow_transparent\">\r\n\t\t\t\t\t\t<div class=\"slideshow_title\">CJRG5567<\/div>\t\t\t\t\t\t\t\t\t\t\t<\/div>\r\n\t\t\t\t<\/div>\r\n\r\n\t\t\t\t\t\t<div style=\"clear: both;\"><\/div><\/div><div class=\"slideshow_view\">\r\n\t\t\t\t<div class=\"slideshow_slide slideshow_slide_image\">\r\n\t\t\t\t\t\t\t\t\t\t\t<img src=\"https:\/\/agora.xtec.cat\/cesire_historic\/wp-content\/uploads\/usu397\/2018\/07\/VFIK6023.jpg\" alt=\"VFIK6023\" width=\"1600\" height=\"903\" \/>\r\n\t\t\t\t\t\t\t\t\t\t<div class=\"slideshow_description_box slideshow_transparent\">\r\n\t\t\t\t\t\t<div class=\"slideshow_title\">VFIK6023<\/div>\t\t\t\t\t\t\t\t\t\t\t<\/div>\r\n\t\t\t\t<\/div>\r\n\r\n\t\t\t\t\t\t<div style=\"clear: both;\"><\/div><\/div>\r\n\t\t<\/div>\r\n\r\n\t\t<div class=\"slideshow_controlPanel slideshow_transparent\" style=\"display: none;\"><ul><li class=\"slideshow_togglePlay\" data-play-text=\"Visualitza\" data-pause-text=\"Pausa\"><\/li><\/ul><\/div>\r\n\r\n\t\t<div class=\"slideshow_button slideshow_previous slideshow_transparent\" role=\"button\" data-previous-text=\"Anterior\" style=\"display: none;\"><\/div>\r\n\t\t<div class=\"slideshow_button slideshow_next slideshow_transparent\" role=\"button\" data-next-text=\"Seg\u00fcent\" style=\"display: none;\"><\/div>\r\n\r\n\t\t<div class=\"slideshow_pagination\" style=\"display: none;\" data-go-to-text=\"V\u00e9s a la diapositiva\"><div class=\"slideshow_pagination_center\"><\/div><\/div>\r\n\r\n\t\t<!-- WordPress Slideshow Version 2.3.1 -->\r\n\r\n\t\t\t<\/div>\r\n\r\n<\/p>\n<div align=\"center\">\n<table class=\" aligncenter\" style=\"width: 531px;\">\n<tbody>\n<tr style=\"height: 327px;\">\n<td style=\"width: 159px; height: 327px;\" scope=\"col\" align=\"center\" valign=\"top\">\n<p align=\"center\"><strong>P3<\/strong><\/p>\n<p>\u00a0<img loading=\"lazy\" decoding=\"async\" class=\"\" title=\"\" src=\"http:\/\/agora.xtec.cat\/cesire_historic\/\/wp-content\/uploads\/usu397\/2018\/07\/p3.jpg\" alt=\"\" width=\"123\" height=\"128\" \/><\/p>\n<p><a href=\"https:\/\/agora.xtec.cat\/ceipmelspins\/general\/projecte-p3-el-teatre-i-els-titelles\/\">&#8220;El teatre i els titelles&#8221;<\/a><\/td>\n<th style=\"width: 207px; height: 327px;\" scope=\"col\" valign=\"top\"><strong>P4<\/strong><\/p>\n<p><img loading=\"lazy\" decoding=\"async\" class=\"\" src=\"http:\/\/agora.xtec.cat\/cesire_historic\/\/wp-content\/uploads\/usu397\/2018\/07\/sol-i-lluna.jpg\" width=\"105\" height=\"94\" \/><\/p>\n<p><a href=\"https:\/\/agora.xtec.cat\/ceipmelspins\/general\/projecte-p4-els-sol-i-la-lluna-i-els-cargols\/\">&#8220;El Sol i la Lluna&#8221;<\/a><\/p>\n<p><img loading=\"lazy\" decoding=\"async\" class=\"\" src=\"http:\/\/agora.xtec.cat\/cesire_historic\/\/wp-content\/uploads\/usu397\/2018\/07\/cargols.jpg\" width=\"99\" height=\"93\" \/><\/p>\n<p><a href=\"https:\/\/agora.xtec.cat\/ceipmelspins\/categoria\/infantil\/p4\/\">&#8220;Els Cargols&#8221;<\/a><\/th>\n<th style=\"width: 154px; height: 327px;\" scope=\"col\" valign=\"top\"><strong>P5<\/strong><\/p>\n<p><img loading=\"lazy\" decoding=\"async\" class=\"\" src=\"http:\/\/agora.xtec.cat\/cesire_historic\/\/wp-content\/uploads\/usu397\/2018\/07\/p5.jpg\" width=\"114\" height=\"146\" \/><\/p>\n<p><a href=\"https:\/\/agora.xtec.cat\/ceipmelspins\/general\/un-bosc-de-petjades\/\">&#8220;Un bosc de petjades&#8221;<\/a><\/th>\n<\/tr>\n<tr style=\"height: 32px;\">\n<th style=\"width: 159px; height: 32px;\" scope=\"col\" valign=\"top\"><strong>1r<\/strong><\/p>\n<p><img loading=\"lazy\" decoding=\"async\" class=\"\" src=\"http:\/\/agora.xtec.cat\/cesire_historic\/\/wp-content\/uploads\/usu397\/2018\/07\/1.jpg\" width=\"116\" height=\"116\" \/><\/p>\n<p><a href=\"https:\/\/agora.xtec.cat\/ceipmelspins\/categoria\/primaria\/1r\/\">&#8220;La m\u00e0gia&#8221;<\/a><\/p>\n<p>&nbsp;<\/th>\n<th style=\"width: 207px; height: 32px;\" scope=\"col\" valign=\"top\"><strong><em style=\"font-style: normal;\">2n<\/em><\/strong><\/p>\n<p><img loading=\"lazy\" decoding=\"async\" class=\"\" src=\"http:\/\/agora.xtec.cat\/cesire_historic\/\/wp-content\/uploads\/usu397\/2018\/07\/2-1.jpg\" width=\"147\" height=\"118\" \/><\/p>\n<p>Projecte i Repte:<br \/>\nArt a les Llars Mundet.<\/p>\n<p>Fem una Exposici\u00f3!<\/th>\n<th style=\"width: 154px; height: 32px;\" scope=\"col\" valign=\"top\"><strong>3r<\/strong><\/p>\n<p><img loading=\"lazy\" decoding=\"async\" class=\"\" src=\"http:\/\/agora.xtec.cat\/cesire_historic\/\/wp-content\/uploads\/usu397\/2018\/07\/3-1.jpg\" width=\"152\" height=\"120\" \/><\/p>\n<p><a href=\"https:\/\/agora.xtec.cat\/ceipmelspins\/general\/fem-descultors-i-escultores\/\">&#8220;Fem d&#8217;escultors i escultores!&#8221;<\/a><\/p>\n<p>Repte: Fem una confer\u00e8ncia del qu\u00e8 hem apr\u00e8s del 3D<\/th>\n<\/tr>\n<tr style=\"height: 234px;\">\n<th style=\"width: 159px; height: 234px;\" scope=\"col\" valign=\"top\"><strong>4t<\/strong><\/p>\n<p><img loading=\"lazy\" decoding=\"async\" class=\"\" src=\"http:\/\/agora.xtec.cat\/cesire_historic\/\/wp-content\/uploads\/usu397\/2018\/07\/4-1.jpg\" width=\"120\" height=\"125\" \/><\/p>\n<p><a href=\"https:\/\/agora.xtec.cat\/ceipmelspins\/general\/projecte-4t-trencadis\/\">&#8220;El trencad\u00eds de l&#8217;escola&#8221;<\/a><\/th>\n<th style=\"width: 207px; height: 234px;\" scope=\"col\" valign=\"top\"><strong>5\u00e8<\/strong><\/p>\n<p><img loading=\"lazy\" decoding=\"async\" class=\"\" title=\"\" src=\"http:\/\/agora.xtec.cat\/cesire_historic\/\/wp-content\/uploads\/usu397\/2018\/07\/pins-1.jpg\" alt=\"\" width=\"189\" height=\"106\" \/><\/p>\n<p><a href=\"https:\/\/agora.xtec.cat\/ceipmelspins\/categoria\/primaria\/5e\/page\/2\/\">ART i Matem\u00e0tiques<\/a><\/p>\n<p><a href=\"https:\/\/agora.xtec.cat\/ceipmelspins\/categoria\/primaria\/5e\/page\/2\/\">&#8220;Exposici\u00f3 de Fotografia matem\u00e0tica&#8221;<\/a><\/th>\n<th style=\"vertical-align: top; width: 154px; height: 234px;\" scope=\"col\">\n<p style=\"text-align: center;\"><strong>6\u00e8<\/strong><\/p>\n<p style=\"text-align: center;\">\u00a0<img loading=\"lazy\" decoding=\"async\" class=\"\" src=\"http:\/\/agora.xtec.cat\/cesire_historic\/\/wp-content\/uploads\/usu397\/2018\/07\/6-1.jpg\" width=\"109\" height=\"109\" \/><\/p>\n<p><a href=\"http:\/\/agora.xtec.cat\/ceipmelspins\/categoria\/primaria\/6e\/\">&#8220;Stop-motion&#8221;<\/a><\/th>\n<\/tr>\n<\/tbody>\n<\/table>\n<\/div>\n","protected":false},"excerpt":{"rendered":"<p>L\u2019Escola els Pins \u00e9s una escola amb un entorn privilegiat ubicada dins del recinte de les Llars Mundet.<br \/>\nL&#8217;acompanyament de centre es va coordinar des de l&#8217;\u00c0mbit Art\u00edstic del CESIRE i es va dissenyar conjuntament amb l&#8217;equip directiu del centre,\u00a0 el Servei Educatiu d&#8217;Horta-Guinard\u00f3 i l&#8217;assessor&hellip;  <a href=\"https:\/\/agora.xtec.cat\/cesire_historic\/ambit-artistic\/transformem-els-centres-deducacio-infantil-i-primaria-amb-les-arts\/escola-els-pins-barcelona\/\" title=\"Read Escola Els Pins. Barcelona\">Llegeix m\u00e9s\u00bb<\/a><\/p>\n","protected":false},"author":9,"featured_media":0,"parent":3648,"menu_order":0,"comment_status":"closed","ping_status":"closed","template":"page-templates\/side-menu.php","meta":{"_bbp_topic_count":0,"_bbp_reply_count":0,"_bbp_total_topic_count":0,"_bbp_total_reply_count":0,"_bbp_voice_count":0,"_bbp_anonymous_reply_count":0,"_bbp_topic_count_hidden":0,"_bbp_reply_count_hidden":0,"_bbp_forum_subforum_count":0,"footnotes":""},"class_list":["post-3684","page","type-page","status-publish","hentry"],"post_mailing_queue_ids":[],"_links":{"self":[{"href":"https:\/\/agora.xtec.cat\/cesire_historic\/wp-json\/wp\/v2\/pages\/3684","targetHints":{"allow":["GET"]}}],"collection":[{"href":"https:\/\/agora.xtec.cat\/cesire_historic\/wp-json\/wp\/v2\/pages"}],"about":[{"href":"https:\/\/agora.xtec.cat\/cesire_historic\/wp-json\/wp\/v2\/types\/page"}],"author":[{"embeddable":true,"href":"https:\/\/agora.xtec.cat\/cesire_historic\/wp-json\/wp\/v2\/users\/9"}],"replies":[{"embeddable":true,"href":"https:\/\/agora.xtec.cat\/cesire_historic\/wp-json\/wp\/v2\/comments?post=3684"}],"version-history":[{"count":4,"href":"https:\/\/agora.xtec.cat\/cesire_historic\/wp-json\/wp\/v2\/pages\/3684\/revisions"}],"predecessor-version":[{"id":3944,"href":"https:\/\/agora.xtec.cat\/cesire_historic\/wp-json\/wp\/v2\/pages\/3684\/revisions\/3944"}],"up":[{"embeddable":true,"href":"https:\/\/agora.xtec.cat\/cesire_historic\/wp-json\/wp\/v2\/pages\/3648"}],"wp:attachment":[{"href":"https:\/\/agora.xtec.cat\/cesire_historic\/wp-json\/wp\/v2\/media?parent=3684"}],"curies":[{"name":"wp","href":"https:\/\/api.w.org\/{rel}","templated":true}]}}