{"id":3656,"date":"2018-06-26T11:37:16","date_gmt":"2018-06-26T09:37:16","guid":{"rendered":"http:\/\/agora.xtec.cat\/cesire_historic\/\/?page_id=3656"},"modified":"2019-03-20T14:43:36","modified_gmt":"2019-03-20T13:43:36","slug":"tranformem-els-centres-deducacio-infantil-i-primaria-continguts","status":"publish","type":"page","link":"https:\/\/agora.xtec.cat\/cesire_historic\/ambit-artistic\/transformem-els-centres-deducacio-infantil-i-primaria-amb-les-arts\/tranformem-els-centres-deducacio-infantil-i-primaria-continguts\/","title":{"rendered":"Tranformem els centres d&#8217;educaci\u00f3 infantil i prim\u00e0ria: Continguts"},"content":{"rendered":"<p>CONTINGUTS<\/p>\n<p>.Tots aquells continguts relatius a l&#8217;\u00e0mbit art\u00edstic: visual i pl\u00e0stica, musical i d&#8217;expressi\u00f3 corporal<br \/>\n.Tots els continguts que es derivin d&#8217;un treball per projectes transdisciplinari.<br \/>\n.Les sessions inclouran un marc te\u00f2ric i una aplicaci\u00f3 de caire pr\u00e0ctic i es demanar\u00e0 que els participants cooperin en el\u00a0 desenvolupament d\u2019 un projecte de centre amb l\u2019ajut d\u2019un assessor\u00a0 expert\/a extern\/a..<\/p>\n","protected":false},"excerpt":{"rendered":"<p>CONTINGUTS<br \/>\n.Tots aquells continguts relatius a l&#8217;\u00e0mbit art\u00edstic: visual i pl\u00e0stica, musical i d&#8217;expressi\u00f3 corporal<br \/>\n.Tots els continguts que es derivin d&#8217;un treball per projectes transdisciplinari.<br \/>\n.Les sessions inclouran un marc te\u00f2ric i una aplicaci\u00f3 de caire pr\u00e0ctic i es demanar\u00e0 que els participants cooperin en el\u00a0 desenvolupament&hellip;  <a href=\"https:\/\/agora.xtec.cat\/cesire_historic\/ambit-artistic\/transformem-els-centres-deducacio-infantil-i-primaria-amb-les-arts\/tranformem-els-centres-deducacio-infantil-i-primaria-continguts\/\" title=\"Read Tranformem els centres d&#8217;educaci\u00f3 infantil i prim\u00e0ria: Continguts\">Llegeix m\u00e9s\u00bb<\/a><\/p>\n","protected":false},"author":9,"featured_media":0,"parent":3648,"menu_order":0,"comment_status":"closed","ping_status":"closed","template":"page-templates\/side-menu.php","meta":{"_bbp_topic_count":0,"_bbp_reply_count":0,"_bbp_total_topic_count":0,"_bbp_total_reply_count":0,"_bbp_voice_count":0,"_bbp_anonymous_reply_count":0,"_bbp_topic_count_hidden":0,"_bbp_reply_count_hidden":0,"_bbp_forum_subforum_count":0,"footnotes":""},"class_list":["post-3656","page","type-page","status-publish","hentry"],"post_mailing_queue_ids":[],"_links":{"self":[{"href":"https:\/\/agora.xtec.cat\/cesire_historic\/wp-json\/wp\/v2\/pages\/3656","targetHints":{"allow":["GET"]}}],"collection":[{"href":"https:\/\/agora.xtec.cat\/cesire_historic\/wp-json\/wp\/v2\/pages"}],"about":[{"href":"https:\/\/agora.xtec.cat\/cesire_historic\/wp-json\/wp\/v2\/types\/page"}],"author":[{"embeddable":true,"href":"https:\/\/agora.xtec.cat\/cesire_historic\/wp-json\/wp\/v2\/users\/9"}],"replies":[{"embeddable":true,"href":"https:\/\/agora.xtec.cat\/cesire_historic\/wp-json\/wp\/v2\/comments?post=3656"}],"version-history":[{"count":1,"href":"https:\/\/agora.xtec.cat\/cesire_historic\/wp-json\/wp\/v2\/pages\/3656\/revisions"}],"predecessor-version":[{"id":3659,"href":"https:\/\/agora.xtec.cat\/cesire_historic\/wp-json\/wp\/v2\/pages\/3656\/revisions\/3659"}],"up":[{"embeddable":true,"href":"https:\/\/agora.xtec.cat\/cesire_historic\/wp-json\/wp\/v2\/pages\/3648"}],"wp:attachment":[{"href":"https:\/\/agora.xtec.cat\/cesire_historic\/wp-json\/wp\/v2\/media?parent=3656"}],"curies":[{"name":"wp","href":"https:\/\/api.w.org\/{rel}","templated":true}]}}