{"id":3651,"date":"2018-06-26T11:33:36","date_gmt":"2018-06-26T09:33:36","guid":{"rendered":"http:\/\/agora.xtec.cat\/cesire_historic\/\/?page_id=3651"},"modified":"2019-03-20T14:43:17","modified_gmt":"2019-03-20T13:43:17","slug":"transformem-els-centres-deducacio-infantil-i-primaria-objectius","status":"publish","type":"page","link":"https:\/\/agora.xtec.cat\/cesire_historic\/ambit-artistic\/transformem-els-centres-deducacio-infantil-i-primaria-amb-les-arts\/transformem-els-centres-deducacio-infantil-i-primaria-objectius\/","title":{"rendered":"Transformem els centres d&#8217;educaci\u00f3 infantil i prim\u00e0ria: Objectius"},"content":{"rendered":"<p><strong>OBJECTIUS<\/strong><\/p>\n<p>1. Col\u2022laborar en la creaci\u00f3 i implantaci\u00f3 d\u2019un\u00a0 projecte de centre basant en l\u2019educaci\u00f3 art\u00edstica i\u00a0 que integri diferents \u00e0mbits de coneixement.<br \/>\n2. Promoure un model d\u2019ensenyament i aprenentatge amb un enfocament competencial<br \/>\n3. Guiar els centres educatius en la gesti\u00f3 i l\u2019organitzaci\u00f3 dels projectes educatius de centre\u00a0 en el marc de la seva autonomia.<br \/>\n4. Desenvolupar les compet\u00e8ncies art\u00edstiques dels docents per adequar-les a les necessitats del context educatiu, social, digital, tecnol\u00f2gic i laboral.<br \/>\n5. Donar eines per al desenvolupament dels plans educatius d\u2019entorn i altres projectes comunitaris.<br \/>\n6. Crear xarxa de centres pilot en innovaci\u00f3 en el camp de les arts.<\/p>\n","protected":false},"excerpt":{"rendered":"<p>OBJECTIUS<br \/>\n1. Col\u2022laborar en la creaci\u00f3 i implantaci\u00f3 d\u2019un\u00a0 projecte de centre basant en l\u2019educaci\u00f3 art\u00edstica i\u00a0 que integri diferents \u00e0mbits de coneixement.<br \/>\n2. Promoure un model d\u2019ensenyament i aprenentatge amb un enfocament competencial<br \/>\n3. Guiar els centres educatius en la gesti\u00f3 i l\u2019organitzaci\u00f3 dels projectes educatius de&hellip;  <a href=\"https:\/\/agora.xtec.cat\/cesire_historic\/ambit-artistic\/transformem-els-centres-deducacio-infantil-i-primaria-amb-les-arts\/transformem-els-centres-deducacio-infantil-i-primaria-objectius\/\" title=\"Read Transformem els centres d&#8217;educaci\u00f3 infantil i prim\u00e0ria: Objectius\">Llegeix m\u00e9s\u00bb<\/a><\/p>\n","protected":false},"author":9,"featured_media":0,"parent":3648,"menu_order":0,"comment_status":"closed","ping_status":"closed","template":"page-templates\/side-menu.php","meta":{"_bbp_topic_count":0,"_bbp_reply_count":0,"_bbp_total_topic_count":0,"_bbp_total_reply_count":0,"_bbp_voice_count":0,"_bbp_anonymous_reply_count":0,"_bbp_topic_count_hidden":0,"_bbp_reply_count_hidden":0,"_bbp_forum_subforum_count":0,"footnotes":""},"class_list":["post-3651","page","type-page","status-publish","hentry"],"post_mailing_queue_ids":[],"_links":{"self":[{"href":"https:\/\/agora.xtec.cat\/cesire_historic\/wp-json\/wp\/v2\/pages\/3651","targetHints":{"allow":["GET"]}}],"collection":[{"href":"https:\/\/agora.xtec.cat\/cesire_historic\/wp-json\/wp\/v2\/pages"}],"about":[{"href":"https:\/\/agora.xtec.cat\/cesire_historic\/wp-json\/wp\/v2\/types\/page"}],"author":[{"embeddable":true,"href":"https:\/\/agora.xtec.cat\/cesire_historic\/wp-json\/wp\/v2\/users\/9"}],"replies":[{"embeddable":true,"href":"https:\/\/agora.xtec.cat\/cesire_historic\/wp-json\/wp\/v2\/comments?post=3651"}],"version-history":[{"count":1,"href":"https:\/\/agora.xtec.cat\/cesire_historic\/wp-json\/wp\/v2\/pages\/3651\/revisions"}],"predecessor-version":[{"id":3653,"href":"https:\/\/agora.xtec.cat\/cesire_historic\/wp-json\/wp\/v2\/pages\/3651\/revisions\/3653"}],"up":[{"embeddable":true,"href":"https:\/\/agora.xtec.cat\/cesire_historic\/wp-json\/wp\/v2\/pages\/3648"}],"wp:attachment":[{"href":"https:\/\/agora.xtec.cat\/cesire_historic\/wp-json\/wp\/v2\/media?parent=3651"}],"curies":[{"name":"wp","href":"https:\/\/api.w.org\/{rel}","templated":true}]}}