{"id":3648,"date":"2018-06-26T11:32:39","date_gmt":"2018-06-26T09:32:39","guid":{"rendered":"http:\/\/agora.xtec.cat\/cesire_historic\/\/?page_id=3648"},"modified":"2019-05-03T11:13:31","modified_gmt":"2019-05-03T09:13:31","slug":"transformem-els-centres-deducacio-infantil-i-primaria-amb-les-arts","status":"publish","type":"page","link":"https:\/\/agora.xtec.cat\/cesire_historic\/ambit-artistic\/transformem-els-centres-deducacio-infantil-i-primaria-amb-les-arts\/","title":{"rendered":"Acompanyament als centres amb molt d&#8217;ART"},"content":{"rendered":"<p><img loading=\"lazy\" decoding=\"async\" class=\"alignleft\" title=\"\" src=\"http:\/\/agora.xtec.cat\/cesire_historic\/\/wp-content\/uploads\/usu397\/2018\/03\/CAP\u00c7ALERA-enquesta-C3.png\" alt=\"\" width=\"218\" height=\"53\" \/><\/p>\n<table class=\" alignright\" style=\"height: 22px; background-color: #f7daad; border-color: #fafafa; width: 233px;\">\n<tbody>\n<tr style=\"height: 33px;\">\n<td style=\"height: 33px; width: 78.5px;\"><a href=\"https:\/\/agora.xtec.cat\/cesire_historic\/\/ambit-artistic\/transformem-els-centres-deducacio-infantil-i-primaria-amb-les-arts\/transformem-els-centres-deducacio-infantil-i-primaria-objectius\/\" target=\"_blank\" rel=\"noopener\">Objectius<\/a><\/td>\n<td style=\"height: 33px; width: 87.5px;\"><a href=\"https:\/\/agora.xtec.cat\/cesire_historic\/\/ambit-artistic\/transformem-els-centres-deducacio-infantil-i-primaria-amb-les-arts\/tranformem-els-centres-deducacio-infantil-i-primaria-continguts\/\" target=\"_blank\" rel=\"noopener\">Continguts<\/a><\/td>\n<td style=\"height: 33px; width: 80.5px; text-align: right;\"><a href=\"https:\/\/agora.xtec.cat\/cesire_historic\/\/ambit-artistic\/transformem-els-centres-deducacio-infantil-i-primaria-amb-les-arts\/transformem-els-centres-deducacio-infantil-i-primaria-avaluacio\/\" target=\"_blank\" rel=\"noopener\">Avaluaci\u00f3<\/a><\/td>\n<\/tr>\n<\/tbody>\n<\/table>\n<p>&nbsp;<\/p>\n<p>&nbsp;<\/p>\n<p><strong>Transformem els centres d&#8217;educaci\u00f3 infantil i prim\u00e0ria amb les ARTS<\/strong><\/p>\n<p>Actualment vivim en una \u00e8poca de canvis a molts nivells: socials, culturals i econ\u00f2mics que demanen una acci\u00f3 educativa que abasti molts par\u00e0metres. En la societat del coneixement hi ha molts temps i espais d\u2019aprenentatge on els coneixements estableixen connexions amb fonts i\u00a0 referents de diversos \u00e0mbits.<\/p>\n<p style=\"text-align: left;\">L\u2019assessorament a centre vol donar pautes i orientacions a l\u2019hora de crear projectes que responguin a la demanda actual de noves definicions metodol\u00f2giques dels centres educatius.\u00a0 El projecte pilot impulsat pel CESIRE en col.laboraci\u00f3 amb 5 Serveis Educatius parteix d\u2019un concepte de l\u2019educaci\u00f3 art\u00edstica hol\u00edstic, obert i compartit\u00a0 a l\u2019entorn de la innovaci\u00f3 i recerca educativa en el camp de les arts.<\/p>\n<p style=\"text-align: left;\">Escoles que participen en el projecte:<\/p>\n<p style=\"text-align: center;\"><img loading=\"lazy\" decoding=\"async\" class=\"aligncenter\" title=\"\" src=\"http:\/\/agora.xtec.cat\/cesire_historic\/\/wp-content\/uploads\/usu397\/2018\/07\/transformem-centres.cap\u00e7alera1.jpg\" alt=\"\" width=\"792\" height=\"301\" \/><\/p>\n<p style=\"text-align: center;\">Escola Els Pins. <a href=\"http:\/\/agora.xtec.cat\/cesire_historic\/\/projectes\/transformem-els-centres-deducacio-infantil-i-primaria-amb-les-arts\/escola-els-pins-barcelona\/\" target=\"_blank\" rel=\"noopener noreferrer\"><strong>ART i matem\u00e0tiques<\/strong>. <\/a><a href=\"http:\/\/se-horta-guinardo.cat\/\" target=\"_blank\" rel=\"noopener noreferrer\">SE. Horta-Guinard\u00f3<\/a><\/p>\n<p style=\"text-align: center;\">Escola Eladi Homs. <a href=\"http:\/\/agora.xtec.cat\/cesire_historic\/\/projectes\/transformem-els-centres-deducacio-infantil-i-primaria-amb-les-arts\/escola-eladi-homs-valls\/\" target=\"_blank\" rel=\"noopener noreferrer\"><strong>ART i inclusi\u00f3<\/strong><\/a>. <a href=\"https:\/\/serveiseducatius.xtec.cat\/altcamp\/crp\/\" target=\"_blank\" rel=\"noopener noreferrer\">SE. Alt Camp<\/a><\/p>\n<p style=\"text-align: center;\">Escola Proven\u00e7als. <a href=\"http:\/\/agora.xtec.cat\/cesire_historic\/\/projectes\/transformem-els-centres-deducacio-infantil-i-primaria-amb-les-arts\/escola-provencals-barcelona\/\" target=\"_blank\" rel=\"noopener noreferrer\"><strong>ART i Llengua. Transformaci\u00f3 metodol\u00f2gica a trav\u00e9s de les Arts<\/strong><\/a>. <a href=\"http:\/\/serveiseducatius.xtec.cat\/santmarti\/\" target=\"_blank\" rel=\"noopener noreferrer\">SE. Sant Mart\u00ed<\/a><\/p>\n<p style=\"text-align: center;\">Escola Ferrer i Gu\u00e0rdia. <a href=\"http:\/\/agora.xtec.cat\/cesire_historic\/\/projectes\/transformem-els-centres-deducacio-infantil-i-primaria-amb-les-arts\/escola-ferrer-i-guardia-granollers\/\" target=\"_blank\" rel=\"noopener noreferrer\"><strong>ART i Transformaci\u00f3 a partir d&#8217;un projecte de centre. <\/strong><\/a><a href=\"https:\/\/serveiseducatius.xtec.cat\/vallesoriental1\/\" target=\"_blank\" rel=\"noopener noreferrer\">SE. Vall\u00e8s Oriental I<\/a><\/p>\n<p style=\"text-align: center;\">Escola \u00c0ngel Baixeras. <a href=\"http:\/\/agora.xtec.cat\/cesire_historic\/\/projectes\/transformem-els-centres-deducacio-infantil-i-primaria-amb-les-arts\/escola-angel-baixeras\/\" target=\"_blank\" rel=\"noopener noreferrer\"><strong>ART i ci\u00e8ncia. <\/strong><\/a><a href=\"https:\/\/www.seciutatvella.cat\/\" target=\"_blank\" rel=\"noopener noreferrer\">SE.Ciutat Vella<\/a><\/p>\n<p style=\"text-align: center;\">\n","protected":false},"excerpt":{"rendered":"<p><a href=\"https:\/\/agora.xtec.cat\/cesire_historic\/\/ambit-artistic\/transformem-els-centres-deducacio-infantil-i-primaria-amb-les-arts\/transformem-els-centres-deducacio-infantil-i-primaria-objectius\/\" target=\"_blank\" rel=\"noopener\">Objectius<\/a><br \/>\n<a href=\"https:\/\/agora.xtec.cat\/cesire_historic\/\/ambit-artistic\/transformem-els-centres-deducacio-infantil-i-primaria-amb-les-arts\/tranformem-els-centres-deducacio-infantil-i-primaria-continguts\/\" target=\"_blank\" rel=\"noopener\">Continguts<\/a><br \/>\n<a href=\"https:\/\/agora.xtec.cat\/cesire_historic\/\/ambit-artistic\/transformem-els-centres-deducacio-infantil-i-primaria-amb-les-arts\/transformem-els-centres-deducacio-infantil-i-primaria-avaluacio\/\" target=\"_blank\" rel=\"noopener\">Avaluaci\u00f3<\/a><\/p>\n<p>&nbsp;<br \/>\n&nbsp;<br \/>\nTransformem els centres d&#8217;educaci\u00f3 infantil i prim\u00e0ria amb les ARTS<br \/>\nActualment vivim en una \u00e8poca de canvis a molts nivells: socials, culturals i econ\u00f2mics que demanen una acci\u00f3 educativa que abasti molts par\u00e0metres. En la societat del&hellip;  <a href=\"https:\/\/agora.xtec.cat\/cesire_historic\/ambit-artistic\/transformem-els-centres-deducacio-infantil-i-primaria-amb-les-arts\/\" title=\"Read Acompanyament als centres amb molt d&#8217;ART\">Llegeix m\u00e9s\u00bb<\/a><\/p>\n","protected":false},"author":9,"featured_media":0,"parent":4034,"menu_order":4,"comment_status":"closed","ping_status":"closed","template":"page-templates\/side-menu.php","meta":{"_bbp_topic_count":0,"_bbp_reply_count":0,"_bbp_total_topic_count":0,"_bbp_total_reply_count":0,"_bbp_voice_count":0,"_bbp_anonymous_reply_count":0,"_bbp_topic_count_hidden":0,"_bbp_reply_count_hidden":0,"_bbp_forum_subforum_count":0,"footnotes":""},"class_list":["post-3648","page","type-page","status-publish","hentry"],"post_mailing_queue_ids":[],"_links":{"self":[{"href":"https:\/\/agora.xtec.cat\/cesire_historic\/wp-json\/wp\/v2\/pages\/3648","targetHints":{"allow":["GET"]}}],"collection":[{"href":"https:\/\/agora.xtec.cat\/cesire_historic\/wp-json\/wp\/v2\/pages"}],"about":[{"href":"https:\/\/agora.xtec.cat\/cesire_historic\/wp-json\/wp\/v2\/types\/page"}],"author":[{"embeddable":true,"href":"https:\/\/agora.xtec.cat\/cesire_historic\/wp-json\/wp\/v2\/users\/9"}],"replies":[{"embeddable":true,"href":"https:\/\/agora.xtec.cat\/cesire_historic\/wp-json\/wp\/v2\/comments?post=3648"}],"version-history":[{"count":4,"href":"https:\/\/agora.xtec.cat\/cesire_historic\/wp-json\/wp\/v2\/pages\/3648\/revisions"}],"predecessor-version":[{"id":5524,"href":"https:\/\/agora.xtec.cat\/cesire_historic\/wp-json\/wp\/v2\/pages\/3648\/revisions\/5524"}],"up":[{"embeddable":true,"href":"https:\/\/agora.xtec.cat\/cesire_historic\/wp-json\/wp\/v2\/pages\/4034"}],"wp:attachment":[{"href":"https:\/\/agora.xtec.cat\/cesire_historic\/wp-json\/wp\/v2\/media?parent=3648"}],"curies":[{"name":"wp","href":"https:\/\/api.w.org\/{rel}","templated":true}]}}