{"id":3559,"date":"2018-06-13T10:56:35","date_gmt":"2018-06-13T08:56:35","guid":{"rendered":"http:\/\/agora.xtec.cat\/cesire_historic\/\/?page_id=3559"},"modified":"2019-03-21T10:18:41","modified_gmt":"2019-03-21T09:18:41","slug":"intro-educacio-artistica-quecom-per-que-per-a-que","status":"publish","type":"page","link":"https:\/\/agora.xtec.cat\/cesire_historic\/ambit-artistic\/itineraris-artistics\/sessions-itineraris-artistics\/intro-educacio-artistica-quecom-per-que-per-a-que\/","title":{"rendered":"Intro: Educaci\u00f3 Art\u00edstica: Qu\u00e8?Com? Per qu\u00e8? Per a qu\u00e8?"},"content":{"rendered":"<p><img loading=\"lazy\" decoding=\"async\" class=\"aligncenter\" title=\"\" src=\"http:\/\/agora.xtec.cat\/cesire_historic\/\/wp-content\/uploads\/usu397\/2018\/05\/CAPC\u0327ALERA-enquesta-C3.png\" alt=\"\" width=\"479\" height=\"160\" \/><\/p>\n<p style=\"text-align: left;\">Aquesta sessi\u00f3 \u00e9s introduct\u00f2ria al curs de formaci\u00f3 i pret\u00e9n apropar als docents propostes motivadores, obertes i plurals, integrar les seves aportacions, preguntes i comentaris diversos al voltant de les caracter\u00edstiques del m\u00f3n art\u00edstic.<\/p>\n<p style=\"text-align: left;\">Convidem a obrir di\u00e0legs, converses i debats a partir de\u00a0l\u2019an\u00e0lisi i la lectura dels components de les produccions art\u00edstiques, utilitzant els elements propis de cada llenguatge per arribar a comprendre\u2019ls.<\/p>\n<p style=\"text-align: left;\">NOTA: aquesta sessi\u00f3 va ser portada a trav\u00e9s de la plataforma Moodle.<\/p>\n<p><a href=\"http:\/\/agora.xtec.cat\/cesire_historic\/\/wp-content\/uploads\/usu397\/2018\/06\/FITXA-FORMACI\u00d3-DOCENTS-Montserrat-i-Ester-GENCAT.pdf\" target=\"_blank\" rel=\"noopener noreferrer\">Fitxa de la Sessi\u00f3<\/a><\/p>\n<p><a href=\"http:\/\/agora.xtec.cat\/cesire_historic\/\/wp-content\/uploads\/usu397\/2018\/06\/Intro-Formaci\u00f3-MAlcoy-EForne-CESIRE-2017-18GENCAT.pdf\" target=\"_blank\" rel=\"noopener noreferrer\">Presentaci\u00f3<\/a><\/p>\n<p style=\"text-align: center;\"><iframe loading=\"lazy\" style=\"border: 1px solid #CCC; border-width: 1px; margin-bottom: 5px; max-width: 100%;\" src=\"\/\/www.slideshare.net\/slideshow\/embed_code\/key\/4wzVlXeBHUmSM5\" width=\"595\" height=\"485\" frameborder=\"0\" marginwidth=\"0\" marginheight=\"0\" scrolling=\"no\" allowfullscreen=\"allowfullscreen\" data-mce-fragment=\"1\"> <\/iframe><\/p>\n<div style=\"margin-bottom: 5px;\"><\/div>\n","protected":false},"excerpt":{"rendered":"<p>Aquesta sessi\u00f3 \u00e9s introduct\u00f2ria al curs de formaci\u00f3 i pret\u00e9n apropar als docents propostes motivadores, obertes i plurals, integrar les seves aportacions, preguntes i comentaris diversos al voltant de les caracter\u00edstiques del m\u00f3n art\u00edstic.<br \/>\nConvidem a obrir di\u00e0legs, converses i debats a partir de\u00a0l\u2019an\u00e0lisi i la&hellip;  <a href=\"https:\/\/agora.xtec.cat\/cesire_historic\/ambit-artistic\/itineraris-artistics\/sessions-itineraris-artistics\/intro-educacio-artistica-quecom-per-que-per-a-que\/\" title=\"Read Intro: Educaci\u00f3 Art\u00edstica: Qu\u00e8?Com? Per qu\u00e8? Per a qu\u00e8?\">Llegeix m\u00e9s\u00bb<\/a><\/p>\n","protected":false},"author":9,"featured_media":0,"parent":3174,"menu_order":0,"comment_status":"closed","ping_status":"closed","template":"page-templates\/side-menu.php","meta":{"_bbp_topic_count":0,"_bbp_reply_count":0,"_bbp_total_topic_count":0,"_bbp_total_reply_count":0,"_bbp_voice_count":0,"_bbp_anonymous_reply_count":0,"_bbp_topic_count_hidden":0,"_bbp_reply_count_hidden":0,"_bbp_forum_subforum_count":0,"footnotes":""},"class_list":["post-3559","page","type-page","status-publish","hentry"],"post_mailing_queue_ids":[],"_links":{"self":[{"href":"https:\/\/agora.xtec.cat\/cesire_historic\/wp-json\/wp\/v2\/pages\/3559","targetHints":{"allow":["GET"]}}],"collection":[{"href":"https:\/\/agora.xtec.cat\/cesire_historic\/wp-json\/wp\/v2\/pages"}],"about":[{"href":"https:\/\/agora.xtec.cat\/cesire_historic\/wp-json\/wp\/v2\/types\/page"}],"author":[{"embeddable":true,"href":"https:\/\/agora.xtec.cat\/cesire_historic\/wp-json\/wp\/v2\/users\/9"}],"replies":[{"embeddable":true,"href":"https:\/\/agora.xtec.cat\/cesire_historic\/wp-json\/wp\/v2\/comments?post=3559"}],"version-history":[{"count":3,"href":"https:\/\/agora.xtec.cat\/cesire_historic\/wp-json\/wp\/v2\/pages\/3559\/revisions"}],"predecessor-version":[{"id":3576,"href":"https:\/\/agora.xtec.cat\/cesire_historic\/wp-json\/wp\/v2\/pages\/3559\/revisions\/3576"}],"up":[{"embeddable":true,"href":"https:\/\/agora.xtec.cat\/cesire_historic\/wp-json\/wp\/v2\/pages\/3174"}],"wp:attachment":[{"href":"https:\/\/agora.xtec.cat\/cesire_historic\/wp-json\/wp\/v2\/media?parent=3559"}],"curies":[{"name":"wp","href":"https:\/\/api.w.org\/{rel}","templated":true}]}}