{"id":3174,"date":"2018-05-22T12:57:06","date_gmt":"2018-05-22T10:57:06","guid":{"rendered":"http:\/\/agora.xtec.cat\/cesire_historic\/\/?page_id=3174"},"modified":"2019-05-21T11:01:14","modified_gmt":"2019-05-21T09:01:14","slug":"sessions-itineraris-artistics","status":"publish","type":"page","link":"https:\/\/agora.xtec.cat\/cesire_historic\/ambit-artistic\/itineraris-artistics\/sessions-itineraris-artistics\/","title":{"rendered":"C\u00e0psules dels Itineraris Art\u00edstics"},"content":{"rendered":"<p>Materials de cadascuna de les C\u00c0PSULES formatives:<\/p>\n<p><strong>Itineraris Art\u00edstics Autoplanificats II <\/strong>(curs 2018-2019)<\/p>\n<table class=\"aligncenter\" style=\"width: 792px; height: 652px;\" border=\"1\" cellpadding=\"4\">\n<tbody>\n<tr style=\"height: 614px;\">\n<td style=\"width: 368.917px; height: 614px;\"><img loading=\"lazy\" decoding=\"async\" class=\"\" src=\"https:\/\/agora.xtec.cat\/cesire_historic\/\/wp-content\/uploads\/usu397\/2019\/04\/2-1.png\" width=\"364\" height=\"471\" \/><\/td>\n<td style=\"width: 415.083px; height: 614px;\">\n<h3><strong>Crea el teu Itinerari! (II)<br \/>\n<\/strong><\/h3>\n<blockquote>\n<ol>\n<li><a href=\"https:\/\/agora.xtec.cat\/cesire_historic\/\/ambit-artistic\/itineraris-artistics\/sessions-itineraris-artistics\/neptunet-el-vigilant-del-medi-ambient\/\">NEPTUNET: el vigilant del medi ambient<\/a><\/li>\n<li><a href=\"https:\/\/agora.xtec.cat\/cesire_historic\/\/ambit-artistic\/itineraris-artistics\/sessions-itineraris-artistics\/com-es-la-meva-ciutat\/\">La meva ciutat<\/a><\/li>\n<li><a href=\"https:\/\/agora.xtec.cat\/cesire_historic\/\/ambit-artistic\/itineraris-artistics\/sessions-itineraris-artistics\/el-teatre-cuinar-la-realitat\/\">El Teatre: cuinar la realitat<\/a><\/li>\n<li><a href=\"https:\/\/agora.xtec.cat\/cesire_historic\/\/ambit-artistic\/itineraris-artistics\/sessions-itineraris-artistics\/monotipia-paisatges-literaris\/\">Monot\u00edpia: paisatges literaris<\/a><\/li>\n<li><a href=\"https:\/\/agora.xtec.cat\/cesire_historic\/\/ambit-artistic\/itineraris-artistics\/sessions-itineraris-artistics\/creativart\/\">CreativART<\/a><\/li>\n<li><a href=\"https:\/\/agora.xtec.cat\/cesire_historic\/\/ambit-artistic\/itineraris-artistics\/sessions-itineraris-artistics\/coneixes-indredibox\/\">Coneixes Incredibox?<\/a><\/li>\n<li><a href=\"https:\/\/agora.xtec.cat\/cesire_historic\/\/ambit-artistic\/itineraris-artistics\/sessions-itineraris-artistics\/mirades\/\">Mirades<\/a><\/li>\n<li><a href=\"https:\/\/agora.xtec.cat\/cesire_historic\/\/ambit-artistic\/itineraris-artistics\/sessions-itineraris-artistics\/estirant-el-fil-a-partir-duna-canco\/\">Estirant el fil d&#8217;una can\u00e7\u00f3<\/a><\/li>\n<li><a href=\"https:\/\/agora.xtec.cat\/cesire_historic\/\/ambit-artistic\/itineraris-artistics\/sessions-itineraris-artistics\/que-puc-jugar-stargate-una-aventura-per-lhiperespai\/\">Que puc jugar? Stargate, un viatge per l&#8217;hiperespai<\/a><\/li>\n<li><a href=\"https:\/\/agora.xtec.cat\/cesire_historic\/\/ambit-artistic\/itineraris-artistics\/sessions-itineraris-artistics\/artgrames\/\">Artgrames<\/a><\/li>\n<li><a href=\"https:\/\/agora.xtec.cat\/cesire_historic\/\/ambit-artistic\/itineraris-artistics\/sessions-itineraris-artistics\/e-contacontes-produccio-de-contes-digitals\/\">e-contacontes: producci\u00f3 de contes digitals<\/a><\/li>\n<li><a href=\"https:\/\/agora.xtec.cat\/cesire_historic\/\/ambit-artistic\/itineraris-artistics\/sessions-itineraris-artistics\/cultura-dapat\/\">Cultura d&#8217;\u00e0pat<\/a><\/li>\n<li><a href=\"https:\/\/agora.xtec.cat\/cesire_historic\/\/ambit-artistic\/itineraris-artistics\/sessions-itineraris-artistics\/que-passa-amb-el-meu-contorn-i-en-el-meu-entorn\/\">Qu\u00e8 passa amb el meu contorn i en el meu entorn?<\/a><\/li>\n<li><a href=\"https:\/\/agora.xtec.cat\/cesire_historic\/\/fonteres-de-fil-desteixint-emocions\/\">Fronteres de fil: (des)teixint emocions<\/a><\/li>\n<li><a href=\"https:\/\/agora.xtec.cat\/cesire_historic\/\/ambit-artistic\/itineraris-artistics\/sessions-itineraris-artistics\/el-meu-refugi\/\">El meu refugi<\/a><\/li>\n<li><a href=\"https:\/\/agora.xtec.cat\/cesire_historic\/\/ambit-artistic\/itineraris-artistics\/sessions-itineraris-artistics\/ritmart\/\">RitmART<\/a><\/li>\n<li><a href=\"https:\/\/agora.xtec.cat\/cesire_historic\/\/ambit-artistic\/itineraris-artistics\/sessions-itineraris-artistics\/breakart\/\">Breakart<\/a><\/li>\n<li><a href=\"http:\/\/agora.xtec.cat\/cesire_historic\/\/ambit-artistic\/itineraris-artistics\/sessions-itineraris-artistics\/la-conversa-exploratoria-2\/\">La conversa explorat\u00f2ria<\/a><\/li>\n<li><a href=\"https:\/\/agora.xtec.cat\/cesire_historic\/\/ambit-artistic\/itineraris-artistics\/sessions-itineraris-artistics\/mirada-lorquiana\/\">Mirada Lorquiana<\/a><\/li>\n<li><a href=\"https:\/\/agora.xtec.cat\/cesire_historic\/\/dissenyart\/\">DissenyART!<\/a><\/li>\n<li><a href=\"https:\/\/agora.xtec.cat\/cesire_historic\/\/ambit-artistic\/itineraris-artistics\/sessions-itineraris-artistics\/lunivers-abstracte\/\">L&#8217;Univers Abstracte<\/a><\/li>\n<li><a href=\"https:\/\/agora.xtec.cat\/cesire_historic\/\/ambit-artistic\/itineraris-artistics\/sessions-itineraris-artistics\/escultures-de-llum-i-ombres\/\">Escultures de llum i ombra<\/a><\/li>\n<li><a href=\"https:\/\/agora.xtec.cat\/cesire_historic\/\/ambit-artistic\/itineraris-artistics\/sessions-itineraris-artistics\/micromusica\/\">Microm\u00fasica<\/a><\/li>\n<li><a href=\"https:\/\/agora.xtec.cat\/cesire_historic\/\/ambit-artistic\/itineraris-artistics\/sessions-itineraris-artistics\/partitures-en-moviment-arte-factum\/\">Arte Factum: Partitures de moviment<\/a><\/li>\n<li><a href=\"https:\/\/agora.xtec.cat\/cesire_historic\/\/ambit-artistic\/itineraris-artistics\/sessions-itineraris-artistics\/corrandescola\/\">Corrandescola<\/a><\/li>\n<\/ol>\n<\/blockquote>\n<\/td>\n<\/tr>\n<\/tbody>\n<\/table>\n<p>&nbsp;<\/p>\n<p>&nbsp;<\/p>\n<p>&nbsp;<\/p>\n<p>&nbsp;<\/p>\n<p>&nbsp;<\/p>\n<p><strong>Itineraris Art\u00edstics Autoplanificats I <\/strong>(curs 2017-2018)<\/p>\n<table class=\"aligncenter\" border=\"1\" cellpadding=\"4\">\n<tbody>\n<tr>\n<td><img loading=\"lazy\" decoding=\"async\" src=\"https:\/\/agora.xtec.cat\/cesire_historic\/\/wp-content\/uploads\/usu397\/2019\/04\/1-1.png\" alt=\"\" width=\"420\" height=\"543\" \/><\/td>\n<td>\n<h3><strong>Crea el teu Itinerari! (I)<br \/>\n<\/strong><\/h3>\n<blockquote>\n<ol>\n<li><a href=\"http:\/\/agora.xtec.cat\/cesire_historic\/\/projectes\/itineraris-artistics\/sessions-itineraris-artistics\/intro-educacio-artistica-quecom-per-que-per-a-que\/\" target=\"_blank\" rel=\"noopener noreferrer\">Intro: marc de la formaci\u00f3<\/a><\/li>\n<li><a href=\"http:\/\/agora.xtec.cat\/cesire_historic\/\/projectes\/itineraris-artistics\/sessions-itineraris-artistics\/comunicapp\/\" target=\"_blank\" rel=\"noopener noreferrer\">COMUNICAPP?<\/a><\/li>\n<li><a href=\"http:\/\/agora.xtec.cat\/cesire_historic\/\/projectes\/itineraris-artistics\/sessions-itineraris-artistics\/sabates-naufragues\/\" target=\"_blank\" rel=\"noopener noreferrer\">Sabates n\u00e0ufragues<\/a><\/li>\n<li><a href=\"http:\/\/agora.xtec.cat\/cesire_historic\/\/projectes\/itineraris-artistics\/sessions-itineraris-artistics\/poemart\/\" target=\"_blank\" rel=\"noopener noreferrer\">POEM(art)<\/a><\/li>\n<li><a href=\"http:\/\/agora.xtec.cat\/cesire_historic\/\/projectes\/itineraris-artistics\/sessions-itineraris-artistics\/muntem-una-exposicio-ramon-llull-orifanys-i-altres-bestieses\/\" target=\"_blank\" rel=\"noopener noreferrer\">Muntem una exposici\u00f3!! Ramon Llull, Orifanys i altres bestieses.<\/a><\/li>\n<li><a href=\"http:\/\/agora.xtec.cat\/cesire_historic\/\/projectes\/itineraris-artistics\/sessions-itineraris-artistics\/septimi-creatiu\/\" target=\"_blank\" rel=\"noopener noreferrer\">Septim\u00ed creatiu<\/a><\/li>\n<li><a href=\"http:\/\/agora.xtec.cat\/cesire_historic\/\/projectes\/itineraris-artistics\/sessions-itineraris-artistics\/envasart\/\" target=\"_blank\" rel=\"noopener noreferrer\">EnvasART<\/a><\/li>\n<li><a href=\"http:\/\/agora.xtec.cat\/cesire_historic\/\/projectes\/itineraris-artistics\/sessions-itineraris-artistics\/accio-cultural-modificar-la-percepcio-del-centre\/\" target=\"_blank\" rel=\"noopener noreferrer\">Acci\u00f3 cultural. Modificar la percepci\u00f3 del centre<\/a><\/li>\n<li><a href=\"http:\/\/agora.xtec.cat\/cesire_historic\/\/projectes\/itineraris-artistics\/sessions-itineraris-artistics\/musicoding-programacio-informatica-i-musica\/\" target=\"_blank\" rel=\"noopener noreferrer\">Musicoding: Programaci\u00f3 inform\u00e0tica i m\u00fasica<\/a><\/li>\n<li><a href=\"http:\/\/agora.xtec.cat\/cesire_historic\/\/projectes\/itineraris-artistics\/sessions-itineraris-artistics\/la-nostra-identitat-les-mans\/\" target=\"_blank\" rel=\"noopener noreferrer\">La nostra identitat: les mans<\/a><\/li>\n<li><a href=\"http:\/\/agora.xtec.cat\/cesire_historic\/\/projectes\/itineraris-artistics\/sessions-itineraris-artistics\/la-vivencia-de-lart-a-traves-del-cos-i-les-emocions\/\" target=\"_blank\" rel=\"noopener noreferrer\">La viv\u00e8ncia de l&#8217;art a trav\u00e9s del cos i les emocions<\/a><\/li>\n<li><a href=\"http:\/\/agora.xtec.cat\/cesire_historic\/\/projectes\/itineraris-artistics\/sessions-itineraris-artistics\/tenen-forma-les-sumes-2\/\" target=\"_blank\" rel=\"noopener noreferrer\">Tenen forma les sumes?<\/a><\/li>\n<li><a href=\"http:\/\/agora.xtec.cat\/cesire_historic\/\/projectes\/itineraris-artistics\/sessions-itineraris-artistics\/tenen-forma-les-sumes-i-els-sona-recursos-per-a-integrar-art-i-matematiques\/\" target=\"_blank\" rel=\"noopener noreferrer\">Els Sona: un recurs per a integrar l&#8217;ART i les Matem\u00e0tiques<\/a><\/li>\n<\/ol>\n<\/blockquote>\n<\/td>\n<\/tr>\n<\/tbody>\n<\/table>\n<p>Podr\u00e0s trobar m\u00e9s recursos de l&#8217;\u00e0mbit art\u00edstic per a la teva aula a l&#8217;<a href=\"http:\/\/apliense.xtec.cat\/arc\/\">ARC<\/a> .<\/p>\n","protected":false},"excerpt":{"rendered":"<p>Materials de cadascuna de les C\u00c0PSULES formatives:<br \/>\nItineraris Art\u00edstics Autoplanificats II (curs 2018-2019)<\/p>\n<p>Crea el teu Itinerari! (II)<\/p>\n<ol>\n<li><a href=\"https:\/\/agora.xtec.cat\/cesire_historic\/\/ambit-artistic\/itineraris-artistics\/sessions-itineraris-artistics\/neptunet-el-vigilant-del-medi-ambient\/\">NEPTUNET: el vigilant del medi ambient<\/a><\/li>\n<li><a href=\"https:\/\/agora.xtec.cat\/cesire_historic\/\/ambit-artistic\/itineraris-artistics\/sessions-itineraris-artistics\/com-es-la-meva-ciutat\/\">La meva ciutat<\/a><\/li>\n<li><a href=\"https:\/\/agora.xtec.cat\/cesire_historic\/\/ambit-artistic\/itineraris-artistics\/sessions-itineraris-artistics\/el-teatre-cuinar-la-realitat\/\">El Teatre: cuinar la realitat<\/a><\/li>\n<li><a href=\"https:\/\/agora.xtec.cat\/cesire_historic\/\/ambit-artistic\/itineraris-artistics\/sessions-itineraris-artistics\/monotipia-paisatges-literaris\/\">Monot\u00edpia: paisatges literaris<\/a><\/li>\n<li><a href=\"https:\/\/agora.xtec.cat\/cesire_historic\/\/ambit-artistic\/itineraris-artistics\/sessions-itineraris-artistics\/creativart\/\">CreativART<\/a><\/li>\n<li><a href=\"https:\/\/agora.xtec.cat\/cesire_historic\/\/ambit-artistic\/itineraris-artistics\/sessions-itineraris-artistics\/coneixes-indredibox\/\">Coneixes Incredibox?<\/a><\/li>\n<li><a href=\"https:\/\/agora.xtec.cat\/cesire_historic\/\/ambit-artistic\/itineraris-artistics\/sessions-itineraris-artistics\/mirades\/\">Mirades<\/a><\/li>\n<li><a href=\"https:\/\/agora.xtec.cat\/cesire_historic\/\/ambit-artistic\/itineraris-artistics\/sessions-itineraris-artistics\/estirant-el-fil-a-partir-duna-canco\/\">Estirant el fil d&#8217;una can\u00e7\u00f3<\/a><\/li>\n<li><a href=\"https:\/\/agora.xtec.cat\/cesire_historic\/\/ambit-artistic\/itineraris-artistics\/sessions-itineraris-artistics\/que-puc-jugar-stargate-una-aventura-per-lhiperespai\/\">Que puc jugar?&hellip;  <a href=\"https:\/\/agora.xtec.cat\/cesire_historic\/ambit-artistic\/itineraris-artistics\/sessions-itineraris-artistics\/\" title=\"Read C\u00e0psules dels Itineraris Art\u00edstics\">Llegeix m\u00e9s\u00bb<\/a><br \/>\n","protected":false},"author":9,"featured_media":0,"parent":3077,"menu_order":1,"comment_status":"closed","ping_status":"closed","template":"page-templates\/side-menu.php","meta":{"_bbp_topic_count":0,"_bbp_reply_count":0,"_bbp_total_topic_count":0,"_bbp_total_reply_count":0,"_bbp_voice_count":0,"_bbp_anonymous_reply_count":0,"_bbp_topic_count_hidden":0,"_bbp_reply_count_hidden":0,"_bbp_forum_subforum_count":0,"footnotes":""},"class_list":["post-3174","page","type-page","status-publish","hentry"],"post_mailing_queue_ids":[],"_links":{"self":[{"href":"https:\/\/agora.xtec.cat\/cesire_historic\/wp-json\/wp\/v2\/pages\/3174","targetHints":{"allow":["GET"]}}],"collection":[{"href":"https:\/\/agora.xtec.cat\/cesire_historic\/wp-json\/wp\/v2\/pages"}],"about":[{"href":"https:\/\/agora.xtec.cat\/cesire_historic\/wp-json\/wp\/v2\/types\/page"}],"author":[{"embeddable":true,"href":"https:\/\/agora.xtec.cat\/cesire_historic\/wp-json\/wp\/v2\/users\/9"}],"replies":[{"embeddable":true,"href":"https:\/\/agora.xtec.cat\/cesire_historic\/wp-json\/wp\/v2\/comments?post=3174"}],"version-history":[{"count":4,"href":"https:\/\/agora.xtec.cat\/cesire_historic\/wp-json\/wp\/v2\/pages\/3174\/revisions"}],"predecessor-version":[{"id":6092,"href":"https:\/\/agora.xtec.cat\/cesire_historic\/wp-json\/wp\/v2\/pages\/3174\/revisions\/6092"}],"up":[{"embeddable":true,"href":"https:\/\/agora.xtec.cat\/cesire_historic\/wp-json\/wp\/v2\/pages\/3077"}],"wp:attachment":[{"href":"https:\/\/agora.xtec.cat\/cesire_historic\/wp-json\/wp\/v2\/media?parent=3174"}],"curies":[{"name":"wp","href":"https:\/\/api.w.org\/{rel}","templated":true}]}}