{"id":3157,"date":"2018-05-18T12:04:59","date_gmt":"2018-05-18T10:04:59","guid":{"rendered":"http:\/\/agora.xtec.cat\/cesire_historic\/\/?page_id=3157"},"modified":"2019-03-26T12:41:37","modified_gmt":"2019-03-26T11:41:37","slug":"aprenentatges-que-estructuren-cicle-inicial","status":"publish","type":"page","link":"https:\/\/agora.xtec.cat\/cesire_historic\/projectes\/integracio-de-coneixements-3-12\/aprenentatges-que-estructuren-cicle-inicial\/","title":{"rendered":"Aprenentatges que estructuren &#8211; Cicle Inicial"},"content":{"rendered":"<p style=\"text-align: justify;\">El document que presentem \u00e9s fruit del treball realitzat al CESIRE, per l&#8217;equip de prim\u00e0ria, per tal d&#8217;esbrinar quin s\u00f3n aquells aprenentatges que a cicle inicial resulten m\u00e9s rellevants i que tots els mestres haur\u00edem de tenir presents.<\/p>\n<p style=\"text-align: justify;\">Aquests aprenentatges i continguts acordats que estructuren, i que van m\u00e9s enll\u00e0 de les \u00e0rees o els \u00e0mbits, els hem agrupat en quatre grans blocs: desenvolupament personal, proc\u00e9s d&#8217;aprenentatge, construcci\u00f3 de codis i altres coneixements. A m\u00e9s, tal i com mostra l&#8217;esquema seg\u00fcent, hi trobem tamb\u00e9 els aprenentatges d&#8217;espai i temps que estan presents en cadascun d&#8217;aquests quatre grans blocs.<\/p>\n<p style=\"text-align: center;\"><a href=\"https:\/\/agora.xtec.cat\/cesire_historic\/\/wp-content\/uploads\/usu397\/2019\/03\/esquema-estructurals.png\"><img loading=\"lazy\" decoding=\"async\" class=\"alignnone  wp-image-5101\" src=\"https:\/\/agora.xtec.cat\/cesire_historic\/\/wp-content\/uploads\/usu397\/2019\/03\/esquema-estructurals.png\" alt=\"\" width=\"551\" height=\"373\" srcset=\"https:\/\/agora.xtec.cat\/cesire_historic\/wp-content\/uploads\/usu397\/2019\/03\/esquema-estructurals.png 778w, https:\/\/agora.xtec.cat\/cesire_historic\/wp-content\/uploads\/usu397\/2019\/03\/esquema-estructurals-300x203.png 300w, https:\/\/agora.xtec.cat\/cesire_historic\/wp-content\/uploads\/usu397\/2019\/03\/esquema-estructurals-768x519.png 768w\" sizes=\"auto, (max-width: 551px) 100vw, 551px\" \/><\/a><\/p>\n<p style=\"text-align: center;\"><a href=\"https:\/\/agora.xtec.cat\/cesire_historic\/\/wp-content\/uploads\/usu397\/2019\/03\/Aprenentatges-que-estructuren.pdf\" target=\"_blank\" rel=\"noopener\">Document complet en pdf<\/a><\/p>\n<p>&nbsp;<\/p>\n","protected":false},"excerpt":{"rendered":"<p>El document que presentem \u00e9s fruit del treball realitzat al CESIRE, per l&#8217;equip de prim\u00e0ria, per tal d&#8217;esbrinar quin s\u00f3n aquells aprenentatges que a cicle inicial resulten m\u00e9s rellevants i que tots els mestres haur\u00edem de tenir presents.<br \/>\nAquests aprenentatges i continguts acordats que estructuren, i&hellip;  <a href=\"https:\/\/agora.xtec.cat\/cesire_historic\/projectes\/integracio-de-coneixements-3-12\/aprenentatges-que-estructuren-cicle-inicial\/\" title=\"Read Aprenentatges que estructuren &#8211; Cicle Inicial\">Llegeix m\u00e9s\u00bb<\/a><\/p>\n","protected":false},"author":12,"featured_media":0,"parent":2183,"menu_order":0,"comment_status":"closed","ping_status":"closed","template":"page-templates\/side-menu.php","meta":{"_bbp_topic_count":0,"_bbp_reply_count":0,"_bbp_total_topic_count":0,"_bbp_total_reply_count":0,"_bbp_voice_count":0,"_bbp_anonymous_reply_count":0,"_bbp_topic_count_hidden":0,"_bbp_reply_count_hidden":0,"_bbp_forum_subforum_count":0,"footnotes":""},"class_list":["post-3157","page","type-page","status-publish","hentry"],"post_mailing_queue_ids":[],"_links":{"self":[{"href":"https:\/\/agora.xtec.cat\/cesire_historic\/wp-json\/wp\/v2\/pages\/3157","targetHints":{"allow":["GET"]}}],"collection":[{"href":"https:\/\/agora.xtec.cat\/cesire_historic\/wp-json\/wp\/v2\/pages"}],"about":[{"href":"https:\/\/agora.xtec.cat\/cesire_historic\/wp-json\/wp\/v2\/types\/page"}],"author":[{"embeddable":true,"href":"https:\/\/agora.xtec.cat\/cesire_historic\/wp-json\/wp\/v2\/users\/12"}],"replies":[{"embeddable":true,"href":"https:\/\/agora.xtec.cat\/cesire_historic\/wp-json\/wp\/v2\/comments?post=3157"}],"version-history":[{"count":3,"href":"https:\/\/agora.xtec.cat\/cesire_historic\/wp-json\/wp\/v2\/pages\/3157\/revisions"}],"predecessor-version":[{"id":5103,"href":"https:\/\/agora.xtec.cat\/cesire_historic\/wp-json\/wp\/v2\/pages\/3157\/revisions\/5103"}],"up":[{"embeddable":true,"href":"https:\/\/agora.xtec.cat\/cesire_historic\/wp-json\/wp\/v2\/pages\/2183"}],"wp:attachment":[{"href":"https:\/\/agora.xtec.cat\/cesire_historic\/wp-json\/wp\/v2\/media?parent=3157"}],"curies":[{"name":"wp","href":"https:\/\/api.w.org\/{rel}","templated":true}]}}