{"id":2285,"date":"2017-10-23T12:46:08","date_gmt":"2017-10-23T10:46:08","guid":{"rendered":"http:\/\/agora.xtec.cat\/cesire_historic\/\/?page_id=2285"},"modified":"2018-04-25T11:40:28","modified_gmt":"2018-04-25T09:40:28","slug":"materials-de-formacio-sobre-integracio-de-coneixements-per-al-3r-congres-de-ciencia","status":"publish","type":"page","link":"https:\/\/agora.xtec.cat\/cesire_historic\/projectes\/integracio-de-coneixements-3-12\/materials-de-formacio-sobre-integracio-de-coneixements-per-al-3r-congres-de-ciencia\/","title":{"rendered":"Materials de formaci\u00f3 sobre &#8220;Integraci\u00f3 de coneixements&#8221; per al 3r Congr\u00e9s de Ci\u00e8ncia"},"content":{"rendered":"<p><span style=\"font-weight: 400;\">Amb l&#8217;objectiu de mostrar exemples de com incorporar coneixements des de les \u00e0rees en diferents moments del desenvolupament d&#8217;un projecte, el <\/span><b>CESIRE<\/b><span style=\"font-weight: 400;\"> va col\u00b7laborar, durant el curs 2015-2106 en la formaci\u00f3 dels centres participants en el <\/span><a href=\"https:\/\/sites.google.com\/a\/xtec.cat\/3r-congres-ciencia\/portada\"><span style=\"font-weight: 400;\">3r Congr\u00e9s de Ci\u00e8ncia<\/span><\/a><span style=\"font-weight: 400;\"> de Sant Mart\u00ed, Nou Barris, Sant Andreu i l&#8217;Eixample. El tema central d&#8217;aquest congr\u00e9s va ser l&#8217;<\/span><i><span style=\"font-weight: 400;\">alimentaci\u00f3<\/span><\/i><span style=\"font-weight: 400;\">.<\/span><\/p>\n<p><span style=\"font-weight: 400;\">Una visi\u00f3 amplia del tema de l&#8217;alimentaci\u00f3 ens permet integrar continguts propis de les diferents \u00e0rees del coneixement, fent evident, tamb\u00e9, les relacions que s&#8217;estableixen entre elles i la necessitat d&#8217;unes i altres per donar resposta a la pregunta, repte o problema inicial. Alhora, partint d\u2019un model d&#8217;ensenyament-aprenentatge com\u00fa, cada \u00e0mbit pot fer aportacions diferents en moments tamb\u00e9 diferents del desenvolupament del projecte.<\/span><\/p>\n<p><span style=\"font-weight: 400;\">En aquestes imatges es veuen exemples de propostes relacionades amb aquest tema formulades des de cadascun dels \u00e0mbits (matem\u00e0tiques, ci\u00e8ncies socials, lleng\u00fces i ci\u00e8ncies naturals). <\/span><span style=\"font-weight: 400;\">Les propostes estan m\u00e9s desenvolupades en les presentacions enlla\u00e7ades a la part inferior de cada imatge. <\/span><\/p>\n<table style=\"border-color: #ffffff;\" align=\"center\">\n<tbody>\n<tr>\n<td><a href=\"http:\/\/agora.xtec.cat\/cesire_historic\/\/wp-content\/uploads\/usu397\/2016\/07\/estrella_matematiques.png\" rel=\"attachment wp-att-808\"><img loading=\"lazy\" decoding=\"async\" class=\"aligncenter wp-image-808\" src=\"http:\/\/agora.xtec.cat\/cesire_historic\/\/wp-content\/uploads\/usu397\/2016\/07\/estrella_matematiques.png\" alt=\"estrella_matematiques\" width=\"380\" height=\"257\" srcset=\"https:\/\/agora.xtec.cat\/cesire_historic\/wp-content\/uploads\/usu397\/2016\/07\/estrella_matematiques.png 1170w, https:\/\/agora.xtec.cat\/cesire_historic\/wp-content\/uploads\/usu397\/2016\/07\/estrella_matematiques-300x203.png 300w, https:\/\/agora.xtec.cat\/cesire_historic\/wp-content\/uploads\/usu397\/2016\/07\/estrella_matematiques-768x519.png 768w, https:\/\/agora.xtec.cat\/cesire_historic\/wp-content\/uploads\/usu397\/2016\/07\/estrella_matematiques-1024x691.png 1024w\" sizes=\"auto, (max-width: 380px) 100vw, 380px\" \/><\/a><\/p>\n<p style=\"text-align: center;\"><a href=\"http:\/\/www.slideshare.net\/cesirecat\/matematiques-donar-respostes\" target=\"_blank\" rel=\"noopener noreferrer\">Matem\u00e0tiques per donar repostes<\/a><\/p>\n<\/td>\n<td><a href=\"http:\/\/agora.xtec.cat\/cesire_historic\/\/wp-content\/uploads\/usu397\/2016\/07\/estrella_socials.png\" rel=\"attachment wp-att-809\"><img loading=\"lazy\" decoding=\"async\" class=\"aligncenter wp-image-809\" src=\"http:\/\/agora.xtec.cat\/cesire_historic\/\/wp-content\/uploads\/usu397\/2016\/07\/estrella_socials.png\" alt=\"estrella_socials\" width=\"380\" height=\"253\" srcset=\"https:\/\/agora.xtec.cat\/cesire_historic\/wp-content\/uploads\/usu397\/2016\/07\/estrella_socials.png 1195w, https:\/\/agora.xtec.cat\/cesire_historic\/wp-content\/uploads\/usu397\/2016\/07\/estrella_socials-300x200.png 300w, https:\/\/agora.xtec.cat\/cesire_historic\/wp-content\/uploads\/usu397\/2016\/07\/estrella_socials-768x512.png 768w, https:\/\/agora.xtec.cat\/cesire_historic\/wp-content\/uploads\/usu397\/2016\/07\/estrella_socials-1024x682.png 1024w\" sizes=\"auto, (max-width: 380px) 100vw, 380px\" \/><\/a><\/p>\n<p style=\"text-align: center;\"><a href=\"http:\/\/www.slideshare.net\/cesirecat\/lalimentaci-i-les-ccss\" target=\"_blank\" rel=\"noopener noreferrer\">L&#8217;alimentaci\u00f3 i les CCSS<\/a><\/p>\n<\/td>\n<\/tr>\n<tr>\n<td><a href=\"http:\/\/agora.xtec.cat\/cesire_historic\/\/wp-content\/uploads\/usu397\/2016\/07\/estrella_llengua.png\" rel=\"attachment wp-att-807\"><img loading=\"lazy\" decoding=\"async\" class=\"aligncenter wp-image-807\" src=\"http:\/\/agora.xtec.cat\/cesire_historic\/\/wp-content\/uploads\/usu397\/2016\/07\/estrella_llengua.png\" alt=\"estrella_llengua\" width=\"405\" height=\"269\" srcset=\"https:\/\/agora.xtec.cat\/cesire_historic\/wp-content\/uploads\/usu397\/2016\/07\/estrella_llengua.png 1187w, https:\/\/agora.xtec.cat\/cesire_historic\/wp-content\/uploads\/usu397\/2016\/07\/estrella_llengua-300x199.png 300w, https:\/\/agora.xtec.cat\/cesire_historic\/wp-content\/uploads\/usu397\/2016\/07\/estrella_llengua-768x510.png 768w, https:\/\/agora.xtec.cat\/cesire_historic\/wp-content\/uploads\/usu397\/2016\/07\/estrella_llengua-1024x680.png 1024w\" sizes=\"auto, (max-width: 405px) 100vw, 405px\" \/><\/a><\/p>\n<p style=\"text-align: center;\"><a href=\"http:\/\/www.slideshare.net\/cesirecat\/com-tho-explico\" target=\"_blank\" rel=\"noopener noreferrer\">Com t&#8217;ho explico?<\/a><\/p>\n<\/td>\n<td><a href=\"http:\/\/agora.xtec.cat\/cesire_historic\/\/wp-content\/uploads\/usu397\/2016\/07\/estrella_ciencies.png\" rel=\"attachment wp-att-810\"><img loading=\"lazy\" decoding=\"async\" class=\"aligncenter wp-image-810\" src=\"http:\/\/agora.xtec.cat\/cesire_historic\/\/wp-content\/uploads\/usu397\/2016\/07\/estrella_ciencies.png\" alt=\"estrella_ciencies\" width=\"380\" height=\"271\" srcset=\"https:\/\/agora.xtec.cat\/cesire_historic\/wp-content\/uploads\/usu397\/2016\/07\/estrella_ciencies.png 1125w, https:\/\/agora.xtec.cat\/cesire_historic\/wp-content\/uploads\/usu397\/2016\/07\/estrella_ciencies-300x214.png 300w, https:\/\/agora.xtec.cat\/cesire_historic\/wp-content\/uploads\/usu397\/2016\/07\/estrella_ciencies-768x547.png 768w, https:\/\/agora.xtec.cat\/cesire_historic\/wp-content\/uploads\/usu397\/2016\/07\/estrella_ciencies-1024x729.png 1024w\" sizes=\"auto, (max-width: 380px) 100vw, 380px\" \/><\/a><\/p>\n<p style=\"text-align: center;\"><a href=\"http:\/\/www.slideshare.net\/cesirecat\/un-pessic-de-qumica-27-116\" target=\"_blank\" rel=\"noopener noreferrer\">Un pessic de qu\u00edmica<\/a><\/p>\n<\/td>\n<\/tr>\n<\/tbody>\n<\/table>\n","protected":false},"excerpt":{"rendered":"<p>Amb l&#8217;objectiu de mostrar exemples de com incorporar coneixements des de les \u00e0rees en diferents moments del desenvolupament d&#8217;un projecte, el CESIRE va col\u00b7laborar, durant el curs 2015-2106 en la formaci\u00f3 dels centres participants en el <a href=\"https:\/\/sites.google.com\/a\/xtec.cat\/3r-congres-ciencia\/portada\">3r Congr\u00e9s de Ci\u00e8ncia<\/a> de Sant Mart\u00ed, Nou&hellip;  <a href=\"https:\/\/agora.xtec.cat\/cesire_historic\/projectes\/integracio-de-coneixements-3-12\/materials-de-formacio-sobre-integracio-de-coneixements-per-al-3r-congres-de-ciencia\/\" title=\"Read Materials de formaci\u00f3 sobre &#8220;Integraci\u00f3 de coneixements&#8221; per al 3r Congr\u00e9s de Ci\u00e8ncia\">Llegeix m\u00e9s\u00bb<\/a><\/p>\n","protected":false},"author":12,"featured_media":0,"parent":2183,"menu_order":3,"comment_status":"closed","ping_status":"closed","template":"page-templates\/side-menu.php","meta":{"_bbp_topic_count":0,"_bbp_reply_count":0,"_bbp_total_topic_count":0,"_bbp_total_reply_count":0,"_bbp_voice_count":0,"_bbp_anonymous_reply_count":0,"_bbp_topic_count_hidden":0,"_bbp_reply_count_hidden":0,"_bbp_forum_subforum_count":0,"footnotes":""},"class_list":["post-2285","page","type-page","status-publish","hentry"],"post_mailing_queue_ids":[],"_links":{"self":[{"href":"https:\/\/agora.xtec.cat\/cesire_historic\/wp-json\/wp\/v2\/pages\/2285","targetHints":{"allow":["GET"]}}],"collection":[{"href":"https:\/\/agora.xtec.cat\/cesire_historic\/wp-json\/wp\/v2\/pages"}],"about":[{"href":"https:\/\/agora.xtec.cat\/cesire_historic\/wp-json\/wp\/v2\/types\/page"}],"author":[{"embeddable":true,"href":"https:\/\/agora.xtec.cat\/cesire_historic\/wp-json\/wp\/v2\/users\/12"}],"replies":[{"embeddable":true,"href":"https:\/\/agora.xtec.cat\/cesire_historic\/wp-json\/wp\/v2\/comments?post=2285"}],"version-history":[{"count":4,"href":"https:\/\/agora.xtec.cat\/cesire_historic\/wp-json\/wp\/v2\/pages\/2285\/revisions"}],"predecessor-version":[{"id":11612,"href":"https:\/\/agora.xtec.cat\/cesire_historic\/wp-json\/wp\/v2\/pages\/2285\/revisions\/11612"}],"up":[{"embeddable":true,"href":"https:\/\/agora.xtec.cat\/cesire_historic\/wp-json\/wp\/v2\/pages\/2183"}],"wp:attachment":[{"href":"https:\/\/agora.xtec.cat\/cesire_historic\/wp-json\/wp\/v2\/media?parent=2285"}],"curies":[{"name":"wp","href":"https:\/\/api.w.org\/{rel}","templated":true}]}}