{"id":2273,"date":"2017-10-23T12:45:52","date_gmt":"2017-10-23T10:45:52","guid":{"rendered":"http:\/\/agora.xtec.cat\/cesire_historic\/\/?page_id=2273"},"modified":"2020-03-23T09:41:24","modified_gmt":"2020-03-23T08:41:24","slug":"exposicio-itinerant-fites-tecnologiques","status":"publish","type":"page","link":"https:\/\/agora.xtec.cat\/cesire_historic\/cesire\/servei-de-prestec-i-cambra-de-cria\/exposicio-itinerant-fites-tecnologiques\/","title":{"rendered":"Exposici\u00f3 itinerant Fites Tecnol\u00f2giques"},"content":{"rendered":"<p style=\"text-align: justify;\">L\u2019exposici\u00f3 est\u00e0 formada per 30 panells (agrupats en dues caixes de 64 cm ample x 12 cm fons x 93 cm alt , pes aprox. 20-25 kg) que presenten l\u2019evoluci\u00f3 dels aven\u00e7os i els reptes tecnol\u00f2gics actuals des de la mirada de la qu\u00edmica i estan agrupats entorn a quatre tem\u00e0tiques cient\u00edfiques. Es pot accedir al pdf de cadascun dels blocs tem\u00e0tics.<\/p>\n<p style=\"text-align: justify;\">\u00a0El contingut de l\u2019exposici\u00f3 prov\u00e9 de la presentaci\u00f3 &#8220;Technological Milestones&#8221;, de la American Chemical Society i ha estat tradu\u00eft al catal\u00e0 per la <b>Societat Catalana<\/b><b> de Qu\u00edmica<\/b> (SCQ) de l&#8217;Institut d&#8217;Estudis Catalans (IEC). L\u2019exposici\u00f3 pertany a la <b>Universitat<\/b><b> de Vic <\/b>i s\u2019incorpora durant el curs 2012-13 al servei de <b>pr\u00e9stec del CESIRE-CDEC (Departament d\u2019Ensenyament)<\/b> per gestionar la seva itiner\u00e0ncia en una col\u00b7laboraci\u00f3 entre les tres entitats.<\/p>\n<p><a href=\"http:\/\/agora.xtec.cat\/cesire_historic\/\/wp-content\/uploads\/usu397\/2017\/10\/Fites_ButlletaPrestec.doc\" target=\"_blank\" rel=\"noopener noreferrer\">Formulari de sol.licitud<\/a><\/p>\n<h5 style=\"text-align: left;\" align=\"center\">Descripci\u00f3 del contingut de cadascun dels 4 blocs tem\u00e0tics.<\/h5>\n<table style=\"width: 100%;\" border=\"1\" cellspacing=\"0\" cellpadding=\"0\" align=\"left\">\n<tbody>\n<tr style=\"height: 13px;\">\n<td style=\"height: 13px; width: 552px;\" colspan=\"2\" valign=\"top\">\n<p align=\"center\"><a href=\"http:\/\/agora.xtec.cat\/cesire_historic\/\/wp-content\/uploads\/usu397\/2017\/10\/Fites_EnergiaTransport.pdf\">I. Energia i transport (8 panells)<\/a><\/p>\n<\/td>\n<\/tr>\n<tr style=\"height: 35px;\">\n<td style=\"height: 172px; width: 156px;\" rowspan=\"4\" valign=\"top\"><a href=\"http:\/\/agora.xtec.cat\/cesire_historic\/\/wp-content\/uploads\/usu397\/2017\/10\/Fites_tecnologiques_1.jpg\"><img loading=\"lazy\" decoding=\"async\" class=\"aligncenter size-full wp-image-2279\" src=\"http:\/\/agora.xtec.cat\/cesire_historic\/\/wp-content\/uploads\/usu397\/2017\/10\/Fites_tecnologiques_1.jpg\" alt=\"\" width=\"215\" height=\"224\" \/><\/a><\/td>\n<td style=\"height: 35px; width: 396px;\" valign=\"top\">1.1 Les fonts d\u2019energia<\/td>\n<\/tr>\n<tr style=\"height: 51px;\">\n<td style=\"height: 51px; width: 396px;\" valign=\"top\">1.2 L\u2019emmagatzematge d\u2019energia el\u00e8ctrica i les fonts d\u2019energia port\u00e0tils<\/td>\n<\/tr>\n<tr style=\"height: 51px;\">\n<td style=\"height: 51px; width: 396px;\" valign=\"top\">1.3 Els materials per a carreteres i ponts<\/td>\n<\/tr>\n<tr style=\"height: 35px;\">\n<td style=\"height: 35px; width: 396px;\" valign=\"top\">1.4 Els combustibles de petroqu\u00edmica<\/td>\n<\/tr>\n<tr style=\"height: 29px;\">\n<td style=\"height: 29px; width: 156px;\" valign=\"top\">Presentaci\u00f3<\/td>\n<td style=\"height: 29px; width: 396px;\" valign=\"top\">1.5 Els autom\u00f2bils<\/td>\n<\/tr>\n<tr style=\"height: 29px;\">\n<td style=\"height: 29px; width: 156px;\" valign=\"top\">Cronologia<\/td>\n<td style=\"height: 29px; width: 396px;\" valign=\"top\">1.6 L\u2019aeron\u00e0utica<\/td>\n<\/tr>\n<\/tbody>\n<\/table>\n<p>&nbsp;<\/p>\n<p>&nbsp;<\/p>\n<p>&nbsp;<\/p>\n<p>&nbsp;<\/p>\n<p>&nbsp;<\/p>\n<p>&nbsp;<\/p>\n<p>&nbsp;<\/p>\n<table style=\"width: 100%;\" border=\"1\" cellspacing=\"0\" cellpadding=\"0\" align=\"left\">\n<tbody>\n<tr style=\"height: 57px;\">\n<td style=\"width: 550px; height: 57px;\" colspan=\"2\" valign=\"top\">\n<p align=\"center\"><a href=\"http:\/\/agora.xtec.cat\/cesire_historic\/\/wp-content\/uploads\/usu397\/2017\/10\/Fites_InformacioComunicacio.pdf\">II. Informaci\u00f3 i comunicacions (6 panells)<\/a><\/p>\n<\/td>\n<\/tr>\n<tr style=\"height: 95px;\">\n<td style=\"width: 160px; height: 190px;\" rowspan=\"2\" valign=\"top\"><a href=\"http:\/\/agora.xtec.cat\/cesire_historic\/\/wp-content\/uploads\/usu397\/2017\/10\/Fites_tecnologiques_2.jpg\"><img loading=\"lazy\" decoding=\"async\" class=\"aligncenter size-full wp-image-2280\" src=\"http:\/\/agora.xtec.cat\/cesire_historic\/\/wp-content\/uploads\/usu397\/2017\/10\/Fites_tecnologiques_2.jpg\" alt=\"\" width=\"213\" height=\"237\" \/><\/a><\/td>\n<td style=\"width: 390px; height: 95px;\" valign=\"top\">2.1 Els aven\u00e7os en les comunicacions<\/td>\n<\/tr>\n<tr style=\"height: 95px;\">\n<td style=\"width: 390px; height: 95px;\" valign=\"top\">2.2 Tecnologia i ordinadors (1)<\/td>\n<\/tr>\n<tr style=\"height: 37px;\">\n<td style=\"width: 160px; height: 37px;\" valign=\"top\">Presentaci\u00f3<\/td>\n<td style=\"width: 390px; height: 37px;\" valign=\"top\">2.3 L\u2019evoluci\u00f3 de l\u2019entreteniment<\/td>\n<\/tr>\n<tr style=\"height: 43px;\">\n<td style=\"width: 160px; height: 43px;\" valign=\"top\">Cronologia<\/td>\n<td style=\"width: 390px; height: 43px;\" valign=\"top\">2.4 Les innovacions en l\u2019electr\u00f2nica<\/td>\n<\/tr>\n<\/tbody>\n<\/table>\n<p>&nbsp;<\/p>\n<p>&nbsp;<\/p>\n<p>&nbsp;<\/p>\n<p>&nbsp;<\/p>\n<p>&nbsp;<\/p>\n<p>&nbsp;<\/p>\n<p>&nbsp;<\/p>\n<p>&nbsp;<\/p>\n<table style=\"width: 100%;\" border=\"1\" cellspacing=\"0\" cellpadding=\"0\" align=\"left\">\n<tbody>\n<tr>\n<td style=\"width: 551px;\" colspan=\"2\" valign=\"top\">\n<p align=\"center\"><a href=\"http:\/\/agora.xtec.cat\/cesire_historic\/\/wp-content\/uploads\/usu397\/2017\/10\/Fites_SalutMedicina.pdf\">III. Salut i medicina (10 panells)<\/a><\/p>\n<\/td>\n<\/tr>\n<tr>\n<td style=\"width: 156px;\" rowspan=\"6\" valign=\"top\"><a href=\"http:\/\/agora.xtec.cat\/cesire_historic\/\/wp-content\/uploads\/usu397\/2017\/10\/Fites_tecnologiques_3.jpg\"><img loading=\"lazy\" decoding=\"async\" class=\"aligncenter size-full wp-image-2281\" src=\"http:\/\/agora.xtec.cat\/cesire_historic\/\/wp-content\/uploads\/usu397\/2017\/10\/Fites_tecnologiques_3.jpg\" alt=\"\" width=\"324\" height=\"267\" srcset=\"https:\/\/agora.xtec.cat\/cesire_historic\/wp-content\/uploads\/usu397\/2017\/10\/Fites_tecnologiques_3.jpg 324w, https:\/\/agora.xtec.cat\/cesire_historic\/wp-content\/uploads\/usu397\/2017\/10\/Fites_tecnologiques_3-300x247.jpg 300w\" sizes=\"auto, (max-width: 324px) 100vw, 324px\" \/><\/a><\/td>\n<td style=\"width: 395px;\" valign=\"top\">3.1 El tractament del dolor i la inflamaci\u00f3<\/td>\n<\/tr>\n<tr>\n<td style=\"width: 395px;\" valign=\"top\">3.2 Els agents psicoterap\u00e8utics<\/td>\n<\/tr>\n<tr>\n<td style=\"width: 395px;\" valign=\"top\">3.3 Les hormones i els reguladors hormonals<\/p>\n<p>3.4 Els agents gastrointestinals<\/td>\n<\/tr>\n<tr>\n<td style=\"width: 395px;\" valign=\"top\">3.5 Els examens m\u00e8dics i els diagn\u00f2stics de malalties<\/td>\n<\/tr>\n<tr>\n<td style=\"width: 395px;\" valign=\"top\">3.6 Els medicaments antiinfeciosos<\/td>\n<\/tr>\n<tr>\n<td style=\"width: 395px;\" valign=\"top\">3.7 El control cardiovascular<\/td>\n<\/tr>\n<tr>\n<td style=\"width: 156px;\" valign=\"top\">Presentaci\u00f3<\/td>\n<td style=\"width: 395px;\" valign=\"top\">3.8 La quimioter\u00e0pia per al c\u00e0ncer<\/td>\n<\/tr>\n<tr>\n<td style=\"width: 156px;\" valign=\"top\">Cronologia<\/td>\n<td style=\"width: 395px;\" valign=\"top\">3.9 Els nous materials sanitaris<\/td>\n<\/tr>\n<\/tbody>\n<\/table>\n<p>&nbsp;<\/p>\n<p>&nbsp;<\/p>\n<p>&nbsp;<\/p>\n<p>&nbsp;<\/p>\n<p>&nbsp;<\/p>\n<p>&nbsp;<\/p>\n<p>&nbsp;<\/p>\n<p>&nbsp;<\/p>\n<p>&nbsp;<\/p>\n<table style=\"width: 100%;\" border=\"1\" cellspacing=\"0\" cellpadding=\"0\" align=\"left\">\n<tbody>\n<tr style=\"height: 39px;\">\n<td style=\"width: 550px; height: 39px;\" colspan=\"2\" valign=\"top\">\n<p align=\"center\"><a href=\"http:\/\/agora.xtec.cat\/cesire_historic\/\/wp-content\/uploads\/usu397\/2017\/10\/Fites_AlimentacioAgricultura.pdf\">IV. Alimentaci\u00f3 i agricultura (6 panells)<\/a><\/p>\n<\/td>\n<\/tr>\n<tr style=\"height: 36px;\">\n<td style=\"width: 156px; height: 125px;\" rowspan=\"3\" valign=\"top\"><a href=\"http:\/\/agora.xtec.cat\/cesire_historic\/\/wp-content\/uploads\/usu397\/2017\/10\/Fites_tecnologiques_4.jpg\"><img loading=\"lazy\" decoding=\"async\" class=\"aligncenter size-full wp-image-2282\" src=\"http:\/\/agora.xtec.cat\/cesire_historic\/\/wp-content\/uploads\/usu397\/2017\/10\/Fites_tecnologiques_4.jpg\" alt=\"\" width=\"342\" height=\"230\" srcset=\"https:\/\/agora.xtec.cat\/cesire_historic\/wp-content\/uploads\/usu397\/2017\/10\/Fites_tecnologiques_4.jpg 342w, https:\/\/agora.xtec.cat\/cesire_historic\/wp-content\/uploads\/usu397\/2017\/10\/Fites_tecnologiques_4-300x202.jpg 300w\" sizes=\"auto, (max-width: 342px) 100vw, 342px\" \/><\/a><\/td>\n<td style=\"width: 394px; height: 36px;\" valign=\"top\">4.1 Els fertilitzants i els nutrients del s\u00f2l<\/td>\n<\/tr>\n<tr style=\"height: 36px;\">\n<td style=\"width: 394px; height: 36px;\" valign=\"top\">4.2 La protecci\u00f3 de cultius i el control de les plagues<\/td>\n<\/tr>\n<tr style=\"height: 53px;\">\n<td style=\"width: 394px; height: 53px;\" valign=\"top\">4.3 El processament d\u2019aliments, la manipulaci\u00f3 i la seguretat<\/td>\n<\/tr>\n<tr style=\"height: 33px;\">\n<td style=\"width: 156px; height: 33px;\" valign=\"top\">Presentaci\u00f3<\/td>\n<td style=\"width: 394px; height: 66px;\" rowspan=\"2\" valign=\"top\">4.4 L\u2019emmagatzematge dels aliments<\/td>\n<\/tr>\n<tr style=\"height: 33px;\">\n<td style=\"width: 156px; height: 33px;\" valign=\"top\">Cronologia<\/td>\n<\/tr>\n<\/tbody>\n<\/table>\n<p>&nbsp;<\/p>\n","protected":false},"excerpt":{"rendered":"<p>L\u2019exposici\u00f3 est\u00e0 formada per 30 panells (agrupats en dues caixes de 64 cm ample x 12 cm fons x 93 cm alt , pes aprox. 20-25 kg) que presenten l\u2019evoluci\u00f3 dels aven\u00e7os i els reptes tecnol\u00f2gics actuals des de la mirada de la qu\u00edmica i&hellip;  <a href=\"https:\/\/agora.xtec.cat\/cesire_historic\/cesire\/servei-de-prestec-i-cambra-de-cria\/exposicio-itinerant-fites-tecnologiques\/\" title=\"Read Exposici\u00f3 itinerant Fites Tecnol\u00f2giques\">Llegeix m\u00e9s\u00bb<\/a><\/p>\n","protected":false},"author":1,"featured_media":0,"parent":558,"menu_order":7,"comment_status":"closed","ping_status":"closed","template":"page-templates\/side-menu.php","meta":{"_bbp_topic_count":0,"_bbp_reply_count":0,"_bbp_total_topic_count":0,"_bbp_total_reply_count":0,"_bbp_voice_count":0,"_bbp_anonymous_reply_count":0,"_bbp_topic_count_hidden":0,"_bbp_reply_count_hidden":0,"_bbp_forum_subforum_count":0,"footnotes":""},"class_list":["post-2273","page","type-page","status-publish","hentry"],"post_mailing_queue_ids":[],"_links":{"self":[{"href":"https:\/\/agora.xtec.cat\/cesire_historic\/wp-json\/wp\/v2\/pages\/2273","targetHints":{"allow":["GET"]}}],"collection":[{"href":"https:\/\/agora.xtec.cat\/cesire_historic\/wp-json\/wp\/v2\/pages"}],"about":[{"href":"https:\/\/agora.xtec.cat\/cesire_historic\/wp-json\/wp\/v2\/types\/page"}],"author":[{"embeddable":true,"href":"https:\/\/agora.xtec.cat\/cesire_historic\/wp-json\/wp\/v2\/users\/1"}],"replies":[{"embeddable":true,"href":"https:\/\/agora.xtec.cat\/cesire_historic\/wp-json\/wp\/v2\/comments?post=2273"}],"version-history":[{"count":3,"href":"https:\/\/agora.xtec.cat\/cesire_historic\/wp-json\/wp\/v2\/pages\/2273\/revisions"}],"predecessor-version":[{"id":8891,"href":"https:\/\/agora.xtec.cat\/cesire_historic\/wp-json\/wp\/v2\/pages\/2273\/revisions\/8891"}],"up":[{"embeddable":true,"href":"https:\/\/agora.xtec.cat\/cesire_historic\/wp-json\/wp\/v2\/pages\/558"}],"wp:attachment":[{"href":"https:\/\/agora.xtec.cat\/cesire_historic\/wp-json\/wp\/v2\/media?parent=2273"}],"curies":[{"name":"wp","href":"https:\/\/api.w.org\/{rel}","templated":true}]}}