{"id":2204,"date":"2017-10-23T09:39:03","date_gmt":"2017-10-23T07:39:03","guid":{"rendered":"http:\/\/agora.xtec.cat\/cesire_historic\/\/?page_id=2204"},"modified":"2020-07-01T10:04:25","modified_gmt":"2020-07-01T08:04:25","slug":"cambra-de-cria","status":"publish","type":"page","link":"https:\/\/agora.xtec.cat\/cesire_historic\/cesire\/servei-de-prestec-i-cambra-de-cria\/cambra-de-cria\/","title":{"rendered":"Cambra de cria"},"content":{"rendered":"<p style=\"text-align: justify;\">El servei de pr\u00e9stec del CESIRE mant\u00e9 una cambra de cria destinada a proporcionar diferents \u00e9ssers vius per a l\u2019experimentaci\u00f3 a l\u2019aula a tots els nivells educatius i tamb\u00e9 per a tot tipus de centres, p\u00fablics, privats i concertats.<\/p>\n<p style=\"text-align: justify;\">El centre proporciona aquests organismes d\u2019acord amb la normativa legal vigent. Donades les especials caracter\u00edstiques del material viu, aquest s&#8217;haur\u00e0 de sol\u00b7licitar necess\u00e0riament amb una antelaci\u00f3 de dues o tres setmanes.<\/p>\n<table id=\"table2\" cellspacing=\"0\" cellpadding=\"5\">\n<tbody>\n<tr>\n<td align=\"center\" width=\"90%\">\n<h2>Relaci\u00f3 dels organismes vius que es subministren<\/h2>\n<\/td>\n<td><\/td>\n<\/tr>\n<tr>\n<td align=\"center\" width=\"100%\">\n<figure class=\"figure wp-caption alignnone\"><a href=\"http:\/\/agora.xtec.cat\/cesire_historic\/\/wp-content\/uploads\/usu397\/2017\/10\/Arthrospira.jpg\"><img loading=\"lazy\" decoding=\"async\" class=\"wp-image-2205\" src=\"http:\/\/agora.xtec.cat\/cesire_historic\/\/wp-content\/uploads\/usu397\/2017\/10\/Arthrospira.jpg\" alt=\"Arthrospira\" width=\"138\" height=\"132\" \/><\/a><figcaption class=\"wp-caption-text\"><em>Arthrospira sp<\/em><\/figcaption><\/figure>\n<p style=\"text-align: left;\"><a href=\"http:\/\/agora.xtec.cat\/cesire_historic\/\/wp-content\/uploads\/usu397\/2017\/10\/Informaci\u00f3_Arthrospira.pdf\" target=\"_blank\" rel=\"noopener noreferrer\">M\u00e9s informaci\u00f3 i propostes did\u00e0ctiques<\/a><\/p>\n<\/td>\n<td><\/td>\n<\/tr>\n<tr>\n<td align=\"center\" width=\"100%\">\n<figure class=\"figure wp-caption alignnone\"><a href=\"http:\/\/agora.xtec.cat\/cesire_historic\/\/wp-content\/uploads\/usu397\/2017\/10\/carausius-morosus.jpg\"><img loading=\"lazy\" decoding=\"async\" class=\"wp-image-2206\" src=\"http:\/\/agora.xtec.cat\/cesire_historic\/\/wp-content\/uploads\/usu397\/2017\/10\/carausius-morosus.jpg\" alt=\"Carausius morosus (insectes pal)\" width=\"307\" height=\"195\" srcset=\"https:\/\/agora.xtec.cat\/cesire_historic\/wp-content\/uploads\/usu397\/2017\/10\/carausius-morosus.jpg 1300w, https:\/\/agora.xtec.cat\/cesire_historic\/wp-content\/uploads\/usu397\/2017\/10\/carausius-morosus-300x190.jpg 300w, https:\/\/agora.xtec.cat\/cesire_historic\/wp-content\/uploads\/usu397\/2017\/10\/carausius-morosus-768x487.jpg 768w, https:\/\/agora.xtec.cat\/cesire_historic\/wp-content\/uploads\/usu397\/2017\/10\/carausius-morosus-1024x649.jpg 1024w\" sizes=\"auto, (max-width: 307px) 100vw, 307px\" \/><\/a><figcaption class=\"wp-caption-text\"><em>Carausius morosus<\/em> (insectes pal)<\/figcaption><\/figure>\n<p style=\"text-align: left;\"><a href=\"https:\/\/sites.google.com\/a\/xtec.cat\/insectes-pal\/\" target=\"_blank\" rel=\"noopener noreferrer\"><span class=\"wf_file\">M\u00e9s informaci\u00f3 i propostes did\u00e0ctiques<\/span><\/a><\/p>\n<\/td>\n<td><\/td>\n<\/tr>\n<tr>\n<td align=\"center\" width=\"100%\">\n<figure class=\"figure wp-caption alignnone\"><a href=\"http:\/\/agora.xtec.cat\/cesire_historic\/\/wp-content\/uploads\/usu397\/2017\/10\/Bombyx-mori.jpg\"><img loading=\"lazy\" decoding=\"async\" class=\"wp-image-2207\" src=\"http:\/\/agora.xtec.cat\/cesire_historic\/\/wp-content\/uploads\/usu397\/2017\/10\/Bombyx-mori.jpg\" alt=\"Bombyx mori (cucs de seda)\" width=\"286\" height=\"190\" srcset=\"https:\/\/agora.xtec.cat\/cesire_historic\/wp-content\/uploads\/usu397\/2017\/10\/Bombyx-mori.jpg 1600w, https:\/\/agora.xtec.cat\/cesire_historic\/wp-content\/uploads\/usu397\/2017\/10\/Bombyx-mori-300x199.jpg 300w, https:\/\/agora.xtec.cat\/cesire_historic\/wp-content\/uploads\/usu397\/2017\/10\/Bombyx-mori-768x510.jpg 768w, https:\/\/agora.xtec.cat\/cesire_historic\/wp-content\/uploads\/usu397\/2017\/10\/Bombyx-mori-1024x680.jpg 1024w\" sizes=\"auto, (max-width: 286px) 100vw, 286px\" \/><\/a><figcaption class=\"wp-caption-text\">Bombyx mori (cucs de seda)<\/figcaption><\/figure>\n<p style=\"text-align: left;\">Podeu demanar cucs de seda (<em>Bombyx mori<\/em>) per observar i treballar a classe. Quan hagin fet tot el cicle de vida i ja tingueu ous, ens podeu portar uns quants. El cuc de seda es la larva (eruga) d\u2019un insecte que pertany a l\u2019ordre dels lepid\u00f2pters i es desenvolupa per metamorfosis. <a href=\"https:\/\/sites.google.com\/a\/xtec.cat\/les-erugues-de-la-seda\/\" target=\"_blank\" rel=\"noopener noreferrer\">M\u00e9s informaci\u00f3 i propostes did\u00e0ctiques<\/a><\/p>\n<\/td>\n<td><\/td>\n<\/tr>\n<tr>\n<td align=\"center\" width=\"100%\">\n<figure class=\"figure wp-caption aligncenter\"><a href=\"http:\/\/agora.xtec.cat\/cesire_historic\/\/wp-content\/uploads\/usu397\/2017\/10\/Messor_2.jpg\"><img loading=\"lazy\" decoding=\"async\" class=\" wp-image-2208\" src=\"http:\/\/agora.xtec.cat\/cesire_historic\/\/wp-content\/uploads\/usu397\/2017\/10\/Messor_2.jpg\" alt=\"\" width=\"203\" height=\"152\" srcset=\"https:\/\/agora.xtec.cat\/cesire_historic\/wp-content\/uploads\/usu397\/2017\/10\/Messor_2.jpg 500w, https:\/\/agora.xtec.cat\/cesire_historic\/wp-content\/uploads\/usu397\/2017\/10\/Messor_2-300x225.jpg 300w, https:\/\/agora.xtec.cat\/cesire_historic\/wp-content\/uploads\/usu397\/2017\/10\/Messor_2-200x150.jpg 200w\" sizes=\"auto, (max-width: 203px) 100vw, 203px\" \/><\/a><figcaption class=\"wp-caption-text\"><em>Messor barbarus<\/em><\/figcaption><\/figure>\n<p style=\"text-align: left;\"><em><br \/>\n<\/em>Podeu demanar col\u00f2nies de formigues (<i>Messor barbarus<\/i>) per observar i treballar a classe, les podeu tenir i cuidar durant uns mesos i despr\u00e9s tornar-les al centre. <a href=\"https:\/\/sites.google.com\/a\/xtec.cat\/formigues-i-formiguers\/\" target=\"_blank\" rel=\"noopener noreferrer\">M\u00e9s informaci\u00f3 i propostes did\u00e0ctiques<\/a><\/p>\n<\/td>\n<td><\/td>\n<\/tr>\n<tr>\n<td id=\"\" dir=\"\" lang=\"\" scope=\"\" align=\"center\" valign=\"middle\">\n<figure class=\"figure wp-caption alignnone\"><a href=\"http:\/\/agora.xtec.cat\/cesire_historic\/\/wp-content\/uploads\/usu397\/2017\/10\/Planaria.jpg\"><img loading=\"lazy\" decoding=\"async\" class=\"wp-image-2209\" src=\"http:\/\/agora.xtec.cat\/cesire_historic\/\/wp-content\/uploads\/usu397\/2017\/10\/Planaria.jpg\" alt=\"Schmidtea mediterranea (plan\u00e0ries)\" width=\"199\" height=\"149\" srcset=\"https:\/\/agora.xtec.cat\/cesire_historic\/wp-content\/uploads\/usu397\/2017\/10\/Planaria.jpg 640w, https:\/\/agora.xtec.cat\/cesire_historic\/wp-content\/uploads\/usu397\/2017\/10\/Planaria-300x225.jpg 300w, https:\/\/agora.xtec.cat\/cesire_historic\/wp-content\/uploads\/usu397\/2017\/10\/Planaria-200x150.jpg 200w\" sizes=\"auto, (max-width: 199px) 100vw, 199px\" \/><\/a><figcaption class=\"wp-caption-text\"><em>Schmidtea mediterranea<\/em> (plan\u00e0ries)<\/figcaption><\/figure>\n<p style=\"text-align: left;\">Les plan\u00e0ries s\u00f3n cucs plans (Platihelmints) amb una extraordin\u00e0ria capacitat de regeneraci\u00f3. Una plan\u00e0ria pot regenerar tot el seu cos a partir d&#8217;una petita part de la seva anatomia en unes dues setmanes. En l&#8217;actualitat s&#8217;utilitzen com a models de regeneraci\u00f3 en investigacions sobre c\u00e8l\u00b7lules mare. <a href=\"http:\/\/apliense.xtec.cat\/arc\/node\/30028\" target=\"_blank\" rel=\"noopener noreferrer\">M\u00e9s informaci\u00f3 i propostes did\u00e0ctiques<\/a><\/p>\n<\/td>\n<td align=\"center\" width=\"34%\"><\/td>\n<\/tr>\n<tr>\n<td><a href=\"https:\/\/agora.xtec.cat\/cesire_historic\/\/wp-content\/uploads\/usu397\/2020\/01\/CelegansGoldsteinLabUNC_0.jpg\"><img loading=\"lazy\" decoding=\"async\" class=\"wp-image-8255 aligncenter\" src=\"https:\/\/agora.xtec.cat\/cesire_historic\/\/wp-content\/uploads\/usu397\/2020\/01\/CelegansGoldsteinLabUNC_0.jpg\" alt=\"\" width=\"176\" height=\"137\" \/><\/a><\/p>\n<div class=\"mceTemp\"><\/div>\n<p style=\"text-align: center;\"><em>Caenorhabditis elegans<\/em><\/p>\n<p><a href=\"http:\/\/apliense.xtec.cat\/arc\/node\/30463\" target=\"_blank\" rel=\"noopener noreferrer\">Propostes did\u00e0ctiques<\/a><\/td>\n<td><\/td>\n<\/tr>\n<tr>\n<td><a href=\"https:\/\/agora.xtec.cat\/cesire_historic\/\/wp-content\/uploads\/usu397\/2020\/01\/eisenia.jpg\"><img loading=\"lazy\" decoding=\"async\" class=\"wp-image-8260 aligncenter\" src=\"https:\/\/agora.xtec.cat\/cesire_historic\/\/wp-content\/uploads\/usu397\/2020\/01\/eisenia.jpg\" alt=\"\" width=\"207\" height=\"129\" \/><\/a><\/p>\n<p style=\"text-align: center;\"><em>Eisenia foetida<\/em><\/p>\n<\/td>\n<td><\/td>\n<\/tr>\n<tr>\n<td align=\"center\" valign=\"bottom\" width=\"33%\">\n<figure class=\"figure wp-caption alignnone\"><a href=\"http:\/\/agora.xtec.cat\/cesire_historic\/\/wp-content\/uploads\/usu397\/2017\/10\/Acheta-domestica.jpg\"><img loading=\"lazy\" decoding=\"async\" class=\"wp-image-2210 size-full\" src=\"http:\/\/agora.xtec.cat\/cesire_historic\/\/wp-content\/uploads\/usu397\/2017\/10\/Acheta-domestica.jpg\" alt=\"Acheta domestica (Grills)\" width=\"150\" height=\"143\" \/><\/a><figcaption class=\"wp-caption-text\"><em>Acheta domestica<\/em> (Grills)<\/figcaption><\/figure>\n<p style=\"text-align: left;\"><a href=\"https:\/\/sites.google.com\/a\/xtec.cat\/grills\/\" target=\"_blank\" rel=\"noopener noreferrer\">M\u00e9s informaci\u00f3 i propostes did\u00e0ctiques<\/a><\/p>\n<\/td>\n<td align=\"center\" width=\"34%\"><\/td>\n<\/tr>\n<tr>\n<td align=\"center\" width=\"66%\">\n<table style=\"width: 414px;\">\n<tbody>\n<tr>\n<td style=\"width: 165.556px;\"><em><i><a href=\"http:\/\/agora.xtec.cat\/cesire_historic\/\/wp-content\/uploads\/usu397\/2017\/10\/tenebri1.jpg\"><img loading=\"lazy\" decoding=\"async\" class=\"aligncenter size-full wp-image-2211\" src=\"http:\/\/agora.xtec.cat\/cesire_historic\/\/wp-content\/uploads\/usu397\/2017\/10\/tenebri1.jpg\" alt=\"\" width=\"150\" height=\"112\" \/><\/a><\/i><\/em><\/td>\n<td style=\"width: 120px;\"><em><i><a href=\"http:\/\/agora.xtec.cat\/cesire_historic\/\/wp-content\/uploads\/usu397\/2017\/10\/tenebri2.jpg\"><img loading=\"lazy\" decoding=\"async\" class=\"aligncenter wp-image-2212\" src=\"http:\/\/agora.xtec.cat\/cesire_historic\/\/wp-content\/uploads\/usu397\/2017\/10\/tenebri2.jpg\" alt=\"\" width=\"105\" height=\"118\" \/><\/a><\/i><\/em><\/td>\n<td style=\"width: 123.333px;\"><em><i><a href=\"http:\/\/agora.xtec.cat\/cesire_historic\/\/wp-content\/uploads\/usu397\/2017\/10\/tenebri3.jpg\"><img loading=\"lazy\" decoding=\"async\" class=\"aligncenter wp-image-2213\" src=\"http:\/\/agora.xtec.cat\/cesire_historic\/\/wp-content\/uploads\/usu397\/2017\/10\/tenebri3.jpg\" alt=\"\" width=\"105\" height=\"102\" \/><\/a><\/i><\/em><\/td>\n<\/tr>\n<\/tbody>\n<\/table>\n<p><em>Tenebrio molitor<\/em><\/p>\n<p style=\"text-align: left;\"><a href=\"https:\/\/sites.google.com\/a\/xtec.cat\/tenebrio-molitor\/\" target=\"_blank\" rel=\"noopener noreferrer\">M\u00e9s informaci\u00f3 i propostes did\u00e0ctiques<\/a><\/p>\n<\/td>\n<td align=\"center\" width=\"34%\"><\/td>\n<\/tr>\n<tr>\n<td align=\"center\" width=\"66%\">\n<figure class=\"figure wp-caption alignnone\"><a href=\"http:\/\/agora.xtec.cat\/cesire_historic\/\/wp-content\/uploads\/usu397\/2017\/10\/droso.jpg\"><img loading=\"lazy\" decoding=\"async\" class=\"wp-image-2214 size-full\" src=\"http:\/\/agora.xtec.cat\/cesire_historic\/\/wp-content\/uploads\/usu397\/2017\/10\/droso.jpg\" alt=\"Drosophila melanogaster (mosques del vinagre)\" width=\"181\" height=\"94\" \/><\/a><figcaption class=\"wp-caption-text\"><em>Drosophila melanogaster<\/em> (mosques del vinagre)<\/figcaption><\/figure>\n<p><b>Soca salvatge<\/b><\/p>\n<p><b>Mutant yellow<\/b><\/p>\n<p><b>Mutant white<\/b><\/p>\n<p><b>Mutant vestigial<\/b><\/p>\n<p><b>Mutant sense ulls<\/b><\/p>\n<p><b>Doble mutant ebony i sense ulls<\/b><\/p>\n<p style=\"text-align: left;\"><a href=\"http:\/\/agora.xtec.cat\/cesire_historic\/\/wp-content\/uploads\/usu397\/2017\/10\/Informacio_drosophila.pdf\" target=\"_blank\" rel=\"noopener noreferrer\">M\u00e9s informaci\u00f3 i propostes did\u00e0ctiques<\/a><\/p>\n<\/td>\n<td align=\"center\" width=\"34%\"><\/td>\n<\/tr>\n<tr>\n<td style=\"text-align: left;\" colspan=\"2\" align=\"center\" width=\"100%\"><i><\/i><em><i><a href=\"http:\/\/agora.xtec.cat\/cesire_historic\/\/wp-content\/uploads\/usu397\/2017\/10\/Blog_Drosophila.jpg\"><img loading=\"lazy\" decoding=\"async\" class=\"aligncenter wp-image-2215\" src=\"http:\/\/agora.xtec.cat\/cesire_historic\/\/wp-content\/uploads\/usu397\/2017\/10\/Blog_Drosophila.jpg\" alt=\"\" width=\"180\" height=\"125\" \/><\/a><\/i><\/em><a href=\"http:\/\/criantdrosophiles.jimdo.com\/\" target=\"_blank\" rel=\"noopener noreferrer\">Criant Drosophiles!<\/a>, blog de Y\u00e1iza N\u00fa\u00f1ez Amela, alumna de 2n de batxillerat (curs 2010-11)<\/td>\n<\/tr>\n<tr>\n<td colspan=\"2\" align=\"center\" width=\"100%\">\n<table>\n<tbody>\n<tr>\n<td><em><i><a href=\"http:\/\/agora.xtec.cat\/cesire_historic\/\/wp-content\/uploads\/usu397\/2017\/10\/daphnia3.jpg\"><img loading=\"lazy\" decoding=\"async\" class=\"aligncenter wp-image-2216\" src=\"http:\/\/agora.xtec.cat\/cesire_historic\/\/wp-content\/uploads\/usu397\/2017\/10\/daphnia3.jpg\" alt=\"\" width=\"195\" height=\"147\" srcset=\"https:\/\/agora.xtec.cat\/cesire_historic\/wp-content\/uploads\/usu397\/2017\/10\/daphnia3.jpg 317w, https:\/\/agora.xtec.cat\/cesire_historic\/wp-content\/uploads\/usu397\/2017\/10\/daphnia3-300x226.jpg 300w, https:\/\/agora.xtec.cat\/cesire_historic\/wp-content\/uploads\/usu397\/2017\/10\/daphnia3-200x150.jpg 200w\" sizes=\"auto, (max-width: 195px) 100vw, 195px\" \/><\/a><\/i><\/em><\/td>\n<td><em><i><a href=\"http:\/\/agora.xtec.cat\/cesire_historic\/\/wp-content\/uploads\/usu397\/2017\/10\/daphnia2.jpg\"><img loading=\"lazy\" decoding=\"async\" class=\"aligncenter wp-image-2217\" src=\"http:\/\/agora.xtec.cat\/cesire_historic\/\/wp-content\/uploads\/usu397\/2017\/10\/daphnia2.jpg\" alt=\"\" width=\"174\" height=\"147\" \/><\/a><\/i><\/em><\/td>\n<td><em><i><a href=\"http:\/\/agora.xtec.cat\/cesire_historic\/\/wp-content\/uploads\/usu397\/2017\/10\/daphnia4.jpg\"><img loading=\"lazy\" decoding=\"async\" class=\"aligncenter wp-image-2218\" src=\"http:\/\/agora.xtec.cat\/cesire_historic\/\/wp-content\/uploads\/usu397\/2017\/10\/daphnia4.jpg\" alt=\"\" width=\"190\" height=\"143\" srcset=\"https:\/\/agora.xtec.cat\/cesire_historic\/wp-content\/uploads\/usu397\/2017\/10\/daphnia4.jpg 320w, https:\/\/agora.xtec.cat\/cesire_historic\/wp-content\/uploads\/usu397\/2017\/10\/daphnia4-300x226.jpg 300w, https:\/\/agora.xtec.cat\/cesire_historic\/wp-content\/uploads\/usu397\/2017\/10\/daphnia4-200x150.jpg 200w\" sizes=\"auto, (max-width: 190px) 100vw, 190px\" \/><\/a><\/i><\/em><\/td>\n<\/tr>\n<\/tbody>\n<\/table>\n<p><em>Daphnia sp<\/em> (petit crustaci)<\/p>\n<p style=\"text-align: left;\"><a href=\"http:\/\/agora.xtec.cat\/cesire_historic\/\/wp-content\/uploads\/usu397\/2017\/10\/Informacio_daphnia.pdf\" target=\"_blank\" rel=\"noopener noreferrer\">M\u00e9s informaci\u00f3 i propostes did\u00e0ctiques<\/a><\/p>\n<\/td>\n<\/tr>\n<tr>\n<td colspan=\"2\" align=\"center\" width=\"100%\">&nbsp;<\/p>\n<table style=\"width: 690px; height: 212px;\">\n<tbody>\n<tr>\n<td style=\"width: 172.222px;\"><img decoding=\"async\" src=\"http:\/\/agora.xtec.cat\/cesire_historic\/\/wp-content\/uploads\/usu397\/2017\/10\/euglena.jpg\" alt=\"Euglena sp (alga unicel\u00b7lular)\" \/><\/td>\n<td style=\"width: 300px;\"><a href=\"https:\/\/agora.xtec.cat\/cesire_historic\/\/wp-content\/uploads\/usu397\/2020\/01\/Blapharisma-sp.jpg\"><img loading=\"lazy\" decoding=\"async\" class=\"wp-image-8251 aligncenter\" src=\"https:\/\/agora.xtec.cat\/cesire_historic\/\/wp-content\/uploads\/usu397\/2020\/01\/Blapharisma-sp-1024x683.jpg\" alt=\"\" width=\"221\" height=\"147\" srcset=\"https:\/\/agora.xtec.cat\/cesire_historic\/wp-content\/uploads\/usu397\/2020\/01\/Blapharisma-sp.jpg 1024w, https:\/\/agora.xtec.cat\/cesire_historic\/wp-content\/uploads\/usu397\/2020\/01\/Blapharisma-sp-300x200.jpg 300w, https:\/\/agora.xtec.cat\/cesire_historic\/wp-content\/uploads\/usu397\/2020\/01\/Blapharisma-sp-768x512.jpg 768w\" sizes=\"auto, (max-width: 221px) 100vw, 221px\" \/><\/a><\/td>\n<td style=\"width: 213.333px;\"><a href=\"https:\/\/agora.xtec.cat\/cesire_historic\/\/wp-content\/uploads\/usu397\/2020\/01\/Paramecium.jpg\"><img loading=\"lazy\" decoding=\"async\" class=\"alignnone wp-image-8250\" src=\"https:\/\/agora.xtec.cat\/cesire_historic\/\/wp-content\/uploads\/usu397\/2020\/01\/Paramecium.jpg\" alt=\"\" width=\"177\" height=\"167\" \/><\/a><\/td>\n<\/tr>\n<tr>\n<td style=\"width: 172.222px;\"><em>Euglena sp<\/em> (alga unicel\u00b7lular)<\/td>\n<td style=\"width: 300px; text-align: center;\"><em>Blepharisma sp.<\/em> (protozou ciliat)<\/td>\n<td style=\"width: 213.333px;\">Paramecium caudatum (protozou ciliat)<\/td>\n<\/tr>\n<\/tbody>\n<\/table>\n<p style=\"text-align: left;\"><a href=\"http:\/\/agora.xtec.cat\/cesire_historic\/\/wp-content\/uploads\/usu397\/2017\/10\/Informacio_euglena.pdf\" target=\"_blank\" rel=\"noopener noreferrer\"><br \/>\nM\u00e9s informaci\u00f3 i propostes did\u00e0ctiques<\/a><\/p>\n<\/td>\n<\/tr>\n<tr>\n<td colspan=\"2\" align=\"center\" width=\"100%\">\n<div style=\"text-align: left;\"><em><i><a href=\"http:\/\/agora.xtec.cat\/cesire_historic\/\/wp-content\/uploads\/usu397\/2017\/10\/Escherichia_coli_MCC.jpg\"><img loading=\"lazy\" decoding=\"async\" class=\"wp-image-2222 aligncenter\" src=\"http:\/\/agora.xtec.cat\/cesire_historic\/\/wp-content\/uploads\/usu397\/2017\/10\/Escherichia_coli_MCC.jpg\" alt=\"\" width=\"223\" height=\"222\" srcset=\"https:\/\/agora.xtec.cat\/cesire_historic\/wp-content\/uploads\/usu397\/2017\/10\/Escherichia_coli_MCC.jpg 1373w, https:\/\/agora.xtec.cat\/cesire_historic\/wp-content\/uploads\/usu397\/2017\/10\/Escherichia_coli_MCC-150x150.jpg 150w, https:\/\/agora.xtec.cat\/cesire_historic\/wp-content\/uploads\/usu397\/2017\/10\/Escherichia_coli_MCC-300x300.jpg 300w, https:\/\/agora.xtec.cat\/cesire_historic\/wp-content\/uploads\/usu397\/2017\/10\/Escherichia_coli_MCC-768x767.jpg 768w, https:\/\/agora.xtec.cat\/cesire_historic\/wp-content\/uploads\/usu397\/2017\/10\/Escherichia_coli_MCC-1024x1024.jpg 1024w\" sizes=\"auto, (max-width: 223px) 100vw, 223px\" \/><\/a><\/i><\/em><\/div>\n<p style=\"text-align: center;\"><em>Microc<\/em><em>occ<\/em><em>us <\/em><em>luteus<\/em><\/p>\n<p style=\"text-align: center;\"><em>Pseudomonas fluorescens<\/em><\/p>\n<p style=\"text-align: center;\"><em>Serratia marcescens<\/em><\/p>\n<p style=\"text-align: center;\"><em>Staphylococcus epidermidis<\/em><\/p>\n<p style=\"text-align: center;\"><em>Bacillus cereus<\/em><\/p>\n<p style=\"text-align: center;\"><i>Bacillus megaterium<\/i><\/p>\n<p style=\"text-align: center;\"><i>Escherichia coli<\/i><\/p>\n<p style=\"text-align: center;\"><i>\u00a0<\/i><\/p>\n<p style=\"text-align: left;\"><a href=\"https:\/\/sites.google.com\/a\/xtec.cat\/microcat\/recursos-proposats-pel-grup-de-treball\" target=\"_blank\" rel=\"noopener noreferrer\">M\u00e9s informaci\u00f3 i propostes did\u00e0ctiques<\/a><i> <a href=\"https:\/\/sites.google.com\/a\/xtec.cat\/microcat\/recursos-proposats-pel-grup-de-treball\" target=\"_blank\" rel=\"noopener noreferrer\"><img loading=\"lazy\" decoding=\"async\" src=\"http:\/\/srvcnpbs.xtec.cat\/cdec\/images\/stories\/Imatges\/Logos\/logo_grup_docencia_micro_petit.JPG\" width=\"144\" height=\"49\" \/><\/a><\/i><\/p>\n<\/td>\n<\/tr>\n<tr>\n<td colspan=\"2\"><a href=\"https:\/\/agora.xtec.cat\/cesire_historic\/\/wp-content\/uploads\/usu397\/2020\/01\/trasdescantia.png\"><img loading=\"lazy\" decoding=\"async\" class=\"wp-image-8261 aligncenter\" src=\"https:\/\/agora.xtec.cat\/cesire_historic\/\/wp-content\/uploads\/usu397\/2020\/01\/trasdescantia.png\" alt=\"\" width=\"170\" height=\"188\" \/><\/a><\/p>\n<div style=\"text-align: center;\"><em><i>Trasdescantia<\/i><\/em><\/div>\n<\/td>\n<\/tr>\n<\/tbody>\n<\/table>\n<p>&nbsp;<\/p>\n","protected":false},"excerpt":{"rendered":"<p>El servei de pr\u00e9stec del CESIRE mant\u00e9 una cambra de cria destinada a proporcionar diferents \u00e9ssers vius per a l\u2019experimentaci\u00f3 a l\u2019aula a tots els nivells educatius i tamb\u00e9 per a tot tipus de centres, p\u00fablics, privats i concertats.<br \/>\nEl centre proporciona aquests organismes d\u2019acord amb&hellip;  <a href=\"https:\/\/agora.xtec.cat\/cesire_historic\/cesire\/servei-de-prestec-i-cambra-de-cria\/cambra-de-cria\/\" title=\"Read Cambra de cria\">Llegeix m\u00e9s\u00bb<\/a><\/p>\n","protected":false},"author":1,"featured_media":0,"parent":558,"menu_order":1,"comment_status":"closed","ping_status":"closed","template":"page-templates\/side-menu.php","meta":{"_bbp_topic_count":0,"_bbp_reply_count":0,"_bbp_total_topic_count":0,"_bbp_total_reply_count":0,"_bbp_voice_count":0,"_bbp_anonymous_reply_count":0,"_bbp_topic_count_hidden":0,"_bbp_reply_count_hidden":0,"_bbp_forum_subforum_count":0,"footnotes":""},"class_list":["post-2204","page","type-page","status-publish","hentry"],"post_mailing_queue_ids":[],"_links":{"self":[{"href":"https:\/\/agora.xtec.cat\/cesire_historic\/wp-json\/wp\/v2\/pages\/2204","targetHints":{"allow":["GET"]}}],"collection":[{"href":"https:\/\/agora.xtec.cat\/cesire_historic\/wp-json\/wp\/v2\/pages"}],"about":[{"href":"https:\/\/agora.xtec.cat\/cesire_historic\/wp-json\/wp\/v2\/types\/page"}],"author":[{"embeddable":true,"href":"https:\/\/agora.xtec.cat\/cesire_historic\/wp-json\/wp\/v2\/users\/1"}],"replies":[{"embeddable":true,"href":"https:\/\/agora.xtec.cat\/cesire_historic\/wp-json\/wp\/v2\/comments?post=2204"}],"version-history":[{"count":3,"href":"https:\/\/agora.xtec.cat\/cesire_historic\/wp-json\/wp\/v2\/pages\/2204\/revisions"}],"predecessor-version":[{"id":9804,"href":"https:\/\/agora.xtec.cat\/cesire_historic\/wp-json\/wp\/v2\/pages\/2204\/revisions\/9804"}],"up":[{"embeddable":true,"href":"https:\/\/agora.xtec.cat\/cesire_historic\/wp-json\/wp\/v2\/pages\/558"}],"wp:attachment":[{"href":"https:\/\/agora.xtec.cat\/cesire_historic\/wp-json\/wp\/v2\/media?parent=2204"}],"curies":[{"name":"wp","href":"https:\/\/api.w.org\/{rel}","templated":true}]}}