{"id":2156,"date":"2017-10-20T08:29:28","date_gmt":"2017-10-20T06:29:28","guid":{"rendered":"http:\/\/agora.xtec.cat\/cesire_historic\/\/?page_id=2156"},"modified":"2020-11-13T11:51:17","modified_gmt":"2020-11-13T10:51:17","slug":"nanotecnologia","status":"publish","type":"page","link":"https:\/\/agora.xtec.cat\/cesire_historic\/projectes\/stem-steam\/nanotecnologia\/","title":{"rendered":"Nanotecnologia"},"content":{"rendered":"<table style=\"border-collapse: collapse; width: 100%;\" border=\"1\">\n<tbody>\n<tr>\n<td style=\"width: 21.3025%; border-style: none; background-color: #f4f714; vertical-align: middle;\"><img loading=\"lazy\" decoding=\"async\" class=\"wp-image-4857 aligncenter\" src=\"https:\/\/agora.xtec.cat\/cesire_historic\/\/wp-content\/uploads\/usu397\/2019\/03\/Guardo_PremisNacionalsRecerca_PNR_FundacioRecerca_FCRi-198x300.png\" alt=\"\" width=\"154\" height=\"233\" srcset=\"https:\/\/agora.xtec.cat\/cesire_historic\/wp-content\/uploads\/usu397\/2019\/03\/Guardo_PremisNacionalsRecerca_PNR_FundacioRecerca_FCRi-198x300.png 198w, https:\/\/agora.xtec.cat\/cesire_historic\/wp-content\/uploads\/usu397\/2019\/03\/Guardo_PremisNacionalsRecerca_PNR_FundacioRecerca_FCRi.png 330w\" sizes=\"auto, (max-width: 154px) 100vw, 154px\" \/><\/td>\n<td style=\"width: 78.6975%; border-color: #ff0000; border-style: none; background-color: #f4f714; vertical-align: middle;\">\n<p style=\"text-align: justify;\">El programa NanoEduca per a la divulgaci\u00f3 de la nanoci\u00e8ncia i la nanotecnologia ha rebut el <strong>Premi Nacional de Comunicaci\u00f3 Cient\u00edfica 2018<\/strong>, que atorguen la Fundaci\u00f3 Catalana per la Investigaci\u00f3 i la Innovaci\u00f3 (FCRi) i el Govern.<\/p>\n<p style=\"text-align: justify;\">Aquesta iniciativa dirigida als instituts de secund\u00e0ria pret\u00e9n acostar als centres les eines, el llenguatge i les aplicacions de la nanoci\u00e8ncia i la nanotecnologia, i des del 2015 els seus continguts de han arribat a m\u00e9s de 6.000 alumnes de m\u00e9s de 300 centres educatius, principalment a Catalunya, per\u00f2 tamb\u00e9 al Pa\u00eds Basc, la Comunitat de Madrid i la ciutat austr\u00edaca de Salzburg.<\/p>\n<p style=\"text-align: justify;\">El premi \u00e9s un reconeixement a la tasca de divulgaci\u00f3 i al treball en equip dut a terme per les quatre institucions implicades en el programa, els seus coordinadors, els seus equips de treball i una \u00e0mplia xarxa de col\u00b7laboradors.<\/p>\n<\/td>\n<\/tr>\n<\/tbody>\n<\/table>\n<h2>NanoExplora<\/h2>\n<div class=\"textwidget\">\n<p>Al llarg del curs 2018-19, el CESIRE ha generat una proposta did\u00e0ctica amb l&#8217;objectiu de presentar els conceptes b\u00e0sics de la nanoci\u00e8ncia i la nanotecnologia a alumnes de Cicle Superior d&#8217;Educaci\u00f3 Prim\u00e0ria i de primer cicle d&#8217;Educaci\u00f3 Secund\u00e0ria.<\/p>\n<p>Aquesta proposta es concreta en dos elements b\u00e0sics:<\/p>\n<p>&#8211; el kit &#8220;NanoExplora&#8221;, amb recursos i materials per introduir el &#8220;model mat\u00e8ria&#8221; a partir dels fen\u00f2mens i caracter\u00edstiques pr\u00f2pies de l&#8217;escala nanom\u00e8trica.<\/p>\n<p>&nbsp;<\/p>\n<p>&#8211; l&#8217;<a href=\"https:\/\/blocs.xtec.cat\/cesirenanotecnologia\" target=\"_blank\" rel=\"noopener noreferrer\">espai web &#8220;NanoExplora&#8221;<\/a>, que complementa el kit i aporta m\u00e9s informaci\u00f3, recursos i orientacions did\u00e0ctiques per la seva utilitzaci\u00f3 a l&#8217;aula.<a href=\"https:\/\/blocs.xtec.cat\/cesirenanotecnologia\/\" target=\"_blank\" rel=\"noopener noreferrer\"><img loading=\"lazy\" decoding=\"async\" class=\"aligncenter wp-image-4849 size-medium\" src=\"https:\/\/agora.xtec.cat\/cesire_historic\/\/wp-content\/uploads\/usu397\/2019\/03\/WebNanoExplora-300x183.png\" alt=\"Espai web ExploraNano\" width=\"300\" height=\"183\" srcset=\"https:\/\/agora.xtec.cat\/cesire_historic\/wp-content\/uploads\/usu397\/2019\/03\/WebNanoExplora-300x183.png 300w, https:\/\/agora.xtec.cat\/cesire_historic\/wp-content\/uploads\/usu397\/2019\/03\/WebNanoExplora-768x470.png 768w, https:\/\/agora.xtec.cat\/cesire_historic\/wp-content\/uploads\/usu397\/2019\/03\/WebNanoExplora-1024x626.png 1024w, https:\/\/agora.xtec.cat\/cesire_historic\/wp-content\/uploads\/usu397\/2019\/03\/WebNanoExplora.png 1429w\" sizes=\"auto, (max-width: 300px) 100vw, 300px\" \/><\/a><\/p>\n<p>Tots dos elements han estats elaborats amb l&#8217;assessorament cient\u00edfic i la col\u00b7laboraci\u00f3 del Dr. Jordi D\u00edaz, dels <a href=\"http:\/\/www.ccit.ub.edu\" target=\"_blank\" rel=\"noopener noreferrer\">Centres Cient\u00edfics i Tecnol\u00f2gics<\/a> de la Universitat de Barcelona.<\/p>\n<p>Al novembre de 2019 va tenir lloc la trobada <em>Converses i recursos: El model mat\u00e8ria des de la nano<\/em>. <a href=\"http:\/\/agora.xtec.cat\/cesire_historic\/\/converses-i-recursos-resum-de-la-trobada\/\" target=\"_blank\" rel=\"noopener noreferrer\">Aqu\u00ed<\/a> podeu trobar el resum de la jornada.<\/p>\n<\/div>\n<h2 style=\"text-align: justify;\">NanoEduca<\/h2>\n<p><img loading=\"lazy\" decoding=\"async\" class=\"wp-image-609 aligncenter\" src=\"https:\/\/agora.xtec.cat\/cesire_historic\/\/wp-content\/uploads\/usu397\/2016\/03\/nanoeduca1-300x162.jpg\" alt=\"\" width=\"246\" height=\"133\" srcset=\"https:\/\/agora.xtec.cat\/cesire_historic\/wp-content\/uploads\/usu397\/2016\/03\/nanoeduca1-300x162.jpg 300w, https:\/\/agora.xtec.cat\/cesire_historic\/wp-content\/uploads\/usu397\/2016\/03\/nanoeduca1.jpg 512w\" sizes=\"auto, (max-width: 246px) 100vw, 246px\" \/><\/p>\n<p style=\"text-align: justify;\">Les accions del CESIRE al voltant de la nanotecnologia es realitzen principalment en col.laboraci\u00f3 amb els <a href=\"http:\/\/www.ccit.ub.edu\" target=\"_blank\" rel=\"noopener noreferrer\">Centres Cient\u00edfics i Tecnol\u00f2gics<\/a> (CCiTUB) de la Universitat de Barcelona, l&#8217;<a href=\"http:\/\/www.icn.cat\" target=\"_blank\" rel=\"noopener noreferrer\">Institut Catal\u00e0 de Nanoci\u00e8ncia i Nanotecnologia<\/a> (ICN2), i el <a href=\"http:\/\/www.uab.cat\/web\/estudiar\/llistat-de-graus\/informacio-general\/nanociencia-i-nanotecnologia-1216708251447.html?param1=1263367118156\" target=\"_blank\" rel=\"noopener noreferrer\">Grau de Nanoci\u00e8ncia i Nanotecnologia<\/a> de la Universitat Aut\u00f2noma de Barcelona.<\/p>\n<p style=\"text-align: justify;\">Els objectius principals de la iniciativa NanoEduca, de la qual en s\u00f3n impulsors les institucions anteriors, s\u00f3n introduir l&#8217;alumnat i el professorat d&#8217;ensenyament secundari en els conceptes b\u00e0sics de la nanotecnologia, fomentar l\u2019inter\u00e8s i crear vocacions dels alumnes per les disciplines cientifico-t\u00e8cniques, i crear una xarxa d&#8217;intercanvi de coneixement i col\u00b7laboraci\u00f3 permanent entre professional investigador i docents en actiu.<\/p>\n<figure class=\"figure wp-caption alignright\"><a href=\"http:\/\/agora.xtec.cat\/cesire_historic\/\/wp-content\/uploads\/usu397\/2017\/03\/IMG_2549.jpg\" target=\"_blank\" rel=\"noopener noreferrer\"><img loading=\"lazy\" decoding=\"async\" class=\"wp-image-1747 size-medium\" src=\"http:\/\/agora.xtec.cat\/cesire_historic\/\/wp-content\/uploads\/usu397\/2017\/03\/IMG_2549-225x300.jpg\" alt=\"Contingut del Nanokit 2.0\" width=\"225\" height=\"300\" srcset=\"https:\/\/agora.xtec.cat\/cesire_historic\/wp-content\/uploads\/usu397\/2017\/03\/IMG_2549-225x300.jpg 225w, https:\/\/agora.xtec.cat\/cesire_historic\/wp-content\/uploads\/usu397\/2017\/03\/IMG_2549-768x1024.jpg 768w, https:\/\/agora.xtec.cat\/cesire_historic\/wp-content\/uploads\/usu397\/2017\/03\/IMG_2549.jpg 1536w\" sizes=\"auto, (max-width: 225px) 100vw, 225px\" \/><\/a><figcaption class=\"wp-caption-text\"><em>Contingut del Nanokit 2.0<\/em><\/figcaption><\/figure>\n<p style=\"text-align: justify;\">Les accions s&#8217;estructuren fonamentalment a partir de tres grans eixos: <a href=\"http:\/\/www.ub.edu\/ice\/cursos\/nanociencia\">formaci\u00f3 pel professorat<\/a>, <a href=\"http:\/\/agora.xtec.cat\/cesire_historic\/\/wp-content\/uploads\/usu397\/2017\/03\/IMG_2549.jpg\" target=\"_blank\" rel=\"noopener noreferrer\">materials did\u00e0ctics<\/a> i l&#8217;<a href=\"https:\/\/www.youtube.com\/watch?v=BzqlTEhnN7U\" target=\"_blank\" rel=\"noopener noreferrer\">organitzaci\u00f3 d&#8217;un concurs per l&#8217;alumnat<\/a>.<\/p>\n<p style=\"text-align: justify;\">La iniciativa NanoEduca es va iniciar el curs 2015-16 amb una prova pilot amb professorat de 16 centres educatius, i m\u00e9s de 500 alumnes participants. Es van dissenyar i produir uns kits d&#8217;experimentaci\u00f3 a l&#8217;aula amb 18 propostes did\u00e0ctiques, agrupades en 4 \u00e0mbits (fonaments de nanoci\u00e8ncia i nanotecnologia, nanoci\u00e8ncia, nanotecnologia i nanomaterials, i nanobiotecnologia). L&#8217;avaluaci\u00f3 d&#8217;aquests materials per part tant de l&#8217;alumnat com del professorat participant va utilitzar-se com a base pel disseny d&#8217;una nova versi\u00f3 del <strong>nanokit<\/strong>, dissenyat i produ\u00eft gr\u00e0cies al finan\u00e7ament de la FECYT (<a href=\"https:\/\/www.convocatoria.fecyt.es\/Publico\/2015\/Formularios_Solicitud\/Informes\/Ficha_Resumen.aspx?RF=10278\" target=\"_blank\" rel=\"noopener noreferrer\">projecte\u00a0<span id=\"lblReferencia\" class=\"CampoInforme\">FCT-15-10278<\/span><\/a>), i del qual se n&#8217;han distribu\u00eft un a cada un dels 75 <a href=\"http:\/\/xtec.gencat.cat\/ca\/serveis\/sez\/crp\/\" target=\"_blank\" rel=\"noopener noreferrer\">Centres de Recursos Pedag\u00f2gics<\/a> del Departament d&#8217;Educaci\u00f3, perqu\u00e8 l&#8217;incorporin a la seva oferta did\u00e0ctica pels centres de l&#8217;entorn, i facilitar d&#8217;aquesta manera la seva extensi\u00f3 pel territori.<\/p>\n<p style=\"text-align: justify;\">Podeu consultar el material did\u00e0ctic que acompanya els kits en els seg\u00fcents enlla\u00e7os:<\/p>\n<ul>\n<li style=\"text-align: justify;\"><a href=\"http:\/\/agora.xtec.cat\/cesire_historic\/\/wp-content\/uploads\/usu397\/2017\/03\/Carta_presentaci\u00f3.pdf\" target=\"_blank\" rel=\"noopener noreferrer\">Carta de benvinguda al professorat<\/a><\/li>\n<li style=\"text-align: justify;\">Material per l&#8217;alumnat (<a href=\"http:\/\/agora.xtec.cat\/cesire_historic\/\/wp-content\/uploads\/usu397\/2017\/03\/Alumnes_1.zip\" target=\"_blank\" rel=\"noopener noreferrer\">fitxes 1-3<\/a>, <a href=\"http:\/\/agora.xtec.cat\/cesire_historic\/\/wp-content\/uploads\/usu397\/2017\/03\/Alumnes_2.zip\" target=\"_blank\" rel=\"noopener noreferrer\">fitxes 4-7<\/a>)<\/li>\n<li style=\"text-align: justify;\">Material pel professorat (<a href=\"http:\/\/agora.xtec.cat\/cesire_historic\/\/wp-content\/uploads\/usu397\/2017\/03\/Professors_1.zip\" target=\"_blank\" rel=\"noopener noreferrer\">fitxes 1-2<\/a>, <a href=\"http:\/\/agora.xtec.cat\/cesire_historic\/\/wp-content\/uploads\/usu397\/2017\/03\/Professors_2.zip\" target=\"_blank\" rel=\"noopener noreferrer\">fitxes 3-5<\/a>, <a href=\"http:\/\/agora.xtec.cat\/cesire_historic\/\/wp-content\/uploads\/usu397\/2017\/03\/Professors_3.zip\" target=\"_blank\" rel=\"noopener noreferrer\">fitxes 6-7<\/a>)<\/li>\n<li style=\"text-align: justify;\"><a href=\"http:\/\/agora.xtec.cat\/cesire_historic\/\/wp-content\/uploads\/usu397\/2017\/03\/tauler-joc-fitxes-cat.zip\" target=\"_blank\" rel=\"noopener noreferrer\">Material imprimible debat (cartes i taulell de treball)<\/a><\/li>\n<li style=\"text-align: justify;\"><a href=\"http:\/\/agora.xtec.cat\/cesire_historic\/\/wp-content\/uploads\/usu397\/2017\/03\/Inventario_final_Nanokit.pdf\" target=\"_blank\" rel=\"noopener noreferrer\">Inventari de material<\/a><\/li>\n<\/ul>\n<table class=\" aligncenter\" style=\"height: 209px; border-color: #ffffff;\" width=\"726\">\n<tbody>\n<tr style=\"height: 34px;\">\n<td style=\"border-color: #ffffff; text-align: center; height: 34px; width: 208.133px;\"><strong>Web NanoEduca<\/strong><\/td>\n<td style=\"border-color: #ffffff; text-align: center; height: 34px; width: 312.117px;\"><strong>Canal de Youtube (18 v\u00eddeos d&#8217;experiments)<\/strong><\/td>\n<td style=\"border-color: #ffffff; text-align: center; height: 34px; width: 195.75px;\"><strong>Twitter NanoEduca<\/strong><\/td>\n<\/tr>\n<tr style=\"height: 143px;\">\n<td style=\"border-color: #ffffff; text-align: center; height: 143px; width: 208.133px;\"><a href=\"http:\/\/nanoeduca.cat\/ca\/inici\/\" target=\"_blank\" rel=\"noopener noreferrer\"><img loading=\"lazy\" decoding=\"async\" class=\"aligncenter wp-image-1746\" src=\"http:\/\/agora.xtec.cat\/cesire_historic\/\/wp-content\/uploads\/usu397\/2017\/03\/WebNanoEduca-300x188.png\" alt=\"webnanoeduca\" width=\"194\" height=\"122\" srcset=\"https:\/\/agora.xtec.cat\/cesire_historic\/wp-content\/uploads\/usu397\/2017\/03\/WebNanoEduca-300x188.png 300w, https:\/\/agora.xtec.cat\/cesire_historic\/wp-content\/uploads\/usu397\/2017\/03\/WebNanoEduca-768x480.png 768w, https:\/\/agora.xtec.cat\/cesire_historic\/wp-content\/uploads\/usu397\/2017\/03\/WebNanoEduca-1024x640.png 1024w, https:\/\/agora.xtec.cat\/cesire_historic\/wp-content\/uploads\/usu397\/2017\/03\/WebNanoEduca.png 1440w\" sizes=\"auto, (max-width: 194px) 100vw, 194px\" \/><\/a><\/td>\n<td style=\"border-color: #ffffff; text-align: center; height: 143px; width: 312.117px;\"><a href=\"https:\/\/www.youtube.com\/channel\/UCnPqpEEQ2SLxOwiM57tkHjg\" target=\"_blank\" rel=\"noopener noreferrer\"><img loading=\"lazy\" decoding=\"async\" class=\"alignnone wp-image-625\" src=\"http:\/\/agora.xtec.cat\/cesire_historic\/\/wp-content\/uploads\/usu397\/2016\/04\/CanalYoutube_NanoEduca-1024x731.png\" alt=\"CanalYoutube_NanoEduca\" width=\"190\" height=\"136\" srcset=\"https:\/\/agora.xtec.cat\/cesire_historic\/wp-content\/uploads\/usu397\/2016\/04\/CanalYoutube_NanoEduca-1024x731.png 1024w, https:\/\/agora.xtec.cat\/cesire_historic\/wp-content\/uploads\/usu397\/2016\/04\/CanalYoutube_NanoEduca-300x214.png 300w, https:\/\/agora.xtec.cat\/cesire_historic\/wp-content\/uploads\/usu397\/2016\/04\/CanalYoutube_NanoEduca.png 1097w\" sizes=\"auto, (max-width: 190px) 100vw, 190px\" \/><\/a><\/td>\n<td style=\"border-color: #ffffff; text-align: center; height: 143px; width: 195.75px;\"><a href=\"http:\/\/twitter.com\/@nanoeduca\" target=\"_blank\" rel=\"noopener noreferrer\"><img loading=\"lazy\" decoding=\"async\" class=\"alignnone wp-image-626\" src=\"http:\/\/agora.xtec.cat\/cesire_historic\/\/wp-content\/uploads\/usu397\/2016\/04\/Twitter_NanoEduca.png\" alt=\"Twitter_NanoEduca\" width=\"181\" height=\"123\" srcset=\"https:\/\/agora.xtec.cat\/cesire_historic\/wp-content\/uploads\/usu397\/2016\/04\/Twitter_NanoEduca.png 909w, https:\/\/agora.xtec.cat\/cesire_historic\/wp-content\/uploads\/usu397\/2016\/04\/Twitter_NanoEduca-300x204.png 300w\" sizes=\"auto, (max-width: 181px) 100vw, 181px\" \/><\/a><\/td>\n<\/tr>\n<\/tbody>\n<\/table>\n<p style=\"text-align: left;\">\n","protected":false},"excerpt":{"rendered":"<p>El programa NanoEduca per a la divulgaci\u00f3 de la nanoci\u00e8ncia i la nanotecnologia ha rebut el Premi Nacional de Comunicaci\u00f3 Cient\u00edfica 2018, que atorguen la Fundaci\u00f3 Catalana per la Investigaci\u00f3 i la Innovaci\u00f3 (FCRi) i el Govern.<br \/>\nAquesta iniciativa dirigida als instituts de secund\u00e0ria pret\u00e9n acostar&hellip;  <a href=\"https:\/\/agora.xtec.cat\/cesire_historic\/projectes\/stem-steam\/nanotecnologia\/\" title=\"Read Nanotecnologia\">Llegeix m\u00e9s\u00bb<\/a><\/p>\n","protected":false},"author":1,"featured_media":0,"parent":2158,"menu_order":3,"comment_status":"closed","ping_status":"closed","template":"page-templates\/side-menu.php","meta":{"_bbp_topic_count":0,"_bbp_reply_count":0,"_bbp_total_topic_count":0,"_bbp_total_reply_count":0,"_bbp_voice_count":0,"_bbp_anonymous_reply_count":0,"_bbp_topic_count_hidden":0,"_bbp_reply_count_hidden":0,"_bbp_forum_subforum_count":0,"footnotes":""},"class_list":["post-2156","page","type-page","status-publish","hentry"],"post_mailing_queue_ids":[],"_links":{"self":[{"href":"https:\/\/agora.xtec.cat\/cesire_historic\/wp-json\/wp\/v2\/pages\/2156","targetHints":{"allow":["GET"]}}],"collection":[{"href":"https:\/\/agora.xtec.cat\/cesire_historic\/wp-json\/wp\/v2\/pages"}],"about":[{"href":"https:\/\/agora.xtec.cat\/cesire_historic\/wp-json\/wp\/v2\/types\/page"}],"author":[{"embeddable":true,"href":"https:\/\/agora.xtec.cat\/cesire_historic\/wp-json\/wp\/v2\/users\/1"}],"replies":[{"embeddable":true,"href":"https:\/\/agora.xtec.cat\/cesire_historic\/wp-json\/wp\/v2\/comments?post=2156"}],"version-history":[{"count":4,"href":"https:\/\/agora.xtec.cat\/cesire_historic\/wp-json\/wp\/v2\/pages\/2156\/revisions"}],"predecessor-version":[{"id":8989,"href":"https:\/\/agora.xtec.cat\/cesire_historic\/wp-json\/wp\/v2\/pages\/2156\/revisions\/8989"}],"up":[{"embeddable":true,"href":"https:\/\/agora.xtec.cat\/cesire_historic\/wp-json\/wp\/v2\/pages\/2158"}],"wp:attachment":[{"href":"https:\/\/agora.xtec.cat\/cesire_historic\/wp-json\/wp\/v2\/media?parent=2156"}],"curies":[{"name":"wp","href":"https:\/\/api.w.org\/{rel}","templated":true}]}}