{"id":21,"date":"2014-09-17T16:14:14","date_gmt":"2014-09-17T16:14:14","guid":{"rendered":"http:\/\/agora.xtec.cat\/cesire_historic\/\/?page_id=21"},"modified":"2020-07-01T13:07:13","modified_gmt":"2020-07-01T11:07:13","slug":"on-som","status":"publish","type":"page","link":"https:\/\/agora.xtec.cat\/cesire_historic\/cesire\/on-som\/","title":{"rendered":"Contacte"},"content":{"rendered":"<ul>\n<li>Avinguda Drassanes, 10 (08001\u00a0Barcelona)<\/li>\n<li>Tel. 938823100<\/li>\n<li>Horari d&#8217;atenci\u00f3 telef\u00f2nica: dilluns a divendres de 9:00 a 14:00 h<\/li>\n<li><a href=\"mailto:cesire@xtec.cat\" target=\"_blank\" rel=\"noopener noreferrer\">cesire@xtec.cat<\/a><\/li>\n<\/ul>\n<p><strong>Servei de pr\u00e9stec (\u00e0mbit de ci\u00e8ncies)<br \/>\n<\/strong><\/p>\n<ul>\n<li>Tel. 938823125<\/li>\n<li>Horari general d&#8217;atenci\u00f3 al p\u00fablic (amb hora concertada):\n<ul>\n<li>matins de dilluns a divendres de 9:00 a 13:00 h<\/li>\n<li>tardes de dilluns, dimarts i dimecres de 16:00 a 18:00 h<\/li>\n<\/ul>\n<\/li>\n<li><strong><span style=\"color: #ff0000;\">Horari d&#8217;estiu (1 de juny al 30 de setembre)<\/span><\/strong>\n<ul>\n<li><strong><span style=\"color: #ff0000;\">matins de dilluns a divendres de 8:30 a 14:00 h<\/span><\/strong><\/li>\n<\/ul>\n<\/li>\n<li><a href=\"mailto:cdec@xtec.cat\" target=\"_blank\" rel=\"noopener noreferrer\">cdec@xtec.cat<\/a><\/li>\n<\/ul>\n<p style=\"text-align: center;\"><iframe loading=\"lazy\" src=\"https:\/\/www.google.com\/maps\/embed?pb=!1m14!1m8!1m3!1d2993.892051053845!2d2.174842!3d41.37643!3m2!1i1024!2i768!4f13.1!3m3!1m2!1s0x12a4a25750039201%3A0xfdea74348169579f!2sAv.+de+les+Drassanes%2C+10%2C+08001+Barcelona!5e0!3m2!1sca!2ses!4v1433416555539\" width=\"400\" height=\"300\" frameborder=\"0\"><\/iframe><\/p>\n<p><strong>Com arribar-hi:<\/strong><\/p>\n<ul>\n<li>Metro: Drassanes (L\u00ednia 3)<\/li>\n<li>Autobusos: 21, 59, 120, D-20, H-14, V-13<\/li>\n<li>B\u00edcing: 114, 425<\/li>\n<\/ul>\n","protected":false},"excerpt":{"rendered":"<ul>\n<li>Avinguda Drassanes, 10 (08001\u00a0Barcelona)<\/li>\n<li>Tel. 938823100<\/li>\n<li>Horari d&#8217;atenci\u00f3 telef\u00f2nica: dilluns a divendres de 9:00 a 14:00 h<\/li>\n<li><a href=\"mailto:cesire@xtec.cat\" target=\"_blank\" rel=\"noopener noreferrer\">cesire@xtec.cat<\/a><\/li>\n<\/ul>\n<p>Servei de pr\u00e9stec (\u00e0mbit de ci\u00e8ncies)<\/p>\n<ul>\n<li>Tel. 938823125<\/li>\n<li>Horari general d&#8217;atenci\u00f3 al p\u00fablic (amb hora concertada):\n<ul>\n<li>matins de dilluns a divendres de 9:00 a 13:00 h<\/li>\n<li>tardes de dilluns, dimarts i&hellip;  <a href=\"https:\/\/agora.xtec.cat\/cesire_historic\/cesire\/on-som\/\" title=\"Read Contacte\">Llegeix m\u00e9s\u00bb<\/a><br \/>\n","protected":false},"author":1,"featured_media":0,"parent":19,"menu_order":4,"comment_status":"closed","ping_status":"closed","template":"page-templates\/side-menu.php","meta":{"_bbp_topic_count":0,"_bbp_reply_count":0,"_bbp_total_topic_count":0,"_bbp_total_reply_count":0,"_bbp_voice_count":0,"_bbp_anonymous_reply_count":0,"_bbp_topic_count_hidden":0,"_bbp_reply_count_hidden":0,"_bbp_forum_subforum_count":0,"footnotes":""},"class_list":["post-21","page","type-page","status-publish","hentry"],"post_mailing_queue_ids":[],"_links":{"self":[{"href":"https:\/\/agora.xtec.cat\/cesire_historic\/wp-json\/wp\/v2\/pages\/21","targetHints":{"allow":["GET"]}}],"collection":[{"href":"https:\/\/agora.xtec.cat\/cesire_historic\/wp-json\/wp\/v2\/pages"}],"about":[{"href":"https:\/\/agora.xtec.cat\/cesire_historic\/wp-json\/wp\/v2\/types\/page"}],"author":[{"embeddable":true,"href":"https:\/\/agora.xtec.cat\/cesire_historic\/wp-json\/wp\/v2\/users\/1"}],"replies":[{"embeddable":true,"href":"https:\/\/agora.xtec.cat\/cesire_historic\/wp-json\/wp\/v2\/comments?post=21"}],"version-history":[{"count":4,"href":"https:\/\/agora.xtec.cat\/cesire_historic\/wp-json\/wp\/v2\/pages\/21\/revisions"}],"predecessor-version":[{"id":9807,"href":"https:\/\/agora.xtec.cat\/cesire_historic\/wp-json\/wp\/v2\/pages\/21\/revisions\/9807"}],"up":[{"embeddable":true,"href":"https:\/\/agora.xtec.cat\/cesire_historic\/wp-json\/wp\/v2\/pages\/19"}],"wp:attachment":[{"href":"https:\/\/agora.xtec.cat\/cesire_historic\/wp-json\/wp\/v2\/media?parent=21"}],"curies":[{"name":"wp","href":"https:\/\/api.w.org\/{rel}","templated":true}]}}