{"id":11561,"date":"2021-06-14T13:00:36","date_gmt":"2021-06-14T11:00:36","guid":{"rendered":"http:\/\/agora.xtec.cat\/cesire_historic\/\/?page_id=11561"},"modified":"2021-06-14T13:00:36","modified_gmt":"2021-06-14T11:00:36","slug":"inclusio-de-genere-en-lensenyament-de-les-ciencies","status":"publish","type":"page","link":"https:\/\/agora.xtec.cat\/cesire_historic\/projectes\/connectat-a-la-recerca-apropem-la-recerca-educativa-a-les-aules\/inclusio-de-genere-en-lensenyament-de-les-ciencies\/","title":{"rendered":"Inclusi\u00f3 de g\u00e8nere en l&#8217;ensenyament de les ci\u00e8ncies"},"content":{"rendered":"<p>&nbsp;<\/p>\n<p>Iniciem amb aquesta confer\u00e8ncia virtual les sessions que durant aquest curs formaran part del projecte <strong>&#8220;Connecta&#8217;t a la recerca&#8221;<\/strong> adre\u00e7at a docents de diferents nivells educatius.<\/p>\n<p>En aquests moments cal repensar l\u2019ensenyament de les ci\u00e8ncies com a activitat humana en contextos socials, hist\u00f2rics i culturals, en els quals el g\u00e8nere i altres variables interseccionals juguen un paper que cal posar en relleu. Per aix\u00f2 en aquesta confer\u00e8ncia <strong>Beatriz Cantero\u00a0<\/strong> parlar\u00e0 de les visions i bones pr\u00e0ctiques de la incorporaci\u00f3 del g\u00e8nere a l&#8217;aula de ci\u00e8ncies.<\/p>\n<p>Data: <strong>11 de febrer de 2021<\/strong><\/p>\n<p>Horari<strong>: de 18 a 20 h<\/strong><\/p>\n<p>Destinataris: <strong>professorat educaci\u00f3 prim\u00e0ria i secund\u00e0ria<\/strong><\/p>\n<p><a href=\"https:\/\/docs.google.com\/document\/d\/1ne_oPETZc70cK3Gn4OBeSo0LEr9T_S0Q\/edit\" target=\"_blank\" rel=\"noopener noreferrer\">Cr\u00f2nica<\/a><\/p>\n<p><a href=\"https:\/\/ja.cat\/hV6Fl\" target=\"_blank\" rel=\"noopener noreferrer\">Inscripci\u00f3<\/a><\/p>\n<p><a href=\"https:\/\/ja.cat\/aYhby\" target=\"_blank\" rel=\"noopener noreferrer\">M\u00e9s informaci\u00f3<\/a><\/p>\n<p>&nbsp;<\/p>\n<p>&nbsp;<\/p>\n","protected":false},"excerpt":{"rendered":"<p>&nbsp;<br \/>\nIniciem amb aquesta confer\u00e8ncia virtual les sessions que durant aquest curs formaran part del projecte &#8220;Connecta&#8217;t a la recerca&#8221; adre\u00e7at a docents de diferents nivells educatius.<br \/>\nEn aquests moments cal repensar l\u2019ensenyament de les ci\u00e8ncies com a activitat humana en contextos socials, hist\u00f2rics i culturals, en&hellip;  <a href=\"https:\/\/agora.xtec.cat\/cesire_historic\/projectes\/connectat-a-la-recerca-apropem-la-recerca-educativa-a-les-aules\/inclusio-de-genere-en-lensenyament-de-les-ciencies\/\" title=\"Read Inclusi\u00f3 de g\u00e8nere en l&#8217;ensenyament de les ci\u00e8ncies\">Llegeix m\u00e9s\u00bb<\/a><\/p>\n","protected":false},"author":1,"featured_media":0,"parent":2954,"menu_order":3,"comment_status":"closed","ping_status":"closed","template":"page-templates\/side-menu.php","meta":{"_bbp_topic_count":0,"_bbp_reply_count":0,"_bbp_total_topic_count":0,"_bbp_total_reply_count":0,"_bbp_voice_count":0,"_bbp_anonymous_reply_count":0,"_bbp_topic_count_hidden":0,"_bbp_reply_count_hidden":0,"_bbp_forum_subforum_count":0,"footnotes":""},"class_list":["post-11561","page","type-page","status-publish","hentry"],"post_mailing_queue_ids":[],"_links":{"self":[{"href":"https:\/\/agora.xtec.cat\/cesire_historic\/wp-json\/wp\/v2\/pages\/11561","targetHints":{"allow":["GET"]}}],"collection":[{"href":"https:\/\/agora.xtec.cat\/cesire_historic\/wp-json\/wp\/v2\/pages"}],"about":[{"href":"https:\/\/agora.xtec.cat\/cesire_historic\/wp-json\/wp\/v2\/types\/page"}],"author":[{"embeddable":true,"href":"https:\/\/agora.xtec.cat\/cesire_historic\/wp-json\/wp\/v2\/users\/1"}],"replies":[{"embeddable":true,"href":"https:\/\/agora.xtec.cat\/cesire_historic\/wp-json\/wp\/v2\/comments?post=11561"}],"version-history":[{"count":1,"href":"https:\/\/agora.xtec.cat\/cesire_historic\/wp-json\/wp\/v2\/pages\/11561\/revisions"}],"predecessor-version":[{"id":11562,"href":"https:\/\/agora.xtec.cat\/cesire_historic\/wp-json\/wp\/v2\/pages\/11561\/revisions\/11562"}],"up":[{"embeddable":true,"href":"https:\/\/agora.xtec.cat\/cesire_historic\/wp-json\/wp\/v2\/pages\/2954"}],"wp:attachment":[{"href":"https:\/\/agora.xtec.cat\/cesire_historic\/wp-json\/wp\/v2\/media?parent=11561"}],"curies":[{"name":"wp","href":"https:\/\/api.w.org\/{rel}","templated":true}]}}