{"id":11559,"date":"2021-06-14T12:54:01","date_gmt":"2021-06-14T10:54:01","guid":{"rendered":"http:\/\/agora.xtec.cat\/cesire_historic\/\/?page_id=11559"},"modified":"2021-06-23T09:53:02","modified_gmt":"2021-06-23T07:53:02","slug":"entre-el-dibuix-i-les-matematiques-2020-2021","status":"publish","type":"page","link":"https:\/\/agora.xtec.cat\/cesire_historic\/projectes\/connectat-a-la-recerca-apropem-la-recerca-educativa-a-les-aules\/entre-el-dibuix-i-les-matematiques-2020-2021\/","title":{"rendered":"Entre el dibuix i les matem\u00e0tiques (2020-2021)"},"content":{"rendered":"<p style=\"text-align: left;\"><img loading=\"lazy\" decoding=\"async\" class=\"aligncenter wp-image-10879\" src=\"https:\/\/agora.xtec.cat\/cesire_historic\/\/wp-content\/uploads\/usu397\/2021\/02\/crayons-1445053_1920.jpg\" alt=\"\" width=\"245\" height=\"162\" srcset=\"https:\/\/agora.xtec.cat\/cesire_historic\/wp-content\/uploads\/usu397\/2021\/02\/crayons-1445053_1920.jpg 1920w, https:\/\/agora.xtec.cat\/cesire_historic\/wp-content\/uploads\/usu397\/2021\/02\/crayons-1445053_1920-300x198.jpg 300w, https:\/\/agora.xtec.cat\/cesire_historic\/wp-content\/uploads\/usu397\/2021\/02\/crayons-1445053_1920-768x508.jpg 768w, https:\/\/agora.xtec.cat\/cesire_historic\/wp-content\/uploads\/usu397\/2021\/02\/crayons-1445053_1920-1024x677.jpg 1024w\" sizes=\"auto, (max-width: 245px) 100vw, 245px\" \/>Tercera confer\u00e8ncia virtual de Connecta\u2019t a la recerca a c\u00e0rrec de <strong>Rub\u00e8n Pineda Ricart,<\/strong> adre\u00e7ada a docents de diferents nivells educatius.<\/p>\n<p style=\"text-align: left;\">El ponent parlar\u00e0 sobre com portar a la pr\u00e0ctica les<strong> capacitats espacials i el pensament tridimensional<\/strong>, del proc\u00e9s de l\u2019adquisici\u00f3 de volum.<\/p>\n<p>Data: <strong>8 de mar\u00e7 de 2021\u00a0<\/strong><\/p>\n<p>Horari<strong>: de 18 a 20 h<\/strong><\/p>\n<p>Destinataris:\u00a0<strong>professorat educaci\u00f3 prim\u00e0ria i secund\u00e0ria<\/strong><\/p>\n<p>Enlla\u00e7 a la confer\u00e8ncia\u00a0(disponible en la data i hores de realitzaci\u00f3 de la confer\u00e8ncia)<\/p>\n<p><a href=\"https:\/\/aplicacions.gestioeducativa.gencat.cat\/pls\/soloas\/pk_for_mod_ins.p_for_detall_activitat?p_codi=9004030532&amp;p_curs=2020-2021&amp;p_es_inscr=S\" target=\"_blank\" rel=\"noopener noreferrer\">Inscripci\u00f3<\/a><\/p>\n<p><a href=\"https:\/\/agora.xtec.cat\/cesire_historic\/\/wp-content\/uploads\/usu397\/2021\/05\/Cr\u00f2nica.docx.pdf\" target=\"_blank\" rel=\"noopener noreferrer\">Cr\u00f2nica de la sessi\u00f3<\/a><\/p>\n<p><a href=\"https:\/\/www.youtube.com\/watch?v=_mUbuiGcq8M&amp;list=PL7u-OLF_IPJ2KuKm8K37JdMiaDLyrU0uF&amp;index=8\" target=\"_blank\" rel=\"noopener noreferrer\">Enregistrament<\/a><\/p>\n<p><a href=\"https:\/\/aplicacions.gestioeducativa.gencat.cat\/pls\/soloas\/pk_for_mod_ins.p_for_exhaustiu_activitat?p_header=Detall%20d%27activitat^pk_for_mod_ins.p_for_detall_activitat?p_codi=9004030532%26p_curs=2020-2021%26p_es_inscr=S&amp;p_codi=9004030532&amp;p_curs=2020-2021&amp;p_es_inscr=S\" target=\"_blank\" rel=\"noopener noreferrer\">M\u00e9s informaci\u00f3<\/a><\/p>\n<p>&nbsp;<\/p>\n","protected":false},"excerpt":{"rendered":"<p>Tercera confer\u00e8ncia virtual de Connecta\u2019t a la recerca a c\u00e0rrec de Rub\u00e8n Pineda Ricart, adre\u00e7ada a docents de diferents nivells educatius.<br \/>\nEl ponent parlar\u00e0 sobre com portar a la pr\u00e0ctica les capacitats espacials i el pensament tridimensional, del proc\u00e9s de l\u2019adquisici\u00f3 de volum.<br \/>\nData: 8 de mar\u00e7&hellip;  <a href=\"https:\/\/agora.xtec.cat\/cesire_historic\/projectes\/connectat-a-la-recerca-apropem-la-recerca-educativa-a-les-aules\/entre-el-dibuix-i-les-matematiques-2020-2021\/\" title=\"Read Entre el dibuix i les matem\u00e0tiques (2020-2021)\">Llegeix m\u00e9s\u00bb<\/a><\/p>\n","protected":false},"author":1,"featured_media":0,"parent":2954,"menu_order":1,"comment_status":"closed","ping_status":"closed","template":"page-templates\/side-menu.php","meta":{"_bbp_topic_count":0,"_bbp_reply_count":0,"_bbp_total_topic_count":0,"_bbp_total_reply_count":0,"_bbp_voice_count":0,"_bbp_anonymous_reply_count":0,"_bbp_topic_count_hidden":0,"_bbp_reply_count_hidden":0,"_bbp_forum_subforum_count":0,"footnotes":""},"class_list":["post-11559","page","type-page","status-publish","hentry"],"post_mailing_queue_ids":[],"_links":{"self":[{"href":"https:\/\/agora.xtec.cat\/cesire_historic\/wp-json\/wp\/v2\/pages\/11559","targetHints":{"allow":["GET"]}}],"collection":[{"href":"https:\/\/agora.xtec.cat\/cesire_historic\/wp-json\/wp\/v2\/pages"}],"about":[{"href":"https:\/\/agora.xtec.cat\/cesire_historic\/wp-json\/wp\/v2\/types\/page"}],"author":[{"embeddable":true,"href":"https:\/\/agora.xtec.cat\/cesire_historic\/wp-json\/wp\/v2\/users\/1"}],"replies":[{"embeddable":true,"href":"https:\/\/agora.xtec.cat\/cesire_historic\/wp-json\/wp\/v2\/comments?post=11559"}],"version-history":[{"count":2,"href":"https:\/\/agora.xtec.cat\/cesire_historic\/wp-json\/wp\/v2\/pages\/11559\/revisions"}],"predecessor-version":[{"id":11614,"href":"https:\/\/agora.xtec.cat\/cesire_historic\/wp-json\/wp\/v2\/pages\/11559\/revisions\/11614"}],"up":[{"embeddable":true,"href":"https:\/\/agora.xtec.cat\/cesire_historic\/wp-json\/wp\/v2\/pages\/2954"}],"wp:attachment":[{"href":"https:\/\/agora.xtec.cat\/cesire_historic\/wp-json\/wp\/v2\/media?parent=11559"}],"curies":[{"name":"wp","href":"https:\/\/api.w.org\/{rel}","templated":true}]}}