{"id":11277,"date":"2021-04-14T17:12:52","date_gmt":"2021-04-14T15:12:52","guid":{"rendered":"http:\/\/agora.xtec.cat\/cesire_historic\/\/?page_id=11277"},"modified":"2021-06-14T12:48:46","modified_gmt":"2021-06-14T10:48:46","slug":"les-practiques-de-lenginyeria-a-laula","status":"publish","type":"page","link":"https:\/\/agora.xtec.cat\/cesire_historic\/projectes\/connectat-a-la-recerca-apropem-la-recerca-educativa-a-les-aules\/les-practiques-de-lenginyeria-a-laula\/","title":{"rendered":"Les pr\u00e0ctiques de l&#8217;enginyeria a l&#8217;aula"},"content":{"rendered":"<p>&nbsp;<\/p>\n<table style=\"height: 351px; width: 458px; border-style: solid;\">\n<tbody>\n<tr>\n<td style=\"border-style: solid; width: 452.667px;\"><a href=\"https:\/\/agora.xtec.cat\/cesire_historic\/\/wp-content\/uploads\/usu397\/2021\/04\/caratula-video.png\"><img loading=\"lazy\" decoding=\"async\" class=\"alignnone size-full wp-image-11279\" src=\"https:\/\/agora.xtec.cat\/cesire_historic\/\/wp-content\/uploads\/usu397\/2021\/04\/caratula-video.png\" alt=\"\" width=\"614\" height=\"464\" srcset=\"https:\/\/agora.xtec.cat\/cesire_historic\/wp-content\/uploads\/usu397\/2021\/04\/caratula-video.png 614w, https:\/\/agora.xtec.cat\/cesire_historic\/wp-content\/uploads\/usu397\/2021\/04\/caratula-video-300x227.png 300w, https:\/\/agora.xtec.cat\/cesire_historic\/wp-content\/uploads\/usu397\/2021\/04\/caratula-video-200x150.png 200w\" sizes=\"auto, (max-width: 614px) 100vw, 614px\" \/><\/a><\/td>\n<\/tr>\n<\/tbody>\n<\/table>\n<ul>\n<li><strong>Dia i hora<\/strong>:\u00a0 dimarts, 13 d&#8217;abril de 2021 (de 18.00 a 20.00 h)<\/li>\n<li><strong>Sessi\u00f3 a c\u00e0rrec de<\/strong> Cristina Simarro Rodr\u00edguez, enginyera, doctora en Did\u00e0ctica de les Ci\u00e8ncies, docent de tecnologia a l&#8217;INS El Foix de Santa Margarida i el Monjos i investigadora del CRECIM de la UAB<\/li>\n<li><strong>Organitzaci\u00f3<\/strong>: CESIRE<\/li>\n<\/ul>\n<p><a href=\"https:\/\/youtu.be\/am-ARGAYWmM\" target=\"_blank\" rel=\"noopener noreferrer\">Enlla\u00e7 a l&#8217;enregistrament<\/a><\/p>\n<p><a href=\"https:\/\/agora.xtec.cat\/cesire_historic\/\/wp-content\/uploads\/usu397\/2021\/04\/TE-a-STEM_V2.pdf\" target=\"_blank\" rel=\"noopener noreferrer\">Enlla\u00e7 a la presentaci\u00f3<\/a><\/p>\n<p><a href=\"https:\/\/padlet.com\/csimarr2\/nit1tgzekt1n0bwp\" target=\"_blank\" rel=\"noopener noreferrer\">Enlla\u00e7 al padlet<\/a><\/p>\n","protected":false},"excerpt":{"rendered":"<p>&nbsp;<\/p>\n<p><a href=\"https:\/\/agora.xtec.cat\/cesire_historic\/\/wp-content\/uploads\/usu397\/2021\/04\/caratula-video.png\"><\/a><\/p>\n<ul>\n<li>Dia i hora:\u00a0 dimarts, 13 d&#8217;abril de 2021 (de 18.00 a 20.00 h)<\/li>\n<li>Sessi\u00f3 a c\u00e0rrec de Cristina Simarro Rodr\u00edguez, enginyera, doctora en Did\u00e0ctica de les Ci\u00e8ncies, docent de tecnologia a l&#8217;INS El Foix de Santa Margarida i el Monjos i investigadora del CRECIM de&hellip;  <a href=\"https:\/\/agora.xtec.cat\/cesire_historic\/projectes\/connectat-a-la-recerca-apropem-la-recerca-educativa-a-les-aules\/les-practiques-de-lenginyeria-a-laula\/\" title=\"Read Les pr\u00e0ctiques de l&#8217;enginyeria a l&#8217;aula\">Llegeix m\u00e9s\u00bb<\/a><br \/>\n","protected":false},"author":239,"featured_media":0,"parent":2954,"menu_order":0,"comment_status":"closed","ping_status":"closed","template":"page-templates\/side-menu.php","meta":{"_bbp_topic_count":0,"_bbp_reply_count":0,"_bbp_total_topic_count":0,"_bbp_total_reply_count":0,"_bbp_voice_count":0,"_bbp_anonymous_reply_count":0,"_bbp_topic_count_hidden":0,"_bbp_reply_count_hidden":0,"_bbp_forum_subforum_count":0,"footnotes":""},"class_list":["post-11277","page","type-page","status-publish","hentry"],"post_mailing_queue_ids":[],"_links":{"self":[{"href":"https:\/\/agora.xtec.cat\/cesire_historic\/wp-json\/wp\/v2\/pages\/11277","targetHints":{"allow":["GET"]}}],"collection":[{"href":"https:\/\/agora.xtec.cat\/cesire_historic\/wp-json\/wp\/v2\/pages"}],"about":[{"href":"https:\/\/agora.xtec.cat\/cesire_historic\/wp-json\/wp\/v2\/types\/page"}],"author":[{"embeddable":true,"href":"https:\/\/agora.xtec.cat\/cesire_historic\/wp-json\/wp\/v2\/users\/239"}],"replies":[{"embeddable":true,"href":"https:\/\/agora.xtec.cat\/cesire_historic\/wp-json\/wp\/v2\/comments?post=11277"}],"version-history":[{"count":3,"href":"https:\/\/agora.xtec.cat\/cesire_historic\/wp-json\/wp\/v2\/pages\/11277\/revisions"}],"predecessor-version":[{"id":11284,"href":"https:\/\/agora.xtec.cat\/cesire_historic\/wp-json\/wp\/v2\/pages\/11277\/revisions\/11284"}],"up":[{"embeddable":true,"href":"https:\/\/agora.xtec.cat\/cesire_historic\/wp-json\/wp\/v2\/pages\/2954"}],"wp:attachment":[{"href":"https:\/\/agora.xtec.cat\/cesire_historic\/wp-json\/wp\/v2\/media?parent=11277"}],"curies":[{"name":"wp","href":"https:\/\/api.w.org\/{rel}","templated":true}]}}