{"id":11249,"date":"2021-04-13T09:11:14","date_gmt":"2021-04-13T07:11:14","guid":{"rendered":"http:\/\/agora.xtec.cat\/cesire_historic\/\/?page_id=11249"},"modified":"2021-06-01T12:21:25","modified_gmt":"2021-06-01T10:21:25","slug":"actualitzacio-cientifica","status":"publish","type":"page","link":"https:\/\/agora.xtec.cat\/cesire_historic\/ambit-cientific-i-medi\/suport-professorat_cm\/actualitzacio-cientifica\/","title":{"rendered":"Actualitzaci\u00f3 cient\u00edfica i did\u00e0ctica"},"content":{"rendered":"<p><a href=\"https:\/\/agora.xtec.cat\/cesire_historic\/\/wp-content\/uploads\/usu397\/2020\/10\/Pr%C3%A0ctiques-durant-la-COVID-STEM.pdf\" target=\"_blank\" rel=\"noopener noreferrer\">Treball experimentals en l&#8217;\u00e0mbit STEAM en temps de COVID<\/a> (octubre 2020)<\/p>\n<p class=\"entry-title\"><a href=\"https:\/\/www.youtube.com\/watch?v=l6Jcx-4DslI\" target=\"_blank\" rel=\"noopener noreferrer\">Conversa \u201cL\u2019aprenentatge cient\u00edfic i el ling\u00fc\u00edstic: vasos comunicants\u201d<\/a> (mar\u00e7 2020)<\/p>\n<p><a href=\"https:\/\/agora.xtec.cat\/cesire_historic\/\/wp-content\/uploads\/usu397\/2021\/05\/DOSSIER-ACTUALITACIO-DE-CONCEPTES-DE-MICROBIOLOGIA.pdf\" target=\"_blank\" rel=\"noopener noreferrer\">Dossier d&#8217;actualitzaci\u00f3 de continguts de Microbiologia<\/a> (maig 2021)<\/p>\n<p><a class=\"f-primary-l f-title-big f-blog__title\" href=\"http:\/\/www.formacionib.org\/noticias\/?4-Mitos-que-dificultan-el-inicio-del-Trabajo-de-Investigacion-de-Bachillerato#\">4 Mitos que dificultan el inicio del Trabajo de Investigaci\u00f3n de Bachillerato <\/a>(maig 2021)<\/p>\n","protected":false},"excerpt":{"rendered":"<p><a href=\"https:\/\/agora.xtec.cat\/cesire_historic\/\/wp-content\/uploads\/usu397\/2020\/10\/Pr%C3%A0ctiques-durant-la-COVID-STEM.pdf\" target=\"_blank\" rel=\"noopener noreferrer\">Treball experimentals en l&#8217;\u00e0mbit STEAM en temps de COVID<\/a> (octubre 2020)<br \/>\n<a href=\"https:\/\/www.youtube.com\/watch?v=l6Jcx-4DslI\" target=\"_blank\" rel=\"noopener noreferrer\">Conversa \u201cL\u2019aprenentatge cient\u00edfic i el ling\u00fc\u00edstic: vasos comunicants\u201d<\/a> (mar\u00e7 2020)<br \/>\n<a href=\"https:\/\/agora.xtec.cat\/cesire_historic\/\/wp-content\/uploads\/usu397\/2021\/05\/DOSSIER-ACTUALITACIO-DE-CONCEPTES-DE-MICROBIOLOGIA.pdf\" target=\"_blank\" rel=\"noopener noreferrer\">Dossier d&#8217;actualitzaci\u00f3 de continguts de Microbiologia<\/a> (maig 2021)<br \/>\n<a class=\"f-primary-l f-title-big f-blog__title\" href=\"http:\/\/www.formacionib.org\/noticias\/?4-Mitos-que-dificultan-el-inicio-del-Trabajo-de-Investigacion-de-Bachillerato#\">4 Mitos que&hellip;  <a href=\"https:\/\/agora.xtec.cat\/cesire_historic\/ambit-cientific-i-medi\/suport-professorat_cm\/actualitzacio-cientifica\/\" title=\"Read Actualitzaci\u00f3 cient\u00edfica i did\u00e0ctica\">Llegeix m\u00e9s\u00bb<\/a><\/p>\n","protected":false},"author":239,"featured_media":0,"parent":4600,"menu_order":4,"comment_status":"closed","ping_status":"closed","template":"page-templates\/side-menu.php","meta":{"_bbp_topic_count":0,"_bbp_reply_count":0,"_bbp_total_topic_count":0,"_bbp_total_reply_count":0,"_bbp_voice_count":0,"_bbp_anonymous_reply_count":0,"_bbp_topic_count_hidden":0,"_bbp_reply_count_hidden":0,"_bbp_forum_subforum_count":0,"footnotes":""},"class_list":["post-11249","page","type-page","status-publish","hentry"],"post_mailing_queue_ids":[],"_links":{"self":[{"href":"https:\/\/agora.xtec.cat\/cesire_historic\/wp-json\/wp\/v2\/pages\/11249","targetHints":{"allow":["GET"]}}],"collection":[{"href":"https:\/\/agora.xtec.cat\/cesire_historic\/wp-json\/wp\/v2\/pages"}],"about":[{"href":"https:\/\/agora.xtec.cat\/cesire_historic\/wp-json\/wp\/v2\/types\/page"}],"author":[{"embeddable":true,"href":"https:\/\/agora.xtec.cat\/cesire_historic\/wp-json\/wp\/v2\/users\/239"}],"replies":[{"embeddable":true,"href":"https:\/\/agora.xtec.cat\/cesire_historic\/wp-json\/wp\/v2\/comments?post=11249"}],"version-history":[{"count":3,"href":"https:\/\/agora.xtec.cat\/cesire_historic\/wp-json\/wp\/v2\/pages\/11249\/revisions"}],"predecessor-version":[{"id":11518,"href":"https:\/\/agora.xtec.cat\/cesire_historic\/wp-json\/wp\/v2\/pages\/11249\/revisions\/11518"}],"up":[{"embeddable":true,"href":"https:\/\/agora.xtec.cat\/cesire_historic\/wp-json\/wp\/v2\/pages\/4600"}],"wp:attachment":[{"href":"https:\/\/agora.xtec.cat\/cesire_historic\/wp-json\/wp\/v2\/media?parent=11249"}],"curies":[{"name":"wp","href":"https:\/\/api.w.org\/{rel}","templated":true}]}}