{"id":10173,"date":"2020-11-13T11:26:07","date_gmt":"2020-11-13T10:26:07","guid":{"rendered":"http:\/\/agora.xtec.cat\/cesire_historic\/\/?page_id=10173"},"modified":"2020-11-19T11:42:24","modified_gmt":"2020-11-19T10:42:24","slug":"medi_steam-per-un-futur-possible","status":"publish","type":"page","link":"https:\/\/agora.xtec.cat\/cesire_historic\/projectes\/stem-steam\/medi_steam-per-un-futur-possible\/","title":{"rendered":"MEDI_STEAM per un futur possible"},"content":{"rendered":"<p dir=\"ltr\" style=\"text-align: center;\"><strong>Entendre el m\u00f3n en el que vivim necessita de connexions interdisciplinars.<\/strong><\/p>\n<p dir=\"ltr\" style=\"text-align: center;\"><strong>Imaginar futurs possibles demana\u00a0 la inclusi\u00f3 de totes les mirades.<\/strong><\/p>\n<p dir=\"ltr\" style=\"text-align: center;\"><strong>Aconseguir un m\u00f3n socialment just i mediambientalment sostenible reclama l&#8217;acci\u00f3 col\u00b7lectiva.<\/strong><\/p>\n<p dir=\"ltr\">Els materials que us proposem\u00a0 tenen com a objectiu, l&#8217;autoformaci\u00f3\u00a0 teorico-pr\u00e0ctica.\u00a0 Apoderar als docents en el plantejament did\u00e0ctic de projectes integradors, presentant recursos\u00a0 que permeten treballar, a l&#8217;aula, els problemes socialment rellevant\u00a0 des del punt de vista de les ci\u00e8ncies socials, ci\u00e8ncies naturals i la resta d&#8217;\u00e0mbits STEAM.<\/p>\n<p dir=\"ltr\" style=\"text-align: center;\">[<a href=\"https:\/\/sites.google.com\/xtec.cat\/coneixementdelmedi\/inici\">Accedeix als materials de formaci\u00f3<\/a>]<\/p>\n<p dir=\"ltr\"><a href=\"https:\/\/sites.google.com\/xtec.cat\/coneixementdelmedi\/inici\" target=\"_blank\" rel=\"noopener noreferrer\"><img loading=\"lazy\" decoding=\"async\" class=\"wp-image-10174 aligncenter\" src=\"https:\/\/agora.xtec.cat\/cesire_historic\/\/wp-content\/uploads\/usu397\/2020\/11\/Medi_STEAM.-Per-un-futur-possible-300x103.png\" alt=\"\" width=\"691\" height=\"237\" srcset=\"https:\/\/agora.xtec.cat\/cesire_historic\/wp-content\/uploads\/usu397\/2020\/11\/Medi_STEAM.-Per-un-futur-possible-300x103.png 300w, https:\/\/agora.xtec.cat\/cesire_historic\/wp-content\/uploads\/usu397\/2020\/11\/Medi_STEAM.-Per-un-futur-possible-768x265.png 768w, https:\/\/agora.xtec.cat\/cesire_historic\/wp-content\/uploads\/usu397\/2020\/11\/Medi_STEAM.-Per-un-futur-possible.png 987w\" sizes=\"auto, (max-width: 691px) 100vw, 691px\" \/><\/a><\/p>\n<p><a href=\"https:\/\/agora.xtec.cat\/cesire_historic\/\/wp-content\/uploads\/usu397\/2020\/11\/poefe.png\"><img loading=\"lazy\" decoding=\"async\" class=\"size-medium wp-image-10188 aligncenter\" src=\"https:\/\/agora.xtec.cat\/cesire_historic\/\/wp-content\/uploads\/usu397\/2020\/11\/poefe-300x76.png\" alt=\"\" width=\"300\" height=\"76\" srcset=\"https:\/\/agora.xtec.cat\/cesire_historic\/wp-content\/uploads\/usu397\/2020\/11\/poefe-300x76.png 300w, https:\/\/agora.xtec.cat\/cesire_historic\/wp-content\/uploads\/usu397\/2020\/11\/poefe.png 355w\" sizes=\"auto, (max-width: 300px) 100vw, 300px\" \/><\/a><\/p>\n","protected":false},"excerpt":{"rendered":"<p>Entendre el m\u00f3n en el que vivim necessita de connexions interdisciplinars.<br \/>\nImaginar futurs possibles demana\u00a0 la inclusi\u00f3 de totes les mirades.<br \/>\nAconseguir un m\u00f3n socialment just i mediambientalment sostenible reclama l&#8217;acci\u00f3 col\u00b7lectiva.<br \/>\nEls materials que us proposem\u00a0 tenen com a objectiu, l&#8217;autoformaci\u00f3\u00a0 teorico-pr\u00e0ctica.\u00a0 Apoderar als docents en el&hellip;  <a href=\"https:\/\/agora.xtec.cat\/cesire_historic\/projectes\/stem-steam\/medi_steam-per-un-futur-possible\/\" title=\"Read MEDI_STEAM per un futur possible\">Llegeix m\u00e9s\u00bb<\/a><\/p>\n","protected":false},"author":10,"featured_media":0,"parent":2158,"menu_order":0,"comment_status":"closed","ping_status":"closed","template":"page-templates\/side-menu.php","meta":{"_bbp_topic_count":0,"_bbp_reply_count":0,"_bbp_total_topic_count":0,"_bbp_total_reply_count":0,"_bbp_voice_count":0,"_bbp_anonymous_reply_count":0,"_bbp_topic_count_hidden":0,"_bbp_reply_count_hidden":0,"_bbp_forum_subforum_count":0,"footnotes":""},"class_list":["post-10173","page","type-page","status-publish","hentry"],"post_mailing_queue_ids":[],"_links":{"self":[{"href":"https:\/\/agora.xtec.cat\/cesire_historic\/wp-json\/wp\/v2\/pages\/10173","targetHints":{"allow":["GET"]}}],"collection":[{"href":"https:\/\/agora.xtec.cat\/cesire_historic\/wp-json\/wp\/v2\/pages"}],"about":[{"href":"https:\/\/agora.xtec.cat\/cesire_historic\/wp-json\/wp\/v2\/types\/page"}],"author":[{"embeddable":true,"href":"https:\/\/agora.xtec.cat\/cesire_historic\/wp-json\/wp\/v2\/users\/10"}],"replies":[{"embeddable":true,"href":"https:\/\/agora.xtec.cat\/cesire_historic\/wp-json\/wp\/v2\/comments?post=10173"}],"version-history":[{"count":3,"href":"https:\/\/agora.xtec.cat\/cesire_historic\/wp-json\/wp\/v2\/pages\/10173\/revisions"}],"predecessor-version":[{"id":10258,"href":"https:\/\/agora.xtec.cat\/cesire_historic\/wp-json\/wp\/v2\/pages\/10173\/revisions\/10258"}],"up":[{"embeddable":true,"href":"https:\/\/agora.xtec.cat\/cesire_historic\/wp-json\/wp\/v2\/pages\/2158"}],"wp:attachment":[{"href":"https:\/\/agora.xtec.cat\/cesire_historic\/wp-json\/wp\/v2\/media?parent=10173"}],"curies":[{"name":"wp","href":"https:\/\/api.w.org\/{rel}","templated":true}]}}