{"id":652,"date":"2017-02-07T23:15:08","date_gmt":"2017-02-07T22:15:08","guid":{"rendered":"http:\/\/agora.xtec.cat\/ceipxarau\/?page_id=652"},"modified":"2025-10-02T10:04:00","modified_gmt":"2025-10-02T08:04:00","slug":"projecte-educatiu","status":"publish","type":"page","link":"https:\/\/agora.xtec.cat\/ceipxarau\/lescola\/document-de-centre\/projecte-educatiu\/","title":{"rendered":"Projecte Educatiu de Centre"},"content":{"rendered":"<p style=\"text-align: justify;\" data-start=\"234\" data-end=\"541\">L\u2019Escola Xarau \u00e9s un centre p\u00fablic amb m\u00e9s de 40 anys d\u2019hist\u00f2ria i transformaci\u00f3 constant, comprom\u00e8s amb una educaci\u00f3 inclusiva, innovadora i arrelada al seu entorn. El nostre PEC \u00e9s la br\u00faixola que orienta la vida i l\u2019aprenentatge de la comunitat educativa, posant l\u2019infant al centre del proc\u00e9s formatiu.<\/p>\n<p style=\"text-align: justify;\" data-start=\"543\" data-end=\"785\">Entenem l\u2019escola com una <strong data-start=\"568\" data-end=\"576\">llar<\/strong> on infants, mestres i fam\u00edlies comparteixen experi\u00e8ncies i valors. Apostem per una educaci\u00f3 <strong data-start=\"669\" data-end=\"698\">integral i personalitzada<\/strong>, que respecta la diversitat i fomenta la curiositat, la creativitat i la cooperaci\u00f3.<\/p>\n<p style=\"text-align: justify;\" data-start=\"787\" data-end=\"1017\">El projecte recull la nostra manera d\u2019entendre la <strong data-start=\"837\" data-end=\"882\">inf\u00e0ncia com una etapa plena de potencial<\/strong>, i es fonamenta en valors com la inclusi\u00f3, la coeducaci\u00f3, la conviv\u00e8ncia, el respecte i la participaci\u00f3 activa de tota la comunitat.<\/p>\n<p style=\"text-align: justify;\" data-start=\"1019\" data-end=\"1338\">Les nostres metodologies parteixen d\u2019un aprenentatge <strong data-start=\"1072\" data-end=\"1107\">actiu, vivencial i competencial<\/strong>, connectat amb la vida i l\u2019entorn. Donem valor als <strong data-start=\"1159\" data-end=\"1232\">rituals, l\u2019apadrinament entre petits i grans, la natura i el municipi<\/strong> com a fonts d\u2019aprenentatge, i establim vincles amb altres centres i agents educatius per cr\u00e9ixer junts.<\/p>\n<p style=\"text-align: justify;\" data-start=\"1340\" data-end=\"1599\">Amb aquest projecte, consolidem una escola que <strong data-start=\"1387\" data-end=\"1420\">acull, acompanya i transforma<\/strong>, oberta a la innovaci\u00f3 i a la col\u00b7laboraci\u00f3, i que construeix dia a dia una comunitat educativa cohesionada, participativa i compromesa amb el benestar i el futur dels infants.<\/p>\n<p>&nbsp;<\/p>\n","protected":false},"excerpt":{"rendered":"<p>L\u2019Escola Xarau \u00e9s un centre p\u00fablic amb m\u00e9s de 40 anys d\u2019hist\u00f2ria i transformaci\u00f3 constant, comprom\u00e8s amb una educaci\u00f3 inclusiva, innovadora i arrelada al seu entorn. El nostre PEC \u00e9s la br\u00faixola que orienta la vida i l\u2019aprenentatge de la comunitat educativa, posant l\u2019infant al&hellip;  <a href=\"https:\/\/agora.xtec.cat\/ceipxarau\/lescola\/document-de-centre\/projecte-educatiu\/\" title=\"Read Projecte Educatiu de Centre\">Llegeix m\u00e9s\u00bb<\/a><\/p>\n","protected":false},"author":1,"featured_media":0,"parent":2422,"menu_order":80,"comment_status":"closed","ping_status":"closed","template":"page-templates\/side-menu.php","meta":{"_bbp_topic_count":0,"_bbp_reply_count":0,"_bbp_total_topic_count":0,"_bbp_total_reply_count":0,"_bbp_voice_count":0,"_bbp_anonymous_reply_count":0,"_bbp_topic_count_hidden":0,"_bbp_reply_count_hidden":0,"_bbp_forum_subforum_count":0,"footnotes":""},"class_list":["post-652","page","type-page","status-publish","hentry"],"post_mailing_queue_ids":[],"_links":{"self":[{"href":"https:\/\/agora.xtec.cat\/ceipxarau\/wp-json\/wp\/v2\/pages\/652","targetHints":{"allow":["GET"]}}],"collection":[{"href":"https:\/\/agora.xtec.cat\/ceipxarau\/wp-json\/wp\/v2\/pages"}],"about":[{"href":"https:\/\/agora.xtec.cat\/ceipxarau\/wp-json\/wp\/v2\/types\/page"}],"author":[{"embeddable":true,"href":"https:\/\/agora.xtec.cat\/ceipxarau\/wp-json\/wp\/v2\/users\/1"}],"replies":[{"embeddable":true,"href":"https:\/\/agora.xtec.cat\/ceipxarau\/wp-json\/wp\/v2\/comments?post=652"}],"version-history":[{"count":6,"href":"https:\/\/agora.xtec.cat\/ceipxarau\/wp-json\/wp\/v2\/pages\/652\/revisions"}],"predecessor-version":[{"id":5907,"href":"https:\/\/agora.xtec.cat\/ceipxarau\/wp-json\/wp\/v2\/pages\/652\/revisions\/5907"}],"up":[{"embeddable":true,"href":"https:\/\/agora.xtec.cat\/ceipxarau\/wp-json\/wp\/v2\/pages\/2422"}],"wp:attachment":[{"href":"https:\/\/agora.xtec.cat\/ceipxarau\/wp-json\/wp\/v2\/media?parent=652"}],"curies":[{"name":"wp","href":"https:\/\/api.w.org\/{rel}","templated":true}]}}