{"id":638,"date":"2017-02-07T22:47:00","date_gmt":"2017-02-07T21:47:00","guid":{"rendered":"http:\/\/agora.xtec.cat\/ceipxarau\/?page_id=638"},"modified":"2018-11-06T13:54:29","modified_gmt":"2018-11-06T12:54:29","slug":"pla-catala-de-lesport","status":"publish","type":"page","link":"https:\/\/agora.xtec.cat\/ceipxarau\/projecte-educatiu\/pla-educatiu-dentorn-pee\/pla-catala-de-lesport\/","title":{"rendered":"Pla catal\u00e0 de l&#8217;esport"},"content":{"rendered":"<p>A la nostra escola fomentem la pr\u00e0ctica de l\u2019esport com a h\u00e0bit saludable.<\/p>\n<p>Dins d\u2019aquest marc participem del Pla Catal\u00e0 de l\u2019esport amb la finalitat de<\/p>\n<ul>\n<li>potenciar la participaci\u00f3 de l\u2019alumnat en l\u2019esport escolar i les activitats f\u00edsiques<\/li>\n<li>cercar la participaci\u00f3 per damunt de la competitivitat<\/li>\n<li>potenciar la funci\u00f3 integradora i la cohesi\u00f3 social<\/li>\n<li>contribuir amb la pr\u00e0ctica de l\u2019esport a la formaci\u00f3 en valors com la toler\u00e0ncia, el respecte, la confian\u00e7a, l\u2019esfor\u00e7, l\u2019autocr\u00edtica, l\u2019autonomia, la cooperaci\u00f3 o el treball en equip<\/li>\n<li>fomentar la pr\u00e0ctica regular d\u2019activitats f\u00edsiques i esportives i adquisici\u00f3 d\u2019h\u00e0bits saludables que contribueixin a un millor benestar<\/li>\n<li>formar ciutadans actius en la gesti\u00f3 de les associacions esportives<\/li>\n<\/ul>\n<p>\u00c9s la SEA (Secci\u00f3 Esportiva de l\u2019AFA) la que coordina juntament amb un mestre d\u2019Educaci\u00f3 F\u00edsica de l\u2019escola, el projecte i les activitats proposades.<\/p>\n","protected":false},"excerpt":{"rendered":"<p>A la nostra escola fomentem la pr\u00e0ctica de l\u2019esport com a h\u00e0bit saludable.<br \/>\nDins d\u2019aquest marc participem del Pla Catal\u00e0 de l\u2019esport amb la finalitat de<\/p>\n<ul>\n<li>potenciar la participaci\u00f3 de l\u2019alumnat en l\u2019esport escolar i les activitats f\u00edsiques<\/li>\n<li>cercar la participaci\u00f3 per damunt de la competitivitat<\/li>\n<li>potenciar la funci\u00f3&hellip;  <a href=\"https:\/\/agora.xtec.cat\/ceipxarau\/projecte-educatiu\/pla-educatiu-dentorn-pee\/pla-catala-de-lesport\/\" title=\"Read Pla catal\u00e0 de l&#8217;esport\">Llegeix m\u00e9s\u00bb<\/a><br \/>\n","protected":false},"author":1,"featured_media":0,"parent":635,"menu_order":0,"comment_status":"closed","ping_status":"closed","template":"page-templates\/side-menu.php","meta":{"_bbp_topic_count":0,"_bbp_reply_count":0,"_bbp_total_topic_count":0,"_bbp_total_reply_count":0,"_bbp_voice_count":0,"_bbp_anonymous_reply_count":0,"_bbp_topic_count_hidden":0,"_bbp_reply_count_hidden":0,"_bbp_forum_subforum_count":0,"footnotes":""},"class_list":["post-638","page","type-page","status-publish","hentry"],"post_mailing_queue_ids":[],"_links":{"self":[{"href":"https:\/\/agora.xtec.cat\/ceipxarau\/wp-json\/wp\/v2\/pages\/638","targetHints":{"allow":["GET"]}}],"collection":[{"href":"https:\/\/agora.xtec.cat\/ceipxarau\/wp-json\/wp\/v2\/pages"}],"about":[{"href":"https:\/\/agora.xtec.cat\/ceipxarau\/wp-json\/wp\/v2\/types\/page"}],"author":[{"embeddable":true,"href":"https:\/\/agora.xtec.cat\/ceipxarau\/wp-json\/wp\/v2\/users\/1"}],"replies":[{"embeddable":true,"href":"https:\/\/agora.xtec.cat\/ceipxarau\/wp-json\/wp\/v2\/comments?post=638"}],"version-history":[{"count":2,"href":"https:\/\/agora.xtec.cat\/ceipxarau\/wp-json\/wp\/v2\/pages\/638\/revisions"}],"predecessor-version":[{"id":1557,"href":"https:\/\/agora.xtec.cat\/ceipxarau\/wp-json\/wp\/v2\/pages\/638\/revisions\/1557"}],"up":[{"embeddable":true,"href":"https:\/\/agora.xtec.cat\/ceipxarau\/wp-json\/wp\/v2\/pages\/635"}],"wp:attachment":[{"href":"https:\/\/agora.xtec.cat\/ceipxarau\/wp-json\/wp\/v2\/media?parent=638"}],"curies":[{"name":"wp","href":"https:\/\/api.w.org\/{rel}","templated":true}]}}