{"id":496,"date":"2017-01-13T15:54:44","date_gmt":"2017-01-13T14:54:44","guid":{"rendered":"http:\/\/agora.xtec.cat\/ceipxarau\/?page_id=496"},"modified":"2025-10-02T10:19:23","modified_gmt":"2025-10-02T08:19:23","slug":"els-nostres-espais","status":"publish","type":"page","link":"https:\/\/agora.xtec.cat\/ceipxarau\/lescola\/els-nostres-espais\/","title":{"rendered":"Els nostres espais"},"content":{"rendered":"<p style=\"text-align: justify;\" data-start=\"227\" data-end=\"886\"><strong data-start=\"227\" data-end=\"251\">L\u2019edifici de la Comunitat de Grans<\/strong><br data-start=\"251\" data-end=\"254\" \/>L\u2019entrada principal \u00e9s al carrer Santa Anna. A la planta baixa hi trobareu un espai amb seients per esperar o conversar tranquil\u00b7lament, la consergeria amb la Raquel, la sala de mestres, la secretaria i el despatx de direcci\u00f3, on hi s\u00f3n la Rosa, l\u2019Anna, l\u2019Eva i la Gemma. Tamb\u00e9 hi ha els dos menjadors (un per als petits i un altre per als mitjans i grans) i el gimn\u00e0s, on es fan moltes de les sessions d\u2019educaci\u00f3 f\u00edsica i psicomotricitat. A la primera planta hi ha les tres aules de la comunitat de grans (4t, 5\u00e8 i 6\u00e8), cinc aules destinades a les caixes d\u2019aprenentatge, l\u2019Espai Blau de lectura, aix\u00ed com lavabos i un magatzem.<\/p>\n<p style=\"text-align: justify;\" data-start=\"888\" data-end=\"1235\"><strong data-start=\"888\" data-end=\"914\">L\u2019edifici de la Comunitat de Mitjans<\/strong><br data-start=\"914\" data-end=\"917\" \/>Acull els infants de 1r, 2n i 3r, i est\u00e0 connectat amb l\u2019edifici central per una passarel\u00b7la exterior. A la planta baixa hi trobem dues tutories, l\u2019Espai de la Caseta, la biblioteca i l&#8217;Atelier. A la primera planta hi ha una tutoria m\u00e9s i diversos espais d\u2019aprenentatge: teatre, construccions, ci\u00e8ncia i m\u00fasica.<\/p>\n<p style=\"text-align: justify;\" data-start=\"1237\" data-end=\"1479\"><strong data-start=\"1237\" data-end=\"1262\">L\u2019edifici de la Comunitat de Petits<\/strong><br data-start=\"1262\" data-end=\"1265\" \/>S\u2019hi accedeix pel carrer Mare de D\u00e9u de N\u00faria. \u00c9s on viuen el dia a dia els infants de 3, 4 i 5 anys, amb les seves aules i espais propis de la comunitat de petits, dissenyats per afavorir el joc i la descoberta.<\/p>\n<p style=\"text-align: justify;\" data-start=\"1481\" data-end=\"1733\"><strong data-start=\"1481\" data-end=\"1500\">Zones exteriors<\/strong><br data-start=\"1500\" data-end=\"1503\" \/>Els exteriors de l\u2019escola s\u00f3n amplis i molt variats. Comptem amb una pista poliesportiva amb grades, una gran zona d\u2019arbres amb jocs de pati per als m\u00e9s petits i l\u2019espai dels Pins, que acull el nostre hort escolar al seu extrem.<\/p>\n<p data-start=\"1481\" data-end=\"1733\"><img loading=\"lazy\" decoding=\"async\" class=\"aligncenter  wp-image-5913\" src=\"https:\/\/agora.xtec.cat\/ceipxarau\/wp-content\/uploads\/usu1524\/2025\/10\/il.lustracions.png\" alt=\"\" width=\"301\" height=\"214\" srcset=\"https:\/\/agora.xtec.cat\/ceipxarau\/wp-content\/uploads\/usu1524\/2025\/10\/il.lustracions.png 593w, https:\/\/agora.xtec.cat\/ceipxarau\/wp-content\/uploads\/usu1524\/2025\/10\/il.lustracions-300x213.png 300w\" sizes=\"auto, (max-width: 301px) 100vw, 301px\" \/><\/p>\n","protected":false},"excerpt":{"rendered":"<p>L\u2019edifici de la Comunitat de GransL\u2019entrada principal \u00e9s al carrer Santa Anna. A la planta baixa hi trobareu un espai amb seients per esperar o conversar tranquil\u00b7lament, la consergeria amb la Raquel, la sala de mestres, la secretaria i el despatx de direcci\u00f3, on hi&hellip;  <a href=\"https:\/\/agora.xtec.cat\/ceipxarau\/lescola\/els-nostres-espais\/\" title=\"Read Els nostres espais\">Llegeix m\u00e9s\u00bb<\/a><\/p>\n","protected":false},"author":1,"featured_media":0,"parent":22,"menu_order":40,"comment_status":"closed","ping_status":"closed","template":"page-templates\/side-menu.php","meta":{"_bbp_topic_count":0,"_bbp_reply_count":0,"_bbp_total_topic_count":0,"_bbp_total_reply_count":0,"_bbp_voice_count":0,"_bbp_anonymous_reply_count":0,"_bbp_topic_count_hidden":0,"_bbp_reply_count_hidden":0,"_bbp_forum_subforum_count":0,"footnotes":""},"class_list":["post-496","page","type-page","status-publish","hentry"],"post_mailing_queue_ids":[],"_links":{"self":[{"href":"https:\/\/agora.xtec.cat\/ceipxarau\/wp-json\/wp\/v2\/pages\/496","targetHints":{"allow":["GET"]}}],"collection":[{"href":"https:\/\/agora.xtec.cat\/ceipxarau\/wp-json\/wp\/v2\/pages"}],"about":[{"href":"https:\/\/agora.xtec.cat\/ceipxarau\/wp-json\/wp\/v2\/types\/page"}],"author":[{"embeddable":true,"href":"https:\/\/agora.xtec.cat\/ceipxarau\/wp-json\/wp\/v2\/users\/1"}],"replies":[{"embeddable":true,"href":"https:\/\/agora.xtec.cat\/ceipxarau\/wp-json\/wp\/v2\/comments?post=496"}],"version-history":[{"count":6,"href":"https:\/\/agora.xtec.cat\/ceipxarau\/wp-json\/wp\/v2\/pages\/496\/revisions"}],"predecessor-version":[{"id":5914,"href":"https:\/\/agora.xtec.cat\/ceipxarau\/wp-json\/wp\/v2\/pages\/496\/revisions\/5914"}],"up":[{"embeddable":true,"href":"https:\/\/agora.xtec.cat\/ceipxarau\/wp-json\/wp\/v2\/pages\/22"}],"wp:attachment":[{"href":"https:\/\/agora.xtec.cat\/ceipxarau\/wp-json\/wp\/v2\/media?parent=496"}],"curies":[{"name":"wp","href":"https:\/\/api.w.org\/{rel}","templated":true}]}}