{"id":493,"date":"2017-01-13T15:50:39","date_gmt":"2017-01-13T14:50:39","guid":{"rendered":"http:\/\/agora.xtec.cat\/ceipxarau\/?page_id=493"},"modified":"2025-10-03T15:54:08","modified_gmt":"2025-10-03T13:54:08","slug":"com-ens-organitzem","status":"publish","type":"page","link":"https:\/\/agora.xtec.cat\/ceipxarau\/lescola\/com-ens-organitzem\/","title":{"rendered":"Com ens organitzem"},"content":{"rendered":"<h3 style=\"text-align: justify;\" data-start=\"226\" data-end=\"250\">Entrades i sortides<\/h3>\n<p style=\"text-align: justify;\" data-start=\"252\" data-end=\"411\">L\u2019horari de l\u2019escola \u00e9s de <strong data-start=\"279\" data-end=\"296\">9 h a 12.30 h<\/strong> i de <strong data-start=\"302\" data-end=\"320\">15 h a 16.30 h<\/strong> (excepte a 3 anys, que durant les dues primeres setmanes d\u2019adaptaci\u00f3 tenen horari especial).<\/p>\n<ul style=\"text-align: justify;\" data-start=\"413\" data-end=\"949\">\n<li data-start=\"413\" data-end=\"688\">\n<p data-start=\"415\" data-end=\"688\"><strong data-start=\"415\" data-end=\"439\">Petits (I3, I4 i I5)<\/strong>: entren i surten directament per la porta de la seva aula, que comunica amb el pati de petits. Les fam\u00edlies podeu acompanyar els infants fins a la classe, on us rebran les tutores, afavorint aix\u00ed un contacte diari i proper amb l\u2019equip de mestres.<\/p>\n<\/li>\n<li data-start=\"689\" data-end=\"858\">\n<p data-start=\"691\" data-end=\"858\"><strong data-start=\"691\" data-end=\"716\">Mitjans (1r, 2n i 3r)<\/strong>: entren sols a les classes i surten acompanyats pels mestres. Les fam\u00edlies els espereu al pati, entrant per la porta del carrer Santa Anna.<\/p>\n<\/li>\n<li data-start=\"859\" data-end=\"949\">\n<p data-start=\"861\" data-end=\"949\"><strong data-start=\"861\" data-end=\"884\">Grans (4t, 5\u00e8 i 6\u00e8)<\/strong>: entren i surten per la porta principal del carrer Santa Anna.<\/p>\n<\/li>\n<\/ul>\n<p style=\"text-align: justify;\" data-start=\"951\" data-end=\"1104\">Les portes es tanquen <strong data-start=\"973\" data-end=\"1007\">10 minuts despr\u00e9s de l\u2019entrada<\/strong>. Si arribeu m\u00e9s tard, cal entrar pel carrer Santa Anna i una persona del centre acompanyar\u00e0 l\u2019infant a la seva classe.<\/p>\n<p style=\"text-align: justify;\" data-start=\"1106\" data-end=\"1328\">\u00c9s molt important que els i les mestres sapiguem qui recull cada infant. Si no \u00e9s la persona habitual, cal avisar-ho amb antelaci\u00f3 i, si \u00e9s possible, per escrit. Tamb\u00e9 us demanem que comuniqueu les abs\u00e8ncies de manera escrita.<\/p>\n<hr data-start=\"1330\" data-end=\"1333\" \/>\n<h3 style=\"text-align: justify;\" data-start=\"1335\" data-end=\"1359\">Sortides i col\u00f2nies<\/h3>\n<p style=\"text-align: justify;\" data-start=\"1361\" data-end=\"1582\">Al llarg del curs organitzem diverses sortides per ampliar i donar significat als aprenentatges: espectacles de m\u00fasica, dansa o teatre a l\u2019Ateneu, sortides a la natura i visites relacionades amb els projectes de classe. A principi de curs signareu una autoritzaci\u00f3 general que cobreix totes les sortides.<\/p>\n<p style=\"text-align: justify;\" data-start=\"1676\" data-end=\"1910\">Tots els infants de 4 a 12 anys participen tamb\u00e9 en les col\u00f2nies anuals, alternant entorns de mar i muntanya. Abans de les col\u00f2nies fem una reuni\u00f3 informativa amb les fam\u00edlies per resoldre dubtes i compartir detalls de l\u2019estada.<\/p>\n<hr data-start=\"1912\" data-end=\"1915\" \/>\n<h3 style=\"text-align: justify;\" data-start=\"1917\" data-end=\"1952\">Altres informacions pr\u00e0ctiques<\/h3>\n<ul style=\"text-align: justify;\" data-start=\"1954\" data-end=\"3114\">\n<li data-start=\"1954\" data-end=\"2124\">\n<p data-start=\"1956\" data-end=\"2124\"><strong data-start=\"1956\" data-end=\"1969\">Esmorzars<\/strong>: formem part del <em>Programa de Fruita a l&#8217;escola<\/em>. Us demanem que, com a m\u00ednim, els dimecres tots els infants portin fruita per esmorzar.<\/p>\n<\/li>\n<li data-start=\"2125\" data-end=\"2481\">\n<p data-start=\"2127\" data-end=\"2481\"><strong data-start=\"2127\" data-end=\"2147\">Salut i benestar<\/strong>: per administrar medicaments cal una autoritzaci\u00f3 signada i la prescripci\u00f3 m\u00e8dica. En cas de febre, v\u00f2mits o malalties contagioses, cal que els infants es quedin a casa fins a la recuperaci\u00f3. Davant un accident, avisarem a la fam\u00edlia i, si no \u00e9s possible localitzar-la, es traslladar\u00e0 l\u2019infant al CAP acompanyat del tutor o tutora.<\/p>\n<\/li>\n<li data-start=\"2482\" data-end=\"2632\">\n<p data-start=\"2484\" data-end=\"2632\"><strong data-start=\"2484\" data-end=\"2501\">Comunicacions<\/strong>: els avisos urgents als mestres \u00e9s millor fer-los per escrit. Els tutors us informaran dels horaris de visita a l\u2019inici de curs.<\/p>\n<\/li>\n<li data-start=\"2633\" data-end=\"2846\">\n<p data-start=\"2635\" data-end=\"2846\"><strong data-start=\"2635\" data-end=\"2667\">Reunions de principi de curs<\/strong>: s\u00f3n un espai clau per compartir expectatives i informaci\u00f3. Per al bon funcionament, us demanem que hi assistiu sense els infants; l\u2019AFA ofereix servei d\u2019acollida subvencionat.<\/p>\n<\/li>\n<li data-start=\"2847\" data-end=\"2943\">\n<p data-start=\"2849\" data-end=\"2943\"><strong data-start=\"2849\" data-end=\"2870\">Servei d\u2019acollida<\/strong>: cada dia de 7.45 h a 9 h, gestionat per l\u2019AFA. Cal inscripci\u00f3 pr\u00e8via.<\/p>\n<\/li>\n<li data-start=\"2944\" data-end=\"3114\">\n<p data-start=\"2946\" data-end=\"3114\"><strong data-start=\"2946\" data-end=\"2969\">Material i sortides<\/strong>: el material i les activitats estan socialitzats i els gestiona l\u2019AFA. Es realitzen pagaments anuals per cobrir material, sortides i col\u00f2nies.<\/p>\n<\/li>\n<\/ul>\n<hr data-start=\"3116\" data-end=\"3119\" \/>\n<h3 style=\"text-align: justify;\" data-start=\"3121\" data-end=\"3139\">Recomanacions<\/h3>\n<p style=\"text-align: justify;\" data-start=\"3141\" data-end=\"3222\">Perqu\u00e8 els infants creixin amb benestar i puguin aprofitar al m\u00e0xim l\u2019experi\u00e8ncia escolar, \u00e9s important mantenir una assist\u00e8ncia regular a l\u2019escola i garantir les hores de descans necess\u00e0ries. Tamb\u00e9 cal acompanyar-los en l\u2019\u00fas de pantalles, m\u00f2bils i televisi\u00f3, regulant-ne el temps i vetllant per la qualitat del que miren. Ajudem els infants si els donem responsabilitats i fomentem la seva autonomia, tot permetent-los aprendre a partir dels encerts i dels errors. La comunicaci\u00f3 di\u00e0ria a casa \u00e9s igualment essencial: parlar, escoltar-se i abra\u00e7ar-se cada dia enforteix els lligams i els fa cr\u00e9ixer amb seguretat i confian\u00e7a. I, sobretot, us animem a venir sempre que ho necessiteu; mai us quedeu amb un dubte o un neguit sense compartir-lo amb nosaltres.<\/p>\n<p data-start=\"3141\" data-end=\"3222\">\n","protected":false},"excerpt":{"rendered":"<p>Entrades i sortides<br \/>\nL\u2019horari de l\u2019escola \u00e9s de 9 h a 12.30 h i de 15 h a 16.30 h (excepte a 3 anys, que durant les dues primeres setmanes d\u2019adaptaci\u00f3 tenen horari especial).<\/p>\n<ul style=\"text-align: justify;\" data-start=\"413\" data-end=\"949\">\n<li data-start=\"413\" data-end=\"688\">\nPetits (I3, I4 i I5): entren i&hellip;  <a href=\"https:\/\/agora.xtec.cat\/ceipxarau\/lescola\/com-ens-organitzem\/\" title=\"Read Com ens organitzem\">Llegeix m\u00e9s\u00bb<\/a><\/p>\n","protected":false},"author":1,"featured_media":0,"parent":22,"menu_order":30,"comment_status":"closed","ping_status":"closed","template":"page-templates\/side-menu.php","meta":{"_bbp_topic_count":0,"_bbp_reply_count":0,"_bbp_total_topic_count":0,"_bbp_total_reply_count":0,"_bbp_voice_count":0,"_bbp_anonymous_reply_count":0,"_bbp_topic_count_hidden":0,"_bbp_reply_count_hidden":0,"_bbp_forum_subforum_count":0,"footnotes":""},"class_list":["post-493","page","type-page","status-publish","hentry"],"post_mailing_queue_ids":[],"_links":{"self":[{"href":"https:\/\/agora.xtec.cat\/ceipxarau\/wp-json\/wp\/v2\/pages\/493","targetHints":{"allow":["GET"]}}],"collection":[{"href":"https:\/\/agora.xtec.cat\/ceipxarau\/wp-json\/wp\/v2\/pages"}],"about":[{"href":"https:\/\/agora.xtec.cat\/ceipxarau\/wp-json\/wp\/v2\/types\/page"}],"author":[{"embeddable":true,"href":"https:\/\/agora.xtec.cat\/ceipxarau\/wp-json\/wp\/v2\/users\/1"}],"replies":[{"embeddable":true,"href":"https:\/\/agora.xtec.cat\/ceipxarau\/wp-json\/wp\/v2\/comments?post=493"}],"version-history":[{"count":6,"href":"https:\/\/agora.xtec.cat\/ceipxarau\/wp-json\/wp\/v2\/pages\/493\/revisions"}],"predecessor-version":[{"id":5924,"href":"https:\/\/agora.xtec.cat\/ceipxarau\/wp-json\/wp\/v2\/pages\/493\/revisions\/5924"}],"up":[{"embeddable":true,"href":"https:\/\/agora.xtec.cat\/ceipxarau\/wp-json\/wp\/v2\/pages\/22"}],"wp:attachment":[{"href":"https:\/\/agora.xtec.cat\/ceipxarau\/wp-json\/wp\/v2\/media?parent=493"}],"curies":[{"name":"wp","href":"https:\/\/api.w.org\/{rel}","templated":true}]}}